{"id":19028,"date":"2023-09-04T21:01:37","date_gmt":"2023-09-04T21:01:37","guid":{"rendered":"https:\/\/agroflex.cz\/product\/serre-de-jardin-coupe-vent-profi-plus\/"},"modified":"2025-09-19T08:07:01","modified_gmt":"2025-09-19T08:07:01","slug":"serre-de-jardin-coupe-vent-profi-plus","status":"publish","type":"product","link":"https:\/\/agroflex.cz\/fr\/produit\/serre-de-jardin-coupe-vent-profi-plus\/","title":{"rendered":"Serre de jardin coupe-vent PROFI PLUS"},"content":{"rendered":"<div class=\"wpb-content-wrapper\"><p>[vc_row][vc_column][vc_separator style=\u00a0\u00bbshadow\u00a0\u00bb border_width=\u00a0\u00bb5&Prime;][vc_column_text text_larger=\u00a0\u00bbno\u00a0\u00bb woodmart_inline=\u00a0\u00bbno\u00a0\u00bb]<\/p>\n<h2 style=\"text-align: center;\"><strong>Serre en polycarbonate PROFI PLUS<br \/>\n<\/strong><\/h2>\n<p>Serre de jardin professionnelle polyvalente et robuste. Con\u00e7u pour la culture des cultures, mais il peut \u00e9galement \u00eatre utilis\u00e9 comme entrep\u00f4t, garage, hall de production, toit de piscine et dans d\u2019autres cas. Si la serre est \u00e9quip\u00e9e d\u2019un chauffage, il sera possible de faire pousser des cultures toute l\u2019ann\u00e9e. Les aciers doubles r\u00e9sistent aux lourdes charges sur la serre pendant la p\u00e9riode hivernale de fonctionnement en cas de chute de neige ou de vent. Structure pliable avec une charge allant jusqu\u2019\u00e0 300 kg en acier galvanis\u00e9 de haute qualit\u00e9 40&#215;20 avec une \u00e9paisseur de paroi de 1 mm, r\u00e9sistance au vent 30 m\/s. Longue dur\u00e9e de vie de la structure en acier.     <\/p>\n<p>N\u2019oubliez pas qu\u2019avec les structures de serre basses, par rapport aux structures hautes, le sol se r\u00e9chauffe plus rapidement et donc la chaleur reste plus longtemps[\/vc_column_text][vc_separator][vc_column_text css=\u00a0\u00bb\u00a0\u00bb text_larger=\u00a0\u00bbno\u00a0\u00bb woodmart_inline=\u00a0\u00bbno\u00a0\u00bb]<\/p>\n<div class=\"vc_row wpb_row vc_row-fluid\">\n<div class=\"wpb_column vc_column_container vc_col-sm-12\">\n<div class=\"vc_column-inner\">\n<div class=\"wpb_wrapper\">\n<div class=\"wpb_text_column wpb_content_element\">\n<div class=\"wpb_wrapper\">\n<h4 style=\"text-align: center;\">Vitrage en polycarbonate<\/h4>\n<p>Polycarbonate creux certifi\u00e9 sp\u00e9cial pour les serres avec filtre UV. L\u2019avantage de ce produit est sa haute isolation thermique contre le verre. R\u00e9sistant aux dommages m\u00e9caniques, aux intemp\u00e9ries et \u00e0 la gr\u00eale. Translucidit\u00e9 exceptionnelle du polycarbonate (clart\u00e9 \u2013 jusqu\u2019\u00e0 86 %).    Vous pouvez choisir parmi plusieurs mod\u00e8les, la serre de jardin PROFI PLUS \u00e9quip\u00e9e de polycarbonate de 4 mm, 6 mm, qui garantit sans probl\u00e8me et une longue dur\u00e9e de vie. Pour les clients et les professionnels plus exigeants, nous proposons les versions de serre PROFI PLUS \u00e9quip\u00e9es de polycarbonate de 8 mm. <\/p>\n<p>Le polycarbonate est fourni en rouleau et est fix\u00e9 \u00e0 la structure \u00e0 l\u2019aide de vis autotaraudeuses.<\/p>\n<\/div>\n<\/div>\n<\/div>\n<\/div>\n<\/div>\n<\/div>\n<p>[\/vc_column_text][\/vc_column][\/vc_row][vc_row][vc_column width=\u00a0\u00bb1\/2&Prime;][vc_separator style=\u00a0\u00bbshadow\u00a0\u00bb border_width=\u00a0\u00bb5&Prime;][vc_text_separator title=\u00a0\u00bbAccessoires recommand\u00e9s :\u00a0\u00bb title_align=\u00a0\u00bbseparator_align_left\u00a0\u00bb align=\u00a0\u00bbalign_left\u00a0\u00bb style=\u00a0\u00bbdotted\u00a0\u00bb]<div class=\"widget_products \"><div class=\"widget woocommerce widget_products\"><ul class=\"product_list_widget\"><li>\n\t\t<span class=\"widget-product-wrap\">\n\t\t<a href=\"https:\/\/agroflex.cz\/fr\/produit\/bande-dextremite-de-type-u-pour-polycarbonate-4-6-8-10-mm\/\" title=\"Bande d\u2019extr\u00e9mit\u00e9 de type U pour polycarbonate - 4, 6, 8, 10 mm\" class=\"widget-product-img\">\n\t\t\t<img decoding=\"async\" width=\"300\" height=\"300\" src=\"https:\/\/agroflex.cz\/wp-content\/uploads\/2023\/09\/lista-300x300.jpeg\" class=\"attachment-woocommerce_thumbnail size-woocommerce_thumbnail\" alt=\"\" srcset=\"https:\/\/agroflex.cz\/wp-content\/uploads\/2023\/09\/lista-300x300.jpeg 300w, https:\/\/agroflex.cz\/wp-content\/uploads\/2023\/09\/lista-150x150.jpeg 150w, https:\/\/agroflex.cz\/wp-content\/uploads\/2023\/09\/lista.jpeg 600w\" sizes=\"(max-width: 300px) 100vw, 300px\" \/>\t\t<\/a>\n\t\t<span class=\"widget-product-info\">\n\t\t\t<a href=\"https:\/\/agroflex.cz\/fr\/produit\/bande-dextremite-de-type-u-pour-polycarbonate-4-6-8-10-mm\/\" title=\"Bande d\u2019extr\u00e9mit\u00e9 de type U pour polycarbonate - 4, 6, 8, 10 mm\" class=\"wd-entities-title\">\n\t\t\t\tBande d\u2019extr\u00e9mit\u00e9 de type U pour polycarbonate - 4, 6, 8, 10 mm\t\t\t<\/a>\n\t\t\t\t\t\t\t<div class=\"star-rating\" role=\"img\" aria-label=\"Note 5.00 sur 5\"><span style=\"width:100%\">Note <strong class=\"rating\">5.00<\/strong> sur 5<\/span><\/div>\t\t\t\t\t\t<span class=\"price\"><span class=\"woocommerce-Price-amount amount\" aria-hidden=\"true\"><bdi>120<span class=\"woocommerce-Price-currencySymbol\">&#75;&#269;<\/span><\/bdi><\/span> <span aria-hidden=\"true\">\u00a0\u2013\u00a0<\/span> <span class=\"woocommerce-Price-amount amount\" aria-hidden=\"true\"><bdi>140<span class=\"woocommerce-Price-currencySymbol\">&#75;&#269;<\/span><\/bdi><\/span><span class=\"screen-reader-text\">Plage de prix\u00a0: 120&#75;&#269; \u00e0 140&#75;&#269;<\/span><\/span>\n\t\t<\/span>\n\t<\/span>\n\t<\/li>\n<\/ul><\/div><\/div>[vc_separator style=\u00a0\u00bbshadow\u00a0\u00bb border_width=\u00a0\u00bb5&Prime;][vc_column_text css=\u00a0\u00bb\u00a0\u00bb text_larger=\u00a0\u00bbno\u00a0\u00bb woodmart_inline=\u00a0\u00bbno\u00a0\u00bb]<\/p>\n<h3 style=\"text-align: center;\"><span style=\"color: #000000;\"><strong>Param\u00e8tres de la serre :<\/strong><\/span><\/h3>\n<table style=\"width: 89.3284%;\">\n<tbody>\n<tr style=\"height: 24px;\">\n<td style=\"width: 39.2931%; height: 24px; text-align: left;\">Type de construction<\/td>\n<td style=\"width: 59.4595%; height: 24px; text-align: right;\">Arceaux amovibles \u2013 se composent de deux parties<\/td>\n<\/tr>\n<tr style=\"height: 24px;\">\n<td style=\"width: 39.2931%; height: 24px; text-align: left;\">Charge<\/td>\n<p> admissible<\/p>\n<td style=\"width: 59.4595%; height: 24px; text-align: right;\">300 kg\/m2<\/td>\n<\/tr>\n<tr style=\"height: 24px;\">\n<td style=\"width: 39.2931%; height: 24px; text-align: left;\">Largeur<\/td>\n<td style=\"width: 59.4595%; height: 24px; text-align: right;\">4,00 millions<\/td>\n<\/tr>\n<tr style=\"height: 24px;\">\n<td style=\"width: 39.2931%; height: 24px; text-align: left;\">hauteur<\/td>\n<td style=\"width: 59.4595%; height: 24px; text-align: right;\">2,24 millions d\u2019euros<\/td>\n<\/tr>\n<tr style=\"height: 24px;\">\n<td style=\"width: 39.2931%; height: 24px; text-align: left;\">Longueur (variantes)<\/td>\n<td style=\"width: 59.4595%; height: 24px; text-align: right;\"> 4 m ; 6 m ; 8 m ; 10 m ; 12 m (plus long peut \u00eatre fait &#8211; modulation par incr\u00e9ments de 2 m)<\/td>\n<\/tr>\n<tr style=\"height: 24px;\">\n<td style=\"width: 39.2931%; height: 24px; text-align: left;\">Mat\u00e9riau du<\/td>\n<p> vitrage<\/p>\n<td style=\"width: 59.4595%; height: 24px; text-align: right;\">Polycarbonate 4mm, 6mm, 8mm<\/td>\n<\/tr>\n<tr style=\"height: 24px;\">\nPoids <\/p>\n<td style=\"width: 39.2931%; height: 24px; text-align: left;\">de la surface<\/td>\n<td style=\"width: 59.4595%; height: 24px; text-align: right;\">800 g\/m2 \u00e0 1500 g\/m2<\/td>\n<\/tr>\n<tr style=\"height: 24px;\">\n<td style=\"width: 39.2931%; height: 24px; text-align: left;\">Protection UV du<\/td>\n<p> polycarbonate<\/p>\n<td style=\"width: 59.4595%; height: 24px; text-align: right;\">oui<\/td>\n<\/tr>\n<tr style=\"height: 24px;\">\n<td style=\"width: 39.2931%; height: 24px; text-align: left;\">Mat\u00e9riaux de construction<\/td>\n<td style=\"width: 59.4595%; height: 24px; text-align: right;\">Acier galvanis\u00e9 &#8211; Acier double 40\u044520 \u043c\u043c<\/td>\n<\/tr>\n<tr style=\"height: 24px;\">\n<td style=\"width: 39.2931%; height: 24px; text-align: left;\">\u00c9paisseur du profil<\/td>\n<td style=\"width: 59.4595%; height: 24px; text-align: right;\">1 millim\u00e8tre<\/td>\n<\/tr>\n<tr style=\"height: 35px;\">\n<td style=\"width: 39.2931%; height: 35px; text-align: left;\">Distance entre les<\/td>\n<p> courbes<\/p>\n<td style=\"width: 59.4595%; height: 35px; text-align: right;\">1m\u00e8tre<\/td>\n<\/tr>\n<tr style=\"height: 35px;\">\n<td style=\"width: 39.2931%; height: 35px; text-align: left;\">ancrer les pieds dans le sol<\/td>\n<td style=\"width: 59.4595%; height: 35px; text-align: right;\">Inclus dans le forfait<\/td>\n<\/tr>\n<tr style=\"height: 24px;\">\n<td style=\"width: 39.2931%; height: 24px; text-align: left;\">type<\/td>\n<td style=\"width: 59.4595%; height: 24px; text-align: right;\">praticable des deux c\u00f4t\u00e9s<\/td>\n<\/tr>\n<tr style=\"height: 24px;\">\n<td style=\"width: 39.2931%; height: 24px; text-align: left;\">Portes d\u2019entr\u00e9e<\/td>\n<td style=\"width: 59.4595%; height: 24px; text-align: right;\">2 pi\u00e8ces<\/td>\n<\/tr>\n<tr style=\"height: 24px;\">\n<td style=\"width: 39.2931%; height: 24px; text-align: left;\">Ancrage en polycarbonate<\/td>\n<td style=\"width: 59.4595%; height: 24px; text-align: right;\">oui<\/td>\n<\/tr>\n<tr style=\"height: 35px;\">\n<td style=\"width: 39.2931%; height: 35px; text-align: left;\">Garantie de construction<\/td>\n<td style=\"width: 59.4595%; height: 35px; text-align: right;\">2 ans<\/td>\n<\/tr>\n<tr style=\"height: 24px;\">\n<td style=\"width: 39.2931%; height: 24px; text-align: left;\">base<\/td>\n<td style=\"width: 59.4595%; height: 24px; text-align: right;\">Nous vous recommandons de l\u2019installer dans une fondation en b\u00e9ton<\/td>\n<\/tr>\n<\/tbody>\n<\/table>\n<p><span style=\"font-size: 10pt;\">Au cas o\u00f9 vous ne voudriez pas vous soucier de l\u2019assemblage des accessoires de serre n\u00e9cessaires, nous proposons divers <\/span><a href=\"https:\/\/agroflex.cz\/kategorie-produktu\/accessoires\/sada-prislusenstvi\/\"><strong><span style=\"font-size: 10pt;\">ensembles complets \/ ensembles d\u2019accessoires de serre.<\/span><\/strong><\/a>[\/vc_column_text][vc_separator style=\u00a0\u00bbshadow\u00a0\u00bb border_width=\u00a0\u00bb5&Prime;][\/vc_column][vc_column width=\u00a0\u00bb1\/2&Prime;][vc_separator style=\u00a0\u00bbshadow\u00a0\u00bb border_width=\u00a0\u00bb5&Prime;][vc_column_text css=\u00a0\u00bb\u00a0\u00bb text_larger=\u00a0\u00bbno\u00a0\u00bb woodmart_inline=\u00a0\u00bbno\u00a0\u00bb]<\/p>\n<div class=\"vc_row wpb_row vc_row-fluid\">\n<div class=\"wpb_column vc_column_container vc_col-sm-12\">\n<div class=\"vc_column-inner\">\n<div class=\"wpb_wrapper\">\n<div class=\"wpb_text_column wpb_content_element\">\n<div class=\"wpb_wrapper\">\n<h4 style=\"text-align: center;\">Fondations pour une serre<\/h4>\n<p>Pour assurer la durabilit\u00e9 de la serre, il est recommand\u00e9 de l\u2019installer sur une base pr\u00e9-pr\u00e9par\u00e9e &#8211; une fondation, r\u00e9alis\u00e9e sur la base de ses dimensions autour du p\u00e9rim\u00e8tre de la base, par exemple, sous la forme d\u2019un cadre d\u2019une \u00e9paisseur de 100&#8230; 200 mm, ce qui r\u00e9duira consid\u00e9rablement l\u2019activit\u00e9 de corrosion.<\/p>\n<p>Le cadre de la serre doit \u00eatre fix\u00e9 \u00e0 la fondation avec des vis ou des clous pour \u00e9viter qu\u2019il ne se renverse par vent fort.<\/p>\n<p>La serre en polycarbonate peut ainsi \u00eatre fix\u00e9e selon la priorit\u00e9 de chaque client, elle peut \u00eatre install\u00e9e dans le sol (la fixation est assur\u00e9e par des pieds d\u2019ancrage), des prismes en bois 20 x 20cm ou sur un socle en b\u00e9ton. Cependant, en g\u00e9n\u00e9ral, l\u2019ancrage \u00e0 une base en b\u00e9ton est un meilleur choix qui r\u00e9duira consid\u00e9rablement l\u2019activit\u00e9 de corrosion. <\/p>\n<\/div>\n<\/div>\n<\/div>\n<\/div>\n<\/div>\n<\/div>\n<p>[\/vc_column_text]<div class=\"widget_products \"><div class=\"widget woocommerce widget_products\"><ul class=\"product_list_widget\"><li>\n\t\t<span class=\"widget-product-wrap\">\n\t\t<a href=\"https:\/\/agroflex.cz\/fr\/produit\/base-en-tole-botanik-pour-serres\/\" title=\"Base en t\u00f4le Botanik pour serres\" class=\"widget-product-img\">\n\t\t\t<img decoding=\"async\" width=\"300\" height=\"300\" src=\"https:\/\/agroflex.cz\/wp-content\/uploads\/2023\/09\/Zakladna-pro-zahradni-skleniky-Agroflex-300x300.jpg\" class=\"attachment-woocommerce_thumbnail size-woocommerce_thumbnail\" alt=\"\" srcset=\"https:\/\/agroflex.cz\/wp-content\/uploads\/2023\/09\/Zakladna-pro-zahradni-skleniky-Agroflex-300x300.jpg 300w, https:\/\/agroflex.cz\/wp-content\/uploads\/2023\/09\/Zakladna-pro-zahradni-skleniky-Agroflex-150x150.jpg 150w\" sizes=\"(max-width: 300px) 100vw, 300px\" \/>\t\t<\/a>\n\t\t<span class=\"widget-product-info\">\n\t\t\t<a href=\"https:\/\/agroflex.cz\/fr\/produit\/base-en-tole-botanik-pour-serres\/\" title=\"Base en t\u00f4le Botanik pour serres\" class=\"wd-entities-title\">\n\t\t\t\tBase en t\u00f4le Botanik pour serres\t\t\t<\/a>\n\t\t\t\t\t\t\t\t\t\t\t\t\t<span class=\"price\"><span class=\"woocommerce-Price-amount amount\" aria-hidden=\"true\"><bdi>968<span class=\"woocommerce-Price-currencySymbol\">&#75;&#269;<\/span><\/bdi><\/span> <span aria-hidden=\"true\">\u00a0\u2013\u00a0<\/span> <span class=\"woocommerce-Price-amount amount\" aria-hidden=\"true\"><bdi>3 267<span class=\"woocommerce-Price-currencySymbol\">&#75;&#269;<\/span><\/bdi><\/span><span class=\"screen-reader-text\">Plage de prix\u00a0: 968&#75;&#269; \u00e0 3 267&#75;&#269;<\/span><\/span>\n\t\t<\/span>\n\t<\/span>\n\t<\/li>\n<\/ul><\/div><\/div>[vc_separator style=\u00a0\u00bbshadow\u00a0\u00bb border_width=\u00a0\u00bb5&Prime;][vc_column_text css=\u00a0\u00bb\u00a0\u00bb text_larger=\u00a0\u00bbno\u00a0\u00bb woodmart_inline=\u00a0\u00bbno\u00a0\u00bb]<\/p>\n<div class=\"vc_row wpb_row vc_row-fluid\">\n<div class=\"wpb_column vc_column_container vc_col-sm-12\">\n<div class=\"vc_column-inner\">\n<div class=\"wpb_wrapper\">\n<div class=\"wpb_text_column wpb_content_element\">\n<div class=\"wpb_wrapper\">\n<h4 style=\"text-align: center;\">Fixations<\/h4>\n<p>L\u2019assemblage d\u2019une serre est \u00e9galement simple et ne n\u00e9cessite pas de comp\u00e9tences particuli\u00e8res. Seul un ensemble minimal d\u2019outils est n\u00e9cessaire \u2013 une cl\u00e9, un tournevis, un couteau. Vous recevrez des instructions d\u00e9taill\u00e9es avec la serre. Les instructions illustr\u00e9es simplifieront davantage le processus de construction d\u2019une serre,   <\/p>\n<p>Si vous n\u2019avez pas le temps de l\u2019installer, <a href=\"https:\/\/agroflex.cz\/montaz-skleniku\/\" target=\"_blank\" rel=\"noopener\"><strong>vous pouvez commander l\u2019installation<\/strong><\/a> aupr\u00e8s de nos sp\u00e9cialistes, qui assembleront tout pour vous avec une grande expertise et dans les plus brefs d\u00e9lais. Bien que l\u2019assemblage de l\u2019ensemble de la serre soit simple, il faut le plus de temps pour couper et d\u00e9limiter le polycarbonate et le monter sur les deux c\u00f4t\u00e9s avant de la serre. C\u2019est pourquoi nous vous offrons la possibilit\u00e9 de commander cette partie <a href=\"https:\/\/agroflex.cz\/montaz-skleniku\/\" target=\"_blank\" rel=\"noopener\"><strong>de l\u2019assemblage<\/strong><\/a>, qui est effectu\u00e9e dans notre entrep\u00f4t, vous recevrez les deux faces avant remplies de polycarbonate du transporteur.  <\/p>\n<p>La serre peut \u00eatre modifi\u00e9e et la mise en \u0153uvre d\u2019extensions est possible \u00e0 l\u2019avenir, de sorte que la longueur th\u00e9orique de la serre est illimit\u00e9e.<\/p>\n<\/div>\n<\/div>\n<\/div>\n<\/div>\n<\/div>\n<\/div>\n<p>[\/vc_column_text][vc_separator style=\u00a0\u00bbshadow\u00a0\u00bb border_width=\u00a0\u00bb5&Prime;][vc_column_text woodmart_inline=\u00a0\u00bbno\u00a0\u00bb text_larger=\u00a0\u00bbno\u00a0\u00bb]<\/p>\n<h4 style=\"text-align: center;\">Alternatives<\/h4>\n<p>[\/vc_column_text]<div class=\"widget_products \"><div class=\"widget woocommerce widget_products\"><ul class=\"product_list_widget\"><li>\n\t\t<span class=\"widget-product-wrap\">\n\t\t<a href=\"https:\/\/agroflex.cz\/fr\/produit\/serre-professionnelle-rimessa-l40v\/\" title=\"Serre professionnelle RIMESSA L40V\" class=\"widget-product-img\">\n\t\t\t<img decoding=\"async\" width=\"300\" height=\"300\" src=\"https:\/\/agroflex.cz\/wp-content\/uploads\/2023\/09\/polykarbonatovy-sklenik-1-300x300.jpeg\" class=\"attachment-woocommerce_thumbnail size-woocommerce_thumbnail\" alt=\"sklen\u00edk z polykarbon\u00e1tu\" srcset=\"https:\/\/agroflex.cz\/wp-content\/uploads\/2023\/09\/polykarbonatovy-sklenik-1-300x300.jpeg 300w, https:\/\/agroflex.cz\/wp-content\/uploads\/2023\/09\/polykarbonatovy-sklenik-1-150x150.jpeg 150w\" sizes=\"(max-width: 300px) 100vw, 300px\" \/>\t\t<\/a>\n\t\t<span class=\"widget-product-info\">\n\t\t\t<a href=\"https:\/\/agroflex.cz\/fr\/produit\/serre-professionnelle-rimessa-l40v\/\" title=\"Serre professionnelle RIMESSA L40V\" class=\"wd-entities-title\">\n\t\t\t\tSerre professionnelle RIMESSA L40V\t\t\t<\/a>\n\t\t\t\t\t\t\t\t\t\t\t\t\t<span class=\"price\"><span class=\"woocommerce-Price-amount amount\" aria-hidden=\"true\"><bdi>39 642<span class=\"woocommerce-Price-currencySymbol\">&#75;&#269;<\/span><\/bdi><\/span> <span aria-hidden=\"true\">\u00a0\u2013\u00a0<\/span> <span class=\"woocommerce-Price-amount amount\" aria-hidden=\"true\"><bdi>179 351<span class=\"woocommerce-Price-currencySymbol\">&#75;&#269;<\/span><\/bdi><\/span><span class=\"screen-reader-text\">Plage de prix\u00a0: 39 642&#75;&#269; \u00e0 179 351&#75;&#269;<\/span><\/span>\n\t\t<\/span>\n\t<\/span>\n\t<\/li>\n<\/ul><\/div><\/div>[vc_separator style=\u00a0\u00bbshadow\u00a0\u00bb border_width=\u00a0\u00bb5&Prime;][\/vc_column][\/vc_row]<\/p>\n<\/div>","protected":false},"excerpt":{"rendered":"<p><span style=\"font-size: 10pt;\">Largeur de la serre 4,03 m, hauteur 2,24 m, longueur \u00e0 partir de 4 m. Construction robuste galvanis\u00e9e \u00e0 base d\u2019acier et d\u2019acier. Double acier . Polycarbonate sp\u00e9cial pour les serres avec filtre UV. Convient \u00e9galement aux endroits en montagne. Facile \u00e0 assembler.     <\/span><\/p>\n","protected":false},"featured_media":19039,"comment_status":"open","ping_status":"closed","template":"","meta":[],"product_brand":[419],"product_cat":[479,803,910],"product_tag":[],"class_list":{"0":"post-19028","1":"product","2":"type-product","3":"status-publish","4":"has-post-thumbnail","6":"product_brand-agroflex","7":"product_cat-serres-en-polycarbonate","8":"product_cat-serres-voutees","9":"product_cat-couverture-de-la-piscine","11":"first","12":"instock","13":"taxable","14":"shipping-taxable","15":"purchasable","16":"product-type-variable","17":"has-default-attributes"},"_links":{"self":[{"href":"https:\/\/agroflex.cz\/fr\/wp-json\/wp\/v2\/product\/19028","targetHints":{"allow":["GET"]}}],"collection":[{"href":"https:\/\/agroflex.cz\/fr\/wp-json\/wp\/v2\/product"}],"about":[{"href":"https:\/\/agroflex.cz\/fr\/wp-json\/wp\/v2\/types\/product"}],"replies":[{"embeddable":true,"href":"https:\/\/agroflex.cz\/fr\/wp-json\/wp\/v2\/comments?post=19028"}],"wp:featuredmedia":[{"embeddable":true,"href":"https:\/\/agroflex.cz\/fr\/wp-json\/wp\/v2\/media\/19039"}],"wp:attachment":[{"href":"https:\/\/agroflex.cz\/fr\/wp-json\/wp\/v2\/media?parent=19028"}],"wp:term":[{"taxonomy":"product_brand","embeddable":true,"href":"https:\/\/agroflex.cz\/fr\/wp-json\/wp\/v2\/product_brand?post=19028"},{"taxonomy":"product_cat","embeddable":true,"href":"https:\/\/agroflex.cz\/fr\/wp-json\/wp\/v2\/product_cat?post=19028"},{"taxonomy":"product_tag","embeddable":true,"href":"https:\/\/agroflex.cz\/fr\/wp-json\/wp\/v2\/product_tag?post=19028"}],"curies":[{"name":"wp","href":"https:\/\/api.w.org\/{rel}","templated":true}]}}