{"id":19532,"date":"2023-09-04T21:04:43","date_gmt":"2023-09-04T21:04:43","guid":{"rendered":"https:\/\/agroflex.cz\/product\/serre-toute-lannee-rimessa-l40\/"},"modified":"2025-09-23T20:23:23","modified_gmt":"2025-09-23T20:23:23","slug":"serre-toute-lannee-rimessa-l40","status":"publish","type":"product","link":"https:\/\/agroflex.cz\/fr\/produit\/serre-toute-lannee-rimessa-l40\/","title":{"rendered":"Serre toute l\u2019ann\u00e9e RIMESSA L40"},"content":{"rendered":"<div class=\"wpb-content-wrapper\"><p>[vc_row][vc_column][vc_separator style=\u00a0\u00bbshadow\u00a0\u00bb border_width=\u00a0\u00bb5&Prime;][vc_column_text text_larger=\u00a0\u00bbno\u00a0\u00bb woodmart_inline=\u00a0\u00bbno\u00a0\u00bb]<\/p>\n<h2 style=\"text-align: center;\"> <strong> Serre de jardin<\/strong><strong> RIMESSA L40<br \/>\n<\/strong><\/h2>\n<p>Serre polyvalente en polycarbonate de grande capacit\u00e9 avec murs droits et toit vo\u00fbt\u00e9. Con\u00e7u pour la culture des cultures. Si la serre de jardin est \u00e9quip\u00e9e d\u2019un chauffage, il sera possible de faire pousser des cultures toute l\u2019ann\u00e9e. Arches et cloisons amovibles. R\u00e9sistant \u00e0 de lourdes charges sur la serre pendant la p\u00e9riode hivernale de fonctionnement en cas de chute de neige ou de vent. Ils utilisent des accouplements carr\u00e9s (araign\u00e9e) pour relier les profil\u00e9s. Le cadre de la serre avec une charge allant jusqu\u2019\u00e0 300 kg est en acier galvanis\u00e9 40\u00d720 galvanis\u00e9 \u00e0 l\u2019ext\u00e9rieur et \u00e0 l\u2019int\u00e9rieur, gr\u00e2ce auquel vous n\u2019aurez pas peur de la rouille tout au long de l\u2019op\u00e9ration. Il a une \u00e9paisseur de m\u00e9tal de 1 mm, ce qui est plus que les serres similaires d\u2019autres fabricants. Il peut r\u00e9sister longtemps \u00e0 des conditions climatiques d\u00e9favorables.        <\/p>\n<p>La serre Rimessa L40 est une version all\u00e9g\u00e9e de la serre <a href=\"https:\/\/agroflex.cz\/produkt\/polykarbonatovy-sklenik-agroflex-rimessa-l40v\/\">Agroflex Rimessa L40V<\/a>[\/vc_column_text][vc_separator][vc_column_text css=\u00a0\u00bb\u00a0\u00bb text_larger=\u00a0\u00bbno\u00a0\u00bb woodmart_inline=\u00a0\u00bbno\u00a0\u00bb]<\/p>\n<h4 style=\"text-align: center;\">Vitrage en polycarbonate<\/h4>\n<p>Polycarbonate creux certifi\u00e9 sp\u00e9cial pour les serres avec filtre UV. L\u2019avantage de ce produit est sa haute isolation thermique contre le verre. R\u00e9sistant aux dommages m\u00e9caniques, aux intemp\u00e9ries et \u00e0 la gr\u00eale. Translucidit\u00e9 exceptionnelle du polycarbonate (clart\u00e9 \u2013 jusqu\u2019\u00e0 86 %).   <\/p>\n<p>Vous pouvez choisir parmi plusieurs mod\u00e8les, la serre de jardin RIMESSA L40 \u00e9quip\u00e9e de polycarbonate de 4 mm, 6 mm, qui garantit sans probl\u00e8me et une longue dur\u00e9e de vie. Pour les clients plus exigeants et les professionnels, nous proposons des versions 8mm de la serre RIMESSA L40[\/vc_column_text][\/vc_column][\/vc_row][vc_row][vc_column width=\u00a0\u00bb1\/2&Prime;][vc_separator style=\u00a0\u00bbshadow\u00a0\u00bb border_width=\u00a0\u00bb5&Prime;][vc_text_separator title=\u00a0\u00bbAccessoires recommand\u00e9s :\u00a0\u00bb title_align=\u00a0\u00bbseparator_align_left\u00a0\u00bb align=\u00a0\u00bbalign_left\u00a0\u00bb style=\u00a0\u00bbdotted\u00a0\u00bb]<div class=\"widget_products \"><div class=\"widget woocommerce widget_products\"><ul class=\"product_list_widget\"><li>\n\t\t<span class=\"widget-product-wrap\">\n\t\t<a href=\"https:\/\/agroflex.cz\/fr\/produit\/aero-100-ouvre-fenetre-de-serre-automatique\/\" title=\"AERO-100 Ouvre-fen\u00eatre de serre automatique\" class=\"widget-product-img\">\n\t\t\t<img decoding=\"async\" width=\"300\" height=\"300\" src=\"https:\/\/agroflex.cz\/wp-content\/uploads\/2023\/09\/avtomat2-1-300x300.jpg\" class=\"attachment-woocommerce_thumbnail size-woocommerce_thumbnail\" alt=\"Olejov\u00fd p\u00edst do sklen\u00edku\" srcset=\"https:\/\/agroflex.cz\/wp-content\/uploads\/2023\/09\/avtomat2-1-300x300.jpg 300w, https:\/\/agroflex.cz\/wp-content\/uploads\/2023\/09\/avtomat2-1-150x150.jpg 150w, https:\/\/agroflex.cz\/wp-content\/uploads\/2023\/09\/avtomat2-1-600x600.jpg 600w, https:\/\/agroflex.cz\/wp-content\/uploads\/2023\/09\/avtomat2-1.jpg 690w\" sizes=\"(max-width: 300px) 100vw, 300px\" \/>\t\t<\/a>\n\t\t<span class=\"widget-product-info\">\n\t\t\t<a href=\"https:\/\/agroflex.cz\/fr\/produit\/aero-100-ouvre-fenetre-de-serre-automatique\/\" title=\"AERO-100 Ouvre-fen\u00eatre de serre automatique\" class=\"wd-entities-title\">\n\t\t\t\tAERO-100 Ouvre-fen\u00eatre de serre automatique\t\t\t<\/a>\n\t\t\t\t\t\t\t\t\t\t\t\t\t<span class=\"price\"><del aria-hidden=\"true\"><span class=\"woocommerce-Price-amount amount\"><bdi>1 632<span class=\"woocommerce-Price-currencySymbol\">&#75;&#269;<\/span><\/bdi><\/span><\/del> <span class=\"screen-reader-text\">Le prix initial \u00e9tait\u00a0: 1 632&#075;&#269;.<\/span><ins aria-hidden=\"true\"><span class=\"woocommerce-Price-amount amount\"><bdi>1 531<span class=\"woocommerce-Price-currencySymbol\">&#75;&#269;<\/span><\/bdi><\/span><\/ins><span class=\"screen-reader-text\">Le prix actuel est\u00a0: 1 531&#075;&#269;.<\/span><\/span>\n\t\t<\/span>\n\t<\/span>\n\t<\/li>\n<\/ul><\/div><\/div>[vc_separator style=\u00a0\u00bbshadow\u00a0\u00bb border_width=\u00a0\u00bb5&Prime;][vc_column_text text_larger=\u00a0\u00bbno\u00a0\u00bb woodmart_inline=\u00a0\u00bbno\u00a0\u00bb]<\/p>\n<h4 style=\"text-align: center;\"><span style=\"color: #000000;\"><strong>Param\u00e8tres de la serre :<\/strong><\/span><\/h4>\n<table style=\"width: 89.5211%;\">\n<tbody>\n<tr style=\"height: 24px;\">\n<td style=\"width: 38.4774%; height: 24px; text-align: left;\">Type de construction<\/td>\n<td style=\"width: 60.2881%; height: 24px; text-align: right;\">Arches amovibles<\/td>\n<\/tr>\n<tr style=\"height: 24px;\">\n<td style=\"width: 38.4774%; height: 24px; text-align: left;\">Charge<\/td>\n<p> admissible<\/p>\n<td style=\"width: 60.2881%; height: 24px; text-align: right;\">300 kg<\/td>\n<\/tr>\n<tr style=\"height: 24px;\">\n<td style=\"width: 38.4774%; height: 24px; text-align: left;\">Largeur<\/td>\n<td style=\"width: 60.2881%; height: 24px; text-align: right;\">4 mois<\/td>\n<\/tr>\n<tr style=\"height: 24px;\">\n<td style=\"width: 38.4774%; height: 24px; text-align: left;\">hauteur<\/td>\n<td style=\"width: 60.2881%; height: 24px; text-align: right;\">2,2 millions d\u2019m\u00e8tres<\/td>\n<\/tr>\n<tr style=\"height: 24px;\">\n<td style=\"width: 38.4774%; height: 24px; text-align: left;\">Longueur (variantes)<\/td>\n<td style=\"width: 60.2881%; height: 24px; text-align: right;\"> 4 m ; 6 m ; 8 m ; 10 m ; 12 m (plus long peut \u00eatre fait &#8211; modulation par incr\u00e9ments de 2 m)<\/td>\n<\/tr>\n<tr style=\"height: 24px;\">\n<td style=\"width: 38.4774%; height: 24px; text-align: left;\">Mat\u00e9riau du<\/td>\n<p> vitrage<\/p>\n<td style=\"width: 60.2881%; height: 24px; text-align: right;\">polycarbonate 4mm, 6mm, 8mm, 10mm<\/td>\n<\/tr>\n<tr style=\"height: 24px;\">\nPoids <\/p>\n<td style=\"width: 38.4774%; height: 24px; text-align: left;\">de la surface<\/td>\n<td style=\"width: 60.2881%; height: 24px; text-align: right;\">800 g\/m2 \u00e0 1700 g\/m2<\/td>\n<\/tr>\n<tr style=\"height: 24px;\">\n<td style=\"width: 38.4774%; height: 24px; text-align: left;\">Protection UV du<\/td>\n<p> polycarbonate<\/p>\n<td style=\"width: 60.2881%; height: 24px; text-align: right;\">oui<\/td>\n<\/tr>\n<tr style=\"height: 24px;\">\n<td style=\"width: 38.4774%; height: 24px; text-align: left;\">Mat\u00e9riaux de construction<\/td>\n<td style=\"width: 60.2881%; height: 24px; text-align: right;\">acier galvanis\u00e9<\/td>\n<\/tr>\n<tr style=\"height: 24px;\">\nRenfort <\/p>\n<td style=\"width: 38.4774%; height: 24px; text-align: left;\">interne<\/td>\n<td style=\"width: 60.2881%; height: 24px; text-align: right;\"> Double acier 40\u044520 et 20x20mm<\/td>\n<\/tr>\n<tr style=\"height: 24px;\">\n<td style=\"width: 38.4774%; height: 24px; text-align: left;\">Barres d\u2019armature<\/td>\n<td style=\"width: 60.2881%; height: 24px; text-align: right;\">7 lignes<\/td>\n<\/tr>\n<tr style=\"height: 24px;\">\nR\u00e9sistance de la paroi <\/p>\n<td style=\"width: 38.4774%; height: 24px; text-align: left;\">en acier<\/td>\n<td style=\"width: 60.2881%; height: 24px; text-align: right;\">1 millim\u00e8tre<\/td>\n<\/tr>\n<tr style=\"height: 35px;\">\n<td style=\"width: 38.4774%; height: 35px; text-align: left;\">Distance entre les<\/td>\n<p> courbes<\/p>\n<td style=\"width: 60.2881%; height: 35px; text-align: right;\">1 mois<\/td>\n<\/tr>\n<tr style=\"height: 24px;\">\n<td style=\"width: 38.4774%; height: 24px; text-align: left;\">Ancrage au sol<\/td>\n<td style=\"width: 60.2881%; height: 24px; text-align: right;\"><a href=\"https:\/\/agroflex.cz\/kategorie-produktu\/dodatki\/kotveni-skleniku\/\" target=\"_blank\" rel=\"noopener\">Produits<\/a> connexes<\/td>\n<\/tr>\n<tr style=\"height: 24px;\">\n<td style=\"width: 38.4774%; height: 24px; text-align: left;\">type<\/td>\n<td style=\"width: 60.2881%; height: 24px; text-align: right;\">praticable des deux c\u00f4t\u00e9s<\/td>\n<\/tr>\n<tr style=\"height: 24px;\">\n<td style=\"width: 38.4774%; height: 24px; text-align: left;\">Portes d\u2019entr\u00e9e<\/td>\n<td style=\"width: 60.2881%; height: 24px; text-align: right;\">2 pi\u00e8ces<\/td>\n<\/tr>\n<tr style=\"height: 35px;\">\n<td style=\"width: 38.4774%; height: 35px; text-align: left;\">Fen\u00eatre de ventilation avant<\/td>\n<td style=\"width: 60.2881%; height: 35px; text-align: right;\">2 pi\u00e8ces<\/td>\n<\/tr>\n<tr style=\"height: 24px;\">\n<td style=\"width: 38.4774%; height: 24px; text-align: left;\">Hauteur de la porte<\/td>\n<td style=\"width: 60.2881%; height: 24px; text-align: right;\">1,90 millim\u00e8tre<\/td>\n<\/tr>\n<tr style=\"height: 24px;\">\n<td style=\"width: 38.4774%; height: 24px; text-align: left;\">Largeur de la porte<\/td>\n<td style=\"width: 60.2881%; height: 24px; text-align: right;\">1,02 millim\u00e8tre<\/td>\n<\/tr>\n<tr style=\"height: 24px;\">\n<td style=\"width: 38.4774%; height: 24px; text-align: left;\">Hauteur de la paroi<\/td>\n<p> lat\u00e9rale<\/p>\n<td style=\"width: 60.2881%; height: 24px; text-align: right;\">1,65 millim\u00e8tre<\/td>\n<\/tr>\n<tr style=\"height: 24px;\">\n<td style=\"width: 38.4774%; height: 24px; text-align: left;\">Ancrage en polycarbonate<\/td>\n<td style=\"width: 60.2881%; height: 24px; text-align: right;\">oui<\/td>\n<\/tr>\n<tr style=\"height: 35px;\">\n<td style=\"width: 38.4774%; height: 35px; text-align: left;\">Garantie de construction<\/td>\n<td style=\"width: 60.2881%; height: 35px; text-align: right;\">2 ans<\/td>\n<\/tr>\n<tr style=\"height: 24px;\">\n<td style=\"width: 38.4774%; height: 24px; text-align: left;\">Garantie polycarbonate<\/td>\n<td style=\"width: 60.2881%; height: 24px; text-align: right;\">10 ans<\/td>\n<\/tr>\n<tr style=\"height: 24px;\">\n<td style=\"width: 38.4774%; height: 24px; text-align: left;\">base<\/td>\n<td style=\"width: 60.2881%; height: 24px; text-align: right;\">Nous vous recommandons de l\u2019installer dans une fondation en b\u00e9ton<\/td>\n<\/tr>\n<tr style=\"height: 24px;\">\n<td style=\"width: 38.4774%; height: 24px; text-align: left;\">Ancrage au sol<\/td>\n<td style=\"width: 60.2881%; height: 24px; text-align: right;\"><a href=\"https:\/\/agroflex.cz\/kategorie-produktu\/dodatki\/kotveni-skleniku\/\" target=\"_blank\" rel=\"noopener\">Produits<\/a> connexes<\/td>\n<\/tr>\n<\/tbody>\n<\/table>\n<p><span style=\"font-size: 10pt;\">Au cas o\u00f9 vous ne voudriez pas vous soucier de l\u2019assemblage des accessoires de serre n\u00e9cessaires, nous proposons divers <a href=\"https:\/\/agroflex.cz\/kategorie-produktu\/dodatki\/sada-prislusenstvi\/\"><strong>ensembles complets \/ ensembles d\u2019accessoires de serre.<\/strong><\/a><\/span>[\/vc_column_text][vc_separator style=\u00a0\u00bbshadow\u00a0\u00bb border_width=\u00a0\u00bb5&Prime;][\/vc_column][vc_column width=\u00a0\u00bb1\/2&Prime;][vc_separator style=\u00a0\u00bbshadow\u00a0\u00bb border_width=\u00a0\u00bb5&Prime;][vc_column_text css=\u00a0\u00bb\u00a0\u00bb text_larger=\u00a0\u00bbno\u00a0\u00bb woodmart_inline=\u00a0\u00bbno\u00a0\u00bb]<\/p>\n<div class=\"vc_row wpb_row vc_row-fluid\">\n<div class=\"wpb_column vc_column_container vc_col-sm-12\">\n<div class=\"vc_column-inner\">\n<div class=\"wpb_wrapper\">\n<div class=\"wpb_text_column wpb_content_element\">\n<div class=\"wpb_wrapper\">\n<h4 style=\"text-align: center;\">Fondations pour une serre<\/h4>\n<p>Pour assurer la durabilit\u00e9 de la serre, il est recommand\u00e9 de l\u2019installer sur une base pr\u00e9-pr\u00e9par\u00e9e &#8211; une fondation, r\u00e9alis\u00e9e sur la base de ses dimensions autour du p\u00e9rim\u00e8tre de la base, par exemple, sous la forme d\u2019un cadre d\u2019une \u00e9paisseur de 100&#8230; 200 mm, ce qui r\u00e9duira consid\u00e9rablement l\u2019activit\u00e9 de corrosion. Le cadre de la serre doit \u00eatre fix\u00e9 \u00e0 la fondation avec des vis ou des clous pour \u00e9viter qu\u2019il ne se renverse par vent fort. <\/p>\n<p>La serre en polycarbonate peut \u00eatre fix\u00e9e selon la priorit\u00e9 de chaque client, elle peut \u00eatre install\u00e9e dans le sol (la fixation est assur\u00e9e par des pieds d\u2019ancrage), des prismes en bois 10 x 10cm ou sur un socle en b\u00e9ton. Cependant, en g\u00e9n\u00e9ral, l\u2019ancrage \u00e0 une base en b\u00e9ton est un meilleur choix qui r\u00e9duira consid\u00e9rablement l\u2019activit\u00e9 de corrosion. <\/p>\n<\/div>\n<\/div>\n<\/div>\n<\/div>\n<\/div>\n<\/div>\n<p>[\/vc_column_text]<div class=\"widget_products \"><div class=\"widget woocommerce widget_products\"><ul class=\"product_list_widget\"><li>\n\t\t<span class=\"widget-product-wrap\">\n\t\t<a href=\"https:\/\/agroflex.cz\/fr\/produit\/base-en-tole-botanik-pour-serres\/\" title=\"Base en t\u00f4le Botanik pour serres\" class=\"widget-product-img\">\n\t\t\t<img decoding=\"async\" width=\"300\" height=\"300\" src=\"https:\/\/agroflex.cz\/wp-content\/uploads\/2023\/09\/Zakladna-pro-zahradni-skleniky-Agroflex-300x300.jpg\" class=\"attachment-woocommerce_thumbnail size-woocommerce_thumbnail\" alt=\"\" srcset=\"https:\/\/agroflex.cz\/wp-content\/uploads\/2023\/09\/Zakladna-pro-zahradni-skleniky-Agroflex-300x300.jpg 300w, https:\/\/agroflex.cz\/wp-content\/uploads\/2023\/09\/Zakladna-pro-zahradni-skleniky-Agroflex-150x150.jpg 150w\" sizes=\"(max-width: 300px) 100vw, 300px\" \/>\t\t<\/a>\n\t\t<span class=\"widget-product-info\">\n\t\t\t<a href=\"https:\/\/agroflex.cz\/fr\/produit\/base-en-tole-botanik-pour-serres\/\" title=\"Base en t\u00f4le Botanik pour serres\" class=\"wd-entities-title\">\n\t\t\t\tBase en t\u00f4le Botanik pour serres\t\t\t<\/a>\n\t\t\t\t\t\t\t\t\t\t\t\t\t<span class=\"price\"><span class=\"woocommerce-Price-amount amount\" aria-hidden=\"true\"><bdi>968<span class=\"woocommerce-Price-currencySymbol\">&#75;&#269;<\/span><\/bdi><\/span> <span aria-hidden=\"true\">\u00a0\u2013\u00a0<\/span> <span class=\"woocommerce-Price-amount amount\" aria-hidden=\"true\"><bdi>3 267<span class=\"woocommerce-Price-currencySymbol\">&#75;&#269;<\/span><\/bdi><\/span><span class=\"screen-reader-text\">Plage de prix\u00a0: 968&#75;&#269; \u00e0 3 267&#75;&#269;<\/span><\/span>\n\t\t<\/span>\n\t<\/span>\n\t<\/li>\n<\/ul><\/div><\/div>[vc_separator style=\u00a0\u00bbshadow\u00a0\u00bb border_width=\u00a0\u00bb5&Prime;][vc_column_text css=\u00a0\u00bb\u00a0\u00bb text_larger=\u00a0\u00bbno\u00a0\u00bb woodmart_inline=\u00a0\u00bbno\u00a0\u00bb]<\/p>\n<div class=\"vc_row wpb_row vc_row-fluid\">\n<div class=\"wpb_column vc_column_container vc_col-sm-12\">\n<div class=\"vc_column-inner\">\n<div class=\"wpb_wrapper\">\n<div class=\"wpb_text_column wpb_content_element\">\n<div class=\"wpb_wrapper\">\n<h5 style=\"text-align: center;\">Fixations<\/h5>\n<p>L\u2019assemblage d\u2019une serre est \u00e9galement simple et ne n\u00e9cessite pas de comp\u00e9tences particuli\u00e8res. Seul un ensemble minimal d\u2019outils est n\u00e9cessaire \u2013 une cl\u00e9, un tournevis, un couteau. Vous recevrez des instructions d\u00e9taill\u00e9es avec la serre. Les instructions illustr\u00e9es simplifieront davantage le processus de construction d\u2019une serre,   <\/p>\n<p>Si vous n\u2019avez pas le temps de l\u2019installer, <a href=\"https:\/\/agroflex.cz\/montaz-skleniku\/\" target=\"_blank\" rel=\"noopener\"><strong>vous pouvez commander l\u2019installation<\/strong><\/a> aupr\u00e8s de nos sp\u00e9cialistes, qui assembleront tout pour vous avec une grande expertise et dans les plus brefs d\u00e9lais. Bien que l\u2019assemblage de l\u2019ensemble de la serre soit simple, il faut le plus de temps pour couper et d\u00e9limiter le polycarbonate et le monter sur les deux c\u00f4t\u00e9s avant de la serre. C\u2019est pourquoi nous vous offrons la possibilit\u00e9 de commander cette partie <a href=\"https:\/\/agroflex.cz\/montaz-skleniku\/\" target=\"_blank\" rel=\"noopener\"><strong>de l\u2019assemblage<\/strong><\/a>, qui est effectu\u00e9e dans notre entrep\u00f4t, vous recevrez les deux faces avant remplies de polycarbonate du transporteur.  <\/p>\n<p>La serre peut \u00eatre modifi\u00e9e et la mise en \u0153uvre d\u2019extensions est possible \u00e0 l\u2019avenir, de sorte que la longueur th\u00e9orique de la serre est illimit\u00e9e.<\/p>\n<\/div>\n<\/div>\n<\/div>\n<\/div>\n<\/div>\n<\/div>\n<p>[\/vc_column_text][vc_separator style=\u00a0\u00bbshadow\u00a0\u00bb border_width=\u00a0\u00bb5&Prime;][vc_column_text woodmart_inline=\u00a0\u00bbno\u00a0\u00bb text_larger=\u00a0\u00bbno\u00a0\u00bb]<\/p>\n<h4 style=\"text-align: center;\">Alternatives<\/h4>\n<p>[\/vc_column_text]<div class=\"widget_products \"><div class=\"widget woocommerce widget_products\"><ul class=\"product_list_widget\"><li>\n\t\t<span class=\"widget-product-wrap\">\n\t\t<a href=\"https:\/\/agroflex.cz\/fr\/produit\/serre-de-jardin-coupe-vent-profi-plus\/\" title=\"Serre de jardin coupe-vent PROFI PLUS\" class=\"widget-product-img\">\n\t\t\t<img decoding=\"async\" width=\"300\" height=\"300\" src=\"https:\/\/agroflex.cz\/wp-content\/uploads\/2023\/09\/polykarbonatovy-sklenik-4x6m-1-300x300.png\" class=\"attachment-woocommerce_thumbnail size-woocommerce_thumbnail\" alt=\"Serre en polycarbonate 8mm\" srcset=\"https:\/\/agroflex.cz\/wp-content\/uploads\/2023\/09\/polykarbonatovy-sklenik-4x6m-1-300x300.png 300w, https:\/\/agroflex.cz\/wp-content\/uploads\/2023\/09\/polykarbonatovy-sklenik-4x6m-1-800x800.png 800w, https:\/\/agroflex.cz\/wp-content\/uploads\/2023\/09\/polykarbonatovy-sklenik-4x6m-1-150x150.png 150w, https:\/\/agroflex.cz\/wp-content\/uploads\/2023\/09\/polykarbonatovy-sklenik-4x6m-1-768x768.png 768w, https:\/\/agroflex.cz\/wp-content\/uploads\/2023\/09\/polykarbonatovy-sklenik-4x6m-1-600x600.png 600w, https:\/\/agroflex.cz\/wp-content\/uploads\/2023\/09\/polykarbonatovy-sklenik-4x6m-1.png 1024w\" sizes=\"(max-width: 300px) 100vw, 300px\" \/>\t\t<\/a>\n\t\t<span class=\"widget-product-info\">\n\t\t\t<a href=\"https:\/\/agroflex.cz\/fr\/produit\/serre-de-jardin-coupe-vent-profi-plus\/\" title=\"Serre de jardin coupe-vent PROFI PLUS\" class=\"wd-entities-title\">\n\t\t\t\tSerre de jardin coupe-vent PROFI PLUS\t\t\t<\/a>\n\t\t\t\t\t\t\t\t\t\t\t\t\t<span class=\"price\"><span class=\"woocommerce-Price-amount amount\" aria-hidden=\"true\"><bdi>47 295<span class=\"woocommerce-Price-currencySymbol\">&#75;&#269;<\/span><\/bdi><\/span> <span aria-hidden=\"true\">\u00a0\u2013\u00a0<\/span> <span class=\"woocommerce-Price-amount amount\" aria-hidden=\"true\"><bdi>111 967<span class=\"woocommerce-Price-currencySymbol\">&#75;&#269;<\/span><\/bdi><\/span><span class=\"screen-reader-text\">Plage de prix\u00a0: 47 295&#75;&#269; \u00e0 111 967&#75;&#269;<\/span><\/span>\n\t\t<\/span>\n\t<\/span>\n\t<\/li>\n<\/ul><\/div><\/div>[vc_separator style=\u00a0\u00bbshadow\u00a0\u00bb border_width=\u00a0\u00bb5&Prime;][\/vc_column][\/vc_row]<\/p>\n<\/div>","protected":false},"excerpt":{"rendered":"<p><span style=\"font-size: 10pt;\"><strong><span style=\"color: #ff6600;\">NOUVELLES!<\/span> <\/strong>Largeur de la serre 4m, hauteur 2,2m, longueur \u00e0 partir de 4m. Serre en polycarbonate robuste et large toute l\u2019ann\u00e9e pour un large \u00e9ventail d\u2019exigences. Construction en acier double galvanis\u00e9. Le vitrage est en polycarbonate de qualit\u00e9 sup\u00e9rieure d\u2019une \u00e9paisseur de 4, 6 ou 8 mm. Une serre de jardin \u00e9galement adapt\u00e9e aux emplacements en montagne, r\u00e9sistante au vent et \u00e0 la neige.<br \/>\n<\/span><\/p>\n<p><strong> <\/strong><\/p>\n","protected":false},"featured_media":13149,"comment_status":"open","ping_status":"closed","template":"","meta":[],"product_brand":[419],"product_cat":[479,687,686],"product_tag":[],"class_list":{"0":"post-19532","1":"product","2":"type-product","3":"status-publish","4":"has-post-thumbnail","6":"product_brand-agroflex","7":"product_cat-serres-en-polycarbonate","8":"product_cat-serres-de-jardin-evenements","9":"product_cat-serres-de-type-a","11":"first","12":"instock","13":"sale","14":"taxable","15":"shipping-taxable","16":"purchasable","17":"product-type-variable","18":"has-default-attributes"},"_links":{"self":[{"href":"https:\/\/agroflex.cz\/fr\/wp-json\/wp\/v2\/product\/19532","targetHints":{"allow":["GET"]}}],"collection":[{"href":"https:\/\/agroflex.cz\/fr\/wp-json\/wp\/v2\/product"}],"about":[{"href":"https:\/\/agroflex.cz\/fr\/wp-json\/wp\/v2\/types\/product"}],"replies":[{"embeddable":true,"href":"https:\/\/agroflex.cz\/fr\/wp-json\/wp\/v2\/comments?post=19532"}],"wp:featuredmedia":[{"embeddable":true,"href":"https:\/\/agroflex.cz\/fr\/wp-json\/wp\/v2\/media\/13149"}],"wp:attachment":[{"href":"https:\/\/agroflex.cz\/fr\/wp-json\/wp\/v2\/media?parent=19532"}],"wp:term":[{"taxonomy":"product_brand","embeddable":true,"href":"https:\/\/agroflex.cz\/fr\/wp-json\/wp\/v2\/product_brand?post=19532"},{"taxonomy":"product_cat","embeddable":true,"href":"https:\/\/agroflex.cz\/fr\/wp-json\/wp\/v2\/product_cat?post=19532"},{"taxonomy":"product_tag","embeddable":true,"href":"https:\/\/agroflex.cz\/fr\/wp-json\/wp\/v2\/product_tag?post=19532"}],"curies":[{"name":"wp","href":"https:\/\/api.w.org\/{rel}","templated":true}]}}