{"id":20573,"date":"2023-09-04T21:00:41","date_gmt":"2023-09-04T21:00:41","guid":{"rendered":"https:\/\/agroflex.cz\/product\/serre-de-jardin-en-polycarbonate-optima\/"},"modified":"2025-09-19T08:08:54","modified_gmt":"2025-09-19T08:08:54","slug":"serre-de-jardin-en-polycarbonate-optima","status":"publish","type":"product","link":"https:\/\/agroflex.cz\/fr\/produit\/serre-de-jardin-en-polycarbonate-optima\/","title":{"rendered":"Serre de jardin en polycarbonate OPTIMA"},"content":{"rendered":"<div class=\"wpb-content-wrapper\"><p>[vc_row][vc_column][vc_separator style=\u00a0\u00bbshadow\u00a0\u00bb border_width=\u00a0\u00bb5&Prime;][vc_column_text text_larger=\u00a0\u00bbno\u00a0\u00bb woodmart_inline=\u00a0\u00bbno\u00a0\u00bb]<\/p>\n<h2 style=\"text-align: center;\"><strong>Serre en polycarbonate OPTIMA<br \/>\n<\/strong><\/h2>\n<p>Serre en polycarbonate solide vo\u00fbt\u00e9e de jardin bon march\u00e9. Serre robuste pour le jardin. La diff\u00e9rence par rapport aux autres serres est l\u2019utilisation d\u2019une seule arche au lieu d\u2019une double. Mais pour les r\u00e9gions qui n\u2019ont pas les conditions climatiques les plus strictes, cela suffit. Les arceaux fixes et les barres transversales sont galvanis\u00e9s \u00e0 l\u2019ext\u00e9rieur et \u00e0 l\u2019int\u00e9rieur de l\u2019acier. La serre est en acier. Les arches sont r\u00e9sistantes au vent, \u00e0 la lourde charge sur la serre pendant la p\u00e9riode hivernale lors de fortes chutes de neige. La structure avec une charge allant jusqu\u2019\u00e0 200 kg en acier 20\u00d720 de haute qualit\u00e9 d\u2019une \u00e9paisseur de 1 mm peut r\u00e9sister longtemps \u00e0 des conditions climatiques d\u00e9favorables. La serre en polycarbonate OPTIMA a non seulement sa r\u00e9sistance, mais son montage est \u00e9galement plus facile et comporte moins d\u2019\u00e9l\u00e9ments de montage. La distance entre les arches est de 1 m\u00e8tre. Cependant, pour les r\u00e9gions qui n\u2019ont pas les conditions climatiques les plus strictes, c\u2019est plus que suffisant.          <\/p>\n<p>Cette serre est une variante l\u00e9g\u00e8re de la serre Agroflex <a href=\"https:\/\/agroflex.cz\/produkt\/sklenik-z-polykarbonatu-agroflex-optima-lux-2\/\">Optima LUX<\/a> ou Optima LT[\/vc_column_text][vc_separator][vc_column_text text_larger=\u00a0\u00bbno\u00a0\u00bb woodmart_inline=\u00a0\u00bbno\u00a0\u00bb]<\/p>\n<h4 style=\"text-align: center;\">Vitrage en polycarbonate<\/h4>\n<p>Polycarbonate creux certifi\u00e9 sp\u00e9cial pour les serres avec filtre UV. L\u2019avantage de ce produit est sa haute isolation thermique contre le verre. R\u00e9sistant aux dommages m\u00e9caniques, aux intemp\u00e9ries et \u00e0 la gr\u00eale. Translucidit\u00e9 exceptionnelle du polycarbonate (clart\u00e9 &#8211; jusqu\u2019\u00e0 86&nbsp;%). Vous pouvez choisir parmi plusieurs mod\u00e8les, la serre de jardin OPTIMA \u00e9quip\u00e9e de polycarbonate de 4 mm, 6 mm, qui garantit sans probl\u00e8me et une longue dur\u00e9e de vie. Pour les clients plus exigeants et les professionnels, nous proposons la version serre de jardin OPTIMA 8mm. Le polycarbonate est fourni en rouleau et est fix\u00e9 \u00e0 la structure \u00e0 l\u2019aide de vis autotaraudeuses.[\/vc_column_text][\/vc_column][\/vc_row][vc_row][vc_column width=\u00a0\u00bb1\/2&Prime;][vc_separator style=\u00a0\u00bbshadow\u00a0\u00bb border_width=\u00a0\u00bb5&Prime;][vc_text_separator title=\u00a0\u00bbAccessoires recommand\u00e9s :\u00a0\u00bb title_align=\u00a0\u00bbseparator_align_left\u00a0\u00bb align=\u00a0\u00bbalign_left\u00a0\u00bb style=\u00a0\u00bbdotted\u00a0\u00bb]<div class=\"widget_products \"><div class=\"widget woocommerce widget_products\"><ul class=\"product_list_widget\"><li>\n\t\t<span class=\"widget-product-wrap\">\n\t\t<a href=\"https:\/\/agroflex.cz\/fr\/produit\/aero-100-ouvre-fenetre-de-serre-automatique\/\" title=\"AERO-100 Ouvre-fen\u00eatre de serre automatique\" class=\"widget-product-img\">\n\t\t\t<img decoding=\"async\" width=\"300\" height=\"300\" src=\"https:\/\/agroflex.cz\/wp-content\/uploads\/2023\/09\/avtomat2-1-300x300.jpg\" class=\"attachment-woocommerce_thumbnail size-woocommerce_thumbnail\" alt=\"Olejov\u00fd p\u00edst do sklen\u00edku\" srcset=\"https:\/\/agroflex.cz\/wp-content\/uploads\/2023\/09\/avtomat2-1-300x300.jpg 300w, https:\/\/agroflex.cz\/wp-content\/uploads\/2023\/09\/avtomat2-1-150x150.jpg 150w, https:\/\/agroflex.cz\/wp-content\/uploads\/2023\/09\/avtomat2-1-600x600.jpg 600w, https:\/\/agroflex.cz\/wp-content\/uploads\/2023\/09\/avtomat2-1.jpg 690w\" sizes=\"(max-width: 300px) 100vw, 300px\" \/>\t\t<\/a>\n\t\t<span class=\"widget-product-info\">\n\t\t\t<a href=\"https:\/\/agroflex.cz\/fr\/produit\/aero-100-ouvre-fenetre-de-serre-automatique\/\" title=\"AERO-100 Ouvre-fen\u00eatre de serre automatique\" class=\"wd-entities-title\">\n\t\t\t\tAERO-100 Ouvre-fen\u00eatre de serre automatique\t\t\t<\/a>\n\t\t\t\t\t\t\t\t\t\t\t\t\t<span class=\"price\"><del aria-hidden=\"true\"><span class=\"woocommerce-Price-amount amount\"><bdi>1 632<span class=\"woocommerce-Price-currencySymbol\">&#75;&#269;<\/span><\/bdi><\/span><\/del> <span class=\"screen-reader-text\">Le prix initial \u00e9tait\u00a0: 1 632&#075;&#269;.<\/span><ins aria-hidden=\"true\"><span class=\"woocommerce-Price-amount amount\"><bdi>1 531<span class=\"woocommerce-Price-currencySymbol\">&#75;&#269;<\/span><\/bdi><\/span><\/ins><span class=\"screen-reader-text\">Le prix actuel est\u00a0: 1 531&#075;&#269;.<\/span><\/span>\n\t\t<\/span>\n\t<\/span>\n\t<\/li>\n<\/ul><\/div><\/div>[vc_separator style=\u00a0\u00bbshadow\u00a0\u00bb border_width=\u00a0\u00bb5&Prime;][vc_column_text text_larger=\u00a0\u00bbno\u00a0\u00bb woodmart_inline=\u00a0\u00bbno\u00a0\u00bb]<\/p>\n<h4 style=\"text-align: center;\"><span style=\"color: #000000;\"><strong>Param\u00e8tres de la serre :<\/strong><\/span><\/h4>\n<table>\n<tbody>\n<tr style=\"height: 24px;\">\n<td style=\"width: 185.867px; height: 24px; text-align: left;\">Type de construction<\/td>\n<td style=\"width: 243.133px; height: 24px; text-align: right;\">Fixe<\/td>\n<\/tr>\n<tr style=\"height: 24px;\">\n<td style=\"width: 185.867px; height: 24px; text-align: left;\">Charge<\/td>\n<p> admissible<\/p>\n<td style=\"width: 243.133px; height: 24px; text-align: right;\">200 kg<\/td>\n<\/tr>\n<tr style=\"height: 24px;\">\n<td style=\"width: 185.867px; height: 24px; text-align: left;\">Largeur<\/td>\n<td style=\"width: 243.133px; height: 24px; text-align: right;\">2,5 m<\/td>\n<\/tr>\n<tr style=\"height: 24px;\">\n<td style=\"width: 185.867px; height: 24px; text-align: left;\">hauteur<\/td>\n<td style=\"width: 243.133px; height: 24px; text-align: right;\">2 m<\/td>\n<\/tr>\n<tr style=\"height: 24px;\">\n<td style=\"width: 185.867px; height: 24px; text-align: left;\">Longueur (variantes)<\/td>\n<td style=\"width: 243.133px; height: 24px; text-align: right;\">4 m ; 6 m ; 8 m ; (modulation par incr\u00e9ments de 2 m)<\/td>\n<\/tr>\n<tr style=\"height: 24px;\">\n<td style=\"width: 185.867px; height: 24px; text-align: left;\">Mat\u00e9riau du<\/td>\n<p> vitrage<\/p>\n<td style=\"width: 243.133px; height: 24px; text-align: right;\">polycarbonate 4, 6, 8 mm (clart\u00e9 &#8211; jusqu\u2019\u00e0 86&nbsp;%).<\/td>\n<\/tr>\n<tr style=\"height: 24px;\">\nPoids <\/p>\n<td style=\"width: 185.867px; height: 24px; text-align: left;\">de la surface<\/td>\n<td style=\"width: 243.133px; height: 24px; text-align: right;\">800 g\/m2 \u00e0 1500 g\/m2<\/td>\n<\/tr>\n<tr style=\"height: 24px;\">\n<td style=\"width: 185.867px; height: 24px; text-align: left;\">Protection UV du<\/td>\n<p> polycarbonate<\/p>\n<td style=\"width: 243.133px; height: 24px; text-align: right;\">oui<\/td>\n<\/tr>\n<tr style=\"height: 24px;\">\n<td style=\"width: 185.867px; height: 24px; text-align: left;\">Dimensions des planches<\/td>\n<td style=\"width: 243.133px; height: 24px; text-align: right;\">6 x 2,1 m<\/td>\n<\/tr>\n<tr style=\"height: 24px;\">\n<td style=\"width: 185.867px; height: 10px; text-align: left;\">Mat\u00e9riaux de construction<\/td>\n<td style=\"width: 243.133px; height: 10px; text-align: right;\">acier galvanis\u00e9<\/td>\n<\/tr>\n<tr style=\"height: 24px;\">\nR\u00e9sistance de la paroi <\/p>\n<td style=\"width: 185.867px; height: 24px; text-align: left;\">en acier<\/td>\n<td style=\"width: 243.133px; height: 24px; text-align: right;\">1 millim\u00e8tre<\/td>\n<\/tr>\n<tr style=\"height: 35px;\">\n<td style=\"width: 185.867px; height: 35px; text-align: left;\">Distance entre les<\/td>\n<p> courbes<\/p>\n<td style=\"width: 243.133px; height: 35px; text-align: right;\">1 mois<\/td>\n<\/tr>\n<tr style=\"height: 35px;\">\n<td style=\"width: 185.867px; height: 35px; text-align: left;\">Barres de renfort d\u2019arche<\/td>\n<td style=\"width: 243.133px; height: 35px; text-align: right;\">5 lignes<\/td>\n<\/tr>\n<tr style=\"height: 24px;\">\n<td style=\"width: 170.4px; height: 24px; text-align: left;\">type<\/td>\n<td style=\"width: 268.6px; height: 24px; text-align: right;\">praticable des deux c\u00f4t\u00e9s<\/td>\n<\/tr>\n<tr style=\"height: 24px;\">\n<td style=\"width: 170.4px; height: 24px; text-align: left;\">Portes d\u2019entr\u00e9e<\/td>\n<td style=\"width: 268.6px; height: 24px; text-align: right;\">2 pi\u00e8ces<\/td>\n<\/tr>\n<tr style=\"height: 35px;\">\n<td style=\"width: 170.4px; height: 35px; text-align: left;\">Fen\u00eatre de ventilation avant<\/td>\n<td style=\"width: 268.6px; height: 35px; text-align: right;\">2 pi\u00e8ces<\/td>\n<\/tr>\n<tr style=\"height: 24px;\">\n<td style=\"width: 185.867px; height: 24px; text-align: left;\">Ancrage en polycarbonate<\/td>\n<td style=\"width: 243.133px; height: 24px; text-align: right;\">Vis avec rondelles et \u00e9crous M5<\/td>\n<\/tr>\n<tr style=\"height: 24px;\">\nPieds <\/p>\n<td style=\"width: 185.867px; height: 24px; text-align: left;\">d\u2019ancrage<\/td>\n<td style=\"width: 243.133px; height: 24px; text-align: right;\"><a href=\"https:\/\/agroflex.cz\/kategorie-produktu\/dodatki\/kotveni-skleniku\/\" target=\"_blank\" rel=\"noopener\">Produits<\/a> connexes<\/td>\n<\/tr>\n<tr style=\"height: 24px;\">\n<td style=\"width: 185.867px; height: 24px; text-align: left;\">Garantie polycarbonate<\/td>\n<td style=\"width: 243.133px; height: 24px; text-align: right;\">10 ans<\/td>\n<\/tr>\n<tr style=\"height: 35px;\">\n<td style=\"width: 185.867px; height: 35px; text-align: left;\">Garantie de construction<\/td>\n<td style=\"width: 243.133px; height: 35px; text-align: right;\">5 ans<\/td>\n<\/tr>\n<\/tbody>\n<\/table>\n<p><span style=\"font-size: 10pt;\">Au cas o\u00f9 vous ne voudriez pas vous soucier de l\u2019assemblage des accessoires de serre n\u00e9cessaires, nous proposons divers <\/span><a href=\"https:\/\/agroflex.cz\/kategorie-produktu\/dodatki\/sada-prislusenstvi\/\"><strong><span style=\"font-size: 10pt;\">ensembles complets \/ ensembles d\u2019accessoires de serre.<\/span><\/strong><\/a>[\/vc_column_text][vc_separator style=\u00a0\u00bbshadow\u00a0\u00bb border_width=\u00a0\u00bb5&Prime;][\/vc_column][vc_column width=\u00a0\u00bb1\/2&Prime;][vc_separator style=\u00a0\u00bbshadow\u00a0\u00bb border_width=\u00a0\u00bb5&Prime;][vc_column_text css=\u00a0\u00bb\u00a0\u00bb text_larger=\u00a0\u00bbno\u00a0\u00bb woodmart_inline=\u00a0\u00bbno\u00a0\u00bb]<\/p>\n<div class=\"vc_row wpb_row vc_row-fluid\">\n<div class=\"wpb_column vc_column_container vc_col-sm-12\">\n<div class=\"vc_column-inner\">\n<div class=\"wpb_wrapper\">\n<div class=\"wpb_text_column wpb_content_element\">\n<div class=\"wpb_wrapper\">\n<h4 style=\"text-align: center;\">Fondations pour une serre<\/h4>\n<p>Pour assurer la durabilit\u00e9 de la serre, il est recommand\u00e9 de l\u2019installer sur une base pr\u00e9-pr\u00e9par\u00e9e &#8211; une fondation, r\u00e9alis\u00e9e sur la base de ses dimensions autour du p\u00e9rim\u00e8tre de la base, par exemple, sous la forme d\u2019un cadre d\u2019une \u00e9paisseur de 100&#8230; 200 mm, ce qui r\u00e9duira consid\u00e9rablement l\u2019activit\u00e9 de corrosion. Le cadre de la serre doit \u00eatre fix\u00e9 \u00e0 la fondation avec des vis ou des clous pour \u00e9viter qu\u2019il ne se renverse par vent fort. <\/p>\n<p>La serre en polycarbonate peut ainsi \u00eatre fix\u00e9e selon la priorit\u00e9 de chaque client, elle peut \u00eatre install\u00e9e dans le sol (la fixation est assur\u00e9e par des pieds d\u2019ancrage), des prismes en bois 10 x 10cm ou sur un socle en b\u00e9ton. Cependant, en g\u00e9n\u00e9ral, l\u2019ancrage \u00e0 une base en b\u00e9ton est un meilleur choix qui r\u00e9duira consid\u00e9rablement l\u2019activit\u00e9 de corrosion. <\/p>\n<\/div>\n<\/div>\n<\/div>\n<\/div>\n<\/div>\n<\/div>\n<p>[\/vc_column_text]<div class=\"widget_products \"><div class=\"widget woocommerce widget_products\"><ul class=\"product_list_widget\"><li>\n\t\t<span class=\"widget-product-wrap\">\n\t\t<a href=\"https:\/\/agroflex.cz\/fr\/produit\/base-en-tole-botanik-pour-serres\/\" title=\"Base en t\u00f4le Botanik pour serres\" class=\"widget-product-img\">\n\t\t\t<img decoding=\"async\" width=\"300\" height=\"300\" src=\"https:\/\/agroflex.cz\/wp-content\/uploads\/2023\/09\/Zakladna-pro-zahradni-skleniky-Agroflex-300x300.jpg\" class=\"attachment-woocommerce_thumbnail size-woocommerce_thumbnail\" alt=\"\" srcset=\"https:\/\/agroflex.cz\/wp-content\/uploads\/2023\/09\/Zakladna-pro-zahradni-skleniky-Agroflex-300x300.jpg 300w, https:\/\/agroflex.cz\/wp-content\/uploads\/2023\/09\/Zakladna-pro-zahradni-skleniky-Agroflex-150x150.jpg 150w\" sizes=\"(max-width: 300px) 100vw, 300px\" \/>\t\t<\/a>\n\t\t<span class=\"widget-product-info\">\n\t\t\t<a href=\"https:\/\/agroflex.cz\/fr\/produit\/base-en-tole-botanik-pour-serres\/\" title=\"Base en t\u00f4le Botanik pour serres\" class=\"wd-entities-title\">\n\t\t\t\tBase en t\u00f4le Botanik pour serres\t\t\t<\/a>\n\t\t\t\t\t\t\t\t\t\t\t\t\t<span class=\"price\"><span class=\"woocommerce-Price-amount amount\" aria-hidden=\"true\"><bdi>968<span class=\"woocommerce-Price-currencySymbol\">&#75;&#269;<\/span><\/bdi><\/span> <span aria-hidden=\"true\">\u00a0\u2013\u00a0<\/span> <span class=\"woocommerce-Price-amount amount\" aria-hidden=\"true\"><bdi>3 267<span class=\"woocommerce-Price-currencySymbol\">&#75;&#269;<\/span><\/bdi><\/span><span class=\"screen-reader-text\">Plage de prix\u00a0: 968&#75;&#269; \u00e0 3 267&#75;&#269;<\/span><\/span>\n\t\t<\/span>\n\t<\/span>\n\t<\/li>\n<\/ul><\/div><\/div>[vc_separator style=\u00a0\u00bbshadow\u00a0\u00bb border_width=\u00a0\u00bb5&Prime;][vc_column_text css=\u00a0\u00bb\u00a0\u00bb text_larger=\u00a0\u00bbno\u00a0\u00bb woodmart_inline=\u00a0\u00bbno\u00a0\u00bb]<\/p>\n<div class=\"vc_row wpb_row vc_row-fluid\">\n<div class=\"wpb_column vc_column_container vc_col-sm-12\">\n<div class=\"vc_column-inner\">\n<div class=\"wpb_wrapper\">\n<div class=\"wpb_text_column wpb_content_element\">\n<div class=\"wpb_wrapper\">\n<h5 style=\"text-align: center;\">Fixations<\/h5>\n<p>L\u2019assemblage d\u2019une serre est \u00e9galement simple et ne n\u00e9cessite pas de comp\u00e9tences particuli\u00e8res. Seul un ensemble minimal d\u2019outils est n\u00e9cessaire \u2013 une cl\u00e9, un tournevis, un couteau. Vous recevrez des instructions d\u00e9taill\u00e9es avec la serre. Les instructions illustr\u00e9es simplifieront davantage le processus de construction d\u2019une serre,   <\/p>\n<p>Si vous n\u2019avez pas le temps de l\u2019installer, <a href=\"https:\/\/agroflex.cz\/montaz-skleniku\/\" target=\"_blank\" rel=\"noopener\"><strong>vous pouvez commander l\u2019installation<\/strong><\/a> aupr\u00e8s de nos sp\u00e9cialistes, qui assembleront tout pour vous avec une grande expertise et dans les plus brefs d\u00e9lais. Bien que l\u2019assemblage de l\u2019ensemble de la serre soit simple, il faut le plus de temps pour couper et d\u00e9limiter le polycarbonate et le monter sur les deux c\u00f4t\u00e9s avant de la serre. C\u2019est pourquoi nous vous offrons la possibilit\u00e9 de commander cette partie <a href=\"https:\/\/agroflex.cz\/montaz-skleniku\/\" target=\"_blank\" rel=\"noopener\"><strong>de l\u2019assemblage<\/strong><\/a>, qui est effectu\u00e9e dans notre entrep\u00f4t, vous recevrez les deux faces avant remplies de polycarbonate du transporteur.  <\/p>\n<p>La serre peut \u00eatre modifi\u00e9e et la mise en \u0153uvre d\u2019extensions est possible \u00e0 l\u2019avenir, de sorte que la longueur th\u00e9orique de la serre est illimit\u00e9e.<\/p>\n<\/div>\n<\/div>\n<\/div>\n<\/div>\n<\/div>\n<\/div>\n<p>[\/vc_column_text][vc_separator style=\u00a0\u00bbshadow\u00a0\u00bb border_width=\u00a0\u00bb5&Prime;][vc_column_text woodmart_inline=\u00a0\u00bbno\u00a0\u00bb text_larger=\u00a0\u00bbno\u00a0\u00bb]<\/p>\n<h4 style=\"text-align: center;\">Alternatives<\/h4>\n<p>[\/vc_column_text]<div class=\"widget_products \"><div class=\"widget woocommerce widget_products\"><ul class=\"product_list_widget\"><li>\n\t\t<span class=\"widget-product-wrap\">\n\t\t<a href=\"https:\/\/agroflex.cz\/fr\/produit\/serre-de-jardin-optima-lt\/\" title=\"Serre de jardin OPTIMA LT\" class=\"widget-product-img\">\n\t\t\t<img decoding=\"async\" width=\"300\" height=\"300\" src=\"https:\/\/agroflex.cz\/wp-content\/uploads\/2023\/09\/Sklenik-z-polykarbonatu-Titan-Optima-LT-agroflex6-300x300.jpg\" class=\"attachment-woocommerce_thumbnail size-woocommerce_thumbnail\" alt=\"polykarbon\u00e1tov\u00e9 sklen\u00edky celorocni sklenik\" srcset=\"https:\/\/agroflex.cz\/wp-content\/uploads\/2023\/09\/Sklenik-z-polykarbonatu-Titan-Optima-LT-agroflex6-300x300.jpg 300w, https:\/\/agroflex.cz\/wp-content\/uploads\/2023\/09\/Sklenik-z-polykarbonatu-Titan-Optima-LT-agroflex6-150x150.jpg 150w\" sizes=\"(max-width: 300px) 100vw, 300px\" \/>\t\t<\/a>\n\t\t<span class=\"widget-product-info\">\n\t\t\t<a href=\"https:\/\/agroflex.cz\/fr\/produit\/serre-de-jardin-optima-lt\/\" title=\"Serre de jardin OPTIMA LT\" class=\"wd-entities-title\">\n\t\t\t\tSerre de jardin OPTIMA LT\t\t\t<\/a>\n\t\t\t\t\t\t\t\t\t\t\t\t\t<span class=\"price\"><span class=\"woocommerce-Price-amount amount\" aria-hidden=\"true\"><bdi>19 391<span class=\"woocommerce-Price-currencySymbol\">&#75;&#269;<\/span><\/bdi><\/span> <span aria-hidden=\"true\">\u00a0\u2013\u00a0<\/span> <span class=\"woocommerce-Price-amount amount\" aria-hidden=\"true\"><bdi>58 864<span class=\"woocommerce-Price-currencySymbol\">&#75;&#269;<\/span><\/bdi><\/span><span class=\"screen-reader-text\">Plage de prix\u00a0: 19 391&#75;&#269; \u00e0 58 864&#75;&#269;<\/span><\/span>\n\t\t<\/span>\n\t<\/span>\n\t<\/li>\n<\/ul><\/div><\/div>[vc_separator style=\u00a0\u00bbshadow\u00a0\u00bb border_width=\u00a0\u00bb5&Prime;][\/vc_column][\/vc_row]<\/p>\n<\/div>","protected":false},"excerpt":{"rendered":"<p style=\"text-align: justify;\"><span style=\"font-size: 10pt;\">Largeur de la serre 2,5 m, hauteur 2 m, longueur \u00e0 partir de 4 m. Tous les arcs de la serre sont solides. Serre vo\u00fbt\u00e9e en polycarbonate \u00e9conomiquement abordable. Serre de jardin durable et stable, r\u00e9sistante au vent et \u00e0 la neige Polycarbonate sp\u00e9cial pour les serres d\u2019\u00e9paisseur avec un filtre UV.   <\/span><\/p>\n","protected":false},"featured_media":0,"comment_status":"open","ping_status":"closed","template":"","meta":[],"product_brand":[419],"product_cat":[479,687,803,1000],"product_tag":[],"class_list":{"0":"post-20573","1":"product","2":"type-product","3":"status-publish","5":"product_brand-agroflex","6":"product_cat-serres-en-polycarbonate","7":"product_cat-serres-de-jardin-evenements","8":"product_cat-serres-voutees","9":"product_cat-serres-fixes","11":"first","12":"outofstock","13":"sale","14":"taxable","15":"shipping-taxable","16":"purchasable","17":"product-type-variable","18":"has-default-attributes"},"_links":{"self":[{"href":"https:\/\/agroflex.cz\/fr\/wp-json\/wp\/v2\/product\/20573","targetHints":{"allow":["GET"]}}],"collection":[{"href":"https:\/\/agroflex.cz\/fr\/wp-json\/wp\/v2\/product"}],"about":[{"href":"https:\/\/agroflex.cz\/fr\/wp-json\/wp\/v2\/types\/product"}],"replies":[{"embeddable":true,"href":"https:\/\/agroflex.cz\/fr\/wp-json\/wp\/v2\/comments?post=20573"}],"wp:attachment":[{"href":"https:\/\/agroflex.cz\/fr\/wp-json\/wp\/v2\/media?parent=20573"}],"wp:term":[{"taxonomy":"product_brand","embeddable":true,"href":"https:\/\/agroflex.cz\/fr\/wp-json\/wp\/v2\/product_brand?post=20573"},{"taxonomy":"product_cat","embeddable":true,"href":"https:\/\/agroflex.cz\/fr\/wp-json\/wp\/v2\/product_cat?post=20573"},{"taxonomy":"product_tag","embeddable":true,"href":"https:\/\/agroflex.cz\/fr\/wp-json\/wp\/v2\/product_tag?post=20573"}],"curies":[{"name":"wp","href":"https:\/\/api.w.org\/{rel}","templated":true}]}}