{"id":22739,"date":"2023-09-04T21:05:32","date_gmt":"2023-09-04T21:05:32","guid":{"rendered":"https:\/\/agroflex.cz\/product\/abri-de-piscine-agroflex-tulipan-b50\/"},"modified":"2025-09-19T08:18:58","modified_gmt":"2025-09-19T08:18:58","slug":"abri-de-piscine-agroflex-tulipan-b50","status":"publish","type":"product","link":"https:\/\/agroflex.cz\/fr\/produit\/abri-de-piscine-agroflex-tulipan-b50\/","title":{"rendered":"Abri de piscine Agroflex TULIPAN B50"},"content":{"rendered":"<div class=\"wpb-content-wrapper\"><p>[vc_row][vc_column][vc_separator style=\u00a0\u00bbshadow\u00a0\u00bb border_width=\u00a0\u00bb5&Prime;][vc_column_text text_larger=\u00a0\u00bbno\u00a0\u00bb woodmart_inline=\u00a0\u00bbno\u00a0\u00bb]<\/p>\n<h2 style=\"text-align: center;\"><strong>Abri de piscine TULIPAN B50<br \/>\n<\/strong><\/h2>\n<p>C\u2019est une nouveaut\u00e9 de 2024 ! Un abri de piscine est la solution id\u00e9ale pour prot\u00e9ger votre piscine et ses environs des intemp\u00e9ries. Cet abri de haute qualit\u00e9 offre une ombre agr\u00e9able lors des chaudes journ\u00e9es d\u2019\u00e9t\u00e9, prot\u00e8ge de la pluie et du vent et vous permet de prolonger la saison de baignade. Gr\u00e2ce \u00e0 son design moderne et \u00e0 ses mat\u00e9riaux tr\u00e8s r\u00e9sistants, le pavillon est non seulement pratique, mais aussi esth\u00e9tique. Il est facile \u00e0 installer et \u00e0 entretenir, tout en offrant suffisamment d\u2019espace pour se d\u00e9placer confortablement autour de la piscine. Ce pavillon est un excellent choix pour tous ceux qui veulent profiter d\u2019une baignade confortable toute l\u2019ann\u00e9e. Le bo\u00eetier est \u00e9tanche au vent. Le toit coulissant de 1 m\u00e8tre de large et les sections lat\u00e9rales avec une construction en acier de 40 x 20 d\u2019\u00e9paisseur forment une structure stable et garantissent une grande durabilit\u00e9. Il convient \u00e9galement aux zones montagneuses. L\u2019abri de piscine a de larges portes doubles aux deux extr\u00e9mit\u00e9s et est praticable. \u00c0 l\u2019int\u00e9rieur, des tables ou des chaises longues peuvent \u00eatre plac\u00e9es et vous pouvez vous d\u00e9tendre confortablement avec toute la famille ou l\u2019entreprise.[\/vc_column_text][vc_separator wd_hide_on_desktop=\u00a0\u00bbno\u00a0\u00bb wd_hide_on_tablet=\u00a0\u00bbno\u00a0\u00bb wd_hide_on_mobile=\u00a0\u00bbno\u00a0\u00bb][vc_column_text woodmart_inline=\u00a0\u00bbno\u00a0\u00bb text_larger=\u00a0\u00bbno\u00a0\u00bb]<\/p>\n<h3 style=\"text-align: center;\">Vitrage en polycarbonate<\/h3>\n<p>Polycarbonate creux certifi\u00e9 sp\u00e9cial pour les serres de jardin avec filtre UV. L\u2019avantage de ce produit est sa haute isolation thermique contre le verre. R\u00e9sistant aux dommages m\u00e9caniques, aux intemp\u00e9ries et \u00e0 la gr\u00eale. La temp\u00e9rature de l\u2019eau est plus \u00e9lev\u00e9e gr\u00e2ce \u00e0 l\u2019abri que sans le toit.   <\/p>\n<p><strong><span style=\"color: #ff0000;\">Notification:<\/span> Nous ne recommandons pas d\u2019ancrer une serre de jardin dans une zone o\u00f9 il y a un vent fort, par exemple un champ, etc. Les vents forts peuvent endommager les composants d\u2019ouverture en plastique.  <\/strong>[\/vc_column_text][\/vc_column][\/vc_row][vc_row][vc_column width=\u00a0\u00bb1\/2&Prime;][vc_separator style=\u00a0\u00bbshadow\u00a0\u00bb border_width=\u00a0\u00bb5&Prime;][vc_column_text text_larger=\u00a0\u00bbno\u00a0\u00bb woodmart_inline=\u00a0\u00bbno\u00a0\u00bb]<\/p>\n<h4 style=\"text-align: center;\"><span style=\"color: #000000;\"><strong>Param\u00e8tres:<\/strong><\/span><\/h4>\n<table>\n<tbody>\n<tr style=\"height: 24px;\">\n<td style=\"width: 201px; height: 24px; text-align: left;\">Type de construction<\/td>\n<td style=\"width: 262px; height: 24px; text-align: right;\">pliable<\/td>\n<\/tr>\n<tr style=\"height: 24px;\">\n<td style=\"width: 201px; height: 24px; text-align: left;\">Charge<\/td>\n<p> admissible<\/p>\n<td style=\"width: 262px; height: 24px; text-align: right;\">350 kg<\/td>\n<\/tr>\n<tr style=\"height: 24px;\">\n<td style=\"width: 201px; height: 24px; text-align: left;\">Largeur<\/td>\n<td style=\"width: 262px; height: 24px; text-align: right;\">5,38 millions d\u2019outils<\/td>\n<\/tr>\n<tr style=\"height: 24px;\">\n<td style=\"width: 201px; height: 24px; text-align: left;\">hauteur<\/td>\n<td style=\"width: 262px; height: 24px; text-align: right;\">2,43 millions de m\u00e8tres<\/td>\n<\/tr>\n<tr style=\"height: 24px;\">\n<td style=\"width: 201px; height: 24px; text-align: left;\">Longueur (variantes)<\/td>\n<td style=\"width: 262px; height: 24px; text-align: right;\">3,98 m ; 5,95 m ; 7,91 m ; 9,88 m ; 11,84 (des extensions plus longues de 1 964 m sont \u00e9galement possibles)<\/td>\n<\/tr>\n<tr style=\"height: 24px;\">\n<td style=\"width: 201px; height: 24px; text-align: left;\">Mat\u00e9riau du<\/td>\n<p> vitrage<\/p>\n<td style=\"width: 262px; height: 24px; text-align: right;\">polycarbonate 4 mm (clart\u00e9 &#8211; jusqu\u2019\u00e0 86&nbsp;%).<\/td>\n<\/tr>\n<tr style=\"height: 24px;\">\n<td style=\"width: 201px; height: 24px; text-align: left;\">Protection<\/td>\n<p> UV<\/p>\n<td style=\"width: 262px; height: 24px; text-align: right;\">oui (unilat\u00e9ral)<\/td>\n<\/tr>\n<tr style=\"height: 24px;\">\n<td style=\"width: 201px; height: 24px; text-align: left;\">Mat\u00e9riaux de construction<\/td>\n<td style=\"width: 262px; height: 24px; text-align: right;\">Acier galvanis\u00e9 enduit de poudre<\/td>\n<\/tr>\n<tr style=\"height: 24px;\">\n<td style=\"width: 201px; height: 24px; text-align: left;\">Couleur<\/td>\n<td style=\"width: 262px; height: 24px; text-align: right;\">RAL 9003 (blanc) ou RAL 8017 (marron)<\/td>\n<\/tr>\n<tr style=\"height: 24px;\">\nRenfort <\/p>\n<td style=\"width: 161.267px; height: 24px; text-align: left;\">interne<\/td>\n<td style=\"width: 292.733px; height: 24px; text-align: right;\"> Double acier<\/td>\n<\/tr>\n<tr style=\"height: 35px;\">\n<td style=\"width: 201px; height: 35px; text-align: left;\">Distance entre les<\/td>\n<p> courbes<\/p>\n<td style=\"width: 262px; height: 35px; text-align: right;\">1 m\u00e8tre<\/td>\n<\/tr>\n<tr style=\"height: 24px;\">\n<td style=\"width: 201px; height: 24px; text-align: left;\">type<\/td>\n<td style=\"width: 262px; height: 24px; text-align: right;\">praticable des deux c\u00f4t\u00e9s<\/td>\n<\/tr>\n<tr style=\"height: 24px;\">\n<td style=\"width: 201px; height: 24px; text-align: left;\">Portes d\u2019entr\u00e9e<\/td>\n<td style=\"width: 262px; height: 24px; text-align: right;\">2 pi\u00e8ces<\/td>\n<\/tr>\n<tr style=\"height: 24px;\">\n<td style=\"width: 201px; height: 24px; text-align: left;\">Ancrage en polycarbonate<\/td>\n<td style=\"width: 262px; height: 24px; text-align: right;\">oui<\/td>\n<\/tr>\n<tr style=\"height: 24px;\">\n<td style=\"width: 201px; height: 24px; text-align: left;\">Garantie polycarbonate<\/td>\n<td style=\"width: 262px; height: 24px; text-align: right;\">10 ans<\/td>\n<\/tr>\n<tr style=\"height: 35px;\">\n<td style=\"width: 201px; height: 35px; text-align: left;\">Garantie de construction<\/td>\n<td style=\"width: 262px; height: 35px; text-align: right;\">2 ans<\/td>\n<\/tr>\n<\/tbody>\n<\/table>\n<p>[\/vc_column_text][vc_separator style=\u00a0\u00bbshadow\u00a0\u00bb border_width=\u00a0\u00bb5&Prime;][\/vc_column][vc_column width=\u00a0\u00bb1\/2&Prime;][vc_separator style=\u00a0\u00bbshadow\u00a0\u00bb border_width=\u00a0\u00bb5&Prime;][vc_column_text text_larger=\u00a0\u00bbno\u00a0\u00bb woodmart_inline=\u00a0\u00bbno\u00a0\u00bb]<\/p>\n<div class=\"vc_row wpb_row vc_row-fluid\">\n<div class=\"wpb_column vc_column_container vc_col-sm-12\">\n<div class=\"vc_column-inner\">\n<div class=\"wpb_wrapper\">\n<div class=\"wpb_text_column wpb_content_element\">\n<div class=\"wpb_wrapper\">\n<h4 style=\"text-align: center;\">Fixations<\/h4>\n<p>L\u2019installation du bo\u00eetier est simple et ne n\u00e9cessite pas de comp\u00e9tences particuli\u00e8res. Seul un ensemble minimal d\u2019outils est n\u00e9cessaire \u2013 une cl\u00e9, un tournevis, un couteau. Vous recevrez des instructions d\u00e9taill\u00e9es avec la serre. Les instructions illustr\u00e9es simplifieront davantage le processus de construction d\u2019une serre,   <\/p>\n<p>Si vous n\u2019avez pas le temps de l\u2019installer, <a href=\"\/?p=128\">vous pouvez commander l\u2019installation<\/a> aupr\u00e8s de nos sp\u00e9cialistes, qui assembleront tout pour vous avec une grande expertise et dans les plus brefs d\u00e9lais. La toiture peut \u00eatre modifi\u00e9e et il est possible de mettre en \u0153uvre des extensions \u00e0 l\u2019avenir, de sorte que la longueur th\u00e9orique de la serre est illimit\u00e9e<\/p>\n<\/div>\n<\/div>\n<\/div>\n<\/div>\n<\/div>\n<\/div>\n<p>[\/vc_column_text][vc_separator style=\u00a0\u00bbshadow\u00a0\u00bb border_width=\u00a0\u00bb5&Prime;][vc_column_text woodmart_inline=\u00a0\u00bbno\u00a0\u00bb text_larger=\u00a0\u00bbno\u00a0\u00bb]<\/p>\n<h4 style=\"text-align: center;\">Alternatives<\/h4>\n<p>[\/vc_column_text]<div class=\"widget_products \"><div class=\"widget woocommerce widget_products\"><ul class=\"product_list_widget\"><li>\n\t\t<span class=\"widget-product-wrap\">\n\t\t<a href=\"https:\/\/agroflex.cz\/fr\/produit\/couverture-de-piscine-agroflex-tulipan\/\" title=\"Couverture de piscine Agroflex TULIPAN\" class=\"widget-product-img\">\n\t\t\t<img decoding=\"async\" width=\"300\" height=\"300\" src=\"https:\/\/agroflex.cz\/wp-content\/uploads\/2023\/09\/zastreseni-bazenu-Botanik-Tulipan-300x300.jpg\" class=\"attachment-woocommerce_thumbnail size-woocommerce_thumbnail\" alt=\"zast\u0159e\u0161en\u00ed baz\u00e9n\u016f , pool roofing\" srcset=\"https:\/\/agroflex.cz\/wp-content\/uploads\/2023\/09\/zastreseni-bazenu-Botanik-Tulipan-300x300.jpg 300w, https:\/\/agroflex.cz\/wp-content\/uploads\/2023\/09\/zastreseni-bazenu-Botanik-Tulipan-150x150.jpg 150w\" sizes=\"(max-width: 300px) 100vw, 300px\" \/>\t\t<\/a>\n\t\t<span class=\"widget-product-info\">\n\t\t\t<a href=\"https:\/\/agroflex.cz\/fr\/produit\/couverture-de-piscine-agroflex-tulipan\/\" title=\"Couverture de piscine Agroflex TULIPAN\" class=\"wd-entities-title\">\n\t\t\t\tCouverture de piscine Agroflex TULIPAN\t\t\t<\/a>\n\t\t\t\t\t\t\t<div class=\"star-rating\" role=\"img\" aria-label=\"Note 5.00 sur 5\"><span style=\"width:100%\">Note <strong class=\"rating\">5.00<\/strong> sur 5<\/span><\/div>\t\t\t\t\t\t<span class=\"price\"><span class=\"woocommerce-Price-amount amount\" aria-hidden=\"true\"><bdi>30 875<span class=\"woocommerce-Price-currencySymbol\">&#75;&#269;<\/span><\/bdi><\/span> <span aria-hidden=\"true\">\u00a0\u2013\u00a0<\/span> <span class=\"woocommerce-Price-amount amount\" aria-hidden=\"true\"><bdi>73 575<span class=\"woocommerce-Price-currencySymbol\">&#75;&#269;<\/span><\/bdi><\/span><span class=\"screen-reader-text\">Plage de prix\u00a0: 30 875&#75;&#269; \u00e0 73 575&#75;&#269;<\/span><\/span>\n\t\t<\/span>\n\t<\/span>\n\t<\/li>\n<\/ul><\/div><\/div>[vc_separator style=\u00a0\u00bbshadow\u00a0\u00bb border_width=\u00a0\u00bb5&Prime;][\/vc_column][\/vc_row]<\/p>\n<\/div>","protected":false},"excerpt":{"rendered":"<p style=\"text-align: justify;\"><span style=\"font-size: 10pt;\"><span style=\"color: #993300;\"><strong>NOUVELLES!<\/strong> <\/span>Construction robuste en acier galvanis\u00e9 avec rev\u00eatement en poudre. Largeur 5,38m, hauteur 2,43m, longueur \u00e0 partir de 4m. Le nouveau syst\u00e8me d\u2019ouverture lat\u00e9rale \u00ab&nbsp;ANTI-STORM&nbsp;\u00bb est coupe-vent. Pi\u00e8ce coulissante d\u2019une largeur de 1 m\u00e8tre. Polycarbonate translucide certifi\u00e9 sp\u00e9cial d\u2019une \u00e9paisseur de 4 mm avec un filtre UV.<br \/>\n<\/span><\/p>\n<p><strong> <\/strong><\/p>\n","protected":false},"featured_media":22752,"comment_status":"open","ping_status":"closed","template":"","meta":[],"product_brand":[419],"product_cat":[910],"product_tag":[],"class_list":{"0":"post-22739","1":"product","2":"type-product","3":"status-publish","4":"has-post-thumbnail","6":"product_brand-agroflex","7":"product_cat-couverture-de-la-piscine","9":"first","10":"instock","11":"taxable","12":"shipping-taxable","13":"purchasable","14":"product-type-variable","15":"has-default-attributes"},"_links":{"self":[{"href":"https:\/\/agroflex.cz\/fr\/wp-json\/wp\/v2\/product\/22739","targetHints":{"allow":["GET"]}}],"collection":[{"href":"https:\/\/agroflex.cz\/fr\/wp-json\/wp\/v2\/product"}],"about":[{"href":"https:\/\/agroflex.cz\/fr\/wp-json\/wp\/v2\/types\/product"}],"replies":[{"embeddable":true,"href":"https:\/\/agroflex.cz\/fr\/wp-json\/wp\/v2\/comments?post=22739"}],"wp:featuredmedia":[{"embeddable":true,"href":"https:\/\/agroflex.cz\/fr\/wp-json\/wp\/v2\/media\/22752"}],"wp:attachment":[{"href":"https:\/\/agroflex.cz\/fr\/wp-json\/wp\/v2\/media?parent=22739"}],"wp:term":[{"taxonomy":"product_brand","embeddable":true,"href":"https:\/\/agroflex.cz\/fr\/wp-json\/wp\/v2\/product_brand?post=22739"},{"taxonomy":"product_cat","embeddable":true,"href":"https:\/\/agroflex.cz\/fr\/wp-json\/wp\/v2\/product_cat?post=22739"},{"taxonomy":"product_tag","embeddable":true,"href":"https:\/\/agroflex.cz\/fr\/wp-json\/wp\/v2\/product_tag?post=22739"}],"curies":[{"name":"wp","href":"https:\/\/api.w.org\/{rel}","templated":true}]}}