{"id":22842,"date":"2025-05-02T10:04:53","date_gmt":"2025-05-02T10:04:53","guid":{"rendered":"https:\/\/agroflex.cz\/product\/couverture-de-piscine-tulipan-xl\/"},"modified":"2025-09-19T08:19:19","modified_gmt":"2025-09-19T08:19:19","slug":"couverture-de-piscine-tulipan-xl","status":"publish","type":"product","link":"https:\/\/agroflex.cz\/fr\/produit\/couverture-de-piscine-tulipan-xl\/","title":{"rendered":"Couverture de piscine TULIPAN XL"},"content":{"rendered":"<div class=\"wpb-content-wrapper\"><p>[vc_row][vc_column][vc_separator style=\u00a0\u00bbshadow\u00a0\u00bb border_width=\u00a0\u00bb5&Prime;][vc_column_text css=\u00a0\u00bb\u00a0\u00bb text_larger=\u00a0\u00bbno\u00a0\u00bb woodmart_inline=\u00a0\u00bbno\u00a0\u00bb]<\/p>\n<h2 style=\"text-align: center;\"><strong>Serre professionnelle polyvalente TULIPAN XL<\/strong><\/h2>\n<p><strong>TULIPAN XL<\/strong> est une serre en polycarbonate de grande capacit\u00e9 qui, en plus de faire pousser des cultures, offre \u00e9galement une option \u00e9l\u00e9gante et abordable <strong>de toiture de piscine<\/strong>. Gr\u00e2ce \u00e0 sa conception universelle et \u00e0 ses caract\u00e9ristiques innovantes, c\u2019est la solution id\u00e9ale pour tout jardin. <\/p>\n<p><strong>Caract\u00e9ristiques principales :<\/strong><\/p>\n<ul>\n<li><strong>Utilisation polyvalente<\/strong> \u2013 faire pousser des cultures et couvrir la piscine.<\/li>\n<li><strong>Syst\u00e8me d\u2019ouverture lat\u00e9rale ANTI-STORM<\/strong> \u2013 r\u00e9sistance accrue au vent.<\/li>\n<li><strong>Toit arqu\u00e9 rabattable et parties lat\u00e9rales<\/strong> \u2013 l\u2019ensemble du toit peut \u00eatre ouvert des deux c\u00f4t\u00e9s, ou seulement une partie de celui-ci.<\/li>\n<li><strong>\u00c9l\u00e9ments coulissants de 2 m de large<\/strong> &#8211; manipulation et acc\u00e8s faciles.<\/li>\n<li><strong>Construction robuste<\/strong> \u2013 les lames en acier \u00e0 double arche de 40 \u00d7 20 \u00d7 1 mm assurent une grande stabilit\u00e9.<\/li>\n<\/ul>\n<p><strong>Mat\u00e9riaux et finitions&nbsp;:<\/strong><\/p>\n<ul>\n<li><strong>Polycarbonate certifi\u00e9 UV<\/strong> &#8211; transmission lumineuse \u00e9lev\u00e9e, protection contre les rayons UV.<\/li>\n<li>Si vous utilisez une serre de jardin comme option moins ch\u00e8re <strong>pour la toiture de la piscine<\/strong> , vous pouvez traiter le m\u00e9tal avec un produit de couleur sp\u00e9cial, qui, en plus de son aspect esth\u00e9tique, prolongera \u00e9galement la dur\u00e9e de vie de la surface galvanis\u00e9e.<\/li>\n<li><strong>Polycarbonate color\u00e9 sur demande<\/strong> \u2013 indiquez la couleur lors de la commande (augmentation de prix d\u2019environ 5 \u00e0 9 %, le prix exact sera communiqu\u00e9 imm\u00e9diatement).<\/li>\n<\/ul>\n<p><strong>Important:<\/strong><\/p>\n<p><strong>Nous ne recommandons pas d\u2019ancrer la serre dans des zones ouvertes et venteuses<\/strong> (par exemple, champs, plaines, etc.), o\u00f9 des vents forts peuvent se produire. De telles conditions peuvent endommager <strong>les m\u00e9canismes d\u2019ouverture en plastique<\/strong>. Dans ces cas, nous recommandons une s\u00e9curit\u00e9 suppl\u00e9mentaire ou un emplacement plus appropri\u00e9.[\/vc_column_text][vc_separator][\/vc_column][\/vc_row][vc_row][vc_column width=\u00a0\u00bb1\/2&Prime;][vc_text_separator title=\u00a0\u00bbAccessoires recommand\u00e9s :\u00a0\u00bb title_align=\u00a0\u00bbseparator_align_left\u00a0\u00bb align=\u00a0\u00bbalign_left\u00a0\u00bb style=\u00a0\u00bbdotted\u00a0\u00bb]<div class=\"widget_products \"><div class=\"widget woocommerce widget_products\"><ul class=\"product_list_widget\"><li>\n\t\t<span class=\"widget-product-wrap\">\n\t\t<a href=\"https:\/\/agroflex.cz\/fr\/produit\/ruban-de-ventilation-permeable-a-la-vapeur-antidust-3500\/\" title=\"Ruban de ventilation perm\u00e9able \u00e0 la vapeur AntiDust 3500\" class=\"widget-product-img\">\n\t\t\t<img decoding=\"async\" width=\"300\" height=\"300\" src=\"https:\/\/agroflex.cz\/wp-content\/uploads\/2023\/09\/Ventilacni-paska-Antidust-300x300.jpg\" class=\"attachment-woocommerce_thumbnail size-woocommerce_thumbnail\" alt=\"\" srcset=\"https:\/\/agroflex.cz\/wp-content\/uploads\/2023\/09\/Ventilacni-paska-Antidust-300x300.jpg 300w, https:\/\/agroflex.cz\/wp-content\/uploads\/2023\/09\/Ventilacni-paska-Antidust-150x150.jpg 150w\" sizes=\"(max-width: 300px) 100vw, 300px\" \/>\t\t<\/a>\n\t\t<span class=\"widget-product-info\">\n\t\t\t<a href=\"https:\/\/agroflex.cz\/fr\/produit\/ruban-de-ventilation-permeable-a-la-vapeur-antidust-3500\/\" title=\"Ruban de ventilation perm\u00e9able \u00e0 la vapeur AntiDust 3500\" class=\"wd-entities-title\">\n\t\t\t\tRuban de ventilation perm\u00e9able \u00e0 la vapeur AntiDust 3500\t\t\t<\/a>\n\t\t\t\t\t\t\t<div class=\"star-rating\" role=\"img\" aria-label=\"Note 5.00 sur 5\"><span style=\"width:100%\">Note <strong class=\"rating\">5.00<\/strong> sur 5<\/span><\/div>\t\t\t\t\t\t<span class=\"price\"><span class=\"woocommerce-Price-amount amount\"><bdi>789<span class=\"woocommerce-Price-currencySymbol\">&#75;&#269;<\/span><\/bdi><\/span><\/span>\n\t\t<\/span>\n\t<\/span>\n\t<\/li>\n<\/ul><\/div><\/div>[vc_separator style=\u00a0\u00bbshadow\u00a0\u00bb border_width=\u00a0\u00bb5&Prime;][vc_column_text text_larger=\u00a0\u00bbno\u00a0\u00bb woodmart_inline=\u00a0\u00bbno\u00a0\u00bb]<\/p>\n<h4 style=\"text-align: center;\"><span style=\"color: #000000;\"><strong>Param\u00e8tres de la serre :<\/strong><\/span><\/h4>\n<table>\n<tbody>\n<tr style=\"height: 24px;\">\n<td style=\"width: 201px; height: 24px; text-align: left;\">Type de construction<\/td>\n<td style=\"width: 262px; height: 24px; text-align: right;\">pliable<\/td>\n<\/tr>\n<tr style=\"height: 24px;\">\n<td style=\"width: 201px; height: 24px; text-align: left;\">Charge<\/td>\n<p> admissible<\/p>\n<td style=\"width: 262px; height: 24px; text-align: right;\">350 kg<\/td>\n<\/tr>\n<tr style=\"height: 24px;\">\n<td style=\"width: 201px; height: 24px; text-align: left;\">Largeur<\/td>\n<td style=\"width: 262px; height: 24px; text-align: right;\">5,38 millions d\u2019outils<\/td>\n<\/tr>\n<tr style=\"height: 24px;\">\n<td style=\"width: 201px; height: 24px; text-align: left;\">hauteur<\/td>\n<td style=\"width: 262px; height: 24px; text-align: right;\">2,43 millions de m\u00e8tres<\/td>\n<\/tr>\n<tr style=\"height: 24px;\">\n<td style=\"width: 201px; height: 24px; text-align: left;\">Longueur (variantes)<\/td>\n<td style=\"width: 262px; height: 24px; text-align: right;\">3,98 m ; 5,95 m ; 7,91 m ; 9,88 m ; 11,84 (l\u2019extension apr\u00e8s 1,964 m est \u00e9galement possible)<\/td>\n<\/tr>\n<tr style=\"height: 24px;\">\n<td style=\"width: 201px; height: 24px; text-align: left;\">Mat\u00e9riau du<\/td>\n<p> vitrage<\/p>\n<td style=\"width: 262px; height: 24px; text-align: right;\">polycarbonate 4 mm (clart\u00e9 &#8211; jusqu\u2019\u00e0 86&nbsp;%).<\/td>\n<\/tr>\n<tr style=\"height: 24px;\">\n<td style=\"width: 201px; height: 24px; text-align: left;\">Protection<\/td>\n<p> UV<\/p>\n<td style=\"width: 262px; height: 24px; text-align: right;\">oui (unilat\u00e9ral)<\/td>\n<\/tr>\n<tr style=\"height: 24px;\">\n<td style=\"width: 201px; height: 24px; text-align: left;\">Mat\u00e9riaux de construction<\/td>\n<td style=\"width: 262px; height: 24px; text-align: right;\">Acier galvanis\u00e9 &#8211; Jekl square 40\u044520 \u043c\u043c<\/td>\n<\/tr>\n<tr style=\"height: 24px;\">\nR\u00e9sistance de la paroi <\/p>\n<td style=\"width: 201px; height: 24px; text-align: left;\">en acier<\/td>\n<td style=\"width: 262px; height: 24px; text-align: right;\">1 millim\u00e8tre<\/td>\n<\/tr>\n<tr style=\"height: 35px;\">\n<td style=\"width: 201px; height: 35px; text-align: left;\">Distance entre les<\/td>\n<p> courbes<\/p>\n<td style=\"width: 262px; height: 35px; text-align: right;\">1 m\u00e8tre<\/td>\n<\/tr>\n<tr style=\"height: 24px;\">\n<td style=\"width: 201px; height: 24px; text-align: left;\">type<\/td>\n<td style=\"width: 262px; height: 24px; text-align: right;\">praticable des deux c\u00f4t\u00e9s<\/td>\n<\/tr>\n<tr style=\"height: 24px;\">\n<td style=\"width: 201px; height: 24px; text-align: left;\">Portes d\u2019entr\u00e9e<\/td>\n<td style=\"width: 262px; height: 24px; text-align: right;\">2 pi\u00e8ces<\/td>\n<\/tr>\n<tr style=\"height: 35px;\">\n<td style=\"width: 201px; height: 35px; text-align: left;\">Fen\u00eatre de ventilation avant<\/td>\n<td style=\"width: 262px; height: 35px; text-align: right;\">2 pi\u00e8ces<\/td>\n<\/tr>\n<tr style=\"height: 24px;\">\n<td style=\"width: 201px; height: 24px; text-align: left;\">Ancrage en polycarbonate<\/td>\n<td style=\"width: 262px; height: 24px; text-align: right;\">oui<\/td>\n<\/tr>\n<tr style=\"height: 24px;\">\n<td style=\"width: 201px; height: 24px; text-align: left;\">Garantie polycarbonate<\/td>\n<td style=\"width: 262px; height: 24px; text-align: right;\">10 ans<\/td>\n<\/tr>\n<tr style=\"height: 35px;\">\n<td style=\"width: 201px; height: 35px; text-align: left;\">Garantie de construction<\/td>\n<td style=\"width: 262px; height: 35px; text-align: right;\">2 ans<\/td>\n<\/tr>\n<tr style=\"height: 24px;\">\n<td style=\"width: 201px; height: 24px; text-align: left;\">base<\/td>\n<td style=\"width: 262px; height: 24px; text-align: right;\">n\u00e9cessaire<\/td>\n<\/tr>\n<\/tbody>\n<\/table>\n<p><span style=\"font-size: 10pt;\">Au cas o\u00f9 vous ne voudriez pas vous soucier de l\u2019assemblage des accessoires de serre n\u00e9cessaires, nous proposons divers <\/span><a href=\"https:\/\/agroflex.cz\/kategorie-produktu\/dodatki\/sada-prislusenstvi\/\"><strong><span style=\"font-size: 10pt;\">ensembles complets \/ ensembles d\u2019accessoires de serre.<\/span><\/strong><\/a>[\/vc_column_text][vc_separator style=\u00a0\u00bbshadow\u00a0\u00bb border_width=\u00a0\u00bb5&Prime;][\/vc_column][vc_column width=\u00a0\u00bb1\/2&Prime;][vc_column_text css=\u00a0\u00bb\u00a0\u00bb text_larger=\u00a0\u00bbno\u00a0\u00bb woodmart_inline=\u00a0\u00bbno\u00a0\u00bb]<\/p>\n<div class=\"vc_row wpb_row vc_row-fluid\">\n<div class=\"wpb_column vc_column_container vc_col-sm-12\">\n<div class=\"vc_column-inner\">\n<div class=\"wpb_wrapper\">\n<div class=\"wpb_text_column wpb_content_element\">\n<div class=\"wpb_wrapper\">\n<h4 style=\"text-align: center;\">Fondations pour une serre<\/h4>\n<p>Pour assurer la durabilit\u00e9 de la serre, il est recommand\u00e9 de l\u2019installer sur une base pr\u00e9-pr\u00e9par\u00e9e &#8211; une fondation, r\u00e9alis\u00e9e sur la base de ses dimensions autour du p\u00e9rim\u00e8tre de la base, par exemple, sous la forme d\u2019un cadre d\u2019une \u00e9paisseur de 100&#8230; 200 mm, ce qui r\u00e9duira consid\u00e9rablement l\u2019activit\u00e9 de corrosion. Le cadre de la serre doit \u00eatre fix\u00e9 \u00e0 la fondation avec des vis ou des clous pour \u00e9viter qu\u2019il ne se renverse par vent fort. <\/p>\n<p>La serre en polycarbonate peut ainsi \u00eatre fix\u00e9e selon la priorit\u00e9 de chaque client, elle peut \u00eatre install\u00e9e dans le sol (la fixation est assur\u00e9e par des pieds d\u2019ancrage), des prismes en bois 10 x 10cm ou sur un socle en b\u00e9ton.<\/p>\n<p>Cependant, en g\u00e9n\u00e9ral, l\u2019ancrage \u00e0 une base en b\u00e9ton est un meilleur choix qui r\u00e9duira consid\u00e9rablement l\u2019activit\u00e9 de corrosion.<\/p>\n<\/div>\n<\/div>\n<\/div>\n<\/div>\n<\/div>\n<\/div>\n<p>[\/vc_column_text]<div class=\"widget_products \"><div class=\"widget woocommerce widget_products\"><ul class=\"product_list_widget\"><li>\n\t\t<span class=\"widget-product-wrap\">\n\t\t<a href=\"https:\/\/agroflex.cz\/fr\/produit\/base-en-tole-botanik-pour-serres\/\" title=\"Base en t\u00f4le Botanik pour serres\" class=\"widget-product-img\">\n\t\t\t<img decoding=\"async\" width=\"300\" height=\"300\" src=\"https:\/\/agroflex.cz\/wp-content\/uploads\/2023\/09\/Zakladna-pro-zahradni-skleniky-Agroflex-300x300.jpg\" class=\"attachment-woocommerce_thumbnail size-woocommerce_thumbnail\" alt=\"\" srcset=\"https:\/\/agroflex.cz\/wp-content\/uploads\/2023\/09\/Zakladna-pro-zahradni-skleniky-Agroflex-300x300.jpg 300w, https:\/\/agroflex.cz\/wp-content\/uploads\/2023\/09\/Zakladna-pro-zahradni-skleniky-Agroflex-150x150.jpg 150w\" sizes=\"(max-width: 300px) 100vw, 300px\" \/>\t\t<\/a>\n\t\t<span class=\"widget-product-info\">\n\t\t\t<a href=\"https:\/\/agroflex.cz\/fr\/produit\/base-en-tole-botanik-pour-serres\/\" title=\"Base en t\u00f4le Botanik pour serres\" class=\"wd-entities-title\">\n\t\t\t\tBase en t\u00f4le Botanik pour serres\t\t\t<\/a>\n\t\t\t\t\t\t\t\t\t\t\t\t\t<span class=\"price\"><span class=\"woocommerce-Price-amount amount\" aria-hidden=\"true\"><bdi>968<span class=\"woocommerce-Price-currencySymbol\">&#75;&#269;<\/span><\/bdi><\/span> <span aria-hidden=\"true\">\u00a0\u2013\u00a0<\/span> <span class=\"woocommerce-Price-amount amount\" aria-hidden=\"true\"><bdi>3 267<span class=\"woocommerce-Price-currencySymbol\">&#75;&#269;<\/span><\/bdi><\/span><span class=\"screen-reader-text\">Plage de prix\u00a0: 968&#75;&#269; \u00e0 3 267&#75;&#269;<\/span><\/span>\n\t\t<\/span>\n\t<\/span>\n\t<\/li>\n<\/ul><\/div><\/div>[vc_separator style=\u00a0\u00bbshadow\u00a0\u00bb border_width=\u00a0\u00bb5&Prime;][vc_column_text css=\u00a0\u00bb\u00a0\u00bb text_larger=\u00a0\u00bbno\u00a0\u00bb woodmart_inline=\u00a0\u00bbno\u00a0\u00bb]<\/p>\n<div class=\"vc_row wpb_row vc_row-fluid\">\n<div class=\"wpb_column vc_column_container vc_col-sm-12\">\n<div class=\"vc_column-inner\">\n<div class=\"wpb_wrapper\">\n<div class=\"wpb_text_column wpb_content_element\">\n<div class=\"wpb_wrapper\">\n<h4 style=\"text-align: center;\">Fixations<\/h4>\n<p>L\u2019assemblage d\u2019une serre est \u00e9galement simple et ne n\u00e9cessite pas de comp\u00e9tences particuli\u00e8res. Seul un ensemble minimal d\u2019outils est n\u00e9cessaire \u2013 une cl\u00e9, un tournevis, un couteau. Vous recevrez des instructions d\u00e9taill\u00e9es avec la serre. Les instructions illustr\u00e9es simplifieront davantage le processus de construction d\u2019une serre,   <\/p>\n<p>Si vous n\u2019avez pas le temps de l\u2019installer, <a href=\"https:\/\/agroflex.cz\/montaz-skleniku\/\" target=\"_blank\" rel=\"noopener\"><strong>vous pouvez commander l\u2019installation<\/strong><\/a> aupr\u00e8s de nos sp\u00e9cialistes, qui assembleront tout pour vous avec une grande expertise et dans les plus brefs d\u00e9lais. Bien que l\u2019assemblage de l\u2019ensemble de la serre soit simple, il faut le plus de temps pour couper et d\u00e9limiter le polycarbonate et le monter sur les deux c\u00f4t\u00e9s avant de la serre. C\u2019est pourquoi nous vous offrons la possibilit\u00e9 de commander cette partie <a href=\"https:\/\/agroflex.cz\/montaz-skleniku\/\" target=\"_blank\" rel=\"noopener\"><strong>de l\u2019assemblage<\/strong><\/a>, qui est effectu\u00e9e dans notre entrep\u00f4t, vous recevrez les deux faces avant remplies de polycarbonate du transporteur. <\/p>\n<p>La serre peut \u00eatre modifi\u00e9e et la mise en \u0153uvre d\u2019extensions est possible \u00e0 l\u2019avenir, de sorte que la longueur th\u00e9orique de la serre est illimit\u00e9e.<\/p>\n<\/div>\n<\/div>\n<\/div>\n<\/div>\n<\/div>\n<\/div>\n<p>[\/vc_column_text][vc_separator style=\u00a0\u00bbshadow\u00a0\u00bb border_width=\u00a0\u00bb5&Prime;][vc_column_text woodmart_inline=\u00a0\u00bbno\u00a0\u00bb text_larger=\u00a0\u00bbno\u00a0\u00bb]<\/p>\n<h4 style=\"text-align: center;\">Alternatives<\/h4>\n<p>[\/vc_column_text]<div class=\"widget_products \"><div class=\"widget woocommerce widget_products\"><ul class=\"product_list_widget\"><li>\n\t\t<span class=\"widget-product-wrap\">\n\t\t<a href=\"https:\/\/agroflex.cz\/fr\/produit\/grande-serre-en-polycarbonate-rimessa-l50v\/\" title=\"Grande serre en polycarbonate RIMESSA L50V\" class=\"widget-product-img\">\n\t\t\t<img decoding=\"async\" width=\"300\" height=\"300\" src=\"https:\/\/agroflex.cz\/wp-content\/uploads\/2023\/09\/polykarbonatovy-sklenik-2-300x300.jpg\" class=\"attachment-woocommerce_thumbnail size-woocommerce_thumbnail\" alt=\"sklen\u00edk polykarbon\u00e1t\" srcset=\"https:\/\/agroflex.cz\/wp-content\/uploads\/2023\/09\/polykarbonatovy-sklenik-2-300x300.jpg 300w, https:\/\/agroflex.cz\/wp-content\/uploads\/2023\/09\/polykarbonatovy-sklenik-2-150x150.jpg 150w\" sizes=\"(max-width: 300px) 100vw, 300px\" \/>\t\t<\/a>\n\t\t<span class=\"widget-product-info\">\n\t\t\t<a href=\"https:\/\/agroflex.cz\/fr\/produit\/grande-serre-en-polycarbonate-rimessa-l50v\/\" title=\"Grande serre en polycarbonate RIMESSA L50V\" class=\"wd-entities-title\">\n\t\t\t\tGrande serre en polycarbonate RIMESSA L50V\t\t\t<\/a>\n\t\t\t\t\t\t\t\t\t\t\t\t\t<span class=\"price\"><span class=\"woocommerce-Price-amount amount\" aria-hidden=\"true\"><bdi>69 112<span class=\"woocommerce-Price-currencySymbol\">&#75;&#269;<\/span><\/bdi><\/span> <span aria-hidden=\"true\">\u00a0\u2013\u00a0<\/span> <span class=\"woocommerce-Price-amount amount\" aria-hidden=\"true\"><bdi>262 411<span class=\"woocommerce-Price-currencySymbol\">&#75;&#269;<\/span><\/bdi><\/span><span class=\"screen-reader-text\">Plage de prix\u00a0: 69 112&#75;&#269; \u00e0 262 411&#75;&#269;<\/span><\/span>\n\t\t<\/span>\n\t<\/span>\n\t<\/li>\n<\/ul><\/div><\/div>[vc_separator style=\u00a0\u00bbshadow\u00a0\u00bb border_width=\u00a0\u00bb5&Prime;][\/vc_column][\/vc_row]<\/p>\n<\/div>","protected":false},"excerpt":{"rendered":"<p style=\"text-align: justify;\"><span style=\"font-size: 10pt;\"><span style=\"color: #993300;\"><strong>NOUVELLES!<\/strong> <\/span>Largeur de la serre 5,38 m, hauteur 2,43 m, longueur \u00e0 partir de 4 m. Le nouveau syst\u00e8me d\u2019ouverture lat\u00e9rale \u00ab&nbsp;ANTI-STORM&nbsp;\u00bb est coupe-vent. Partie coulissante d\u2019une largeur de 2 m\u00e8tres. La serre offre une ventilation compl\u00e8te, un arrosage naturel avec de l\u2019eau de pluie. Polycarbonate translucide certifi\u00e9 sp\u00e9cial pour les serres de 4 mm d\u2019\u00e9paisseur avec filtre UV. La serre est praticable des deux c\u00f4t\u00e9s.     <\/span><\/p>\n<p><strong> <\/strong><\/p>\n","protected":false},"featured_media":22843,"comment_status":"open","ping_status":"closed","template":"","meta":[],"product_brand":[419],"product_cat":[910],"product_tag":[],"class_list":{"0":"post-22842","1":"product","2":"type-product","3":"status-publish","4":"has-post-thumbnail","6":"product_brand-agroflex","7":"product_cat-couverture-de-la-piscine","9":"first","10":"instock","11":"taxable","12":"shipping-taxable","13":"purchasable","14":"product-type-variable","15":"has-default-attributes"},"_links":{"self":[{"href":"https:\/\/agroflex.cz\/fr\/wp-json\/wp\/v2\/product\/22842","targetHints":{"allow":["GET"]}}],"collection":[{"href":"https:\/\/agroflex.cz\/fr\/wp-json\/wp\/v2\/product"}],"about":[{"href":"https:\/\/agroflex.cz\/fr\/wp-json\/wp\/v2\/types\/product"}],"replies":[{"embeddable":true,"href":"https:\/\/agroflex.cz\/fr\/wp-json\/wp\/v2\/comments?post=22842"}],"wp:featuredmedia":[{"embeddable":true,"href":"https:\/\/agroflex.cz\/fr\/wp-json\/wp\/v2\/media\/22843"}],"wp:attachment":[{"href":"https:\/\/agroflex.cz\/fr\/wp-json\/wp\/v2\/media?parent=22842"}],"wp:term":[{"taxonomy":"product_brand","embeddable":true,"href":"https:\/\/agroflex.cz\/fr\/wp-json\/wp\/v2\/product_brand?post=22842"},{"taxonomy":"product_cat","embeddable":true,"href":"https:\/\/agroflex.cz\/fr\/wp-json\/wp\/v2\/product_cat?post=22842"},{"taxonomy":"product_tag","embeddable":true,"href":"https:\/\/agroflex.cz\/fr\/wp-json\/wp\/v2\/product_tag?post=22842"}],"curies":[{"name":"wp","href":"https:\/\/api.w.org\/{rel}","templated":true}]}}