{"id":24940,"date":"2023-09-04T21:03:55","date_gmt":"2023-09-04T21:03:55","guid":{"rendered":"https:\/\/agroflex.cz\/product\/squelette-de-la-serre-premium-lux\/"},"modified":"2025-09-20T14:34:46","modified_gmt":"2025-09-20T14:34:46","slug":"squelette-de-la-serre-premium-lux","status":"publish","type":"product","link":"https:\/\/agroflex.cz\/fr\/produit\/squelette-de-la-serre-premium-lux\/","title":{"rendered":"Squelette de la serre PREMIUM LUX"},"content":{"rendered":"<div class=\"wpb-content-wrapper\"><p>[vc_row][vc_column][\/vc_column][\/vc_row][vc_row][vc_column width=\u00a0\u00bb1\/2&Prime;][vc_separator style=\u00a0\u00bbshadow\u00a0\u00bb border_width=\u00a0\u00bb5&Prime;][vc_column_text text_larger=\u00a0\u00bbno\u00a0\u00bb]<\/p>\n<h4 style=\"text-align: center;\"><span style=\"color: #000000;\"><strong>Serre de jardin Agroflex &#8211; PREMIUM LUX (squelette)<br \/>\n<\/strong><\/span><\/h4>\n<p>La serre professionnelle en polycarbonate PREMIUM LUX a une conception renforc\u00e9e, une serre durable de qualit\u00e9 sup\u00e9rieure. La principale diff\u00e9rence avec la plupart des serres est la poutre \u00e0 double arche. Les plaques d\u2019acier sont recouvertes d\u2019un rev\u00eatement polym\u00e8re \u2013 couleur verte \u2013 AkzoNobel.  <\/p>\n<p>Les cadres de la serre PREMIUM LUX sont fabriqu\u00e9s en acier et en acier de haute qualit\u00e9. Construction m\u00e9tallique trait\u00e9e avec un rev\u00eatement polym\u00e8re. Espacement de l\u2019arc de 100 cm, avec une charge allant jusqu\u2019\u00e0 190 kg en acier 20\u00d720 d\u2019une \u00e9paisseur de 1 mm. La distance entre les arches est de 1 m\u00e8tre. Cependant, pour les r\u00e9gions qui n\u2019ont pas les conditions climatiques les plus strictes, c\u2019est plus que suffisant. L\u2019avant et l\u2019arri\u00e8re avant ont des portes \u00e0 charni\u00e8res. La serre est traversante.[\/vc_column_text][vc_separator style=\u00a0\u00bbshadow\u00a0\u00bb border_width=\u00a0\u00bb5&Prime;][\/vc_column][vc_column width=\u00a0\u00bb1\/2&Prime;][vc_separator style=\u00a0\u00bbshadow\u00a0\u00bb border_width=\u00a0\u00bb5&Prime;][vc_text_separator title=\u00a0\u00bbAlternatives\u00a0\u00bb title_align=\u00a0\u00bbseparator_align_left\u00a0\u00bb align=\u00a0\u00bbalign_left\u00a0\u00bb]<div class=\"widget_products \"><div class=\"widget woocommerce widget_products\"><ul class=\"product_list_widget\"><li>\n\t\t<span class=\"widget-product-wrap\">\n\t\t<a href=\"https:\/\/agroflex.cz\/fr\/produit\/serre-en-polycarbonate-haut-de-gamme-titan-lux\/\" title=\"Serre en polycarbonate haut de gamme TITAN LUX\" class=\"widget-product-img\">\n\t\t\t<img decoding=\"async\" width=\"300\" height=\"300\" src=\"https:\/\/agroflex.cz\/wp-content\/uploads\/2023\/09\/zahradni-sklenik-300x300.jpg\" class=\"attachment-woocommerce_thumbnail size-woocommerce_thumbnail\" alt=\"polykarbon\u00e1tov\u00fd sklen\u00edk\" \/>\t\t<\/a>\n\t\t<span class=\"widget-product-info\">\n\t\t\t<a href=\"https:\/\/agroflex.cz\/fr\/produit\/serre-en-polycarbonate-haut-de-gamme-titan-lux\/\" title=\"Serre en polycarbonate haut de gamme TITAN LUX\" class=\"wd-entities-title\">\n\t\t\t\tSerre en polycarbonate haut de gamme TITAN LUX\t\t\t<\/a>\n\t\t\t\t\t\t\t<div class=\"star-rating\" role=\"img\" aria-label=\"Note 5.00 sur 5\"><span style=\"width:100%\">Note <strong class=\"rating\">5.00<\/strong> sur 5<\/span><\/div>\t\t\t\t\t\t<span class=\"price\"><span class=\"woocommerce-Price-amount amount\" aria-hidden=\"true\"><bdi>22 363<span class=\"woocommerce-Price-currencySymbol\">&#75;&#269;<\/span><\/bdi><\/span> <span aria-hidden=\"true\">\u00a0\u2013\u00a0<\/span> <span class=\"woocommerce-Price-amount amount\" aria-hidden=\"true\"><bdi>67 086<span class=\"woocommerce-Price-currencySymbol\">&#75;&#269;<\/span><\/bdi><\/span><span class=\"screen-reader-text\">Plage de prix\u00a0: 22 363&#75;&#269; \u00e0 67 086&#75;&#269;<\/span><\/span>\n\t\t<\/span>\n\t<\/span>\n\t<\/li>\n<\/ul><\/div><\/div>[vc_separator style=\u00a0\u00bbshadow\u00a0\u00bb border_width=\u00a0\u00bb5&Prime;][\/vc_column][\/vc_row]<\/p>\n<\/div>","protected":false},"excerpt":{"rendered":"<p><span style=\"font-size: 10pt;\">Largeur de la serre 3m, hauteur 2,1m, longueur \u00e0 partir de 4m. Avec double construction en acier d\u2019une \u00e9paisseur de 20 x 20 x 1mm. Construction robuste en acier thermolaqu\u00e9. R\u00e9sistance aux intemp\u00e9ries.   <\/span><\/p>\n","protected":false},"featured_media":13387,"comment_status":"open","ping_status":"closed","template":"","meta":[],"product_brand":[419],"product_cat":[479,1138],"product_tag":[],"class_list":{"0":"post-24940","1":"product","2":"type-product","3":"status-publish","4":"has-post-thumbnail","6":"product_brand-agroflex","7":"product_cat-serres-en-polycarbonate","8":"product_cat-squelette-de-serre-sans-pc","10":"first","11":"instock","12":"taxable","13":"shipping-taxable","14":"purchasable","15":"product-type-variable"},"_links":{"self":[{"href":"https:\/\/agroflex.cz\/fr\/wp-json\/wp\/v2\/product\/24940","targetHints":{"allow":["GET"]}}],"collection":[{"href":"https:\/\/agroflex.cz\/fr\/wp-json\/wp\/v2\/product"}],"about":[{"href":"https:\/\/agroflex.cz\/fr\/wp-json\/wp\/v2\/types\/product"}],"replies":[{"embeddable":true,"href":"https:\/\/agroflex.cz\/fr\/wp-json\/wp\/v2\/comments?post=24940"}],"wp:featuredmedia":[{"embeddable":true,"href":"https:\/\/agroflex.cz\/fr\/wp-json\/wp\/v2\/media\/13387"}],"wp:attachment":[{"href":"https:\/\/agroflex.cz\/fr\/wp-json\/wp\/v2\/media?parent=24940"}],"wp:term":[{"taxonomy":"product_brand","embeddable":true,"href":"https:\/\/agroflex.cz\/fr\/wp-json\/wp\/v2\/product_brand?post=24940"},{"taxonomy":"product_cat","embeddable":true,"href":"https:\/\/agroflex.cz\/fr\/wp-json\/wp\/v2\/product_cat?post=24940"},{"taxonomy":"product_tag","embeddable":true,"href":"https:\/\/agroflex.cz\/fr\/wp-json\/wp\/v2\/product_tag?post=24940"}],"curies":[{"name":"wp","href":"https:\/\/api.w.org\/{rel}","templated":true}]}}