{"id":25501,"date":"2023-09-04T21:04:53","date_gmt":"2023-09-04T21:04:53","guid":{"rendered":"https:\/\/agroflex.cz\/product\/serre-robuste-en-polycarbonate-atlant\/"},"modified":"2025-09-20T14:35:33","modified_gmt":"2025-09-20T14:35:33","slug":"serre-robuste-en-polycarbonate-atlant","status":"publish","type":"product","link":"https:\/\/agroflex.cz\/fr\/produit\/serre-robuste-en-polycarbonate-atlant\/","title":{"rendered":"Serre robuste en polycarbonate ATLANT"},"content":{"rendered":"<div class=\"wpb-content-wrapper\"><p>[vc_row][vc_column][vc_separator style=\u00a0\u00bbshadow\u00a0\u00bb border_width=\u00a0\u00bb5&Prime;][\/vc_column][\/vc_row][vc_row][vc_column][vc_column_text css=\u00a0\u00bb\u00a0\u00bb text_larger=\u00a0\u00bbno\u00a0\u00bb woodmart_inline=\u00a0\u00bbno\u00a0\u00bb]<\/p>\n<h2 style=\"text-align: center;\"><strong>  Serre de jardin en polycarbonate ATLANT<br \/>\n<\/strong><\/h2>\n<p>Serre en polycarbonate en acier soud\u00e9 solide pour le jardin. Des arcs soud\u00e9s solides \u00e0 la main sont galvanis\u00e9s \u00e0 l\u2019ext\u00e9rieur et \u00e0 l\u2019int\u00e9rieur de l\u2019acier. L\u2019avant et l\u2019arri\u00e8re avant ont des portes battantes, chaque porte contient des fen\u00eatres de ventilation. Ils utilisent des connecteurs carr\u00e9s (araign\u00e9e) pour relier l\u2019acier.   <\/p>\n<p>Les arches et les cloisons sont galvanis\u00e9es \u00e0 l\u2019ext\u00e9rieur et \u00e0 l\u2019int\u00e9rieur de l\u2019acier, gr\u00e2ce auxquelles vous n\u2019aurez pas peur de la rouille tout au long de l\u2019op\u00e9ration, trait\u00e9 au zinc pulv\u00e9ris\u00e9 au point de soudure (protection anti-corrosion). L\u2019acier est utilis\u00e9 comme mat\u00e9riau de travail. <\/p>\n<p>Les arches r\u00e9sistent au vent jusqu\u2019\u00e0 40m\/s, une lourde charge sur la serre pendant la p\u00e9riode hivernale de fonctionnement lors de fortes chutes de neige. Construction avec une charge allant jusqu\u2019\u00e0 350 kg en acier 40\u00d720. La serre en polycarbonate ATLANT se compare aux analogues concurrents et a une r\u00e9sistance \u00e9lev\u00e9e.  <\/p>\n<p>Les serres de cette s\u00e9rie sont tr\u00e8s solides et fiables. Ils sont con\u00e7us en tenant compte de toutes les conditions climatiques et peuvent r\u00e9sister non seulement \u00e0 des vents forts avec des rafales allant jusqu\u2019\u00e0 40 m \/ s, mais \u00e9galement \u00e0 une couche d\u2019un m\u00e8tre de neige. <\/p>\n<p>Serre en polycarbonate praticable des deux c\u00f4t\u00e9s.<\/p>\n<p>Nous proposons \u00e9galement des versions moins ch\u00e8res d\u2019Agroflex <strong><a href=\"https:\/\/agroflex.cz\/produkt\/zahradni-sklenik-agroflex-standard\/\">STANDARD<\/a><\/strong> ou de <strong><a href=\"https:\/\/agroflex.cz\/produkt\/zahradni-sklenik-agroflex-titan-lt1\/\">TITAN LT1<\/a><\/strong>. Comme alternative, nous proposons \u00e9galement les serres <a href=\"https:\/\/agroflex.cz\/sl\/izdelek\/fiksni-vrtni-rastlinjak-titan\/\"><strong>durables TITAN<\/strong><\/a> et <strong><a href=\"https:\/\/agroflex.cz\/produkt\/sklenik-z-polykarbonatu-agroflex-titan-lux-2\/\">TITAN LUX<\/a><\/strong>[\/vc_column_text][vc_separator][vc_column_text css=\u00a0\u00bb\u00a0\u00bb text_larger=\u00a0\u00bbno\u00a0\u00bb woodmart_inline=\u00a0\u00bbno\u00a0\u00bb]<\/p>\n<h3 style=\"text-align: center;\">Vitrage en polycarbonate<\/h3>\n<p>Polycarbonate creux sp\u00e9cial de poids \u00e9lev\u00e9 pour les serres de jardin avec un filtre UV puissant. L\u2019avantage de ce produit est sa haute isolation thermique contre le verre. R\u00e9sistant aux dommages m\u00e9caniques, aux intemp\u00e9ries et \u00e0 la gr\u00eale. Translucidit\u00e9 exceptionnelle du polycarbonate (clart\u00e9 &#8211; jusqu\u2019\u00e0 86&nbsp;%).   <\/p>\n<p>Vous pouvez choisir parmi plusieurs mod\u00e8les, la serre de jardin ATLANT \u00e9quip\u00e9e de plaques de polycarbonate de 4 mm, 6 mm, ce qui garantit une longue dur\u00e9e de vie sans probl\u00e8me. Pour les clients plus exigeants et les professionnels, nous proposons des versions de la serre de jardin ATLANT \u00e9quip\u00e9e de polycarbonate de 8mm. <\/p>\n<p>Le polycarbonate est fourni en rouleau et est fix\u00e9 \u00e0 la structure \u00e0 l\u2019aide de vis autotaraudeuses.[\/vc_column_text][\/vc_column][\/vc_row][vc_row][vc_column width=\u00a0\u00bb1\/2&Prime;][vc_separator style=\u00a0\u00bbshadow\u00a0\u00bb border_width=\u00a0\u00bb5&Prime;][vc_text_separator title=\u00a0\u00bbAccessoires recommand\u00e9s :\u00a0\u00bb title_align=\u00a0\u00bbseparator_align_left\u00a0\u00bb align=\u00a0\u00bbalign_left\u00a0\u00bb style=\u00a0\u00bbdotted\u00a0\u00bb]<div class=\"widget_products \"><div class=\"widget woocommerce widget_products\"><ul class=\"product_list_widget\"><li>\n\t\t<span class=\"widget-product-wrap\">\n\t\t<a href=\"https:\/\/agroflex.cz\/fr\/produit\/ruban-de-ventilation-permeable-a-la-vapeur-antidust-3500\/\" title=\"Ruban de ventilation perm\u00e9able \u00e0 la vapeur AntiDust 3500\" class=\"widget-product-img\">\n\t\t\t<img decoding=\"async\" width=\"300\" height=\"300\" src=\"https:\/\/agroflex.cz\/wp-content\/uploads\/2023\/09\/Ventilacni-paska-Antidust-300x300.jpg\" class=\"attachment-woocommerce_thumbnail size-woocommerce_thumbnail\" alt=\"\" srcset=\"https:\/\/agroflex.cz\/wp-content\/uploads\/2023\/09\/Ventilacni-paska-Antidust-300x300.jpg 300w, https:\/\/agroflex.cz\/wp-content\/uploads\/2023\/09\/Ventilacni-paska-Antidust-150x150.jpg 150w\" sizes=\"(max-width: 300px) 100vw, 300px\" \/>\t\t<\/a>\n\t\t<span class=\"widget-product-info\">\n\t\t\t<a href=\"https:\/\/agroflex.cz\/fr\/produit\/ruban-de-ventilation-permeable-a-la-vapeur-antidust-3500\/\" title=\"Ruban de ventilation perm\u00e9able \u00e0 la vapeur AntiDust 3500\" class=\"wd-entities-title\">\n\t\t\t\tRuban de ventilation perm\u00e9able \u00e0 la vapeur AntiDust 3500\t\t\t<\/a>\n\t\t\t\t\t\t\t<div class=\"star-rating\" role=\"img\" aria-label=\"Note 5.00 sur 5\"><span style=\"width:100%\">Note <strong class=\"rating\">5.00<\/strong> sur 5<\/span><\/div>\t\t\t\t\t\t<span class=\"price\"><span class=\"woocommerce-Price-amount amount\"><bdi>789<span class=\"woocommerce-Price-currencySymbol\">&#75;&#269;<\/span><\/bdi><\/span><\/span>\n\t\t<\/span>\n\t<\/span>\n\t<\/li>\n<\/ul><\/div><\/div>[vc_separator style=\u00a0\u00bbshadow\u00a0\u00bb border_width=\u00a0\u00bb5&Prime;][vc_column_text text_larger=\u00a0\u00bbno\u00a0\u00bb woodmart_inline=\u00a0\u00bbno\u00a0\u00bb]<\/p>\n<h4 style=\"text-align: center;\"><span style=\"color: #000000;\"><strong>Param\u00e8tres de la serre :<\/strong><\/span><\/h4>\n<table>\n<tbody>\n<tr style=\"height: 24px;\">\n<td style=\"width: 185.867px; height: 24px; text-align: left;\">Type de construction<\/td>\n<td style=\"width: 243.133px; height: 24px; text-align: right;\">Fixe \u2013 Arches<\/td>\n<\/tr>\n<tr style=\"height: 24px;\">\n<td style=\"width: 185.867px; height: 24px; text-align: left;\">Charge<\/td>\n<p> admissible<\/p>\n<td style=\"width: 243.133px; height: 24px; text-align: right;\">350 kg<\/td>\n<\/tr>\n<tr style=\"height: 24px;\">\nr\u00e9sistance <\/p>\n<td style=\"width: 185.867px; height: 24px; text-align: left;\">au vent<\/td>\n<td style=\"width: 243.133px; height: 24px; text-align: right;\">40 m\/s<\/td>\n<\/tr>\n<tr style=\"height: 24px;\">\n<td style=\"width: 185.867px; height: 24px; text-align: left;\">Largeur<\/td>\n<td style=\"width: 243.133px; height: 24px; text-align: right;\">3,08 millions d\u2019euros<\/td>\n<\/tr>\n<tr style=\"height: 24px;\">\n<td style=\"width: 185.867px; height: 24px; text-align: left;\">hauteur<\/td>\n<td style=\"width: 243.133px; height: 24px; text-align: right;\">2,1 m<\/td>\n<\/tr>\n<tr style=\"height: 24px;\">\n<td style=\"width: 185.867px; height: 24px; text-align: left;\">Longueur (variantes)<\/td>\n<td style=\"width: 243.133px; height: 24px; text-align: right;\">4 m ; 6 m ; 8 m ; 10 m ; 12 m ; (modulation par incr\u00e9ments de 2 m)<\/td>\n<\/tr>\n<tr style=\"height: 24px;\">\n<td style=\"width: 185.867px; height: 24px; text-align: left;\">Mat\u00e9riau du<\/td>\n<p> vitrage<\/p>\n<td style=\"width: 243.133px; height: 24px; text-align: right;\">polycarbonate 4mm, 6mm, 8mm<\/td>\n<\/tr>\n<tr style=\"height: 24px;\">\nPoids <\/p>\n<td style=\"width: 185.867px; height: 24px; text-align: left;\">de la surface<\/td>\n<td style=\"width: 243.133px; height: 24px; text-align: right;\">800 g\/m2 \u00e0 1700 g\/m2<\/td>\n<\/tr>\n<tr style=\"height: 24px;\">\n<td style=\"width: 185.867px; height: 24px; text-align: left;\">Protection<\/td>\n<p> UV<\/p>\n<td style=\"width: 243.133px; height: 24px; text-align: right;\">oui<\/td>\n<\/tr>\n<tr style=\"height: 24px;\">\n<td style=\"width: 185.867px; height: 24px; text-align: left;\">Dimensions des planches<\/td>\n<td style=\"width: 243.133px; height: 24px; text-align: right;\">6 x 2,1 m<\/td>\n<\/tr>\n<tr style=\"height: 24px;\">\n<td style=\"width: 185.867px; height: 10px; text-align: left;\">Mat\u00e9riaux de construction<\/td>\n<td style=\"width: 243.133px; height: 10px; text-align: right;\">acier galvanis\u00e9<\/td>\n<\/tr>\n<tr style=\"height: 35px;\">\n<td style=\"width: 185.867px; height: 35px; text-align: left;\">Distance entre les<\/td>\n<p> courbes<\/p>\n<td style=\"width: 243.133px; height: 35px; text-align: right;\">0,98 millim\u00e8tre<\/td>\n<\/tr>\n<tr style=\"height: 35px;\">\n<td style=\"width: 185.867px; height: 35px; text-align: left;\">Barres de renfort d\u2019arche<\/td>\n<td style=\"width: 243.133px; height: 35px; text-align: right;\">7 lignes<\/td>\n<\/tr>\n<tr style=\"height: 24px;\">\n<td style=\"width: 170.4px; height: 24px; text-align: left;\">type<\/td>\n<td style=\"width: 268.6px; height: 24px; text-align: right;\">praticable des deux c\u00f4t\u00e9s<\/td>\n<\/tr>\n<tr style=\"height: 24px;\">\n<td style=\"width: 170.4px; height: 24px; text-align: left;\">Portes d\u2019entr\u00e9e<\/td>\n<td style=\"width: 268.6px; height: 24px; text-align: right;\">2 pi\u00e8ces<\/td>\n<\/tr>\n<tr style=\"height: 35px;\">\n<td style=\"width: 170.4px; height: 35px; text-align: left;\">Fen\u00eatre de ventilation avant<\/td>\n<td style=\"width: 268.6px; height: 35px; text-align: right;\">2 pi\u00e8ces<\/td>\n<\/tr>\n<tr style=\"height: 24px;\">\n<td style=\"width: 185.867px; height: 24px; text-align: left;\">Ancrage en polycarbonate<\/td>\n<td style=\"width: 243.133px; height: 24px; text-align: right;\">Vis avec rondelles et \u00e9crous M5<\/td>\n<\/tr>\n<tr style=\"height: 24px;\">\n<td style=\"width: 185.867px; height: 24px; text-align: left;\">Ancrage<\/td>\n<td style=\"width: 243.133px; height: 24px; text-align: right;\"><a href=\"https:\/\/agroflex.cz\/fr\/kategorie-produktu\/ancrage-de-serre\/\" target=\"_blank\" rel=\"noopener\">Produits<\/a> connexes<\/td>\n<\/tr>\n<tr style=\"height: 24px;\">\n<td style=\"width: 185.867px; height: 24px; text-align: left;\">Garantie polycarbonate<\/td>\n<td style=\"width: 243.133px; height: 24px; text-align: right;\">10 ans<\/td>\n<\/tr>\n<tr style=\"height: 35px;\">\n<td style=\"width: 185.867px; height: 35px; text-align: left;\">Garantie de construction<\/td>\n<td style=\"width: 243.133px; height: 35px; text-align: right;\">5 ans<\/td>\n<\/tr>\n<tr style=\"height: 24px;\">\n<td style=\"width: 185.867px; height: 24px; text-align: left;\">base<\/td>\n<td style=\"width: 243.133px; height: 24px; text-align: right;\">Inclus dans le forfait<\/td>\n<\/tr>\n<\/tbody>\n<\/table>\n<p><span style=\"font-size: 10pt;\">Au cas o\u00f9 vous ne voudriez pas vous soucier de l\u2019assemblage des accessoires de serre n\u00e9cessaires, nous proposons divers <\/span><a href=\"https:\/\/agroflex.cz\/fr\/kategorie-produktu\/ensemble-daccessoires\/\"><strong><span style=\"font-size: 10pt;\">ensembles complets \/ ensembles d\u2019accessoires de serre.<\/span><\/strong><\/a>[\/vc_column_text][vc_separator style=\u00a0\u00bbshadow\u00a0\u00bb border_width=\u00a0\u00bb5&Prime;][\/vc_column][vc_column width=\u00a0\u00bb1\/2&Prime;][vc_separator style=\u00a0\u00bbshadow\u00a0\u00bb border_width=\u00a0\u00bb5&Prime;][vc_column_text css=\u00a0\u00bb\u00a0\u00bb text_larger=\u00a0\u00bbno\u00a0\u00bb woodmart_inline=\u00a0\u00bbno\u00a0\u00bb]<\/p>\n<h4 style=\"text-align: center;\">Fondations pour une serre<\/h4>\n<p>Pour assurer la durabilit\u00e9 de la serre, il est recommand\u00e9 de l\u2019installer sur une base pr\u00e9-pr\u00e9par\u00e9e &#8211; une fondation, r\u00e9alis\u00e9e sur la base de ses dimensions autour du p\u00e9rim\u00e8tre de la base, par exemple, sous la forme d\u2019un cadre d\u2019une \u00e9paisseur de 100&#8230; 200 mm, ce qui r\u00e9duira consid\u00e9rablement l\u2019activit\u00e9 de corrosion.<\/p>\n<p>Le cadre de la serre doit \u00eatre fix\u00e9 \u00e0 la fondation avec des vis ou des clous pour \u00e9viter qu\u2019il ne se renverse par vent fort.<\/p>\n<p>La serre de jardin peut \u00eatre fix\u00e9e selon la priorit\u00e9 de chaque client, elle peut \u00eatre install\u00e9e dans le sol (la fixation est assur\u00e9e par des pieds d\u2019ancrage), des prismes en bois 10 x 10cm ou sur un socle en b\u00e9ton. Cependant, en g\u00e9n\u00e9ral, l\u2019ancrage \u00e0 une base en b\u00e9ton est un meilleur choix qui r\u00e9duira consid\u00e9rablement l\u2019activit\u00e9 de corrosion.[\/vc_column_text]<div class=\"widget_products \"><div class=\"widget woocommerce widget_products\"><ul class=\"product_list_widget\"><li>\n\t\t<span class=\"widget-product-wrap\">\n\t\t<a href=\"https:\/\/agroflex.cz\/fr\/produit\/base-en-tole-botanik-pour-serres\/\" title=\"Base en t\u00f4le Botanik pour serres\" class=\"widget-product-img\">\n\t\t\t<img decoding=\"async\" width=\"300\" height=\"300\" src=\"https:\/\/agroflex.cz\/wp-content\/uploads\/2023\/09\/Zakladna-pro-zahradni-skleniky-Agroflex-300x300.jpg\" class=\"attachment-woocommerce_thumbnail size-woocommerce_thumbnail\" alt=\"\" srcset=\"https:\/\/agroflex.cz\/wp-content\/uploads\/2023\/09\/Zakladna-pro-zahradni-skleniky-Agroflex-300x300.jpg 300w, https:\/\/agroflex.cz\/wp-content\/uploads\/2023\/09\/Zakladna-pro-zahradni-skleniky-Agroflex-150x150.jpg 150w\" sizes=\"(max-width: 300px) 100vw, 300px\" \/>\t\t<\/a>\n\t\t<span class=\"widget-product-info\">\n\t\t\t<a href=\"https:\/\/agroflex.cz\/fr\/produit\/base-en-tole-botanik-pour-serres\/\" title=\"Base en t\u00f4le Botanik pour serres\" class=\"wd-entities-title\">\n\t\t\t\tBase en t\u00f4le Botanik pour serres\t\t\t<\/a>\n\t\t\t\t\t\t\t\t\t\t\t\t\t<span class=\"price\"><span class=\"woocommerce-Price-amount amount\" aria-hidden=\"true\"><bdi>968<span class=\"woocommerce-Price-currencySymbol\">&#75;&#269;<\/span><\/bdi><\/span> <span aria-hidden=\"true\">\u00a0\u2013\u00a0<\/span> <span class=\"woocommerce-Price-amount amount\" aria-hidden=\"true\"><bdi>3 267<span class=\"woocommerce-Price-currencySymbol\">&#75;&#269;<\/span><\/bdi><\/span><span class=\"screen-reader-text\">Plage de prix\u00a0: 968&#75;&#269; \u00e0 3 267&#75;&#269;<\/span><\/span>\n\t\t<\/span>\n\t<\/span>\n\t<\/li>\n<\/ul><\/div><\/div>[vc_separator style=\u00a0\u00bbshadow\u00a0\u00bb border_width=\u00a0\u00bb5&Prime;][vc_column_text text_larger=\u00a0\u00bbno\u00a0\u00bb woodmart_inline=\u00a0\u00bbno\u00a0\u00bb]<\/p>\n<h5 style=\"text-align: center;\">Fixations<\/h5>\n<p>L\u2019assemblage d\u2019une serre est \u00e9galement simple et ne n\u00e9cessite pas de comp\u00e9tences particuli\u00e8res. Seul un ensemble minimal d\u2019outils est n\u00e9cessaire \u2013 une cl\u00e9, un tournevis, un couteau. Vous recevrez des instructions d\u00e9taill\u00e9es avec la serre. Les instructions illustr\u00e9es simplifieront davantage le processus de construction d\u2019une serre,   <\/p>\n<p>Si vous n\u2019avez pas le temps de l\u2019installer, <a href=\"https:\/\/agroflex.cz\/fr\/assemblage-de-la-serre\/\" target=\"_blank\" rel=\"noopener\"><strong>vous pouvez commander l\u2019installation<\/strong><\/a> aupr\u00e8s de nos sp\u00e9cialistes, qui assembleront tout pour vous avec une grande expertise et dans les plus brefs d\u00e9lais. Bien que l\u2019assemblage de l\u2019ensemble de la serre soit simple, il faut le plus de temps pour couper et d\u00e9limiter le polycarbonate et le monter sur les deux c\u00f4t\u00e9s avant de la serre. C\u2019est pourquoi nous vous offrons la possibilit\u00e9 de commander cette partie <a href=\"https:\/\/agroflex.cz\/fr\/assemblage-de-la-serre\/\" target=\"_blank\" rel=\"noopener\"><strong>de l\u2019assemblage<\/strong><\/a>, qui est effectu\u00e9e dans notre entrep\u00f4t, vous recevrez les deux faces avant remplies de polycarbonate du transporteur.  La serre peut \u00eatre modifi\u00e9e et la mise en \u0153uvre d\u2019extensions est possible \u00e0 l\u2019avenir, de sorte que la longueur th\u00e9orique de la serre est illimit\u00e9e.[\/vc_column_text][vc_separator style=\u00a0\u00bbdotted\u00a0\u00bb wd_hide_on_desktop=\u00a0\u00bbno\u00a0\u00bb wd_hide_on_tablet=\u00a0\u00bbno\u00a0\u00bb wd_hide_on_mobile=\u00a0\u00bbno\u00a0\u00bb][vc_column_text woodmart_inline=\u00a0\u00bbno\u00a0\u00bb text_larger=\u00a0\u00bbno\u00a0\u00bb]<\/p>\n<h4 style=\"text-align: center;\">Alternatives<\/h4>\n<p>[\/vc_column_text]<div class=\"widget_products \"><div class=\"widget woocommerce widget_products\"><h2 class=\"widgettitle\">Alternatives<\/h2><ul class=\"product_list_widget\"><li>\n\t\t<span class=\"widget-product-wrap\">\n\t\t<a href=\"https:\/\/agroflex.cz\/fr\/produit\/serre-de-jardin-premium-lux\/\" title=\"Serre de jardin PREMIUM LUX\" class=\"widget-product-img\">\n\t\t\t<img decoding=\"async\" width=\"300\" height=\"300\" src=\"https:\/\/agroflex.cz\/wp-content\/uploads\/2023\/09\/Zahradni-sklenik-4-x-3m-z-polykarbonatu-1-300x300.jpg\" class=\"attachment-woocommerce_thumbnail size-woocommerce_thumbnail\" alt=\"greenhouse polycarbonate polykarbon\u00e1tov\u00fd sklen\u00edk\" srcset=\"https:\/\/agroflex.cz\/wp-content\/uploads\/2023\/09\/Zahradni-sklenik-4-x-3m-z-polykarbonatu-1-300x300.jpg 300w, https:\/\/agroflex.cz\/wp-content\/uploads\/2023\/09\/Zahradni-sklenik-4-x-3m-z-polykarbonatu-1-150x150.jpg 150w\" sizes=\"(max-width: 300px) 100vw, 300px\" \/>\t\t<\/a>\n\t\t<span class=\"widget-product-info\">\n\t\t\t<a href=\"https:\/\/agroflex.cz\/fr\/produit\/serre-de-jardin-premium-lux\/\" title=\"Serre de jardin PREMIUM LUX\" class=\"wd-entities-title\">\n\t\t\t\tSerre de jardin PREMIUM LUX\t\t\t<\/a>\n\t\t\t\t\t\t\t\t\t\t\t\t\t<span class=\"price\"><span class=\"woocommerce-Price-amount amount\" aria-hidden=\"true\"><bdi>17 160<span class=\"woocommerce-Price-currencySymbol\">&#75;&#269;<\/span><\/bdi><\/span> <span aria-hidden=\"true\">\u00a0\u2013\u00a0<\/span> <span class=\"woocommerce-Price-amount amount\" aria-hidden=\"true\"><bdi>22 493<span class=\"woocommerce-Price-currencySymbol\">&#75;&#269;<\/span><\/bdi><\/span><span class=\"screen-reader-text\">Plage de prix\u00a0: 17 160&#75;&#269; \u00e0 22 493&#75;&#269;<\/span><\/span>\n\t\t<\/span>\n\t<\/span>\n\t<\/li>\n<\/ul><\/div><\/div>[vc_separator style=\u00a0\u00bbshadow\u00a0\u00bb border_width=\u00a0\u00bb5&Prime;][\/vc_column][\/vc_row]<\/p>\n<\/div>","protected":false},"excerpt":{"rendered":"<p><span style=\"font-size: 10pt;\"><span style=\"color: #ff0000;\"><strong>Retour au d\u00e9but!<\/strong><\/span>  Largeur de la serre 3m, hauteur 2m, longueur \u00e0 partir de 4m. Jekl d\u2019une \u00e9paisseur de 40 x 20 x 1 mm. Une serre de jardin en polycarbonate est une serre tr\u00e8s durable avec une structure en acier solide. Le rembourrage est constitu\u00e9 d\u2019une feuille de polycarbonate de 4 mm, 6 mm ou 8 mm avec un filtre UV, qui a une transmission lumineuse allant jusqu\u2019\u00e0 86 %.<br \/>\n<\/span><\/p>\n","protected":false},"featured_media":13185,"comment_status":"open","ping_status":"closed","template":"","meta":[],"product_brand":[419],"product_cat":[479,687,803,1000],"product_tag":[],"class_list":{"0":"post-25501","1":"product","2":"type-product","3":"status-publish","4":"has-post-thumbnail","6":"product_brand-agroflex","7":"product_cat-serres-en-polycarbonate","8":"product_cat-serres-de-jardin-evenements","9":"product_cat-serres-voutees","10":"product_cat-serres-fixes","12":"first","13":"instock","14":"sale","15":"taxable","16":"shipping-taxable","17":"purchasable","18":"product-type-variable","19":"has-default-attributes"},"_links":{"self":[{"href":"https:\/\/agroflex.cz\/fr\/wp-json\/wp\/v2\/product\/25501","targetHints":{"allow":["GET"]}}],"collection":[{"href":"https:\/\/agroflex.cz\/fr\/wp-json\/wp\/v2\/product"}],"about":[{"href":"https:\/\/agroflex.cz\/fr\/wp-json\/wp\/v2\/types\/product"}],"replies":[{"embeddable":true,"href":"https:\/\/agroflex.cz\/fr\/wp-json\/wp\/v2\/comments?post=25501"}],"wp:featuredmedia":[{"embeddable":true,"href":"https:\/\/agroflex.cz\/fr\/wp-json\/wp\/v2\/media\/13185"}],"wp:attachment":[{"href":"https:\/\/agroflex.cz\/fr\/wp-json\/wp\/v2\/media?parent=25501"}],"wp:term":[{"taxonomy":"product_brand","embeddable":true,"href":"https:\/\/agroflex.cz\/fr\/wp-json\/wp\/v2\/product_brand?post=25501"},{"taxonomy":"product_cat","embeddable":true,"href":"https:\/\/agroflex.cz\/fr\/wp-json\/wp\/v2\/product_cat?post=25501"},{"taxonomy":"product_tag","embeddable":true,"href":"https:\/\/agroflex.cz\/fr\/wp-json\/wp\/v2\/product_tag?post=25501"}],"curies":[{"name":"wp","href":"https:\/\/api.w.org\/{rel}","templated":true}]}}