{"id":25919,"date":"2023-09-04T21:22:16","date_gmt":"2023-09-04T21:22:16","guid":{"rendered":"https:\/\/agroflex.cz\/product\/plaque-de-base-6mm-bronze-2-1-x-2m\/"},"modified":"2025-10-01T19:31:32","modified_gmt":"2025-10-01T19:31:32","slug":"plaque-de-base-6mm-bronze-2-1-x-2m","status":"publish","type":"product","link":"https:\/\/agroflex.cz\/fr\/produit\/plaque-de-base-6mm-bronze-2-1-x-2m\/","title":{"rendered":"Plaque de base 6mm bronze &#8211; 2.1 x 2m"},"content":{"rendered":"<div class=\"wpb-content-wrapper\"><p>[vc_row][vc_column][vc_column_text css=\u00a0\u00bb\u00a0\u00bb woodmart_inline=\u00a0\u00bbno\u00a0\u00bb text_larger=\u00a0\u00bbno\u00a0\u00bb]<\/p>\n<h2 style=\"text-align: center;\">Polycarbonate cellulaire 6mm &#8211; bronze<\/h2>\n<p>Plaque de polycarbonate 6 mm &#8211; couleur bronze, panneau de polycarbonate cellulaire \u00e0 double paroi. La planche est l\u00e9g\u00e8re, r\u00e9sistante aux chocs, facile \u00e0 installer, permet une flexion \u00e0 froid. La face avant contient un film de protection UV contre les rayons UV, cette protection pr\u00e9d\u00e9termine l\u2019utilisation du polycarbonate \u00e0 l\u2019ext\u00e9rieur, o\u00f9 il est expos\u00e9 \u00e0 des ph\u00e9nom\u00e8nes climatiques d\u00e9favorables. Dans le m\u00eame temps, la structure creuse des planches garantit que l\u2019\u00e9nergie thermique est conserv\u00e9e \u00e0 l\u2019int\u00e9rieur en hiver et permet ainsi d\u2019\u00e9conomiser des co\u00fbts de chauffage.   <\/p>\n<ul>\n<li>Convient pour les serres, les cuiseurs vapeur, les fen\u00eatres de cave, les toitures de piscine, les pergolas, les abris de garage, etc.<\/li>\n<li>Retirez le film protecteur de toute la surface<\/li>\n<li>La direction des chambres doit toujours \u00eatre parall\u00e8le \u00e0 la direction de l\u2019eau sur les plaques<\/li>\n<li>Scellez les bords transversaux ouverts des planches avec du ruban de ventilation ou du ruban d\u2019aluminium<\/li>\n<li>Placez les profil\u00e9s en U d\u2019extr\u00e9mit\u00e9 sur les bords transversaux des panneaux avec du ruban de ventilation ou du ruban d\u2019aluminium<\/li>\n<\/ul>\n<p>[\/vc_column_text][\/vc_column][\/vc_row][vc_row][vc_column width=\u00a0\u00bb1\/2&Prime;][vc_separator style=\u00a0\u00bbshadow\u00a0\u00bb border_width=\u00a0\u00bb5&Prime; wd_hide_on_desktop=\u00a0\u00bbno\u00a0\u00bb wd_hide_on_tablet=\u00a0\u00bbno\u00a0\u00bb wd_hide_on_mobile=\u00a0\u00bbno\u00a0\u00bb][vc_column_text woodmart_inline=\u00a0\u00bbno\u00a0\u00bb text_larger=\u00a0\u00bbno\u00a0\u00bb]<\/p>\n<p style=\"text-align: center;\"><span style=\"color: #000000; font-size: 14pt;\"><strong>Param\u00e8tres techniques<br \/>\n<\/strong><\/span><\/p>\n<table>\n<tbody>\n<tr style=\"height: 24px;\">\n<td style=\"width: 205.217px; text-align: left; height: 24px;\">Dimension de la dalle W-L<\/td>\n<td style=\"width: 257.283px; text-align: left; height: 24px;\">2100 \u00e0 2000 millim\u00e8tres<\/td>\n<\/tr>\n<tr style=\"height: 24px;\">\n<td style=\"width: 205.217px; text-align: left; height: 10px;\">longueur<\/td>\n<td style=\"width: 257.283px; text-align: left; height: 10px;\">dans la direction des cavit\u00e9s<\/td>\n<\/tr>\n<tr style=\"height: 47px;\">\n<td style=\"width: 205.217px; text-align: left; height: 19px;\">\u00e9paisseur<\/td>\n<td style=\"width: 257.283px; text-align: left; height: 19px;\">6 millim\u00e8tres<\/td>\n<\/tr>\n<tr style=\"height: 24px;\">\nPoids <\/p>\n<td style=\"width: 205.217px; text-align: left; height: 10px;\">de la surface<\/td>\n<td style=\"width: 257.283px; text-align: left; height: 10px;\">1,3 kg\/m\u00b2<\/td>\n<\/tr>\n<tr style=\"height: 24px;\">\n<td style=\"width: 205.217px; text-align: left; height: 10px;\">Coefficient de transfert de<\/td>\n<p> chaleur <\/p>\n<td style=\"width: 257.283px; text-align: left; height: 10px;\">K = 3,6 W\/m2K<\/td>\n<\/tr>\n<tr style=\"height: 24px;\">\n<td style=\"width: 205.217px; text-align: left; height: 10px;\">Koef. Dilatation thermique <\/td>\n<td style=\"width: 257.283px; text-align: left; height: 10px;\">0,070 mm\/m \u00b0C<\/td>\n<\/tr>\n<tr style=\"height: 24px;\">\n<td style=\"width: 205.217px; text-align: left; height: 10px;\">rayon de courbure R<\/td>\n<td style=\"width: 257.283px; text-align: left; height: 10px;\">1000 millim\u00e8tre<\/td>\n<\/tr>\n<tr style=\"height: 48px;\">\n<td style=\"width: 205.217px; text-align: left; height: 19px;\">Utilisation dans l\u2019intervalle de temp\u00e9rature de<\/td>\n<td style=\"width: 257.283px; text-align: left; height: 19px;\">-40 \u00ba\u0421 \u00e0 +120 \u00ba\u0421.<\/td>\n<\/tr>\n<tr style=\"height: 24px;\">\n<td style=\"width: 205.217px; text-align: left; height: 10px;\">Protection<\/td>\n<p> UV<\/p>\n<td style=\"width: 257.283px; text-align: left; height: 10px;\">oui<\/td>\n<\/tr>\n<tr style=\"height: 48px;\">\n<td style=\"width: 205.217px; text-align: left; height: 22px;\">R\u00e9sistance au<\/td>\n<p> feu<\/p>\n<td style=\"width: 257.283px; text-align: left; height: 22px;\">difficilement inflammable et la flamme s\u2019\u00e9teint d\u2019elle-m\u00eame<\/td>\n<\/tr>\n<tr style=\"height: 24px;\">\nr\u00e9sistant \u00e0 la <\/p>\n<td style=\"width: 205.217px; text-align: left; height: 10px;\">gr\u00eale<\/td>\n<td style=\"width: 257.283px; text-align: left; height: 10px;\">oui<\/td>\n<\/tr>\n<tr style=\"height: 24px;\">\n<td style=\"width: 205.217px; text-align: left; height: 10px;\">garantie<\/td>\n<td style=\"width: 257.283px; text-align: left; height: 10px;\">10 ans<\/td>\n<\/tr>\n<\/tbody>\n<\/table>\n<p>[\/vc_column_text][\/vc_column][vc_column width=\u00a0\u00bb1\/2&Prime;][vc_separator style=\u00a0\u00bbshadow\u00a0\u00bb border_width=\u00a0\u00bb5&Prime; wd_hide_on_desktop=\u00a0\u00bbno\u00a0\u00bb wd_hide_on_tablet=\u00a0\u00bbno\u00a0\u00bb wd_hide_on_mobile=\u00a0\u00bbno\u00a0\u00bb][vc_text_separator title=\u00a0\u00bbAccessoires recommand\u00e9s :\u00a0\u00bb title_align=\u00a0\u00bbseparator_align_left\u00a0\u00bb align=\u00a0\u00bbalign_left\u00a0\u00bb]<div class=\"widget_products \"><div class=\"widget woocommerce widget_products\"><ul class=\"product_list_widget\"><li>\n\t\t<span class=\"widget-product-wrap\">\n\t\t<a href=\"https:\/\/agroflex.cz\/fr\/produit\/ruban-de-ventilation-permeable-a-la-vapeur-antidust-3500\/\" title=\"Ruban de ventilation perm\u00e9able \u00e0 la vapeur AntiDust 3500\" class=\"widget-product-img\">\n\t\t\t<img decoding=\"async\" width=\"300\" height=\"300\" src=\"https:\/\/agroflex.cz\/wp-content\/uploads\/2023\/09\/Ventilacni-paska-Antidust-300x300.jpg\" class=\"attachment-woocommerce_thumbnail size-woocommerce_thumbnail\" alt=\"\" srcset=\"https:\/\/agroflex.cz\/wp-content\/uploads\/2023\/09\/Ventilacni-paska-Antidust-300x300.jpg 300w, https:\/\/agroflex.cz\/wp-content\/uploads\/2023\/09\/Ventilacni-paska-Antidust-150x150.jpg 150w\" sizes=\"(max-width: 300px) 100vw, 300px\" \/>\t\t<\/a>\n\t\t<span class=\"widget-product-info\">\n\t\t\t<a href=\"https:\/\/agroflex.cz\/fr\/produit\/ruban-de-ventilation-permeable-a-la-vapeur-antidust-3500\/\" title=\"Ruban de ventilation perm\u00e9able \u00e0 la vapeur AntiDust 3500\" class=\"wd-entities-title\">\n\t\t\t\tRuban de ventilation perm\u00e9able \u00e0 la vapeur AntiDust 3500\t\t\t<\/a>\n\t\t\t\t\t\t\t<div class=\"star-rating\" role=\"img\" aria-label=\"Note 5.00 sur 5\"><span style=\"width:100%\">Note <strong class=\"rating\">5.00<\/strong> sur 5<\/span><\/div>\t\t\t\t\t\t<span class=\"price\"><span class=\"woocommerce-Price-amount amount\"><bdi>789<span class=\"woocommerce-Price-currencySymbol\">&#75;&#269;<\/span><\/bdi><\/span><\/span>\n\t\t<\/span>\n\t<\/span>\n\t<\/li>\n<\/ul><\/div><\/div>[\/vc_column][\/vc_row]<\/p>\n<\/div>","protected":false},"excerpt":{"rendered":"<p>Plaques de polycarbonate \u00e0 double paroi d\u2019une \u00e9paisseur de 6 mm &#8211; il s\u2019agit de panneaux cellulaires plats (plats) en POLYCARBONATE incassable avec un filtre UV. Ils sont un excellent mat\u00e9riau pour l\u2019isolation thermique, le vitrage incassable, l\u2019\u00e9clairage et la toiture. R\u00e9sistance aux intemp\u00e9ries.   Convient pour les serres, les cuiseurs vapeur, les fen\u00eatres de cave, les toitures de piscine, les pergolas, les abris de garage, etc. Dimensions de la dalle (largeur x longueur du sens du manchon) : 2,1 x 2m &#8211; 4m2<\/p>\n","protected":false},"featured_media":25922,"comment_status":"closed","ping_status":"closed","template":"","meta":[],"product_brand":[419],"product_cat":[1300],"product_tag":[],"class_list":{"0":"post-25919","1":"product","2":"type-product","3":"status-publish","4":"has-post-thumbnail","6":"product_brand-agroflex","7":"product_cat-feuilles-de-polycarbonate","9":"first","10":"instock","11":"sale","12":"taxable","13":"shipping-taxable","14":"purchasable","15":"product-type-simple"},"_links":{"self":[{"href":"https:\/\/agroflex.cz\/fr\/wp-json\/wp\/v2\/product\/25919","targetHints":{"allow":["GET"]}}],"collection":[{"href":"https:\/\/agroflex.cz\/fr\/wp-json\/wp\/v2\/product"}],"about":[{"href":"https:\/\/agroflex.cz\/fr\/wp-json\/wp\/v2\/types\/product"}],"replies":[{"embeddable":true,"href":"https:\/\/agroflex.cz\/fr\/wp-json\/wp\/v2\/comments?post=25919"}],"wp:featuredmedia":[{"embeddable":true,"href":"https:\/\/agroflex.cz\/fr\/wp-json\/wp\/v2\/media\/25922"}],"wp:attachment":[{"href":"https:\/\/agroflex.cz\/fr\/wp-json\/wp\/v2\/media?parent=25919"}],"wp:term":[{"taxonomy":"product_brand","embeddable":true,"href":"https:\/\/agroflex.cz\/fr\/wp-json\/wp\/v2\/product_brand?post=25919"},{"taxonomy":"product_cat","embeddable":true,"href":"https:\/\/agroflex.cz\/fr\/wp-json\/wp\/v2\/product_cat?post=25919"},{"taxonomy":"product_tag","embeddable":true,"href":"https:\/\/agroflex.cz\/fr\/wp-json\/wp\/v2\/product_tag?post=25919"}],"curies":[{"name":"wp","href":"https:\/\/api.w.org\/{rel}","templated":true}]}}