{"id":26236,"date":"2024-03-19T13:55:45","date_gmt":"2024-03-19T13:55:45","guid":{"rendered":"https:\/\/agroflex.cz\/product\/lego-ps-v20-le-trottoir-de-jardin\/"},"modified":"2025-09-20T14:37:40","modified_gmt":"2025-09-20T14:37:40","slug":"lego-ps-v20-le-trottoir-de-jardin","status":"publish","type":"product","link":"https:\/\/agroflex.cz\/fr\/produit\/lego-ps-v20-le-trottoir-de-jardin\/","title":{"rendered":"LEGO PS V20 Le trottoir de jardin"},"content":{"rendered":"<div class=\"wpb-content-wrapper\"><p>[vc_row][vc_column][vc_column_text woodmart_inline=\u00a0\u00bbno\u00a0\u00bb text_larger=\u00a0\u00bbno\u00a0\u00bb]<\/p>\n<h3 style=\"text-align: center;\">LEGO PS V20 Bordure de jardin en plastique<\/h3>\n<p>LEGO PS V20 Bordure de jardin en plastique pour <span class=\"keyword _ngcontent-xsf-110\" aria-hidden=\"false\">parterres de fleurs<\/span> \u2013 Un parc de parterre de fleurs qui s\u00e9pare facilement votre jardin, votre parterre de fleurs, votre jardin ou votre pelouse. Une bordure plongeante en plastique est utilis\u00e9e pour cr\u00e9er un lit sur\u00e9lev\u00e9. Un m\u00e9canisme simple et fiable de connexion des sections vous permettra d\u2019assembler et d\u2019installer un lit sur\u00e9lev\u00e9 de diff\u00e9rentes tailles et formes en quelques minutes sans outil professionnel. Une bordure de jardin peut \u00eatre combin\u00e9e en diff\u00e9rentes compositions.   <\/p>\n<p>Avantages:<\/p>\n<ul>\n<li>Manipulation et installation faciles<\/li>\n<li>vous permet d\u2019assembler et d\u2019installer un lit sur\u00e9lev\u00e9 de diff\u00e9rentes tailles et formes<\/li>\n<li>Construction stable gr\u00e2ce aux pieds (pieds ronds) encastr\u00e9s dans le sol<\/li>\n<li>Syst\u00e8me de connexion facile des modules<\/li>\n<li>Peut \u00eatre pli\u00e9 et rang\u00e9 hors saison<\/li>\n<\/ul>\n<p>Les bordures de jardin sont en plastique de 20 mm d\u2019\u00e9paisseur, elles n\u2019ont pas peur de l\u2019humidit\u00e9 excessive, elles ne se d\u00e9forment pas avec le temps. Les bords des lits sont soigneusement pli\u00e9s et peuvent \u00eatre assembl\u00e9s en toute s\u00e9curit\u00e9.<\/p>\n<p>[\/vc_column_text][\/vc_column][\/vc_row]<\/p>\n<\/div>","protected":false},"excerpt":{"rendered":"<p><span style=\"color: #ff0000;\"><strong>NOUVELLES!<\/strong><\/span> La hauteur <span class=\"ILfuVd\" lang=\"cs\"><span class=\"hgKElc\">du parterre de fleurs est de<\/span><\/span>20 cm \/ le pied est de 20 cm \/ <span class=\"BxUVEf ILfuVd\" lang=\"cs\"><span class=\"hgKElc\"> l\u2019\u00e9paisseur de la bordure est de <\/span><\/span> 20 mm \/ Le mat\u00e9riau est en plastique. Construction tr\u00e8s stable gr\u00e2ce aux pieds &#8211; encastr\u00e9s dans le sol. L\u2019assemblage est tr\u00e8s simple.  <\/p>\n<p>Le paquet contient 2 assiettes (paire).<\/p>\n<p>Longueur d&rsquo;1 planche : 100 cm ou 200 cm (vous pouvez r\u00e9duire la longueur de la planche)<\/p>\n<p>Le prix est pour 2 planches (paire) de m\u00eame taille incluant les accessoires<\/p>\n<p>&nbsp;<\/p>\n","protected":false},"featured_media":26237,"comment_status":"open","ping_status":"closed","template":"","meta":[],"product_brand":[419],"product_cat":[1349,523,1373,1367],"product_tag":[],"class_list":{"0":"post-26236","1":"product","2":"type-product","3":"status-publish","4":"has-post-thumbnail","6":"product_brand-agroflex","7":"product_cat-lits-sureleves","8":"product_cat-accessoires","9":"product_cat-bordures-de-jardin","10":"product_cat-parterres-de-fleurs-en-plastique","12":"first","13":"onbackorder","14":"sale","15":"taxable","16":"shipping-taxable","17":"purchasable","18":"product-type-variable"},"_links":{"self":[{"href":"https:\/\/agroflex.cz\/fr\/wp-json\/wp\/v2\/product\/26236","targetHints":{"allow":["GET"]}}],"collection":[{"href":"https:\/\/agroflex.cz\/fr\/wp-json\/wp\/v2\/product"}],"about":[{"href":"https:\/\/agroflex.cz\/fr\/wp-json\/wp\/v2\/types\/product"}],"replies":[{"embeddable":true,"href":"https:\/\/agroflex.cz\/fr\/wp-json\/wp\/v2\/comments?post=26236"}],"wp:featuredmedia":[{"embeddable":true,"href":"https:\/\/agroflex.cz\/fr\/wp-json\/wp\/v2\/media\/26237"}],"wp:attachment":[{"href":"https:\/\/agroflex.cz\/fr\/wp-json\/wp\/v2\/media?parent=26236"}],"wp:term":[{"taxonomy":"product_brand","embeddable":true,"href":"https:\/\/agroflex.cz\/fr\/wp-json\/wp\/v2\/product_brand?post=26236"},{"taxonomy":"product_cat","embeddable":true,"href":"https:\/\/agroflex.cz\/fr\/wp-json\/wp\/v2\/product_cat?post=26236"},{"taxonomy":"product_tag","embeddable":true,"href":"https:\/\/agroflex.cz\/fr\/wp-json\/wp\/v2\/product_tag?post=26236"}],"curies":[{"name":"wp","href":"https:\/\/api.w.org\/{rel}","templated":true}]}}