{"id":26279,"date":"2024-03-27T21:01:11","date_gmt":"2024-03-27T21:01:11","guid":{"rendered":"https:\/\/agroflex.cz\/product\/lego-ps-v60-la-costiere-haute-en-plastique\/"},"modified":"2025-09-20T14:37:51","modified_gmt":"2025-09-20T14:37:51","slug":"lego-ps-v60-la-costiere-haute-en-plastique","status":"publish","type":"product","link":"https:\/\/agroflex.cz\/fr\/produit\/lego-ps-v60-la-costiere-haute-en-plastique\/","title":{"rendered":"LEGO PS V60 La costi\u00e8re haute en plastique"},"content":{"rendered":"<div class=\"wpb-content-wrapper\"><p>[vc_row][vc_column][vc_column_text woodmart_inline=\u00a0\u00bbno\u00a0\u00bb text_larger=\u00a0\u00bbno\u00a0\u00bb]<\/p>\n<h3 style=\"text-align: center;\">LEGO PS V60 La bordure de jardin en plastique<\/h3>\n<p>LEGO PS V60 High <span class=\"keyword _ngcontent-xsf-110\" aria-hidden=\"false\">Plastic Bed Curb<\/span> &#8211; Le parc de lit s\u00e9pare facilement votre jardin, votre parterre de fleurs, votre jardin ou votre pelouse. Une bordure plongeante en plastique est utilis\u00e9e pour cr\u00e9er un lit sur\u00e9lev\u00e9. Un m\u00e9canisme simple et fiable de connexion des sections vous permettra d\u2019assembler et d\u2019installer un lit sur\u00e9lev\u00e9 de diff\u00e9rentes tailles et formes en quelques minutes sans outil professionnel. La bordure en plastique peut \u00eatre combin\u00e9e dans diff\u00e9rentes compositions.   <\/p>\n<p>Avantages:<\/p>\n<ul>\n<li>Manipulation et installation faciles<\/li>\n<li>vous permet d\u2019assembler et d\u2019installer un lit sur\u00e9lev\u00e9 de diff\u00e9rentes tailles et formes<\/li>\n<li>Construction stable gr\u00e2ce aux pieds (pieds ronds) encastr\u00e9s dans le sol<\/li>\n<li>Syst\u00e8me de connexion facile des modules<\/li>\n<li>Peut \u00eatre pli\u00e9 et rang\u00e9 hors saison<\/li>\n<\/ul>\n<p>La bordure de jardin est en plastique \u00e9pais de 20 mm, elle n\u2019a pas peur de l\u2019humidit\u00e9 excessive, elle ne se d\u00e9forme pas avec le temps. Les bords des lits sont soigneusement pli\u00e9s et peuvent \u00eatre assembl\u00e9s en toute s\u00e9curit\u00e9.<\/p>\n<p>[\/vc_column_text][\/vc_column][\/vc_row]<\/p>\n<\/div>","protected":false},"excerpt":{"rendered":"<p><span style=\"color: #ff0000;\"><strong>NOUVELLES!<\/strong><\/span> La hauteur <span class=\"ILfuVd\" lang=\"cs\"><span class=\"hgKElc\">du parterre de fleurs est de<\/span><\/span>60 cm \/ le pied est enfonc\u00e9 dans le sol de 20 cm \/ <span class=\"BxUVEf ILfuVd\" lang=\"cs\"><span class=\"hgKElc\"> l\u2019\u00e9paisseur de la bordure est de <\/span><\/span> 20 mm \/ Le mat\u00e9riau est en plastique. Construction tr\u00e8s stable gr\u00e2ce aux pieds &#8211; encastr\u00e9s dans le sol. L\u2019assemblage est tr\u00e8s simple.  <\/p>\n<p>Le paquet contient 2 assiettes (paire).<\/p>\n<p>Longueur d&rsquo;1 planche : 100 cm ou 200 cm (vous pouvez r\u00e9duire la longueur de la planche)<\/p>\n<p>Le prix est pour 2 planches (paire) de m\u00eame taille incluant les accessoires<\/p>\n<p>&nbsp;<\/p>\n","protected":false},"featured_media":26286,"comment_status":"open","ping_status":"closed","template":"","meta":[],"product_brand":[419],"product_cat":[1349,523,1373,1367],"product_tag":[],"class_list":{"0":"post-26279","1":"product","2":"type-product","3":"status-publish","4":"has-post-thumbnail","6":"product_brand-agroflex","7":"product_cat-lits-sureleves","8":"product_cat-accessoires","9":"product_cat-bordures-de-jardin","10":"product_cat-parterres-de-fleurs-en-plastique","12":"first","13":"onbackorder","14":"taxable","15":"shipping-taxable","16":"purchasable","17":"product-type-variable"},"_links":{"self":[{"href":"https:\/\/agroflex.cz\/fr\/wp-json\/wp\/v2\/product\/26279","targetHints":{"allow":["GET"]}}],"collection":[{"href":"https:\/\/agroflex.cz\/fr\/wp-json\/wp\/v2\/product"}],"about":[{"href":"https:\/\/agroflex.cz\/fr\/wp-json\/wp\/v2\/types\/product"}],"replies":[{"embeddable":true,"href":"https:\/\/agroflex.cz\/fr\/wp-json\/wp\/v2\/comments?post=26279"}],"wp:featuredmedia":[{"embeddable":true,"href":"https:\/\/agroflex.cz\/fr\/wp-json\/wp\/v2\/media\/26286"}],"wp:attachment":[{"href":"https:\/\/agroflex.cz\/fr\/wp-json\/wp\/v2\/media?parent=26279"}],"wp:term":[{"taxonomy":"product_brand","embeddable":true,"href":"https:\/\/agroflex.cz\/fr\/wp-json\/wp\/v2\/product_brand?post=26279"},{"taxonomy":"product_cat","embeddable":true,"href":"https:\/\/agroflex.cz\/fr\/wp-json\/wp\/v2\/product_cat?post=26279"},{"taxonomy":"product_tag","embeddable":true,"href":"https:\/\/agroflex.cz\/fr\/wp-json\/wp\/v2\/product_tag?post=26279"}],"curies":[{"name":"wp","href":"https:\/\/api.w.org\/{rel}","templated":true}]}}