{"id":26725,"date":"2024-04-22T16:50:40","date_gmt":"2024-04-22T16:50:40","guid":{"rendered":"https:\/\/agroflex.cz\/product\/plate-bande-surelevee-tavola-1t-ps-chene-fonce\/"},"modified":"2025-09-20T14:38:12","modified_gmt":"2025-09-20T14:38:12","slug":"plate-bande-surelevee-tavola-1t-ps-chene-fonce","status":"publish","type":"product","link":"https:\/\/agroflex.cz\/fr\/produit\/plate-bande-surelevee-tavola-1t-ps-chene-fonce\/","title":{"rendered":"Plate-bande sur\u00e9lev\u00e9e TAVOLA 1T PS &#8211; ch\u00eane fonc\u00e9"},"content":{"rendered":"<div class=\"wpb-content-wrapper\"><p>[vc_row][vc_column][vc_column_text css=\u00a0\u00bb\u00a0\u00bb woodmart_inline=\u00a0\u00bbno\u00a0\u00bb text_larger=\u00a0\u00bbno\u00a0\u00bb]<\/p>\n<h2 style=\"text-align: center;\">Plates-bandes sur\u00e9lev\u00e9es en plastique Agroflex TAVOLA &#8211; ch\u00eane fonc\u00e9<\/h2>\n<p>Les plates-bandes hautes en plastique sont un moyen innovant et efficace d\u2019augmenter les rendements du jardin tout en am\u00e9liorant l\u2019ergonomie des plantes en croissance. Ces conceptions modernes offrent plusieurs avantages que tout jardinier appr\u00e9ciera. <\/p>\n<p>Le lit sur\u00e9lev\u00e9 rectangulaire est en plastique de 20 mm d\u2019\u00e9paisseur, il n\u2019a pas peur de l\u2019humidit\u00e9 excessive, il ne se d\u00e9forme pas avec le temps.<\/p>\n<p>L\u2019un des principaux avantages des lits hauts en plastique est leur conception ergonomique, qui permet un travail plus confortable sans flexion excessive. Gr\u00e2ce \u00e0 la conception sur\u00e9lev\u00e9e, il n\u2019est pas n\u00e9cessaire de travailler debout ou \u00e0 genoux pendant de longues p\u00e9riodes, ce qui r\u00e9duit la tension sur le dos et les articulations. <\/p>\n<p>Un autre avantage est la protection des plantes contre les animaux ind\u00e9sirables, tels que les taupes ou les li\u00e8vres. Les grands lits en plastique peuvent facilement \u00eatre \u00e9quip\u00e9s d\u2019un filet de protection ou d\u2019un couvercle, ce qui prot\u00e8ge les plantes et \u00e9vite les dommages. <\/p>\n<p>Gr\u00e2ce \u00e0 leur conception, les grands lits en plastique permettent \u00e9galement une meilleure r\u00e9gulation de l\u2019environnement du sol et de l\u2019irrigation. Ils peuvent \u00eatre \u00e9quip\u00e9s d\u2019un syst\u00e8me d\u2019irrigation int\u00e9gr\u00e9 ou d\u2019un dispositif hydroponique, ce qui augmente l\u2019efficacit\u00e9 et les \u00e9conomies d\u2019eau lors de la croissance.[\/vc_column_text][\/vc_column][\/vc_row]<\/p>\n<\/div>","protected":false},"excerpt":{"rendered":"<p>La hauteur des lits est de 60 cm \/ Largeur : 100 cm (vous pouvez r\u00e9duire la largeur de la planche) \/ Longueur de la base : 1 m, des extensions plus longues de 1 m ou 2 m peuvent \u00e9galement \u00eatre r\u00e9alis\u00e9es. Construction stable, gr\u00e2ce aux pieds &#8211; enfonc\u00e9s dans le sol. <\/p>\n","protected":false},"featured_media":26733,"comment_status":"open","ping_status":"closed","template":"","meta":[],"product_brand":[419],"product_cat":[523,1349,1367],"product_tag":[],"class_list":{"0":"post-26725","1":"product","2":"type-product","3":"status-publish","4":"has-post-thumbnail","6":"product_brand-agroflex","7":"product_cat-accessoires","8":"product_cat-lits-sureleves","9":"product_cat-parterres-de-fleurs-en-plastique","11":"first","12":"onbackorder","13":"taxable","14":"shipping-taxable","15":"purchasable","16":"product-type-variable"},"_links":{"self":[{"href":"https:\/\/agroflex.cz\/fr\/wp-json\/wp\/v2\/product\/26725","targetHints":{"allow":["GET"]}}],"collection":[{"href":"https:\/\/agroflex.cz\/fr\/wp-json\/wp\/v2\/product"}],"about":[{"href":"https:\/\/agroflex.cz\/fr\/wp-json\/wp\/v2\/types\/product"}],"replies":[{"embeddable":true,"href":"https:\/\/agroflex.cz\/fr\/wp-json\/wp\/v2\/comments?post=26725"}],"wp:featuredmedia":[{"embeddable":true,"href":"https:\/\/agroflex.cz\/fr\/wp-json\/wp\/v2\/media\/26733"}],"wp:attachment":[{"href":"https:\/\/agroflex.cz\/fr\/wp-json\/wp\/v2\/media?parent=26725"}],"wp:term":[{"taxonomy":"product_brand","embeddable":true,"href":"https:\/\/agroflex.cz\/fr\/wp-json\/wp\/v2\/product_brand?post=26725"},{"taxonomy":"product_cat","embeddable":true,"href":"https:\/\/agroflex.cz\/fr\/wp-json\/wp\/v2\/product_cat?post=26725"},{"taxonomy":"product_tag","embeddable":true,"href":"https:\/\/agroflex.cz\/fr\/wp-json\/wp\/v2\/product_tag?post=26725"}],"curies":[{"name":"wp","href":"https:\/\/api.w.org\/{rel}","templated":true}]}}