{"id":27201,"date":"2023-09-04T21:00:34","date_gmt":"2023-09-04T21:00:34","guid":{"rendered":"https:\/\/agroflex.cz\/product\/bande-dextremite-de-type-u-pour-polycarbonate-4-6-8-10-mm\/"},"modified":"2026-04-01T11:57:27","modified_gmt":"2026-04-01T11:57:27","slug":"bande-dextremite-de-type-u-pour-polycarbonate-4-6-8-10-mm","status":"publish","type":"product","link":"https:\/\/agroflex.cz\/fr\/produit\/bande-dextremite-de-type-u-pour-polycarbonate-4-6-8-10-mm\/","title":{"rendered":"Bande d\u2019extr\u00e9mit\u00e9 de type U pour polycarbonate &#8211; 4, 6, 8, 10 mm"},"content":{"rendered":"","protected":false},"excerpt":{"rendered":"<p>Ce profil\u00e9 de finition convient \u00e0 la finition de tous les c\u00f4t\u00e9s. Il s\u2019agit d\u2019une bande de polycarbonate solide d\u2019une longueur de 2100 mm. La bande est con\u00e7ue comme un U et est plac\u00e9e sur le bord d\u2019une feuille de polycarbonate de 4mm, 6mm, 8mm, 10mm. Con\u00e7u pour la fermeture \u00e9tanche et le bordage de feuilles creuses de polycarbonate. Pour fermer correctement la feuille de polycarbonate, il est d\u2019abord n\u00e9cessaire de tapisser la toiture d\u2019un ruban d\u2019\u00e9tanch\u00e9it\u00e9 de ventilation, puis de la fixer avec un profil\u00e9 de finition. Le ruban emp\u00eache l\u2019humidit\u00e9 de p\u00e9n\u00e9trer dans les cavit\u00e9s de la planche, o\u00f9 la salet\u00e9 ne se d\u00e9pose pas et o\u00f9 les algues ne se forment pas. La plinthe n\u2019a pas besoin d\u2019\u00eatre scell\u00e9e\/scell\u00e9e avec du silicone neutre.      <\/p>\n","protected":false},"featured_media":11680,"comment_status":"open","ping_status":"closed","template":"","meta":[],"product_brand":[419],"product_cat":[523,1312,1300],"product_tag":[],"class_list":{"0":"post-27201","1":"product","2":"type-product","3":"status-publish","4":"has-post-thumbnail","6":"product_brand-agroflex","7":"product_cat-accessoires","8":"product_cat-bordures-de-cartes-pc","9":"product_cat-feuilles-de-polycarbonate","11":"first","12":"instock","13":"taxable","14":"shipping-taxable","15":"purchasable","16":"product-type-variable","17":"has-default-attributes"},"_links":{"self":[{"href":"https:\/\/agroflex.cz\/fr\/wp-json\/wp\/v2\/product\/27201","targetHints":{"allow":["GET"]}}],"collection":[{"href":"https:\/\/agroflex.cz\/fr\/wp-json\/wp\/v2\/product"}],"about":[{"href":"https:\/\/agroflex.cz\/fr\/wp-json\/wp\/v2\/types\/product"}],"replies":[{"embeddable":true,"href":"https:\/\/agroflex.cz\/fr\/wp-json\/wp\/v2\/comments?post=27201"}],"wp:featuredmedia":[{"embeddable":true,"href":"https:\/\/agroflex.cz\/fr\/wp-json\/wp\/v2\/media\/11680"}],"wp:attachment":[{"href":"https:\/\/agroflex.cz\/fr\/wp-json\/wp\/v2\/media?parent=27201"}],"wp:term":[{"taxonomy":"product_brand","embeddable":true,"href":"https:\/\/agroflex.cz\/fr\/wp-json\/wp\/v2\/product_brand?post=27201"},{"taxonomy":"product_cat","embeddable":true,"href":"https:\/\/agroflex.cz\/fr\/wp-json\/wp\/v2\/product_cat?post=27201"},{"taxonomy":"product_tag","embeddable":true,"href":"https:\/\/agroflex.cz\/fr\/wp-json\/wp\/v2\/product_tag?post=27201"}],"curies":[{"name":"wp","href":"https:\/\/api.w.org\/{rel}","templated":true}]}}