{"id":27452,"date":"2023-09-04T21:00:35","date_gmt":"2023-09-04T21:00:35","guid":{"rendered":"https:\/\/agroflex.cz\/product\/lit-sureleve-xxl-en-plastique-blanc\/"},"modified":"2025-09-20T14:40:34","modified_gmt":"2025-09-20T14:40:34","slug":"lit-sureleve-xxl-en-plastique-blanc","status":"publish","type":"product","link":"https:\/\/agroflex.cz\/fr\/produit\/lit-sureleve-xxl-en-plastique-blanc\/","title":{"rendered":"Lit sur\u00e9lev\u00e9 XXL en plastique (blanc)"},"content":{"rendered":"<div class=\"wpb-content-wrapper\"><p>[vc_row][vc_column][vc_column_text woodmart_inline=\u00a0\u00bbno\u00a0\u00bb text_larger=\u00a0\u00bbno\u00a0\u00bb]<\/p>\n<h2 style=\"text-align: center;\">Lit sur\u00e9lev\u00e9 XXL en plastique (blanc)<\/h2>\n<p>Les lits en plastique sont une solution moderne et pratique pour les jardiniers de tous niveaux. Ces structures en plastique offrent de nombreux avantages et constituent un choix id\u00e9al pour ceux qui souhaitent cultiver leurs propres l\u00e9gumes ou herbes aromatiques facilement et efficacement. <\/p>\n<p>L\u2019un des principaux avantages des plates-bandes en plastique est leur durabilit\u00e9 et leur long\u00e9vit\u00e9. Ils sont fabriqu\u00e9s dans un mat\u00e9riau de haute qualit\u00e9 qui r\u00e9siste aux conditions m\u00e9t\u00e9orologiques, \u00e0 la pourriture et aux parasites. Cela signifie qu\u2019ils peuvent durer beaucoup plus longtemps que les parterres de fleurs traditionnels en bois ou en m\u00e9tal  <\/p>\n<p>Le lit sur\u00e9lev\u00e9 rectangulaire en plastique est fait de plastique de 20 mm d\u2019\u00e9paisseur, il n\u2019a pas peur de l\u2019humidit\u00e9 excessive, il ne se d\u00e9forme pas avec le temps. Gr\u00e2ce \u00e0 cela, il peut r\u00e9sister longtemps \u00e0 des conditions climatiques d\u00e9favorables. <\/p>\n<p>Le large lit<span class=\"keyword _ngcontent-pix-110\" aria-hidden=\"false\">sur\u00e9lev\u00e9 ext\u00e9rieur<\/span> XXL prot\u00e8ge les l\u00e9gumes cultiv\u00e9s contre les grignotages par les animaux domestiques. Il vous permet de cultiver un large \u00e9ventail de cultures. Le lit peut \u00eatre empil\u00e9 l\u2019un sur l\u2019autre et ainsi sur\u00e9lev\u00e9.[\/vc_column_text][\/vc_column][\/vc_row]<\/p>\n<\/div>","protected":false},"excerpt":{"rendered":"<p>La hauteur de la cl\u00f4ture est de 15,5 cm \/ Largeur : 110 cm \/ Longueur de la base : 3 m peut \u00eatre plus longue \u2013 modulation par incr\u00e9ments de 1 m. Construction tr\u00e8s stable gr\u00e2ce aux pieds &#8211; encastr\u00e9s dans le sol. L\u2019assemblage est tr\u00e8s simple. Le parterre de fleurs peut \u00eatre ajust\u00e9 avec une couche suppl\u00e9mentaire de pi\u00e8ces.    <\/p>\n","protected":false},"featured_media":13019,"comment_status":"open","ping_status":"closed","template":"","meta":[],"product_brand":[419],"product_cat":[523,1349,1367],"product_tag":[],"class_list":{"0":"post-27452","1":"product","2":"type-product","3":"status-publish","4":"has-post-thumbnail","6":"product_brand-agroflex","7":"product_cat-accessoires","8":"product_cat-lits-sureleves","9":"product_cat-parterres-de-fleurs-en-plastique","11":"first","12":"instock","13":"sale","14":"taxable","15":"shipping-taxable","16":"purchasable","17":"product-type-variable"},"_links":{"self":[{"href":"https:\/\/agroflex.cz\/fr\/wp-json\/wp\/v2\/product\/27452","targetHints":{"allow":["GET"]}}],"collection":[{"href":"https:\/\/agroflex.cz\/fr\/wp-json\/wp\/v2\/product"}],"about":[{"href":"https:\/\/agroflex.cz\/fr\/wp-json\/wp\/v2\/types\/product"}],"replies":[{"embeddable":true,"href":"https:\/\/agroflex.cz\/fr\/wp-json\/wp\/v2\/comments?post=27452"}],"wp:featuredmedia":[{"embeddable":true,"href":"https:\/\/agroflex.cz\/fr\/wp-json\/wp\/v2\/media\/13019"}],"wp:attachment":[{"href":"https:\/\/agroflex.cz\/fr\/wp-json\/wp\/v2\/media?parent=27452"}],"wp:term":[{"taxonomy":"product_brand","embeddable":true,"href":"https:\/\/agroflex.cz\/fr\/wp-json\/wp\/v2\/product_brand?post=27452"},{"taxonomy":"product_cat","embeddable":true,"href":"https:\/\/agroflex.cz\/fr\/wp-json\/wp\/v2\/product_cat?post=27452"},{"taxonomy":"product_tag","embeddable":true,"href":"https:\/\/agroflex.cz\/fr\/wp-json\/wp\/v2\/product_tag?post=27452"}],"curies":[{"name":"wp","href":"https:\/\/api.w.org\/{rel}","templated":true}]}}