{"id":27765,"date":"2023-09-04T21:00:36","date_gmt":"2023-09-04T21:00:36","guid":{"rendered":"https:\/\/agroflex.cz\/product\/aero-100-ouvre-fenetre-de-serre-automatique\/"},"modified":"2026-02-22T19:07:38","modified_gmt":"2026-02-22T19:07:38","slug":"aero-100-ouvre-fenetre-de-serre-automatique","status":"publish","type":"product","link":"https:\/\/agroflex.cz\/fr\/produit\/aero-100-ouvre-fenetre-de-serre-automatique\/","title":{"rendered":"AERO-100 Ouvre-fen\u00eatre de serre automatique"},"content":{"rendered":"<div class=\"wpb-content-wrapper\"><p>[vc_row][vc_column][vc_column_text text_larger=\u00a0\u00bbno\u00a0\u00bb]<\/p>\n<h3 style=\"text-align: center;\"><strong>  AERO-100 Ouvre-porte automatique universel<br \/>\n<\/strong><\/h3>\n<p>Ouvre-porte automatique pour le contr\u00f4le de la temp\u00e9rature : ouverture\/fermeture des portes gauche et droite, fen\u00eatres, serres de jardin et industrielles.<\/p>\n<p>Conditions de fonctionnement : \u00e0 des temp\u00e9ratures de -20 \u00e0 + 60 \u00b0C, humidit\u00e9 jusqu\u2019\u00e0 98&nbsp;%, charge (poids de la structure et du vent) sur la tige r\u00e9tractable 100 + 20 kg.<\/p>\n<p><strong>Une fiabilit\u00e9 \u00e9lev\u00e9e est assur\u00e9e par :<\/strong><\/p>\n<ul>\n<li>Bo\u00eetier en acier \u00e0 entra\u00eenement thermique&nbsp;;<\/li>\n<li>tige r\u00e9tractable \u00e9paisse&nbsp;; charni\u00e8res en acier (roulements \u00e0 billes)&nbsp;;<\/li>\n<li>ressort de rappel m\u00e9canique ;<\/li>\n<li>Supports universels en acier.<\/li>\n<\/ul>\n<p>La machine r\u00e9agit de mani\u00e8re sensible aux changements de temp\u00e9rature et vous permet de travailler dans des conditions m\u00e9t\u00e9orologiques d\u00e9favorables, a une longue dur\u00e9e de vie &#8211; jusqu\u2019\u00e0 10 ans. La facilit\u00e9 d\u2019installation est assur\u00e9e par la conception du produit, des supports universels fiables qui permettent de monter le produit sur tous les types de portes, vantaux de fen\u00eatres et traverses. <\/p>\n<p>Vitesse de r\u00e9ponse \u00e9lev\u00e9e lorsque le changement de temp\u00e9rature est assur\u00e9 par une nouvelle recette de cylindre de remplissage de thermogel. La couleur noire du corps du cylindre assure un transfert de chaleur accru de l\u2019environnement vers le gel du cylindre et inversement. Ces caract\u00e9ristiques d\u2019agr\u00e9gation permettent un mouvement rapide et fluide des stocks. Il vous permet d\u2019ouvrir de force la porte \u00e0 une temp\u00e9rature de + 50 \u00b0 C et plus.   <\/p>\n<table>\n<tbody>\n<tr>\n<td style=\"width: 224px;\"><\/td>\n<\/tr>\n<\/tbody>\n<\/table>\n<p><a href=\"https:\/\/agroflex.cz\/wp-content\/uploads\/2020\/04\/Mont%C3%A1%C5%BEn%C3%AD-n%C3%A1vod-%E2%80%93-AERO-100_CZ1.pdf\" target=\"_blank\" rel=\"noopener\">Instructions d\u2019installation &#8211; AERO-100_CZ<\/a><br \/>\n<a href=\"https:\/\/agroflex.cz\/wp-content\/uploads\/2019\/06\/Navod-Otevirac-Aero-100-EN.pdf\">Instructions d\u2019installation &#8211; AERO-100_EN<\/a>[\/vc_column_text][\/vc_column][\/vc_row][vc_row][vc_column][vc_column_text text_larger=\u00a0\u00bbno\u00a0\u00bb]<\/p>\n<h3 style=\"text-align: center;\"><strong>Sp\u00e9cification:<\/strong><\/h3>\n<table>\n<tbody>\n<tr style=\"height: 31px;\">\nPoids <\/p>\n<td style=\"width: 448.3px; height: 31px;\">de l\u2019assemblage<\/td>\n<td style=\"width: 147.2px; height: 31px; text-align: left;\">0,75 kg<\/td>\n<\/tr>\n<tr style=\"height: 30px;\">\n<td style=\"width: 448.3px; height: 18px;\">Entra\u00eenement thermique du cylindre en acier :<\/p>\n<p>&#8211;<span style=\"font-size: 10pt;\"> longueur&nbsp;;<\/span><\/p>\n<p>-diam\u00e8tre.<\/td>\n<td style=\"width: 147.2px; height: 18px; text-align: left;\">\n<p>350 \u043c\u043c&nbsp;;<\/p>\n<p>22 \u043c\u043c.<\/td>\n<\/tr>\n<tr style=\"height: 35px;\">\n<td style=\"width: 448.3px; height: 35px;\">Temps d\u2019allongement de la tige lorsque la temp\u00e9rature du cylindre passe de 20 \u00e0 35 \u00b0C<\/td>\n<td style=\"width: 147.2px; height: 35px; text-align: left;\">jusqu\u2019\u00e0 40 min<\/td>\n<\/tr>\n<tr style=\"height: 32px;\">\n<td style=\"width: 448.3px; height: 32px;\">Temps d\u2019insertion de la tige lorsque la temp\u00e9rature du cylindre passe de 35 \u00e0 16 \u00b0C<\/td>\n<td style=\"width: 147.2px; height: 32px; text-align: left;\">jusqu\u2019\u00e0 40 min<\/td>\n<\/tr>\n<tr style=\"height: 24px;\">\n<td style=\"width: 448.3px; height: 24px;\">Ressort de remontoir, acier, galvanis\u00e9<\/td>\n<td style=\"width: 147.2px; height: 24px; text-align: left;\">R\u00e9sistance de 4 \u00e0 10 kg.<\/td>\n<\/tr>\n<\/tbody>\n<\/table>\n<p>&nbsp;<\/p>\n<p>[\/vc_column_text][\/vc_column][\/vc_row]<\/p>\n<\/div>","protected":false},"excerpt":{"rendered":"<p>Ouvre-porte universel automatique con\u00e7u pour le contr\u00f4le de la temp\u00e9rature &#8211; ouverture \/ fermeture des couvercles de porte, du toit et des fen\u00eatres lat\u00e9rales pour les serres de jardin et industrielles. Conditions de fonctionnement \u00e0 des temp\u00e9ratures de -20 \u00e0 + 60 \u00b0C, humidit\u00e9 jusqu\u2019\u00e0 98&nbsp;%. Bo\u00eetier de propulsion thermique en acier. Supports universels en acier   <\/p>\n","protected":false},"featured_media":32404,"comment_status":"open","ping_status":"closed","template":"","meta":[],"product_brand":[419],"product_cat":[523,1336],"product_tag":[],"class_list":{"0":"post-27765","1":"product","2":"type-product","3":"status-publish","4":"has-post-thumbnail","6":"product_brand-agroflex","7":"product_cat-accessoires","8":"product_cat-fenetres-daeration","10":"first","11":"instock","12":"sale","13":"taxable","14":"shipping-taxable","15":"purchasable","16":"product-type-simple"},"_links":{"self":[{"href":"https:\/\/agroflex.cz\/fr\/wp-json\/wp\/v2\/product\/27765","targetHints":{"allow":["GET"]}}],"collection":[{"href":"https:\/\/agroflex.cz\/fr\/wp-json\/wp\/v2\/product"}],"about":[{"href":"https:\/\/agroflex.cz\/fr\/wp-json\/wp\/v2\/types\/product"}],"replies":[{"embeddable":true,"href":"https:\/\/agroflex.cz\/fr\/wp-json\/wp\/v2\/comments?post=27765"}],"wp:featuredmedia":[{"embeddable":true,"href":"https:\/\/agroflex.cz\/fr\/wp-json\/wp\/v2\/media\/32404"}],"wp:attachment":[{"href":"https:\/\/agroflex.cz\/fr\/wp-json\/wp\/v2\/media?parent=27765"}],"wp:term":[{"taxonomy":"product_brand","embeddable":true,"href":"https:\/\/agroflex.cz\/fr\/wp-json\/wp\/v2\/product_brand?post=27765"},{"taxonomy":"product_cat","embeddable":true,"href":"https:\/\/agroflex.cz\/fr\/wp-json\/wp\/v2\/product_cat?post=27765"},{"taxonomy":"product_tag","embeddable":true,"href":"https:\/\/agroflex.cz\/fr\/wp-json\/wp\/v2\/product_tag?post=27765"}],"curies":[{"name":"wp","href":"https:\/\/api.w.org\/{rel}","templated":true}]}}