{"id":27790,"date":"2023-09-04T21:00:36","date_gmt":"2023-09-04T21:00:36","guid":{"rendered":"https:\/\/agroflex.cz\/product\/fenetre-de-ventilation-premium\/"},"modified":"2023-09-04T21:00:36","modified_gmt":"2023-09-04T21:00:36","slug":"fenetre-de-ventilation-premium","status":"publish","type":"product","link":"https:\/\/agroflex.cz\/fr\/produit\/fenetre-de-ventilation-premium\/","title":{"rendered":"Fen\u00eatre de ventilation &#8211; PREMIUM"},"content":{"rendered":"<p>&nbsp;<\/p>\n<p>&nbsp;<\/p>\n<p>&nbsp;<\/p>\n","protected":false},"excerpt":{"rendered":"<p>La fen\u00eatre de ventilation du toit est utilis\u00e9e pour r\u00e9guler la temp\u00e9rature interne dans la serre. Il s\u2019agit d\u2019un produit d\u2019expansion original pour la serre de jardin vo\u00fbt\u00e9e en polycarbonate durable Premium. Le cadre de la fen\u00eatre est en acier galvanis\u00e9, ainsi que l\u2019ensemble de la serre. La fen\u00eatre de ventilation est enti\u00e8rement compatible avec l\u2019ouvre-porte automatique Aero-100, Thermovent, Univent, Megavent, qui peut \u00eatre command\u00e9 avec cette fen\u00eatre. L\u2019emballage contient tous les composants de montage n\u00e9cessaires.    <\/p>\n","protected":false},"featured_media":0,"comment_status":"open","ping_status":"closed","template":"","meta":[],"product_brand":[419],"product_cat":[523,1336],"product_tag":[],"class_list":{"0":"post-27790","1":"product","2":"type-product","3":"status-publish","5":"product_brand-agroflex","6":"product_cat-accessoires","7":"product_cat-fenetres-daeration","9":"first","10":"instock","11":"taxable","12":"shipping-taxable","13":"purchasable","14":"product-type-simple"},"_links":{"self":[{"href":"https:\/\/agroflex.cz\/fr\/wp-json\/wp\/v2\/product\/27790","targetHints":{"allow":["GET"]}}],"collection":[{"href":"https:\/\/agroflex.cz\/fr\/wp-json\/wp\/v2\/product"}],"about":[{"href":"https:\/\/agroflex.cz\/fr\/wp-json\/wp\/v2\/types\/product"}],"replies":[{"embeddable":true,"href":"https:\/\/agroflex.cz\/fr\/wp-json\/wp\/v2\/comments?post=27790"}],"wp:attachment":[{"href":"https:\/\/agroflex.cz\/fr\/wp-json\/wp\/v2\/media?parent=27790"}],"wp:term":[{"taxonomy":"product_brand","embeddable":true,"href":"https:\/\/agroflex.cz\/fr\/wp-json\/wp\/v2\/product_brand?post=27790"},{"taxonomy":"product_cat","embeddable":true,"href":"https:\/\/agroflex.cz\/fr\/wp-json\/wp\/v2\/product_cat?post=27790"},{"taxonomy":"product_tag","embeddable":true,"href":"https:\/\/agroflex.cz\/fr\/wp-json\/wp\/v2\/product_tag?post=27790"}],"curies":[{"name":"wp","href":"https:\/\/api.w.org\/{rel}","templated":true}]}}