{"id":28405,"date":"2023-09-04T21:00:38","date_gmt":"2023-09-04T21:00:38","guid":{"rendered":"https:\/\/agroflex.cz\/product\/vis-autotaraudeuse-pour-tole-55-x-25-mm-tete-hexagonale-galvanisee-rondelle-et-caoutchouc-detancheite\/"},"modified":"2023-09-04T21:00:38","modified_gmt":"2023-09-04T21:00:38","slug":"vis-autotaraudeuse-pour-tole-55-x-25-mm-tete-hexagonale-galvanisee-rondelle-et-caoutchouc-detancheite","status":"publish","type":"product","link":"https:\/\/agroflex.cz\/fr\/produit\/vis-autotaraudeuse-pour-tole-55-x-25-mm-tete-hexagonale-galvanisee-rondelle-et-caoutchouc-detancheite\/","title":{"rendered":"Vis autotaraudeuse pour t\u00f4le &#8211; 5,5 x 25 mm &#8211; t\u00eate hexagonale &#8211; galvanis\u00e9e &#8211; rondelle et caoutchouc d\u2019\u00e9tanch\u00e9it\u00e9"},"content":{"rendered":"","protected":false},"excerpt":{"rendered":"<p>Vis de toit pour le fer<\/p>\n<p>Vis de haute qualit\u00e9 mesurant 5,5 x 25 mm &#8211; t\u00eate hexagonale avec rondelle et caoutchouc d\u2019\u00e9tanch\u00e9it\u00e9, galvanis\u00e9e. La vis est \u00e9quip\u00e9e d\u2019une pointe de per\u00e7age pour le m\u00e9tal, la capacit\u00e9 de per\u00e7age est de 2 \u00e0 4 mm d\u2019\u00e9paisseur de mat\u00e9riau. \u00c9paisseur minimale du substrat : 1 mm. Con\u00e7u pour \u00eatre fix\u00e9 sur des toits trap\u00e9zo\u00efdaux \/ en t\u00f4le, toitures transparentes dans des structures en acier. Consommation min. 11 pcs\/m2<br \/>\nUn paquet contient 20 pcs    <\/p>\n","protected":false},"featured_media":11827,"comment_status":"open","ping_status":"closed","template":"","meta":[],"product_brand":[419],"product_cat":[523,1318,1300],"product_tag":[],"class_list":{"0":"post-28405","1":"product","2":"type-product","3":"status-publish","4":"has-post-thumbnail","6":"product_brand-agroflex","7":"product_cat-accessoires","8":"product_cat-elements-de-montage","9":"product_cat-feuilles-de-polycarbonate","11":"first","12":"instock","13":"taxable","14":"shipping-taxable","15":"purchasable","16":"product-type-simple"},"_links":{"self":[{"href":"https:\/\/agroflex.cz\/fr\/wp-json\/wp\/v2\/product\/28405","targetHints":{"allow":["GET"]}}],"collection":[{"href":"https:\/\/agroflex.cz\/fr\/wp-json\/wp\/v2\/product"}],"about":[{"href":"https:\/\/agroflex.cz\/fr\/wp-json\/wp\/v2\/types\/product"}],"replies":[{"embeddable":true,"href":"https:\/\/agroflex.cz\/fr\/wp-json\/wp\/v2\/comments?post=28405"}],"wp:featuredmedia":[{"embeddable":true,"href":"https:\/\/agroflex.cz\/fr\/wp-json\/wp\/v2\/media\/11827"}],"wp:attachment":[{"href":"https:\/\/agroflex.cz\/fr\/wp-json\/wp\/v2\/media?parent=28405"}],"wp:term":[{"taxonomy":"product_brand","embeddable":true,"href":"https:\/\/agroflex.cz\/fr\/wp-json\/wp\/v2\/product_brand?post=28405"},{"taxonomy":"product_cat","embeddable":true,"href":"https:\/\/agroflex.cz\/fr\/wp-json\/wp\/v2\/product_cat?post=28405"},{"taxonomy":"product_tag","embeddable":true,"href":"https:\/\/agroflex.cz\/fr\/wp-json\/wp\/v2\/product_tag?post=28405"}],"curies":[{"name":"wp","href":"https:\/\/api.w.org\/{rel}","templated":true}]}}