{"id":28524,"date":"2023-09-04T21:00:39","date_gmt":"2023-09-04T21:00:39","guid":{"rendered":"https:\/\/agroflex.cz\/product\/agroflex-delta-foyer-petite-serre\/"},"modified":"2026-02-06T01:09:35","modified_gmt":"2026-02-06T01:09:35","slug":"agroflex-delta-foyer-petite-serre","status":"publish","type":"product","link":"https:\/\/agroflex.cz\/fr\/produit\/agroflex-delta-foyer-petite-serre\/","title":{"rendered":"Agroflex DELTA &#8211; foyer &#8211; petite serre"},"content":{"rendered":"<div class=\"wpb-content-wrapper\"><p>[vc_row][vc_column][vc_separator style=\u00a0\u00bbshadow\u00a0\u00bb border_width=\u00a0\u00bb5&Prime;][vc_column_text text_larger=\u00a0\u00bbno\u00a0\u00bb woodmart_inline=\u00a0\u00bbno\u00a0\u00bb]<\/p>\n<h2 style=\"text-align: center;\">Hotbed &#8211; en polycarbonate Agroflex-DELTA<\/h2>\n<p>Petite serre solide en polycarbonate pour le jardin. Les arcs et les barres transversales solides soud\u00e9s \u00e0 la main sont galvanis\u00e9s \u00e0 l\u2019ext\u00e9rieur et \u00e0 l\u2019int\u00e9rieur de l\u2019acier, la galvanisation m\u00e9canique est trait\u00e9e au point de soudure (<a href=\"\/?page_id=5731\">protection anti-corrosion<\/a> &#8211; la teneur en zinc pur est d\u2019environ 90&nbsp;%). La structure de la serre est en acier. Les arches r\u00e9sistent au vent, \u00e0 la forte charge sur la serre pendant la saison hivernale et aux fortes chutes de neige. Construction avec une charge allant jusqu\u2019\u00e0 100 kg en acier 20\u00d720 de haute qualit\u00e9 d\u2019une \u00e9paisseur de 0,8 mm, qui peut r\u00e9sister longtemps \u00e0 des conditions climatiques d\u00e9favorables.[\/vc_column_text][vc_separator][vc_column_text text_larger=\u00a0\u00bbno\u00a0\u00bb woodmart_inline=\u00a0\u00bbno\u00a0\u00bb]<\/p>\n<div class=\"wpb_text_column wpb_content_element\">\n<div class=\"wpb_wrapper\">\n<div class=\"wpb_text_column wpb_content_element\">\n<div class=\"wpb_wrapper\">\n<div class=\"vc_row wpb_row vc_row-fluid\">\n<div class=\"wpb_column vc_column_container vc_col-sm-12\">\n<div class=\"vc_column-inner\">\n<div class=\"wpb_wrapper\">\n<div class=\"wpb_text_column wpb_content_element\">\n<div class=\"wpb_wrapper\">\n<h3 style=\"text-align: center;\">Vitrage en polycarbonate<\/h3>\n<p>Un polycarbonate creux certifi\u00e9 sp\u00e9cial est utilis\u00e9 pour les serres d\u2019une \u00e9paisseur de 4 mm avec un filtre UV. L\u2019avantage de ce produit est sa haute isolation thermique contre le verre, qui r\u00e9siste aux dommages m\u00e9caniques, aux intemp\u00e9ries, \u00e0 la gr\u00eale, et en m\u00eame temps la transparence du polycarbonate est exceptionnelle (clart\u00e9 \u2013 jusqu\u2019\u00e0 86&nbsp;%). <\/p>\n<\/div>\n<\/div>\n<\/div>\n<\/div>\n<\/div>\n<\/div>\n<\/div>\n<\/div>\n<\/div>\n<\/div>\n<p>L\u2019assemblage est simple, pour une personne non pr\u00e9par\u00e9e, l\u2019installation ne posera pas de probl\u00e8mes, les pi\u00e8ces sont universelles. Mais sculpter le polycarbonate ne demande que de la prudence, un couteau pliant et pas de pr\u00e9cipitation. Le polycarbonate n\u2019a pas besoin d\u2019\u00eatre retir\u00e9 pour l\u2019hiver. L\u2019assemblage s\u2019effectue \u00e0 la fois sur le terrain et sur les fondations.[\/vc_column_text][\/vc_column][\/vc_row][vc_row][vc_column width=\u00a0\u00bb1\/2&Prime;][vc_separator style=\u00a0\u00bbshadow\u00a0\u00bb border_width=\u00a0\u00bb5&Prime;][vc_text_separator title=\u00a0\u00bbAccessoires recommand\u00e9s :\u00a0\u00bb title_align=\u00a0\u00bbseparator_align_left\u00a0\u00bb align=\u00a0\u00bbalign_left\u00a0\u00bb style=\u00a0\u00bbdotted\u00a0\u00bb]<div class=\"widget_products \"><div class=\"widget woocommerce widget_products\"><ul class=\"product_list_widget\"><li>\n\t\t<span class=\"widget-product-wrap\">\n\t\t<a href=\"https:\/\/agroflex.cz\/fr\/produit\/aero-100-ouvre-fenetre-de-serre-automatique\/\" title=\"AERO-100 Ouvre-fen\u00eatre de serre automatique\" class=\"widget-product-img\">\n\t\t\t<img decoding=\"async\" width=\"300\" height=\"300\" src=\"https:\/\/agroflex.cz\/wp-content\/uploads\/2023\/09\/avtomat2-1-300x300.jpg\" class=\"attachment-woocommerce_thumbnail size-woocommerce_thumbnail\" alt=\"Olejov\u00fd p\u00edst do sklen\u00edku\" srcset=\"https:\/\/agroflex.cz\/wp-content\/uploads\/2023\/09\/avtomat2-1-300x300.jpg 300w, https:\/\/agroflex.cz\/wp-content\/uploads\/2023\/09\/avtomat2-1-150x150.jpg 150w, https:\/\/agroflex.cz\/wp-content\/uploads\/2023\/09\/avtomat2-1-600x600.jpg 600w, https:\/\/agroflex.cz\/wp-content\/uploads\/2023\/09\/avtomat2-1.jpg 690w\" sizes=\"(max-width: 300px) 100vw, 300px\" \/>\t\t<\/a>\n\t\t<span class=\"widget-product-info\">\n\t\t\t<a href=\"https:\/\/agroflex.cz\/fr\/produit\/aero-100-ouvre-fenetre-de-serre-automatique\/\" title=\"AERO-100 Ouvre-fen\u00eatre de serre automatique\" class=\"wd-entities-title\">\n\t\t\t\tAERO-100 Ouvre-fen\u00eatre de serre automatique\t\t\t<\/a>\n\t\t\t\t\t\t\t\t\t\t\t\t\t<span class=\"price\"><del aria-hidden=\"true\"><span class=\"woocommerce-Price-amount amount\"><bdi>1 632<span class=\"woocommerce-Price-currencySymbol\">&#75;&#269;<\/span><\/bdi><\/span><\/del> <span class=\"screen-reader-text\">Le prix initial \u00e9tait\u00a0: 1 632&#075;&#269;.<\/span><ins aria-hidden=\"true\"><span class=\"woocommerce-Price-amount amount\"><bdi>1 531<span class=\"woocommerce-Price-currencySymbol\">&#75;&#269;<\/span><\/bdi><\/span><\/ins><span class=\"screen-reader-text\">Le prix actuel est\u00a0: 1 531&#075;&#269;.<\/span><\/span>\n\t\t<\/span>\n\t<\/span>\n\t<\/li>\n<\/ul><\/div><\/div>[vc_separator style=\u00a0\u00bbshadow\u00a0\u00bb border_width=\u00a0\u00bb5&Prime;][vc_column_text text_larger=\u00a0\u00bbno\u00a0\u00bb woodmart_inline=\u00a0\u00bbno\u00a0\u00bb]<\/p>\n<h3 style=\"text-align: center;\"><span style=\"color: #000000;\"><strong>Param\u00e8tres de l\u2019effet de serre<\/strong><\/span><\/h3>\n<table>\n<tbody>\n<tr style=\"height: 24px;\">\n<td style=\"width: 165.517px; height: 24px; text-align: center;\">Type de construction<\/td>\n<td style=\"width: 265.483px; height: 24px; text-align: center;\">Plein &#8211; arceaux non d\u00e9tachables<\/td>\n<\/tr>\n<tr style=\"height: 24px;\">\n<td style=\"width: 165.517px; height: 26px; text-align: center;\">Charge<\/td>\n<p> admissible<\/p>\n<td style=\"width: 265.483px; height: 26px; text-align: center;\">100 kg<\/td>\n<\/tr>\n<tr style=\"height: 24px;\">\n<td style=\"width: 165.517px; height: 24px; text-align: center;\">Largeur<\/td>\n<td style=\"width: 265.483px; height: 24px; text-align: center;\">1,5 m<\/td>\n<\/tr>\n<tr style=\"height: 24px;\">\n<td style=\"width: 165.517px; height: 24px; text-align: center;\">hauteur<\/td>\n<td style=\"width: 265.483px; height: 24px; text-align: center;\">1,3 millim\u00e8tre<\/td>\n<\/tr>\n<tr style=\"height: 24px;\">\n<td style=\"width: 165.517px; height: 24px; text-align: center;\">longueur<\/td>\n<td style=\"width: 265.483px; height: 24px; text-align: center;\"> \u00e0 partir de 2 m (possibilit\u00e9 de faire plus longtemps \u2013 modulation par incr\u00e9ments de 2 m)<\/td>\n<\/tr>\n<tr style=\"height: 24px;\">\n<td style=\"width: 165.517px; height: 24px; text-align: center;\">Mat\u00e9riau du<\/td>\n<p> vitrage<\/p>\n<td style=\"width: 265.483px; height: 24px; text-align: center;\">polycarbonate 4 mm (clart\u00e9 &#8211; jusqu\u2019\u00e0 86&nbsp;%).<\/td>\n<\/tr>\n<tr style=\"height: 24px;\">\n<td style=\"width: 165.517px; height: 24px; text-align: center;\">Protection<\/td>\n<p> UV<\/p>\n<td style=\"width: 265.483px; height: 24px; text-align: center;\">oui (unilat\u00e9ral)<\/td>\n<\/tr>\n<tr style=\"height: 24px;\">\n<td style=\"width: 165.517px; height: 24px; text-align: center;\">Mat\u00e9riaux de construction<\/td>\n<td style=\"width: 265.483px; height: 24px; text-align: center;\">acier galvanis\u00e9 &#8211; Jekl 20 \u0445 20 \u043c\u043c<\/td>\n<\/tr>\n<tr style=\"height: 24px;\">\nR\u00e9sistance de la paroi <\/p>\n<td style=\"width: 165.517px; height: 24px; text-align: center;\">en acier<\/td>\n<td style=\"width: 265.483px; height: 24px; text-align: center;\">0,8 millim\u00e8tre<\/td>\n<\/tr>\n<tr style=\"height: 35px;\">\n<td style=\"width: 165.517px; height: 35px; text-align: center;\">Taille du trou<\/td>\n<td style=\"width: 265.483px; height: 35px; text-align: center;\">2 m<\/td>\n<\/tr>\n<tr style=\"height: 24px;\">\n<td style=\"width: 165.517px; height: 24px; text-align: center;\">trou<\/td>\n<td style=\"width: 265.483px; height: 24px; text-align: center;\">2 pi\u00e8ces et toutes les extensions de 2 m<\/td>\n<\/tr>\n<tr style=\"height: 24px;\">\n<td style=\"width: 165.517px; height: 24px; text-align: center;\">Ancrage en polycarbonate<\/td>\n<td style=\"width: 265.483px; height: 24px; text-align: center;\">Vis avec rondelles et \u00e9crous M5<\/td>\n<\/tr>\n<tr style=\"height: 35px;\">\nPieds <\/p>\n<td style=\"width: 165.517px; height: 35px; text-align: center;\">d\u2019ancrage<\/td>\n<td style=\"width: 265.483px; height: 35px; text-align: center;\"><a href=\"https:\/\/agroflex.cz\/fr\/kategorie-produktu\/accessoires\/\" target=\"_blank\" rel=\"noopener\">Produits<\/a> connexes<\/td>\n<\/tr>\n<tr style=\"height: 24px;\">\n<td style=\"width: 165.517px; height: 24px; text-align: center;\">Garantie polycarbonate<\/td>\n<td style=\"width: 265.483px; height: 24px; text-align: center;\">10 ans<\/td>\n<\/tr>\n<tr style=\"height: 35px;\">\n<td style=\"width: 165.517px; height: 35px; text-align: center;\">Garantie de construction<\/td>\n<td style=\"width: 265.483px; height: 35px; text-align: center;\">2 ans<\/td>\n<\/tr>\n<tr style=\"height: 24px;\">\n<td style=\"width: 165.517px; height: 24px; text-align: center;\">Base \u2013 non requise<\/td>\n<td style=\"width: 265.483px; height: 24px; text-align: center;\">Pas n\u00e9cessaire<\/td>\n<\/tr>\n<\/tbody>\n<\/table>\n<p>[\/vc_column_text][vc_separator style=\u00a0\u00bbshadow\u00a0\u00bb border_width=\u00a0\u00bb5&Prime;][\/vc_column][vc_column width=\u00a0\u00bb1\/2&Prime;][vc_separator style=\u00a0\u00bbshadow\u00a0\u00bb border_width=\u00a0\u00bb5&Prime;][vc_column_text text_larger=\u00a0\u00bbno\u00a0\u00bb woodmart_inline=\u00a0\u00bbno\u00a0\u00bb]<\/p>\n<div class=\"wpb_text_column wpb_content_element\">\n<div class=\"wpb_wrapper\">\n<div class=\"wpb_text_column wpb_content_element\">\n<div class=\"wpb_wrapper\">\n<h3 style=\"text-align: center;\">Fixations<\/h3>\n<p>L\u2019assemblage d\u2019une serre est \u00e9galement simple et ne n\u00e9cessite pas de comp\u00e9tences particuli\u00e8res. Seul un ensemble minimal d\u2019outils est n\u00e9cessaire \u2013 une cl\u00e9, un tournevis, un couteau. Vous recevrez des instructions d\u00e9taill\u00e9es avec la serre. Les instructions illustr\u00e9es simplifieront davantage le processus de construction d\u2019une serre.   <\/p>\n<p>L\u2019assemblage s\u2019effectue \u00e0 la fois sur le terrain et sur les fondations. La fixation est assur\u00e9e par de solides <a href=\"https:\/\/agroflex.cz\/en\/produkt\/anchor-foot-x-set\/\" target=\"_blank\" rel=\"noopener\">pieds d\u2019ancrage<\/a> pour \u00e9viter qu\u2019il ne se renverse sous l\u2019influence de fortes rafales de vent. <\/p>\n<p>Si vous n\u2019avez pas le temps de l\u2019installer, <a href=\"https:\/\/agroflex.cz\/fr\/assemblage-de-la-serre\/\" target=\"_blank\" rel=\"noopener\"><strong>vous pouvez commander l\u2019installation<\/strong><\/a> aupr\u00e8s de nos sp\u00e9cialistes, qui assembleront tout pour vous avec une grande expertise et dans les plus brefs d\u00e9lais. Bien que l\u2019assemblage de l\u2019ensemble de la serre soit simple, il faut le plus de temps pour couper et d\u00e9limiter le polycarbonate et le monter sur les deux c\u00f4t\u00e9s avant de la serre. C\u2019est pourquoi nous vous offrons la possibilit\u00e9 de commander cette partie <a href=\"https:\/\/agroflex.cz\/fr\/assemblage-de-la-serre\/\" target=\"_blank\" rel=\"noopener\"><strong>de l\u2019assemblage<\/strong><\/a>, qui est effectu\u00e9e dans notre entrep\u00f4t, vous recevrez les deux faces avant remplies de polycarbonate du transporteur.  La serre peut \u00eatre modifi\u00e9e et la mise en \u0153uvre d\u2019extensions est possible \u00e0 l\u2019avenir, de sorte que la longueur th\u00e9orique de la serre est illimit\u00e9e.<\/p>\n<\/div>\n<\/div>\n<\/div>\n<\/div>\n<p>[\/vc_column_text][vc_separator style=\u00a0\u00bbshadow\u00a0\u00bb border_width=\u00a0\u00bb5&Prime;][vc_column_text woodmart_inline=\u00a0\u00bbno\u00a0\u00bb text_larger=\u00a0\u00bbno\u00a0\u00bb]<\/p>\n<h3 style=\"text-align: center;\">Alternatives<\/h3>\n<p>[\/vc_column_text]<div class=\"widget_products \"><div class=\"widget woocommerce widget_products\"><ul class=\"product_list_widget\"><li>\n\t\t<span class=\"widget-product-wrap\">\n\t\t<a href=\"https:\/\/agroflex.cz\/fr\/produit\/foyer-en-polycarbonate-mini-lux-petite-serre\/\" title=\"Foyer en polycarbonate MINI LUX - petite serre\" class=\"widget-product-img\">\n\t\t\t<img decoding=\"async\" width=\"300\" height=\"300\" src=\"https:\/\/agroflex.cz\/wp-content\/uploads\/2023\/09\/maly-sklenik-na-zahradu-300x300.jpg\" class=\"attachment-woocommerce_thumbnail size-woocommerce_thumbnail\" alt=\"Mal\u00fd sklen\u00edk z polykarbon\u00e1tu\" srcset=\"https:\/\/agroflex.cz\/wp-content\/uploads\/2023\/09\/maly-sklenik-na-zahradu-300x300.jpg 300w, https:\/\/agroflex.cz\/wp-content\/uploads\/2023\/09\/maly-sklenik-na-zahradu-150x150.jpg 150w\" sizes=\"(max-width: 300px) 100vw, 300px\" \/>\t\t<\/a>\n\t\t<span class=\"widget-product-info\">\n\t\t\t<a href=\"https:\/\/agroflex.cz\/fr\/produit\/foyer-en-polycarbonate-mini-lux-petite-serre\/\" title=\"Foyer en polycarbonate MINI LUX - petite serre\" class=\"wd-entities-title\">\n\t\t\t\tFoyer en polycarbonate MINI LUX - petite serre\t\t\t<\/a>\n\t\t\t\t\t\t\t\t\t\t\t\t\t<span class=\"price\"><span class=\"woocommerce-Price-amount amount\" aria-hidden=\"true\"><bdi>11 253<span class=\"woocommerce-Price-currencySymbol\">&#75;&#269;<\/span><\/bdi><\/span> <span aria-hidden=\"true\">\u00a0\u2013\u00a0<\/span> <span class=\"woocommerce-Price-amount amount\" aria-hidden=\"true\"><bdi>26 730<span class=\"woocommerce-Price-currencySymbol\">&#75;&#269;<\/span><\/bdi><\/span><span class=\"screen-reader-text\">Plage de prix\u00a0: 11 253&#75;&#269; \u00e0 26 730&#75;&#269;<\/span><\/span>\n\t\t<\/span>\n\t<\/span>\n\t<\/li>\n<\/ul><\/div><\/div>[vc_separator style=\u00a0\u00bbshadow\u00a0\u00bb border_width=\u00a0\u00bb5&Prime; wd_hide_on_desktop=\u00a0\u00bbno\u00a0\u00bb wd_hide_on_tablet=\u00a0\u00bbno\u00a0\u00bb wd_hide_on_mobile=\u00a0\u00bbno\u00a0\u00bb][\/vc_column][\/vc_row]<\/p>\n<\/div>","protected":false},"excerpt":{"rendered":"<p style=\"text-align: justify;\"><span style=\"font-size: 10pt;\">Largeur du lit chaud 1,5 m, hauteur 1,3 m, longueur \u00e0 partir de 2 m. Construction robuste galvanis\u00e9e \u00e0 chaud \u00e0 base d\u2019acier sans soudure. Arches solides non d\u00e9tachables. Polycarbonate sp\u00e9cial pour serres d\u2019une \u00e9paisseur de 4 mm avec un filtre UV. Montage simplifi\u00e9.    <\/span><\/p>\n","protected":false},"featured_media":0,"comment_status":"open","ping_status":"closed","template":"","meta":[],"product_brand":[],"product_cat":[484],"product_tag":[],"class_list":{"0":"post-28524","1":"product","2":"type-product","3":"status-publish","5":"product_cat-484","7":"first","8":"outofstock","9":"taxable","10":"shipping-taxable","11":"product-type-variable"},"_links":{"self":[{"href":"https:\/\/agroflex.cz\/fr\/wp-json\/wp\/v2\/product\/28524","targetHints":{"allow":["GET"]}}],"collection":[{"href":"https:\/\/agroflex.cz\/fr\/wp-json\/wp\/v2\/product"}],"about":[{"href":"https:\/\/agroflex.cz\/fr\/wp-json\/wp\/v2\/types\/product"}],"replies":[{"embeddable":true,"href":"https:\/\/agroflex.cz\/fr\/wp-json\/wp\/v2\/comments?post=28524"}],"wp:attachment":[{"href":"https:\/\/agroflex.cz\/fr\/wp-json\/wp\/v2\/media?parent=28524"}],"wp:term":[{"taxonomy":"product_brand","embeddable":true,"href":"https:\/\/agroflex.cz\/fr\/wp-json\/wp\/v2\/product_brand?post=28524"},{"taxonomy":"product_cat","embeddable":true,"href":"https:\/\/agroflex.cz\/fr\/wp-json\/wp\/v2\/product_cat?post=28524"},{"taxonomy":"product_tag","embeddable":true,"href":"https:\/\/agroflex.cz\/fr\/wp-json\/wp\/v2\/product_tag?post=28524"}],"curies":[{"name":"wp","href":"https:\/\/api.w.org\/{rel}","templated":true}]}}