{"id":28969,"date":"2023-09-04T21:00:40","date_gmt":"2023-09-04T21:00:40","guid":{"rendered":"https:\/\/agroflex.cz\/product\/connecteur-carre-en-acier-croix-acier-inox\/"},"modified":"2023-09-04T21:00:40","modified_gmt":"2023-09-04T21:00:40","slug":"connecteur-carre-en-acier-croix-acier-inox","status":"publish","type":"product","link":"https:\/\/agroflex.cz\/fr\/produit\/connecteur-carre-en-acier-croix-acier-inox\/","title":{"rendered":"Connecteur carr\u00e9 en acier, \u00ab&nbsp;Croix&nbsp;\u00bb, Acier &#8211; Inox"},"content":{"rendered":"","protected":false},"excerpt":{"rendered":"<p>Les connecteurs carr\u00e9s sont utilis\u00e9s pour connecter plusieurs profil\u00e9s. Les accouplements sont simplement pouss\u00e9s dans les profil\u00e9s et maintiennent de mani\u00e8re fiable. Une solution id\u00e9ale pour l\u2019assemblage d\u2019un cadre ou d\u2019une structure simple. Accouplement, droit sur acier 20 x 20 ou 40 x 20 mm, acier &#8211; acier inoxydable  <\/p>\n<p>Le prix est pour une paire &#8211; sans vis.<\/p>\n","protected":false},"featured_media":0,"comment_status":"open","ping_status":"closed","template":"","meta":[],"product_brand":[419],"product_cat":[523,1318],"product_tag":[],"class_list":{"0":"post-28969","1":"product","2":"type-product","3":"status-publish","5":"product_brand-agroflex","6":"product_cat-accessoires","7":"product_cat-elements-de-montage","9":"first","10":"instock","11":"sale","12":"taxable","13":"shipping-taxable","14":"purchasable","15":"product-type-simple"},"_links":{"self":[{"href":"https:\/\/agroflex.cz\/fr\/wp-json\/wp\/v2\/product\/28969","targetHints":{"allow":["GET"]}}],"collection":[{"href":"https:\/\/agroflex.cz\/fr\/wp-json\/wp\/v2\/product"}],"about":[{"href":"https:\/\/agroflex.cz\/fr\/wp-json\/wp\/v2\/types\/product"}],"replies":[{"embeddable":true,"href":"https:\/\/agroflex.cz\/fr\/wp-json\/wp\/v2\/comments?post=28969"}],"wp:attachment":[{"href":"https:\/\/agroflex.cz\/fr\/wp-json\/wp\/v2\/media?parent=28969"}],"wp:term":[{"taxonomy":"product_brand","embeddable":true,"href":"https:\/\/agroflex.cz\/fr\/wp-json\/wp\/v2\/product_brand?post=28969"},{"taxonomy":"product_cat","embeddable":true,"href":"https:\/\/agroflex.cz\/fr\/wp-json\/wp\/v2\/product_cat?post=28969"},{"taxonomy":"product_tag","embeddable":true,"href":"https:\/\/agroflex.cz\/fr\/wp-json\/wp\/v2\/product_tag?post=28969"}],"curies":[{"name":"wp","href":"https:\/\/api.w.org\/{rel}","templated":true}]}}