{"id":29055,"date":"2023-09-04T21:00:41","date_gmt":"2023-09-04T21:00:41","guid":{"rendered":"https:\/\/agroflex.cz\/product\/kit-dancrage-en-beton-ancrage-en-acier-a-poutre-avec-vis\/"},"modified":"2023-09-04T21:00:41","modified_gmt":"2023-09-04T21:00:41","slug":"kit-dancrage-en-beton-ancrage-en-acier-a-poutre-avec-vis","status":"publish","type":"product","link":"https:\/\/agroflex.cz\/fr\/produit\/kit-dancrage-en-beton-ancrage-en-acier-a-poutre-avec-vis\/","title":{"rendered":"Kit d\u2019ancrage en b\u00e9ton &#8211; Ancrage en acier \u00e0 poutre avec vis"},"content":{"rendered":"","protected":false},"excerpt":{"rendered":"<p>Ancre tubulaire en acier<\/p>\n<p>Ancrage traversant avec vis pour le montage structurel dans la zone press\u00e9e du b\u00e9ton &#8211; il s\u2019agit d\u2019un ancrage m\u00e9canique \u00e0 expansion universelle. La forme optimale minimise l\u2019\u00e9nergie n\u00e9cessaire \u00e0 l\u2019installation et permet ainsi une utilisation m\u00eame dans des espaces confin\u00e9s. Cela garantit une installation conviviale. Pour l\u2019ancrage de structures en acier, de machines, de profil\u00e9s porteurs, de racks, de chemins de c\u00e2bles.   <\/p>\n<p>Diam\u00e8tre : 10 mm<\/p>\n<p>Longueur&nbsp;: 80 mm<\/p>\n<p>Mat\u00e9riau : Acier<\/p>\n<p>Boule &#8211; 4 pi\u00e8ces<\/p>\n","protected":false},"featured_media":12391,"comment_status":"open","ping_status":"closed","template":"","meta":[],"product_brand":[419],"product_cat":[523,1318,1306],"product_tag":[],"class_list":{"0":"post-29055","1":"product","2":"type-product","3":"status-publish","4":"has-post-thumbnail","6":"product_brand-agroflex","7":"product_cat-accessoires","8":"product_cat-elements-de-montage","9":"product_cat-ancrage-de-serre","11":"first","12":"instock","13":"taxable","14":"shipping-taxable","15":"purchasable","16":"product-type-simple"},"_links":{"self":[{"href":"https:\/\/agroflex.cz\/fr\/wp-json\/wp\/v2\/product\/29055","targetHints":{"allow":["GET"]}}],"collection":[{"href":"https:\/\/agroflex.cz\/fr\/wp-json\/wp\/v2\/product"}],"about":[{"href":"https:\/\/agroflex.cz\/fr\/wp-json\/wp\/v2\/types\/product"}],"replies":[{"embeddable":true,"href":"https:\/\/agroflex.cz\/fr\/wp-json\/wp\/v2\/comments?post=29055"}],"wp:featuredmedia":[{"embeddable":true,"href":"https:\/\/agroflex.cz\/fr\/wp-json\/wp\/v2\/media\/12391"}],"wp:attachment":[{"href":"https:\/\/agroflex.cz\/fr\/wp-json\/wp\/v2\/media?parent=29055"}],"wp:term":[{"taxonomy":"product_brand","embeddable":true,"href":"https:\/\/agroflex.cz\/fr\/wp-json\/wp\/v2\/product_brand?post=29055"},{"taxonomy":"product_cat","embeddable":true,"href":"https:\/\/agroflex.cz\/fr\/wp-json\/wp\/v2\/product_cat?post=29055"},{"taxonomy":"product_tag","embeddable":true,"href":"https:\/\/agroflex.cz\/fr\/wp-json\/wp\/v2\/product_tag?post=29055"}],"curies":[{"name":"wp","href":"https:\/\/api.w.org\/{rel}","templated":true}]}}