{"id":29406,"date":"2023-09-04T21:00:52","date_gmt":"2023-09-04T21:00:52","guid":{"rendered":"https:\/\/agroflex.cz\/product\/abri-dauto-grande-6-garden\/"},"modified":"2025-09-20T14:43:14","modified_gmt":"2025-09-20T14:43:14","slug":"abri-dauto-grande-6-garden","status":"publish","type":"product","link":"https:\/\/agroflex.cz\/fr\/produit\/abri-dauto-grande-6-garden\/","title":{"rendered":"Abri d\u2019auto GRANDE 6 Garden"},"content":{"rendered":"<div class=\"wpb-content-wrapper\"><p>[vc_row][vc_column][vc_column_text css=\u00a0\u00bb\u00a0\u00bb woodmart_inline=\u00a0\u00bbno\u00a0\u00bb text_larger=\u00a0\u00bbno\u00a0\u00bb]<\/p>\n<h2 class=\"product_title entry-title\" style=\"text-align: center;\">GRANDE 6 &#8211; Abri de jardin en acier<\/h2>\n<p><strong>Sp\u00e9cification:<\/strong><\/p>\n<p>Longueur 600 cm (plus longue possibilit\u00e9 &#8211; modulation par incr\u00e9ments de 2 m)<br \/>\nLargeur 340 cm<br \/>\nLargeur (nette) 300 cm<br \/>\nHauteur 288 cm<br \/>\nHauteur (nette) 267 cm<br \/>\nHauteur (c\u00f4t\u00e9) 230 cm<br \/>\nMat\u00e9riau du vitrage : polycarbonate cellulaire 6 mm avec protection<br \/>\nUV Couleur du polycarbonate : marron ou jaune<br \/>\nMat\u00e9riau de construction : en acier thermolaqu\u00e9<br \/>\nPoteau &#8211; acier 60 x 60 mm,  \u00c9paisseur du m\u00e9tal 2 mm<br \/>\nArcs de toit &#8211; acier 25 x 25 mm, \u00e9paisseur du m\u00e9tal 2 mm<br \/>\nCharge admissible jusqu\u2019\u00e0 2000 kg<br \/>\nLa fixation est assur\u00e9e par de solides pieds d\u2019ancrage pour l\u2019emp\u00eacher de basculer sous l\u2019influence de fortes rafales de vent.<\/p>\n<p>L\u2019installation de l\u2019abri doit \u00eatre r\u00e9alis\u00e9e sur un socle plat arm\u00e9 (b\u00e9ton de pr\u00e9f\u00e9rence, tuiles, etc.).[\/vc_column_text][\/vc_column][\/vc_row]<\/p>\n<\/div>","protected":false},"excerpt":{"rendered":"<p>Largeur 340 cm, hauteur 288 cm, longueur 600 cm, hauteur (c\u00f4t\u00e9) 230 cm. Le cadre m\u00e9tallique robuste et de haute qualit\u00e9 peut r\u00e9sister \u00e0 des conditions m\u00e9t\u00e9orologiques d\u00e9favorables. Un abri de voiture de garage prot\u00e8ge votre voiture des dangers des intemp\u00e9ries., et aussi, surtout, il prot\u00e9gera la peinture de votre voiture des rayons UV du soleil. Si vous n\u2019avez pas un grand jardin, vous pouvez utiliser l\u2019abri d\u2019auto du garage d\u2019une autre mani\u00e8re &#8211; comme abri de pergola pour s\u2019asseoir, abri d\u2019auto, abri \u00e0 v\u00e9los, poubelle, salle d\u2019attente des bus, etc.<\/p>\n","protected":false},"featured_media":11752,"comment_status":"open","ping_status":"closed","template":"","meta":[],"product_brand":[419],"product_cat":[1342],"product_tag":[],"class_list":{"0":"post-29406","1":"product","2":"type-product","3":"status-publish","4":"has-post-thumbnail","6":"product_brand-agroflex","7":"product_cat-abri-dauto","9":"first","10":"onbackorder","11":"taxable","12":"shipping-taxable","13":"product-type-simple"},"_links":{"self":[{"href":"https:\/\/agroflex.cz\/fr\/wp-json\/wp\/v2\/product\/29406","targetHints":{"allow":["GET"]}}],"collection":[{"href":"https:\/\/agroflex.cz\/fr\/wp-json\/wp\/v2\/product"}],"about":[{"href":"https:\/\/agroflex.cz\/fr\/wp-json\/wp\/v2\/types\/product"}],"replies":[{"embeddable":true,"href":"https:\/\/agroflex.cz\/fr\/wp-json\/wp\/v2\/comments?post=29406"}],"wp:featuredmedia":[{"embeddable":true,"href":"https:\/\/agroflex.cz\/fr\/wp-json\/wp\/v2\/media\/11752"}],"wp:attachment":[{"href":"https:\/\/agroflex.cz\/fr\/wp-json\/wp\/v2\/media?parent=29406"}],"wp:term":[{"taxonomy":"product_brand","embeddable":true,"href":"https:\/\/agroflex.cz\/fr\/wp-json\/wp\/v2\/product_brand?post=29406"},{"taxonomy":"product_cat","embeddable":true,"href":"https:\/\/agroflex.cz\/fr\/wp-json\/wp\/v2\/product_cat?post=29406"},{"taxonomy":"product_tag","embeddable":true,"href":"https:\/\/agroflex.cz\/fr\/wp-json\/wp\/v2\/product_tag?post=29406"}],"curies":[{"name":"wp","href":"https:\/\/api.w.org\/{rel}","templated":true}]}}