{"id":29976,"date":"2023-09-04T21:01:17","date_gmt":"2023-09-04T21:01:17","guid":{"rendered":"https:\/\/agroflex.cz\/product\/set-s-accessoires-de-serre\/"},"modified":"2023-09-04T21:01:17","modified_gmt":"2023-09-04T21:01:17","slug":"set-s-accessoires-de-serre","status":"publish","type":"product","link":"https:\/\/agroflex.cz\/fr\/produit\/set-s-accessoires-de-serre\/","title":{"rendered":"set &#8211; S &#8211; accessoires de serre"},"content":{"rendered":"","protected":false},"excerpt":{"rendered":"<p>L\u2019ensemble convient aux serres vo\u00fbt\u00e9es d\u2019une largeur de 2 &#8211; 2,5 &#8211; 3 m, longueur de 4, 6, 8 m<\/p>\n<p>L\u2019ensemble contient tout ce dont vous avez besoin pour prot\u00e9ger le polycarbonate 4-6-8mm :<\/p>\n<ul>\n<li>Bandes d\u2019extr\u00e9mit\u00e9 en U pour polycarbonate &#8211; (set S4 &#8211; 11 pi\u00e8ces, set S6 &#8211; 13 pi\u00e8ces, set S8 &#8211; 15 pi\u00e8ces)<\/li>\n<li>Ruban d\u2019a\u00e9ration perm\u00e9able \u00e0 la vapeur AntiDust 3500 &#8211; (set S4 &#8211; 1 pi\u00e8ce, set S6 &#8211; 2 pi\u00e8ces, set S8 &#8211; 2 pi\u00e8ces)<\/li>\n<\/ul>\n","protected":false},"featured_media":0,"comment_status":"open","ping_status":"closed","template":"","meta":[],"product_brand":[419],"product_cat":[523],"product_tag":[],"class_list":{"0":"post-29976","1":"product","2":"type-product","3":"status-publish","5":"product_brand-agroflex","6":"product_cat-accessoires","8":"first","9":"instock","10":"taxable","11":"shipping-taxable","12":"purchasable","13":"product-type-variable","14":"has-default-attributes"},"_links":{"self":[{"href":"https:\/\/agroflex.cz\/fr\/wp-json\/wp\/v2\/product\/29976","targetHints":{"allow":["GET"]}}],"collection":[{"href":"https:\/\/agroflex.cz\/fr\/wp-json\/wp\/v2\/product"}],"about":[{"href":"https:\/\/agroflex.cz\/fr\/wp-json\/wp\/v2\/types\/product"}],"replies":[{"embeddable":true,"href":"https:\/\/agroflex.cz\/fr\/wp-json\/wp\/v2\/comments?post=29976"}],"wp:attachment":[{"href":"https:\/\/agroflex.cz\/fr\/wp-json\/wp\/v2\/media?parent=29976"}],"wp:term":[{"taxonomy":"product_brand","embeddable":true,"href":"https:\/\/agroflex.cz\/fr\/wp-json\/wp\/v2\/product_brand?post=29976"},{"taxonomy":"product_cat","embeddable":true,"href":"https:\/\/agroflex.cz\/fr\/wp-json\/wp\/v2\/product_cat?post=29976"},{"taxonomy":"product_tag","embeddable":true,"href":"https:\/\/agroflex.cz\/fr\/wp-json\/wp\/v2\/product_tag?post=29976"}],"curies":[{"name":"wp","href":"https:\/\/api.w.org\/{rel}","templated":true}]}}