{"id":30546,"date":"2023-09-04T21:01:46","date_gmt":"2023-09-04T21:01:46","guid":{"rendered":"https:\/\/agroflex.cz\/product\/fenetre-de-ventilation-profi-plus\/"},"modified":"2023-09-04T21:01:46","modified_gmt":"2023-09-04T21:01:46","slug":"fenetre-de-ventilation-profi-plus","status":"publish","type":"product","link":"https:\/\/agroflex.cz\/fr\/produit\/fenetre-de-ventilation-profi-plus\/","title":{"rendered":"Fen\u00eatre de ventilation &#8211; PROFI PLUS"},"content":{"rendered":"<p><strong> <\/strong><\/p>\n<p>&nbsp;<\/p>\n<p>&nbsp;<\/p>\n","protected":false},"excerpt":{"rendered":"<p>La fen\u00eatre de ventilation lat\u00e9rale du toit est utilis\u00e9e pour r\u00e9guler la temp\u00e9rature interne dans la serre. Il s\u2019agit d\u2019un produit d\u2019extension original pour la serre de jardin en polycarbonate PROFI PLUS. Le cadre de la fen\u00eatre est fabriqu\u00e9, comme l\u2019ensemble de la serre, \u00e0 partir de profil\u00e9s galvanis\u00e9s. Aciers. La fen\u00eatre de ventilation est enti\u00e8rement compatible avec l\u2019ouvre-porte automatique Aero-100, Thermovent, Univent, Megavent, qui peut \u00eatre command\u00e9 avec cette fen\u00eatre. L\u2019emballage contient tous les composants de montage n\u00e9cessaires.     <\/p>\n","protected":false},"featured_media":12820,"comment_status":"open","ping_status":"closed","template":"","meta":[],"product_brand":[419],"product_cat":[523,1336],"product_tag":[],"class_list":{"0":"post-30546","1":"product","2":"type-product","3":"status-publish","4":"has-post-thumbnail","6":"product_brand-agroflex","7":"product_cat-accessoires","8":"product_cat-fenetres-daeration","10":"first","11":"instock","12":"taxable","13":"shipping-taxable","14":"purchasable","15":"product-type-simple"},"_links":{"self":[{"href":"https:\/\/agroflex.cz\/fr\/wp-json\/wp\/v2\/product\/30546","targetHints":{"allow":["GET"]}}],"collection":[{"href":"https:\/\/agroflex.cz\/fr\/wp-json\/wp\/v2\/product"}],"about":[{"href":"https:\/\/agroflex.cz\/fr\/wp-json\/wp\/v2\/types\/product"}],"replies":[{"embeddable":true,"href":"https:\/\/agroflex.cz\/fr\/wp-json\/wp\/v2\/comments?post=30546"}],"wp:featuredmedia":[{"embeddable":true,"href":"https:\/\/agroflex.cz\/fr\/wp-json\/wp\/v2\/media\/12820"}],"wp:attachment":[{"href":"https:\/\/agroflex.cz\/fr\/wp-json\/wp\/v2\/media?parent=30546"}],"wp:term":[{"taxonomy":"product_brand","embeddable":true,"href":"https:\/\/agroflex.cz\/fr\/wp-json\/wp\/v2\/product_brand?post=30546"},{"taxonomy":"product_cat","embeddable":true,"href":"https:\/\/agroflex.cz\/fr\/wp-json\/wp\/v2\/product_cat?post=30546"},{"taxonomy":"product_tag","embeddable":true,"href":"https:\/\/agroflex.cz\/fr\/wp-json\/wp\/v2\/product_tag?post=30546"}],"curies":[{"name":"wp","href":"https:\/\/api.w.org\/{rel}","templated":true}]}}