{"id":30559,"date":"2023-09-04T21:02:03","date_gmt":"2023-09-04T21:02:03","guid":{"rendered":"https:\/\/agroflex.cz\/product\/base-en-tole-pour-lit-chaud-dune-largeur-de-1m\/"},"modified":"2023-09-04T21:02:03","modified_gmt":"2023-09-04T21:02:03","slug":"base-en-tole-pour-lit-chaud-dune-largeur-de-1m","status":"publish","type":"product","link":"https:\/\/agroflex.cz\/fr\/produit\/base-en-tole-pour-lit-chaud-dune-largeur-de-1m\/","title":{"rendered":"Base en t\u00f4le pour lit chaud d\u2019une largeur de 1m"},"content":{"rendered":"","protected":false},"excerpt":{"rendered":"<p>Les bases r\u00e9duisent l\u2019activit\u00e9 de corrosion, pour les foyers de jardin de tous types d\u2019une largeur de 1 m. Il s\u2019agit d\u2019un syst\u00e8me unique qui remplace la base au cas o\u00f9 il ne serait pas possible de construire une fondation en b\u00e9ton solide ou une fondation en briques ou en tuiles. Cette base sur\u00e9l\u00e8ve le foyer d\u2019environ 20 cm. La base de levage est constitu\u00e9e de profil\u00e9s galvanis\u00e9s. Pieds d\u2019ancrage inclus.    <\/p>\n<p>Dimensions de base (l &#8211; l) 1 x 2m (plus long possible &#8211; modulation sur une longueur de 2m)<\/p>\n","protected":false},"featured_media":32398,"comment_status":"open","ping_status":"closed","template":"","meta":[],"product_brand":[419],"product_cat":[523,1306],"product_tag":[],"class_list":{"0":"post-30559","1":"product","2":"type-product","3":"status-publish","4":"has-post-thumbnail","6":"product_brand-agroflex","7":"product_cat-accessoires","8":"product_cat-ancrage-de-serre","10":"first","11":"instock","12":"sale","13":"taxable","14":"shipping-taxable","15":"purchasable","16":"product-type-variable","17":"has-default-attributes"},"_links":{"self":[{"href":"https:\/\/agroflex.cz\/fr\/wp-json\/wp\/v2\/product\/30559","targetHints":{"allow":["GET"]}}],"collection":[{"href":"https:\/\/agroflex.cz\/fr\/wp-json\/wp\/v2\/product"}],"about":[{"href":"https:\/\/agroflex.cz\/fr\/wp-json\/wp\/v2\/types\/product"}],"replies":[{"embeddable":true,"href":"https:\/\/agroflex.cz\/fr\/wp-json\/wp\/v2\/comments?post=30559"}],"wp:featuredmedia":[{"embeddable":true,"href":"https:\/\/agroflex.cz\/fr\/wp-json\/wp\/v2\/media\/32398"}],"wp:attachment":[{"href":"https:\/\/agroflex.cz\/fr\/wp-json\/wp\/v2\/media?parent=30559"}],"wp:term":[{"taxonomy":"product_brand","embeddable":true,"href":"https:\/\/agroflex.cz\/fr\/wp-json\/wp\/v2\/product_brand?post=30559"},{"taxonomy":"product_cat","embeddable":true,"href":"https:\/\/agroflex.cz\/fr\/wp-json\/wp\/v2\/product_cat?post=30559"},{"taxonomy":"product_tag","embeddable":true,"href":"https:\/\/agroflex.cz\/fr\/wp-json\/wp\/v2\/product_tag?post=30559"}],"curies":[{"name":"wp","href":"https:\/\/api.w.org\/{rel}","templated":true}]}}