{"id":30635,"date":"2023-09-04T21:02:04","date_gmt":"2023-09-04T21:02:04","guid":{"rendered":"https:\/\/agroflex.cz\/product\/set-sr-accessoires-de-serre\/"},"modified":"2023-09-04T21:02:04","modified_gmt":"2023-09-04T21:02:04","slug":"set-sr-accessoires-de-serre","status":"publish","type":"product","link":"https:\/\/agroflex.cz\/fr\/produit\/set-sr-accessoires-de-serre\/","title":{"rendered":"set &#8211; SR &#8211; accessoires de serre"},"content":{"rendered":"","protected":false},"excerpt":{"rendered":"<p>L\u2019ensemble convient aux serres \u00e0 c\u00f4t\u00e9s droits d\u2019une largeur de 2 &#8211; 2,5 \u00e0 3 m, d\u2019une longueur de 4, 6, 8 m<\/p>\n<p>L\u2019ensemble contient tout ce dont vous avez besoin pour prot\u00e9ger le polycarbonate 4-6-8mm :<\/p>\n<ul>\n<li>Bandes d\u2019extr\u00e9mit\u00e9 en U pour polycarbonate &#8211; (set SR4 &#8211; 15 pi\u00e8ces, set SR6 &#8211; 19 pi\u00e8ces, set SR19 &#8211; 23 pi\u00e8ces)<\/li>\n<li>ruban de ventilation perm\u00e9able \u00e0 la vapeur AntiDust 3500 &#8211; (set SR4 &#8211; 2 pi\u00e8ces, set SR6 &#8211; 2 pi\u00e8ces, set SR8 &#8211; 3 pi\u00e8ces)<\/li>\n<\/ul>\n","protected":false},"featured_media":0,"comment_status":"open","ping_status":"closed","template":"","meta":[],"product_brand":[419],"product_cat":[523],"product_tag":[],"class_list":{"0":"post-30635","1":"product","2":"type-product","3":"status-publish","5":"product_brand-agroflex","6":"product_cat-accessoires","8":"first","9":"instock","10":"taxable","11":"shipping-taxable","12":"purchasable","13":"product-type-variable","14":"has-default-attributes"},"_links":{"self":[{"href":"https:\/\/agroflex.cz\/fr\/wp-json\/wp\/v2\/product\/30635","targetHints":{"allow":["GET"]}}],"collection":[{"href":"https:\/\/agroflex.cz\/fr\/wp-json\/wp\/v2\/product"}],"about":[{"href":"https:\/\/agroflex.cz\/fr\/wp-json\/wp\/v2\/types\/product"}],"replies":[{"embeddable":true,"href":"https:\/\/agroflex.cz\/fr\/wp-json\/wp\/v2\/comments?post=30635"}],"wp:attachment":[{"href":"https:\/\/agroflex.cz\/fr\/wp-json\/wp\/v2\/media?parent=30635"}],"wp:term":[{"taxonomy":"product_brand","embeddable":true,"href":"https:\/\/agroflex.cz\/fr\/wp-json\/wp\/v2\/product_brand?post=30635"},{"taxonomy":"product_cat","embeddable":true,"href":"https:\/\/agroflex.cz\/fr\/wp-json\/wp\/v2\/product_cat?post=30635"},{"taxonomy":"product_tag","embeddable":true,"href":"https:\/\/agroflex.cz\/fr\/wp-json\/wp\/v2\/product_tag?post=30635"}],"curies":[{"name":"wp","href":"https:\/\/api.w.org\/{rel}","templated":true}]}}