{"id":30740,"date":"2023-09-04T21:00:32","date_gmt":"2023-09-04T21:00:32","guid":{"rendered":"https:\/\/agroflex.cz\/product\/ruban-de-ventilation-permeable-a-la-vapeur-antidust-3500\/"},"modified":"2026-04-01T11:57:26","modified_gmt":"2026-04-01T11:57:26","slug":"ruban-de-ventilation-permeable-a-la-vapeur-antidust-3500","status":"publish","type":"product","link":"https:\/\/agroflex.cz\/fr\/produit\/ruban-de-ventilation-permeable-a-la-vapeur-antidust-3500\/","title":{"rendered":"Ruban de ventilation perm\u00e9able \u00e0 la vapeur AntiDust 3500"},"content":{"rendered":"","protected":false},"excerpt":{"rendered":"<p>Ruban de ventilation ouvert \u00e0 diffusion ANtiDust 3500 pour l\u2019\u00e9tanch\u00e9it\u00e9 des cavit\u00e9s des feuilles de viroles en polycarbonate. Il emp\u00eache la poussi\u00e8re et la salet\u00e9 de p\u00e9n\u00e9trer dans les cavit\u00e9s. Le ruban \u00e0 diffusion ouverte sur une face retient l\u2019humidit\u00e9 vers les cavit\u00e9s. Le ruban de ventilation laisse l\u2019humidit\u00e9 s\u2019\u00e9chapper des cavit\u00e9s. Pour la fermeture des cavit\u00e9s des feuilles de virole en polycarbonate 4-10mm. Longueur 33m     <\/p>\n","protected":false},"featured_media":12615,"comment_status":"open","ping_status":"closed","template":"","meta":[],"product_brand":[419],"product_cat":[523,1312,1300],"product_tag":[],"class_list":{"0":"post-30740","1":"product","2":"type-product","3":"status-publish","4":"has-post-thumbnail","6":"product_brand-agroflex","7":"product_cat-accessoires","8":"product_cat-bordures-de-cartes-pc","9":"product_cat-feuilles-de-polycarbonate","11":"first","12":"instock","13":"taxable","14":"shipping-taxable","15":"purchasable","16":"product-type-simple"},"_links":{"self":[{"href":"https:\/\/agroflex.cz\/fr\/wp-json\/wp\/v2\/product\/30740","targetHints":{"allow":["GET"]}}],"collection":[{"href":"https:\/\/agroflex.cz\/fr\/wp-json\/wp\/v2\/product"}],"about":[{"href":"https:\/\/agroflex.cz\/fr\/wp-json\/wp\/v2\/types\/product"}],"replies":[{"embeddable":true,"href":"https:\/\/agroflex.cz\/fr\/wp-json\/wp\/v2\/comments?post=30740"}],"wp:featuredmedia":[{"embeddable":true,"href":"https:\/\/agroflex.cz\/fr\/wp-json\/wp\/v2\/media\/12615"}],"wp:attachment":[{"href":"https:\/\/agroflex.cz\/fr\/wp-json\/wp\/v2\/media?parent=30740"}],"wp:term":[{"taxonomy":"product_brand","embeddable":true,"href":"https:\/\/agroflex.cz\/fr\/wp-json\/wp\/v2\/product_brand?post=30740"},{"taxonomy":"product_cat","embeddable":true,"href":"https:\/\/agroflex.cz\/fr\/wp-json\/wp\/v2\/product_cat?post=30740"},{"taxonomy":"product_tag","embeddable":true,"href":"https:\/\/agroflex.cz\/fr\/wp-json\/wp\/v2\/product_tag?post=30740"}],"curies":[{"name":"wp","href":"https:\/\/api.w.org\/{rel}","templated":true}]}}