{"id":30873,"date":"2023-09-04T21:00:32","date_gmt":"2023-09-04T21:00:32","guid":{"rendered":"https:\/\/agroflex.cz\/product\/bordure-de-lit-universelle-lego\/"},"modified":"2023-09-04T21:00:32","modified_gmt":"2023-09-04T21:00:32","slug":"bordure-de-lit-universelle-lego","status":"publish","type":"product","link":"https:\/\/agroflex.cz\/fr\/produit\/bordure-de-lit-universelle-lego\/","title":{"rendered":"Bordure de lit universelle LEGO"},"content":{"rendered":"","protected":false},"excerpt":{"rendered":"<p>Ce parc en bordure de lit s\u00e9parera facilement votre jardin, votre plate-bande, votre cour arri\u00e8re ou votre pelouse. Une bordure plongeante en acier est utilis\u00e9e pour cr\u00e9er un lit sur\u00e9lev\u00e9. Un m\u00e9canisme simple et fiable de connexion des sections vous permettra d\u2019assembler et d\u2019installer un lit sur\u00e9lev\u00e9 de diff\u00e9rentes tailles et formes en quelques minutes sans outil professionnel. Des modules individuels de m\u00eame hauteur ou longueur peuvent \u00eatre combin\u00e9s dans diff\u00e9rentes compositions. Le parterre de fleurs est fait de t\u00f4le \u00e9paisse, qui est galvanis\u00e9e.    <\/p>\n<p>Avantages:<\/p>\n<ul>\n<li>Manipulation et installation faciles (il suffit de glisser dans le sol)<\/li>\n<li>vous permet d\u2019assembler et d\u2019installer un lit sur\u00e9lev\u00e9 de diff\u00e9rentes tailles et formes<\/li>\n<li>Construction stable gr\u00e2ce aux pieds (pieds ronds) encastr\u00e9s dans le sol<\/li>\n<li>Syst\u00e8me de connexion facile des modules (aucun outil requis)<\/li>\n<li>Peut \u00eatre pli\u00e9 et rang\u00e9 hors saison<\/li>\n<\/ul>\n<p>Le paquet contient 2 modules (paires).<\/p>\n<p>Longueur d&rsquo;1 module : 65 cm \/ 90 cm \/ 197 cm<\/p>\n<p>La hauteur de la cl\u00f4ture est de 19 cm \/ la p\u00e9n\u00e9tration dans le sol est de 19 cm Construction tr\u00e8s stable gr\u00e2ce aux pieds &#8211; encastr\u00e9s dans le sol. L\u2019assemblage est tr\u00e8s simple. Le parterre de fleurs est fait de t\u00f4le \u00e9paisse, qui est galvanis\u00e9e. Les bords de la cl\u00f4ture sont soigneusement pli\u00e9s et peuvent \u00eatre assembl\u00e9s en toute s\u00e9curit\u00e9.   <\/p>\n<p>Le prix est pour une paire de la m\u00eame taille<\/p>\n<p>&nbsp;<\/p>\n","protected":false},"featured_media":12257,"comment_status":"open","ping_status":"closed","template":"","meta":[],"product_brand":[419],"product_cat":[523,1349,1373,1361],"product_tag":[],"class_list":{"0":"post-30873","1":"product","2":"type-product","3":"status-publish","4":"has-post-thumbnail","6":"product_brand-agroflex","7":"product_cat-accessoires","8":"product_cat-lits-sureleves","9":"product_cat-bordures-de-jardin","10":"product_cat-parterres-de-fleurs-en-metal","12":"first","13":"instock","14":"sale","15":"taxable","16":"shipping-taxable","17":"purchasable","18":"product-type-variable","19":"has-default-attributes"},"_links":{"self":[{"href":"https:\/\/agroflex.cz\/fr\/wp-json\/wp\/v2\/product\/30873","targetHints":{"allow":["GET"]}}],"collection":[{"href":"https:\/\/agroflex.cz\/fr\/wp-json\/wp\/v2\/product"}],"about":[{"href":"https:\/\/agroflex.cz\/fr\/wp-json\/wp\/v2\/types\/product"}],"replies":[{"embeddable":true,"href":"https:\/\/agroflex.cz\/fr\/wp-json\/wp\/v2\/comments?post=30873"}],"wp:featuredmedia":[{"embeddable":true,"href":"https:\/\/agroflex.cz\/fr\/wp-json\/wp\/v2\/media\/12257"}],"wp:attachment":[{"href":"https:\/\/agroflex.cz\/fr\/wp-json\/wp\/v2\/media?parent=30873"}],"wp:term":[{"taxonomy":"product_brand","embeddable":true,"href":"https:\/\/agroflex.cz\/fr\/wp-json\/wp\/v2\/product_brand?post=30873"},{"taxonomy":"product_cat","embeddable":true,"href":"https:\/\/agroflex.cz\/fr\/wp-json\/wp\/v2\/product_cat?post=30873"},{"taxonomy":"product_tag","embeddable":true,"href":"https:\/\/agroflex.cz\/fr\/wp-json\/wp\/v2\/product_tag?post=30873"}],"curies":[{"name":"wp","href":"https:\/\/api.w.org\/{rel}","templated":true}]}}