{"id":31068,"date":"2023-09-04T21:00:33","date_gmt":"2023-09-04T21:00:33","guid":{"rendered":"https:\/\/agroflex.cz\/product\/un-ensemble-de-treillis-metalliques-pour-plantes-grimpantes\/"},"modified":"2023-09-04T21:00:33","modified_gmt":"2023-09-04T21:00:33","slug":"un-ensemble-de-treillis-metalliques-pour-plantes-grimpantes","status":"publish","type":"product","link":"https:\/\/agroflex.cz\/fr\/produit\/un-ensemble-de-treillis-metalliques-pour-plantes-grimpantes\/","title":{"rendered":"Un ensemble de treillis m\u00e9talliques pour plantes grimpantes"},"content":{"rendered":"","protected":false},"excerpt":{"rendered":"<p>Des fils tendus sous le toit de la serre con\u00e7us pour attacher les plantes vous permettent d\u2019attacher des cordes d\u2019amarrage ou des filets. L\u2019ensemble de treillis m\u00e9tallique est tr\u00e8s durable et convient \u00e0 tous les types de plantes grimpantes. Comprend 4 &#8211; 6 &#8211; 8 &#8211; 10 m\u00e8tres de fil d\u2019acier inoxydable et poign\u00e9es   <\/p>\n","protected":false},"featured_media":11669,"comment_status":"open","ping_status":"closed","template":"","meta":[],"product_brand":[419],"product_cat":[523,1318],"product_tag":[],"class_list":{"0":"post-31068","1":"product","2":"type-product","3":"status-publish","4":"has-post-thumbnail","6":"product_brand-agroflex","7":"product_cat-accessoires","8":"product_cat-elements-de-montage","10":"first","11":"instock","12":"taxable","13":"shipping-taxable","14":"purchasable","15":"product-type-variable"},"_links":{"self":[{"href":"https:\/\/agroflex.cz\/fr\/wp-json\/wp\/v2\/product\/31068","targetHints":{"allow":["GET"]}}],"collection":[{"href":"https:\/\/agroflex.cz\/fr\/wp-json\/wp\/v2\/product"}],"about":[{"href":"https:\/\/agroflex.cz\/fr\/wp-json\/wp\/v2\/types\/product"}],"replies":[{"embeddable":true,"href":"https:\/\/agroflex.cz\/fr\/wp-json\/wp\/v2\/comments?post=31068"}],"wp:featuredmedia":[{"embeddable":true,"href":"https:\/\/agroflex.cz\/fr\/wp-json\/wp\/v2\/media\/11669"}],"wp:attachment":[{"href":"https:\/\/agroflex.cz\/fr\/wp-json\/wp\/v2\/media?parent=31068"}],"wp:term":[{"taxonomy":"product_brand","embeddable":true,"href":"https:\/\/agroflex.cz\/fr\/wp-json\/wp\/v2\/product_brand?post=31068"},{"taxonomy":"product_cat","embeddable":true,"href":"https:\/\/agroflex.cz\/fr\/wp-json\/wp\/v2\/product_cat?post=31068"},{"taxonomy":"product_tag","embeddable":true,"href":"https:\/\/agroflex.cz\/fr\/wp-json\/wp\/v2\/product_tag?post=31068"}],"curies":[{"name":"wp","href":"https:\/\/api.w.org\/{rel}","templated":true}]}}