{"id":31303,"date":"2023-09-04T21:00:33","date_gmt":"2023-09-04T21:00:33","guid":{"rendered":"https:\/\/agroflex.cz\/product\/base-en-tole-botanik-pour-serres\/"},"modified":"2023-09-04T21:00:33","modified_gmt":"2023-09-04T21:00:33","slug":"base-en-tole-botanik-pour-serres","status":"publish","type":"product","link":"https:\/\/agroflex.cz\/fr\/produit\/base-en-tole-botanik-pour-serres\/","title":{"rendered":"Base en t\u00f4le Botanik pour serres"},"content":{"rendered":"","protected":false},"excerpt":{"rendered":"<p>La base r\u00e9duit l\u2019activit\u00e9 de la corrosion, assure la stabilit\u00e9 du support des serres d\u2019une largeur de 3m ou 5m. Il s\u2019agit d\u2019un syst\u00e8me unique qui remplace la base au cas o\u00f9 il ne serait pas possible de construire une fondation en b\u00e9ton solide ou une fondation en briques ou en tuiles. La base est en acier 60\u00d740 m, hauteur.  <\/p>\n<p>Dimensions de base (l &#8211; l) 4 x 3m, 4 x 4m ou 4 x 5m (plus long possible &#8211; modulation sur 2m de longueur)<\/p>\n","protected":false},"featured_media":13323,"comment_status":"open","ping_status":"closed","template":"","meta":[],"product_brand":[419],"product_cat":[523,1306],"product_tag":[],"class_list":{"0":"post-31303","1":"product","2":"type-product","3":"status-publish","4":"has-post-thumbnail","6":"product_brand-agroflex","7":"product_cat-accessoires","8":"product_cat-ancrage-de-serre","10":"first","11":"instock","12":"sale","13":"taxable","14":"shipping-taxable","15":"purchasable","16":"product-type-variable","17":"has-default-attributes"},"_links":{"self":[{"href":"https:\/\/agroflex.cz\/fr\/wp-json\/wp\/v2\/product\/31303","targetHints":{"allow":["GET"]}}],"collection":[{"href":"https:\/\/agroflex.cz\/fr\/wp-json\/wp\/v2\/product"}],"about":[{"href":"https:\/\/agroflex.cz\/fr\/wp-json\/wp\/v2\/types\/product"}],"replies":[{"embeddable":true,"href":"https:\/\/agroflex.cz\/fr\/wp-json\/wp\/v2\/comments?post=31303"}],"wp:featuredmedia":[{"embeddable":true,"href":"https:\/\/agroflex.cz\/fr\/wp-json\/wp\/v2\/media\/13323"}],"wp:attachment":[{"href":"https:\/\/agroflex.cz\/fr\/wp-json\/wp\/v2\/media?parent=31303"}],"wp:term":[{"taxonomy":"product_brand","embeddable":true,"href":"https:\/\/agroflex.cz\/fr\/wp-json\/wp\/v2\/product_brand?post=31303"},{"taxonomy":"product_cat","embeddable":true,"href":"https:\/\/agroflex.cz\/fr\/wp-json\/wp\/v2\/product_cat?post=31303"},{"taxonomy":"product_tag","embeddable":true,"href":"https:\/\/agroflex.cz\/fr\/wp-json\/wp\/v2\/product_tag?post=31303"}],"curies":[{"name":"wp","href":"https:\/\/api.w.org\/{rel}","templated":true}]}}