{"id":31378,"date":"2023-09-04T21:00:34","date_gmt":"2023-09-04T21:00:34","guid":{"rendered":"https:\/\/agroflex.cz\/product\/lit-sureleve-en-plastique-vento-xl-0-7h\/"},"modified":"2025-09-20T14:46:42","modified_gmt":"2025-09-20T14:46:42","slug":"lit-sureleve-en-plastique-vento-xl-0-7h","status":"publish","type":"product","link":"https:\/\/agroflex.cz\/fr\/produit\/lit-sureleve-en-plastique-vento-xl-0-7h\/","title":{"rendered":"Lit sur\u00e9lev\u00e9 en plastique VENTO XL 0.7H"},"content":{"rendered":"<div class=\"wpb-content-wrapper\"><p>[vc_row][vc_column][vc_column_text woodmart_inline=\u00a0\u00bbno\u00a0\u00bb text_larger=\u00a0\u00bbno\u00a0\u00bb]<\/p>\n<h2 style=\"text-align: center;\">Lit sur\u00e9lev\u00e9 VENTO XL plastique &#8211; marron<\/h2>\n<p>L\u2019un des principaux avantages des parterres de fleurs en plastique est leur durabilit\u00e9 et leur longue dur\u00e9e de vie. Ils sont fabriqu\u00e9s \u00e0 partir de mat\u00e9riaux de haute qualit\u00e9 qui r\u00e9sistent facilement aux intemp\u00e9ries, \u00e0 la pourriture et aux parasites. En cons\u00e9quence, les plates-bandes sur\u00e9lev\u00e9es en plastique ont une dur\u00e9e de vie beaucoup plus longue que les plates-bandes traditionnelles en bois ou en m\u00e9tal.  <\/p>\n<p>Gr\u00e2ce \u00e0 leur conception, les lits en plastique permettent une utilisation efficace de l\u2019espace et une optimisation des conditions de croissance. Ils peuvent \u00eatre \u00e9quip\u00e9s d\u2019un syst\u00e8me d\u2019irrigation et m\u00eame plac\u00e9s sur des plates-formes \u00e9l\u00e9vatrices pour un acc\u00e8s plus facile. Tout cela contribue \u00e0 l\u2019augmentation du rendement et du succ\u00e8s des cultures.  <\/p>\n<p>D\u2019une mani\u00e8re g\u00e9n\u00e9rale, les plates-bandes sur\u00e9lev\u00e9es en plastique sont une excellente option pour tout jardinier \u00e0 la recherche d\u2019une solution efficace et durable pour faire pousser des plantes. Gr\u00e2ce \u00e0 eux, chacun peut facilement cr\u00e9er un jardin impressionnant et productif, quelle que soit la taille ou le caract\u00e8re de l\u2019espace dont il dispose.[\/vc_column_text][\/vc_column][\/vc_row]<\/p>\n<\/div>","protected":false},"excerpt":{"rendered":"<p>La hauteur des lits est de 15,5 cm \/ Largeur : 70 cm \/ Longueur de la base : 3 m peut \u00eatre plus longue \u2013 modulation par incr\u00e9ments de 1 m. Construction tr\u00e8s stable gr\u00e2ce aux pieds &#8211; encastr\u00e9s dans le sol. Le lit peut \u00eatre empil\u00e9 l\u2019un sur l\u2019autre et ainsi sur\u00e9lev\u00e9.   <\/p>\n","protected":false},"featured_media":12983,"comment_status":"open","ping_status":"closed","template":"","meta":[],"product_brand":[419],"product_cat":[523,1349,1367],"product_tag":[],"class_list":{"0":"post-31378","1":"product","2":"type-product","3":"status-publish","4":"has-post-thumbnail","6":"product_brand-agroflex","7":"product_cat-accessoires","8":"product_cat-lits-sureleves","9":"product_cat-parterres-de-fleurs-en-plastique","11":"first","12":"instock","13":"taxable","14":"shipping-taxable","15":"purchasable","16":"product-type-variable"},"_links":{"self":[{"href":"https:\/\/agroflex.cz\/fr\/wp-json\/wp\/v2\/product\/31378","targetHints":{"allow":["GET"]}}],"collection":[{"href":"https:\/\/agroflex.cz\/fr\/wp-json\/wp\/v2\/product"}],"about":[{"href":"https:\/\/agroflex.cz\/fr\/wp-json\/wp\/v2\/types\/product"}],"replies":[{"embeddable":true,"href":"https:\/\/agroflex.cz\/fr\/wp-json\/wp\/v2\/comments?post=31378"}],"wp:featuredmedia":[{"embeddable":true,"href":"https:\/\/agroflex.cz\/fr\/wp-json\/wp\/v2\/media\/12983"}],"wp:attachment":[{"href":"https:\/\/agroflex.cz\/fr\/wp-json\/wp\/v2\/media?parent=31378"}],"wp:term":[{"taxonomy":"product_brand","embeddable":true,"href":"https:\/\/agroflex.cz\/fr\/wp-json\/wp\/v2\/product_brand?post=31378"},{"taxonomy":"product_cat","embeddable":true,"href":"https:\/\/agroflex.cz\/fr\/wp-json\/wp\/v2\/product_cat?post=31378"},{"taxonomy":"product_tag","embeddable":true,"href":"https:\/\/agroflex.cz\/fr\/wp-json\/wp\/v2\/product_tag?post=31378"}],"curies":[{"name":"wp","href":"https:\/\/api.w.org\/{rel}","templated":true}]}}