{"id":31404,"date":"2023-09-04T21:00:34","date_gmt":"2023-09-04T21:00:34","guid":{"rendered":"https:\/\/agroflex.cz\/product\/lit-sureleve-xl-en-plastique-blanc\/"},"modified":"2025-09-20T14:46:46","modified_gmt":"2025-09-20T14:46:46","slug":"lit-sureleve-xl-en-plastique-blanc","status":"publish","type":"product","link":"https:\/\/agroflex.cz\/fr\/produit\/lit-sureleve-xl-en-plastique-blanc\/","title":{"rendered":"Lit sur\u00e9lev\u00e9 XL en plastique (blanc)"},"content":{"rendered":"<div class=\"wpb-content-wrapper\"><p>[vc_row][vc_column][vc_column_text woodmart_inline=\u00a0\u00bbno\u00a0\u00bb text_larger=\u00a0\u00bbno\u00a0\u00bb]<\/p>\n<h2 style=\"text-align: center;\">Lit sur\u00e9lev\u00e9 XL en plastique (blanc)<\/h2>\n<p>L\u2019un des principaux avantages des parterres de fleurs en plastique est leur durabilit\u00e9 et leur longue dur\u00e9e de vie. Ils sont fabriqu\u00e9s \u00e0 partir de mat\u00e9riaux de haute qualit\u00e9 qui r\u00e9sistent facilement aux intemp\u00e9ries, \u00e0 la pourriture et aux parasites. En cons\u00e9quence, les plates-bandes sur\u00e9lev\u00e9es en plastique ont une dur\u00e9e de vie beaucoup plus longue que les plates-bandes traditionnelles en bois ou en m\u00e9tal.  <\/p>\n<p>Le parterre de fleurs est en plastique \u00e9pais de 20 mm, il n\u2019a pas peur de l\u2019humidit\u00e9 excessive, il ne se d\u00e9forme pas avec le temps. Gr\u00e2ce \u00e0 cela, il peut r\u00e9sister longtemps \u00e0 des conditions climatiques d\u00e9favorables. Il prot\u00e8ge les l\u00e9gumes cultiv\u00e9s contre le grignotage par les animaux domestiques. Lors de l\u2019arrosage, du d\u00e9sherbage et d\u2019autres op\u00e9rations, le sol ne dispara\u00eetra pas et vous ne perdrez pas de temps \u00e0 cr\u00e9er des lits encore et encore   <\/p>\n<p>Gr\u00e2ce \u00e0 leur conception, les lits en plastique permettent une utilisation efficace de l\u2019espace et une optimisation des conditions de croissance. Ils peuvent \u00eatre \u00e9quip\u00e9s d\u2019un syst\u00e8me d\u2019irrigation et m\u00eame plac\u00e9s sur des plates-formes \u00e9l\u00e9vatrices pour un acc\u00e8s plus facile. Tout cela contribue \u00e0 l\u2019augmentation du rendement et du succ\u00e8s des cultures.  <\/p>\n<p>D\u2019une mani\u00e8re g\u00e9n\u00e9rale, les plates-bandes sur\u00e9lev\u00e9es en plastique sont une excellente option pour tout jardinier \u00e0 la recherche d\u2019une solution efficace et durable pour faire pousser des plantes. Gr\u00e2ce \u00e0 eux, chacun peut facilement cr\u00e9er un jardin impressionnant et productif, quelle que soit la taille ou le caract\u00e8re de l\u2019espace dont il dispose.[\/vc_column_text][\/vc_column][\/vc_row]<\/p>\n<\/div>","protected":false},"excerpt":{"rendered":"<p>La hauteur de la cl\u00f4ture est de 15,5 cm \/ Largeur : 70 cm \/ Longueur de la base : 3 m peut \u00eatre plus longue \u2013 modulation par incr\u00e9ments de 1 m. Construction tr\u00e8s stable gr\u00e2ce aux pieds &#8211; encastr\u00e9s dans le sol. L\u2019assemblage est tr\u00e8s simple. Le parterre de fleurs peut \u00eatre ajust\u00e9 avec une couche suppl\u00e9mentaire de pi\u00e8ces.    <\/p>\n","protected":false},"featured_media":13012,"comment_status":"open","ping_status":"closed","template":"","meta":[],"product_brand":[419],"product_cat":[523,1349,1367],"product_tag":[],"class_list":{"0":"post-31404","1":"product","2":"type-product","3":"status-publish","4":"has-post-thumbnail","6":"product_brand-agroflex","7":"product_cat-accessoires","8":"product_cat-lits-sureleves","9":"product_cat-parterres-de-fleurs-en-plastique","11":"first","12":"instock","13":"sale","14":"taxable","15":"shipping-taxable","16":"purchasable","17":"product-type-variable"},"_links":{"self":[{"href":"https:\/\/agroflex.cz\/fr\/wp-json\/wp\/v2\/product\/31404","targetHints":{"allow":["GET"]}}],"collection":[{"href":"https:\/\/agroflex.cz\/fr\/wp-json\/wp\/v2\/product"}],"about":[{"href":"https:\/\/agroflex.cz\/fr\/wp-json\/wp\/v2\/types\/product"}],"replies":[{"embeddable":true,"href":"https:\/\/agroflex.cz\/fr\/wp-json\/wp\/v2\/comments?post=31404"}],"wp:featuredmedia":[{"embeddable":true,"href":"https:\/\/agroflex.cz\/fr\/wp-json\/wp\/v2\/media\/13012"}],"wp:attachment":[{"href":"https:\/\/agroflex.cz\/fr\/wp-json\/wp\/v2\/media?parent=31404"}],"wp:term":[{"taxonomy":"product_brand","embeddable":true,"href":"https:\/\/agroflex.cz\/fr\/wp-json\/wp\/v2\/product_brand?post=31404"},{"taxonomy":"product_cat","embeddable":true,"href":"https:\/\/agroflex.cz\/fr\/wp-json\/wp\/v2\/product_cat?post=31404"},{"taxonomy":"product_tag","embeddable":true,"href":"https:\/\/agroflex.cz\/fr\/wp-json\/wp\/v2\/product_tag?post=31404"}],"curies":[{"name":"wp","href":"https:\/\/api.w.org\/{rel}","templated":true}]}}