{"id":31554,"date":"2023-09-04T21:00:34","date_gmt":"2023-09-04T21:00:34","guid":{"rendered":"https:\/\/agroflex.cz\/product\/lit-sureleve-xl-tole-galvanisee\/"},"modified":"2023-09-04T21:00:34","modified_gmt":"2023-09-04T21:00:34","slug":"lit-sureleve-xl-tole-galvanisee","status":"publish","type":"product","link":"https:\/\/agroflex.cz\/fr\/produit\/lit-sureleve-xl-tole-galvanisee\/","title":{"rendered":"Lit sur\u00e9lev\u00e9 XL &#8211; t\u00f4le galvanis\u00e9e"},"content":{"rendered":"","protected":false},"excerpt":{"rendered":"<p>La hauteur de la cl\u00f4ture est de 18 cm \/ Largeur : 65 cm \/ Longueur de la base \u00e0 partir de 200 cm, une modulation plus longue peut \u00eatre effectu\u00e9e en 200 cm. Le parterre de fleurs peut \u00eatre ajust\u00e9 avec une couche suppl\u00e9mentaire de pi\u00e8ces. Construction tr\u00e8s stable gr\u00e2ce aux pieds &#8211; 18 cm enfonc\u00e9s dans le sol. L\u2019assemblage est tr\u00e8s simple.    Parterre de fleurs &#8211; bordure de jardin est fait de t\u00f4le \u00e9paisse, qui est galvanis\u00e9e. Il prot\u00e8ge les l\u00e9gumes cultiv\u00e9s contre le grignotage par les animaux domestiques. Lors de l\u2019irrigation, du d\u00e9sherbage et d\u2019autres op\u00e9rations, le sol ne dispara\u00eetra pas et vous ne perdrez pas de temps \u00e0 cr\u00e9er des plates-bandes encore et encore. Les bords de la cl\u00f4ture sont soigneusement pli\u00e9s et peuvent \u00eatre assembl\u00e9s en toute s\u00e9curit\u00e9.  <\/p>\n","protected":false},"featured_media":11661,"comment_status":"open","ping_status":"closed","template":"","meta":[],"product_brand":[419],"product_cat":[523,1349,1361],"product_tag":[],"class_list":{"0":"post-31554","1":"product","2":"type-product","3":"status-publish","4":"has-post-thumbnail","6":"product_brand-agroflex","7":"product_cat-accessoires","8":"product_cat-lits-sureleves","9":"product_cat-parterres-de-fleurs-en-metal","11":"first","12":"instock","13":"sale","14":"taxable","15":"shipping-taxable","16":"purchasable","17":"product-type-variable"},"_links":{"self":[{"href":"https:\/\/agroflex.cz\/fr\/wp-json\/wp\/v2\/product\/31554","targetHints":{"allow":["GET"]}}],"collection":[{"href":"https:\/\/agroflex.cz\/fr\/wp-json\/wp\/v2\/product"}],"about":[{"href":"https:\/\/agroflex.cz\/fr\/wp-json\/wp\/v2\/types\/product"}],"replies":[{"embeddable":true,"href":"https:\/\/agroflex.cz\/fr\/wp-json\/wp\/v2\/comments?post=31554"}],"wp:featuredmedia":[{"embeddable":true,"href":"https:\/\/agroflex.cz\/fr\/wp-json\/wp\/v2\/media\/11661"}],"wp:attachment":[{"href":"https:\/\/agroflex.cz\/fr\/wp-json\/wp\/v2\/media?parent=31554"}],"wp:term":[{"taxonomy":"product_brand","embeddable":true,"href":"https:\/\/agroflex.cz\/fr\/wp-json\/wp\/v2\/product_brand?post=31554"},{"taxonomy":"product_cat","embeddable":true,"href":"https:\/\/agroflex.cz\/fr\/wp-json\/wp\/v2\/product_cat?post=31554"},{"taxonomy":"product_tag","embeddable":true,"href":"https:\/\/agroflex.cz\/fr\/wp-json\/wp\/v2\/product_tag?post=31554"}],"curies":[{"name":"wp","href":"https:\/\/api.w.org\/{rel}","templated":true}]}}