{"id":18227,"date":"2025-07-23T13:24:35","date_gmt":"2025-07-23T13:24:35","guid":{"rendered":"https:\/\/agroflex.cz\/product\/agro-folia-foliasator-ponyva-uveghazak-boritasa-atlatszo\/"},"modified":"2025-09-22T14:54:08","modified_gmt":"2025-09-22T14:54:08","slug":"agro-folia-foliasator-ponyva-uveghazak-boritasa-atlatszo","status":"publish","type":"product","link":"https:\/\/agroflex.cz\/hu\/termek\/agro-folia-foliasator-ponyva-uveghazak-boritasa-atlatszo\/","title":{"rendered":"Agrofilm &#8211; Polytunnel f\u00f3lia &#8211; \u00fcvegh\u00e1zburkolat, \u00e1tl\u00e1tsz\u00f3."},"content":{"rendered":"","protected":false},"excerpt":{"rendered":"<p>UV-\u00e1ll\u00f3 polietil\u00e9n f\u00f3lia \u00fcvegh\u00e1zakhoz, \u00fcvegh\u00e1zburkolat.<\/p>\n<p>M\u00e9retek:<br \/>\n &#8211; sz\u00e9less\u00e9g 600 m<\/p>\n<p> &#8211; hossz 100 m<\/p>\n<p> &#8211; vastags\u00e1g 100 \u03bcm<\/p>\n<p> &#8211; ter\u00fclet 600 m2<\/p>\n<p> &#8211; sz\u00ednes \u00e1tl\u00e1tsz\u00f3<\/p>\n<p>F\u00f3lia alkalmas ter\u00fcletek, alagutak, k\u00f6zvetlen napsug\u00e1rz\u00e1s 8 h\u00f3napig.<\/p>\n","protected":false},"featured_media":18229,"comment_status":"closed","ping_status":"closed","template":"","meta":[],"product_brand":[419],"product_cat":[507,508],"product_tag":[],"class_list":{"0":"post-18227","1":"product","2":"type-product","3":"status-publish","4":"has-post-thumbnail","6":"product_brand-agroflex","7":"product_cat-tartozekok","8":"product_cat-agro-folia-atlatszo","10":"first","11":"instock","12":"sale","13":"taxable","14":"shipping-taxable","15":"purchasable","16":"product-type-simple"},"_links":{"self":[{"href":"https:\/\/agroflex.cz\/hu\/wp-json\/wp\/v2\/product\/18227","targetHints":{"allow":["GET"]}}],"collection":[{"href":"https:\/\/agroflex.cz\/hu\/wp-json\/wp\/v2\/product"}],"about":[{"href":"https:\/\/agroflex.cz\/hu\/wp-json\/wp\/v2\/types\/product"}],"replies":[{"embeddable":true,"href":"https:\/\/agroflex.cz\/hu\/wp-json\/wp\/v2\/comments?post=18227"}],"wp:featuredmedia":[{"embeddable":true,"href":"https:\/\/agroflex.cz\/hu\/wp-json\/wp\/v2\/media\/18229"}],"wp:attachment":[{"href":"https:\/\/agroflex.cz\/hu\/wp-json\/wp\/v2\/media?parent=18227"}],"wp:term":[{"taxonomy":"product_brand","embeddable":true,"href":"https:\/\/agroflex.cz\/hu\/wp-json\/wp\/v2\/product_brand?post=18227"},{"taxonomy":"product_cat","embeddable":true,"href":"https:\/\/agroflex.cz\/hu\/wp-json\/wp\/v2\/product_cat?post=18227"},{"taxonomy":"product_tag","embeddable":true,"href":"https:\/\/agroflex.cz\/hu\/wp-json\/wp\/v2\/product_tag?post=18227"}],"curies":[{"name":"wp","href":"https:\/\/api.w.org\/{rel}","templated":true}]}}