{"id":19414,"date":"2023-09-04T21:01:22","date_gmt":"2023-09-04T21:01:22","guid":{"rendered":"https:\/\/agroflex.cz\/product\/fix-kerti-uveghaz-titan\/"},"modified":"2025-09-19T08:08:00","modified_gmt":"2025-09-19T08:08:00","slug":"fix-kerti-uveghaz-titan","status":"publish","type":"product","link":"https:\/\/agroflex.cz\/hu\/termek\/fix-kerti-uveghaz-titan\/","title":{"rendered":"Fix kerti \u00fcvegh\u00e1z TITAN"},"content":{"rendered":"<div class=\"wpb-content-wrapper\"><p>[vc_row][vc_column][vc_separator style=&#8221;shadow&#8221; border_width=&#8221;5&#8243;][vc_column_text css=&#8221;&#8221; text_larger=&#8221;no&#8221; woodmart_inline=&#8221;no&#8221;]<\/p>\n<h2 style=\"text-align: center;\"><strong>Polikarbon\u00e1t \u00fcvegh\u00e1z TITAN<br \/>\n<\/strong><\/h2>\n<p>Kerti hegyi \u00edves t\u00f6m\u00f6r polikarbon\u00e1t \u00fcvegh\u00e1z TITAN professzion\u00e1lis \u00fcvegh\u00e1z kertbe. A f\u0151 k\u00fcl\u00f6nbs\u00e9g a legt\u00f6bb \u00fcvegh\u00e1zhoz k\u00e9pest a kett\u0151s \u00edvg\u00f6rbe. Az ac\u00e9l k\u00fcls\u0151 \u00e9s bels\u0151 oldal\u00e1n t\u00f6m\u00f6r, k\u00e9zzel k\u00e9sz\u00edtett hegesztett \u00edvek vannak horganyzva, amelyeknek k\u00f6sz\u00f6nhet\u0151en nem fog f\u00e9lni a rozsd\u00e1t\u00f3l az eg\u00e9sz m\u0171velet sor\u00e1n, a mechanikus horganyz\u00e1st a hegeszt\u00e9s hely\u00e9n kezelik (korr\u00f3zi\u00f3v\u00e9delem &#8211; a tiszta cinktartalom k\u00f6r\u00fclbel\u00fcl 90%). Az ac\u00e9lt munkaanyagk\u00e9nt haszn\u00e1lj\u00e1k.   <\/p>\n<p>Az \u00edvek ak\u00e1r 40 m\/s sz\u00e9lnek is ellen\u00e1llnak, ami nagy terhel\u00e9st jelent az \u00fcvegh\u00e1zra a t\u00e9li \u00fczemi id\u0151szakban er\u0151s havaz\u00e1s eset\u00e9n. \u00c9p\u00edt\u00e9s ak\u00e1r 350 kg terhel\u00e9ssel, kiv\u00e1l\u00f3 min\u0151s\u00e9g\u0171 40 x 20 \u00e9s 20&#215;20 ac\u00e9lb\u00f3l. N\u00e9gyzet alak\u00fa csatlakoz\u00f3kat (p\u00f3k) haszn\u00e1lnak az ac\u00e9l csatlakoztat\u00e1s\u00e1hoz. Az \u00fcvegh\u00e1z mindk\u00e9t oldalon j\u00e1rhat\u00f3.   <\/p>\n<p>Alternat\u00edvak\u00e9nt a rendk\u00edv\u00fcl tart\u00f3s Agroflex <a href=\"https:\/\/agroflex.cz\/produkt\/sklenik-z-polykarbonatu-agroflex-titan-lux-2\/\"><strong>TITAN LUX<\/strong><\/a> vagy <a href=\"https:\/\/agroflex.cz\/produkt\/polykarbonatovy-sklenik-agroflex-atlant\/\"><strong>ATLANT<\/strong><\/a> kerti \u00fcvegh\u00e1zat is k\u00edn\u00e1ljuk. Az Agroflex <strong><a href=\"https:\/\/agroflex.cz\/produkt\/zahradni-sklenik-agroflex-standard\/\">STANDARD<\/a><\/strong> vagy a <strong><a href=\"https:\/\/agroflex.cz\/produkt\/zahradni-sklenik-agroflex-titan-lt1\/\">TITAN LT1<\/a><\/strong> olcs\u00f3bb v\u00e1ltozatait is k\u00edn\u00e1ljuk[\/vc_column_text][vc_separator][vc_column_text css=&#8221;&#8221; text_larger=&#8221;no&#8221; woodmart_inline=&#8221;no&#8221;]<\/p>\n<h3 style=\"text-align: center;\">Polikarbon\u00e1t \u00fcvegez\u00e9s<\/h3>\n<p>Speci\u00e1lis, tan\u00fas\u00edtott \u00fcreges polikarbon\u00e1t \u00fcvegh\u00e1zakhoz UV sz\u0171r\u0151vel. Ennek a term\u00e9knek az el\u0151nye a magas h\u0151szigetel\u00e9s az \u00fcveggel szemben. Ellen\u00e1ll a mechanikai s\u00e9r\u00fcl\u00e9seknek, az id\u0151j\u00e1r\u00e1snak \u00e9s a j\u00e9ges\u0151nek. A polikarbon\u00e1t kiv\u00e9teles \u00e1ttetsz\u0151s\u00e9ge (tisztas\u00e1g &#8211; ak\u00e1r 86%).   <\/p>\n<p>T\u00f6bbf\u00e9le kivitel k\u00f6z\u00fcl v\u00e1laszthat, a TITAN \u00fcvegh\u00e1z 4 mm-es, 6 mm-es polikarbon\u00e1ttal van felszerelve, amely garant\u00e1lja a probl\u00e9mamentes \u00e9s hossz\u00fa \u00e9lettartamot. Az ig\u00e9nyesebb \u00fcgyfelek \u00e9s szakemberek sz\u00e1m\u00e1ra 8 mm-es polikarbon\u00e1ttal felszerelt TITAN \u00fcvegh\u00e1zi v\u00e1ltozatokat k\u00edn\u00e1lunk. <\/p>\n<p>A polikarbon\u00e1tot tekercsben sz\u00e1ll\u00edtj\u00e1k, \u00e9s \u00f6nmetsz\u0151 csavarokkal r\u00f6gz\u00edtik a szerkezethez.[\/vc_column_text][\/vc_column][\/vc_row][vc_row][vc_column width=&#8221;1\/2&#8243;][vc_separator style=&#8221;shadow&#8221; border_width=&#8221;5&#8243;][vc_text_separator title=&#8221;Aj\u00e1nlott tartoz\u00e9kok:&#8221; title_align=&#8221;separator_align_left&#8221; align=&#8221;align_left&#8221; style=&#8221;dotted&#8221;]<div class=\"widget_products \"><div class=\"widget woocommerce widget_products\"><ul class=\"product_list_widget\"><li>\n\t\t<span class=\"widget-product-wrap\">\n\t\t<a href=\"https:\/\/agroflex.cz\/hu\/termek\/aero-100-automata-uveghazi-ablaknyito\/\" title=\"AERO-100 Automata \u00fcvegh\u00e1zi ablaknyit\u00f3\" class=\"widget-product-img\">\n\t\t\t<img decoding=\"async\" width=\"300\" height=\"300\" src=\"https:\/\/agroflex.cz\/wp-content\/uploads\/2023\/09\/avtomat2-1-300x300.jpg\" class=\"attachment-woocommerce_thumbnail size-woocommerce_thumbnail\" alt=\"Olejov\u00fd p\u00edst do sklen\u00edku\" srcset=\"https:\/\/agroflex.cz\/wp-content\/uploads\/2023\/09\/avtomat2-1-300x300.jpg 300w, https:\/\/agroflex.cz\/wp-content\/uploads\/2023\/09\/avtomat2-1-150x150.jpg 150w, https:\/\/agroflex.cz\/wp-content\/uploads\/2023\/09\/avtomat2-1-600x600.jpg 600w, https:\/\/agroflex.cz\/wp-content\/uploads\/2023\/09\/avtomat2-1.jpg 690w\" sizes=\"(max-width: 300px) 100vw, 300px\" \/>\t\t<\/a>\n\t\t<span class=\"widget-product-info\">\n\t\t\t<a href=\"https:\/\/agroflex.cz\/hu\/termek\/aero-100-automata-uveghazi-ablaknyito\/\" title=\"AERO-100 Automata \u00fcvegh\u00e1zi ablaknyit\u00f3\" class=\"wd-entities-title\">\n\t\t\t\tAERO-100 Automata \u00fcvegh\u00e1zi ablaknyit\u00f3\t\t\t<\/a>\n\t\t\t\t\t\t\t\t\t\t\t\t\t<span class=\"price\"><del aria-hidden=\"true\"><span class=\"woocommerce-Price-amount amount\"><bdi>1 632<span class=\"woocommerce-Price-currencySymbol\">&#75;&#269;<\/span><\/bdi><\/span><\/del> <span class=\"screen-reader-text\">Original price was: 1 632&#075;&#269;.<\/span><ins aria-hidden=\"true\"><span class=\"woocommerce-Price-amount amount\"><bdi>1 531<span class=\"woocommerce-Price-currencySymbol\">&#75;&#269;<\/span><\/bdi><\/span><\/ins><span class=\"screen-reader-text\">Current price is: 1 531&#075;&#269;.<\/span><\/span>\n\t\t<\/span>\n\t<\/span>\n\t<\/li>\n<\/ul><\/div><\/div>[vc_separator style=&#8221;shadow&#8221; border_width=&#8221;5&#8243;][vc_column_text text_larger=&#8221;no&#8221; woodmart_inline=&#8221;no&#8221;]<\/p>\n<h4 style=\"text-align: center;\"><span style=\"color: #000000;\"><strong>\u00dcvegh\u00e1z param\u00e9terei:<\/strong><\/span><\/h4>\n<table style=\"height: 533px; width: 86.8334%;\">\n<tbody>\n<tr style=\"height: 24px;\">\n\u00c9p\u00edt\u00e9s <\/p>\n<td style=\"width: 185.867px; height: 24px; text-align: left;\">t\u00edpusa<\/td>\n<td style=\"width: 268.6px; height: 24px; text-align: right;\">R\u00f6gz\u00edtett &#8211; \u00edvek \u00e9s dupla cs\u0151<\/td>\n<\/tr>\n<tr style=\"height: 24px;\">\n<td style=\"width: 185.867px; height: 24px; text-align: left;\">Megengedett terhel\u00e9s<\/td>\n<td style=\"width: 268.6px; height: 24px; text-align: right;\">350 kg<\/td>\n<\/tr>\n<tr style=\"height: 24px;\">\n<td style=\"width: 185.867px; height: 24px; text-align: left;\">sz\u00e9l\u00e1ll\u00f3s\u00e1g<\/td>\n<td style=\"width: 268.6px; height: 24px; text-align: right;\">40 m\/s<\/td>\n<\/tr>\n<tr style=\"height: 24px;\">\n<td style=\"width: 185.867px; height: 24px; text-align: left;\">sz\u00e9less\u00e9g<\/td>\n<td style=\"width: 268.6px; height: 24px; text-align: right;\">3 m<\/td>\n<\/tr>\n<tr style=\"height: 24px;\">\n<td style=\"width: 185.867px; height: 24px; text-align: left;\">magass\u00e1g<\/td>\n<td style=\"width: 268.6px; height: 24px; text-align: right;\">2 m<\/td>\n<\/tr>\n<tr style=\"height: 24px;\">\n<td style=\"width: 185.867px; height: 24px; text-align: left;\">Hossz (v\u00e1ltozatok)<\/td>\n<td style=\"width: 268.6px; height: 24px; text-align: right;\"> 4 m; 6 m; 8 m; 10 m; 12 m (hosszabb is lehet &#8211; modul\u00e1ci\u00f3 2 m-es l\u00e9p\u00e9sekben)<\/td>\n<\/tr>\n<tr style=\"height: 24px;\">\n<td style=\"width: 185.867px; height: 24px; text-align: left;\">\u00dcvegez\u00e9si<\/td>\n<p> anyag<\/p>\n<td style=\"width: 268.6px; height: 24px; text-align: right;\">Polikarbon\u00e1t 4mm, 6mm, 8mm<\/td>\n<\/tr>\n<tr style=\"height: 24px;\">\nPolikarbon\u00e1t <\/p>\n<td style=\"width: 185.867px; height: 24px; text-align: left;\">UV-v\u00e9delme<\/td>\n<td style=\"width: 268.6px; height: 24px; text-align: right;\">igen<\/td>\n<\/tr>\n<tr style=\"height: 35px;\">\n<td style=\"width: 185.867px; height: 35px; text-align: left;\">G\u00f6rb\u00e9k<\/td>\n<p> k\u00f6z\u00f6tti t\u00e1vols\u00e1g<\/p>\n<td style=\"width: 268.6px; height: 35px; text-align: right;\">0,65 m\u00e9ter<\/td>\n<\/tr>\n<tr style=\"height: 35px;\">\n\u00cdves <\/p>\n<td style=\"width: 185.867px; height: 35px; text-align: left;\">meger\u0151s\u00edt\u0151 rudak<\/td>\n<td style=\"width: 243.133px; height: 35px; text-align: right;\">3 sor<\/td>\n<\/tr>\n<tr style=\"height: 24px;\">\n<td style=\"width: 161.267px; height: 24px; text-align: left;\">Bels\u0151<\/td>\n<p> meger\u0151s\u00edt\u00e9s<\/p>\n<td style=\"width: 292.733px; height: 24px; text-align: right;\"> Dupla ac\u00e9l<\/td>\n<\/tr>\n<tr style=\"height: 24px;\">\n<td style=\"width: 185.867px; height: 24px; text-align: left;\">t\u00edpus<\/td>\n<p>mindk\u00e9t <\/p>\n<td style=\"width: 268.6px; height: 24px; text-align: right;\">oldalon j\u00e1rhat\u00f3<\/td>\n<\/tr>\n<tr style=\"height: 24px;\">\n<td style=\"width: 185.867px; height: 24px; text-align: left;\">Bej\u00e1rati<\/td>\n<p> ajt\u00f3k<\/p>\n<td style=\"width: 268.6px; height: 24px; text-align: right;\">2 db<\/td>\n<\/tr>\n<tr style=\"height: 35px;\">\n<td style=\"width: 185.867px; height: 35px; text-align: left;\">Szell\u0151z\u0151ablak el\u00f6l<\/td>\n<td style=\"width: 268.6px; height: 35px; text-align: right;\">2 db<\/td>\n<\/tr>\n<tr style=\"height: 24px;\">\n<td style=\"width: 185.867px; height: 24px; text-align: left;\">Polikarbon\u00e1t<\/td>\n<p> r\u00f6gz\u00edt\u00e9s<\/p>\n<td style=\"width: 268.6px; height: 24px; text-align: right;\">Csavarok al\u00e1t\u00e9tekkel \u00e9s any\u00e1kkal M5<\/td>\n<\/tr>\n<tr style=\"height: 24px;\">\n<td style=\"width: 185.867px; height: 24px; text-align: left;\">R\u00f6gz\u00edt\u00e9se<\/td>\n<td style=\"width: 243.133px; height: 24px; text-align: right;\">Kapcsol\u00f3d\u00f3 <a href=\"https:\/\/agroflex.cz\/kategorie-produktu\/dodatki\/kotveni-skleniku\/\" target=\"_blank\" rel=\"noopener\">term\u00e9kek<\/a><\/td>\n<\/tr>\n<tr style=\"height: 24px;\">\n<td style=\"width: 185.867px; height: 23px; text-align: left;\">Polikarbon\u00e1t<\/td>\n<p> garancia<\/p>\n<td style=\"width: 268.6px; height: 23px; text-align: right;\">10 \u00e9v<\/td>\n<\/tr>\n<tr style=\"height: 35px;\">\n<td style=\"width: 185.867px; height: 35px; text-align: left;\">\u00c9p\u00edt\u00e9si<\/td>\n<p> garancia<\/p>\n<td style=\"width: 268.6px; height: 35px; text-align: right;\">5 \u00e9v<\/td>\n<\/tr>\n<tr style=\"height: 24px;\">\n<td style=\"width: 185.867px; height: 24px; text-align: left;\">alap<\/td>\n<td style=\"width: 268.6px; height: 24px; text-align: right;\">Nem sz\u00fcks\u00e9ges<\/td>\n<\/tr>\n<\/tbody>\n<\/table>\n<p><span style=\"font-size: 10pt;\">Abban az esetben, ha nem akar agg\u00f3dni a sz\u00fcks\u00e9ges \u00fcvegh\u00e1zi kieg\u00e9sz\u00edt\u0151k \u00f6sszeszerel\u00e9se miatt, komplett k\u00fcl\u00f6nf\u00e9le <\/span><a href=\"https:\/\/agroflex.cz\/kategorie-produktu\/dodatki\/sada-prislusenstvi\/\"><strong><span style=\"font-size: 10pt;\">\u00fcvegh\u00e1zi kieg\u00e9sz\u00edt\u0151ket<\/span> k\u00edn\u00e1lunk.<\/strong><\/a>[\/vc_column_text][vc_separator style=&#8221;shadow&#8221; border_width=&#8221;5&#8243;][\/vc_column][vc_column width=&#8221;1\/2&#8243;][vc_separator style=&#8221;shadow&#8221; border_width=&#8221;5&#8243;][vc_column_text css=&#8221;&#8221; text_larger=&#8221;no&#8221; woodmart_inline=&#8221;no&#8221;]<\/p>\n<div class=\"vc_row wpb_row vc_row-fluid\">\n<div class=\"wpb_column vc_column_container vc_col-sm-12\">\n<div class=\"vc_column-inner\">\n<div class=\"wpb_wrapper\">\n<div class=\"wpb_text_column wpb_content_element\">\n<div class=\"wpb_wrapper\">\n<h4 style=\"text-align: center;\">Az \u00fcvegh\u00e1z alapjai<\/h4>\n<p>Az \u00fcvegh\u00e1z tart\u00f3ss\u00e1g\u00e1nak biztos\u00edt\u00e1sa \u00e9rdek\u00e9ben aj\u00e1nlott egy el\u0151re elk\u00e9sz\u00edtett alapra &#8211; egy alapra &#8211; egy alapra telep\u00edteni, amelyet m\u00e9retei alapj\u00e1n k\u00e9sz\u00edtenek az alap ker\u00fclete ment\u00e9n, p\u00e9ld\u00e1ul 100 vastag keret form\u00e1j\u00e1ban&#8230; 200 mm, ami jelent\u0151sen cs\u00f6kkenti a korr\u00f3zi\u00f3s aktivit\u00e1st.<\/p>\n<p>Az \u00fcvegh\u00e1z keret\u00e9t csavarokkal vagy sz\u00f6gekkel kell r\u00f6gz\u00edteni az alaphoz, hogy er\u0151s sz\u00e9lben ne boruljon fel.<\/p>\n<p>Az \u00fcvegh\u00e1z az egyes \u00fcgyfelek priorit\u00e1sa szerint r\u00f6gz\u00edthet\u0151, felszerelhet\u0151 a talajba (a r\u00f6gz\u00edt\u00e9st horgonyl\u00e1bak biztos\u00edtj\u00e1k), 10 x 10 cm-es fa prizm\u00e1kkal vagy beton alapra. \u00c1ltal\u00e1ban azonban a beton alaphoz val\u00f3 r\u00f6gz\u00edt\u00e9s jobb v\u00e1laszt\u00e1s, amely jelent\u0151sen cs\u00f6kkenti a korr\u00f3zi\u00f3s aktivit\u00e1st.<\/p>\n<\/div>\n<\/div>\n<\/div>\n<\/div>\n<\/div>\n<\/div>\n<p>[\/vc_column_text]<div class=\"widget_products \"><div class=\"widget woocommerce widget_products\"><ul class=\"product_list_widget\"><li>\n\t\t<span class=\"widget-product-wrap\">\n\t\t<a href=\"https:\/\/agroflex.cz\/hu\/termek\/botanik-femlemez-alap-uveghazakhoz\/\" title=\"Botanik f\u00e9mlemez alap \u00fcvegh\u00e1zakhoz\" class=\"widget-product-img\">\n\t\t\t<img decoding=\"async\" width=\"300\" height=\"300\" src=\"https:\/\/agroflex.cz\/wp-content\/uploads\/2023\/09\/Zakladna-pro-zahradni-skleniky-Agroflex-300x300.jpg\" class=\"attachment-woocommerce_thumbnail size-woocommerce_thumbnail\" alt=\"\" srcset=\"https:\/\/agroflex.cz\/wp-content\/uploads\/2023\/09\/Zakladna-pro-zahradni-skleniky-Agroflex-300x300.jpg 300w, https:\/\/agroflex.cz\/wp-content\/uploads\/2023\/09\/Zakladna-pro-zahradni-skleniky-Agroflex-150x150.jpg 150w\" sizes=\"(max-width: 300px) 100vw, 300px\" \/>\t\t<\/a>\n\t\t<span class=\"widget-product-info\">\n\t\t\t<a href=\"https:\/\/agroflex.cz\/hu\/termek\/botanik-femlemez-alap-uveghazakhoz\/\" title=\"Botanik f\u00e9mlemez alap \u00fcvegh\u00e1zakhoz\" class=\"wd-entities-title\">\n\t\t\t\tBotanik f\u00e9mlemez alap \u00fcvegh\u00e1zakhoz\t\t\t<\/a>\n\t\t\t\t\t\t\t\t\t\t\t\t\t<span class=\"price\"><span class=\"woocommerce-Price-amount amount\" aria-hidden=\"true\"><bdi>968<span class=\"woocommerce-Price-currencySymbol\">&#75;&#269;<\/span><\/bdi><\/span> <span aria-hidden=\"true\">&ndash;<\/span> <span class=\"woocommerce-Price-amount amount\" aria-hidden=\"true\"><bdi>3 267<span class=\"woocommerce-Price-currencySymbol\">&#75;&#269;<\/span><\/bdi><\/span><span class=\"screen-reader-text\">\u00c1rtartom\u00e1ny: 968&#75;&#269; - 3 267&#75;&#269;<\/span><\/span>\n\t\t<\/span>\n\t<\/span>\n\t<\/li>\n<\/ul><\/div><\/div>[vc_separator style=&#8221;shadow&#8221; border_width=&#8221;5&#8243;][vc_column_text css=&#8221;&#8221; text_larger=&#8221;no&#8221; woodmart_inline=&#8221;no&#8221;]<\/p>\n<div class=\"vc_row wpb_row vc_row-fluid\">\n<div class=\"wpb_column vc_column_container vc_col-sm-12\">\n<div class=\"vc_column-inner\">\n<div class=\"wpb_wrapper\">\n<div class=\"wpb_text_column wpb_content_element\">\n<div class=\"wpb_wrapper\">\n<h4 style=\"text-align: center;\">Feler\u0151s\u00edt\u00e9sek<\/h4>\n<p>Az \u00fcvegh\u00e1z \u00f6sszeszerel\u00e9se szint\u00e9n egyszer\u0171 \u00e9s nem ig\u00e9nyel k\u00fcl\u00f6n\u00f6sebb k\u00e9szs\u00e9geket. Csak minim\u00e1lis szersz\u00e1mk\u00e9szletre van sz\u00fcks\u00e9g \u2013 csavarkulcsra, csavarh\u00faz\u00f3ra, k\u00e9sre. R\u00e9szletes utas\u00edt\u00e1sokat kap az \u00fcvegh\u00e1zzal egy\u00fctt. Az illusztr\u00e1lt utas\u00edt\u00e1s tov\u00e1bb egyszer\u0171s\u00edti az \u00fcvegh\u00e1z \u00e9p\u00edt\u00e9s\u00e9nek folyamat\u00e1t,   <\/p>\n<div class=\"wpb_text_column wpb_content_element\">\n<div class=\"wpb_wrapper\">\n<div class=\"wpb_text_column wpb_content_element\">\n<div class=\"wpb_wrapper\">\n<p>Ha nincs ideje a telep\u00edt\u00e9sre, <a href=\"https:\/\/agroflex.cz\/montaz-skleniku\/\" target=\"_blank\" rel=\"noopener\"><strong>megrendelheti<\/strong><\/a> szakembereinkt\u0151l a telep\u00edt\u00e9st, akik mindent nagy szak\u00e9rtelemmel \u00e9s a lehet\u0151 legr\u00f6videbb id\u0151n bel\u00fcl \u00f6ssze\u00e1ll\u00edtanak \u00d6nnek. B\u00e1r az eg\u00e9sz \u00fcvegh\u00e1z \u00f6sszeszerel\u00e9se egyszer\u0171, a legt\u00f6bb id\u0151t ig\u00e9nybe veszi a polikarbon\u00e1t v\u00e1g\u00e1sa \u00e9s \u00e9lez\u00e9se, valamint az \u00fcvegh\u00e1z mindk\u00e9t el\u00fcls\u0151 oldal\u00e1ra t\u00f6rt\u00e9n\u0151 felszerel\u00e9se. Ez\u00e9rt k\u00edn\u00e1ljuk \u00d6nnek a lehet\u0151s\u00e9get, hogy megrendelje <a href=\"https:\/\/agroflex.cz\/montaz-skleniku\/\" target=\"_blank\" rel=\"noopener\"><strong>az \u00f6sszeszerel\u00e9snek ezt a r\u00e9sz\u00e9t<\/strong><\/a>, amelyet rakt\u00e1runkban v\u00e9geznek, mindk\u00e9t el\u00fcls\u0151 oldalt polikarbon\u00e1ttal t\u00f6ltve kapja meg a hordoz\u00f3t\u00f3l.  <\/p>\n<p>Az \u00fcvegh\u00e1z m\u00f3dos\u00edthat\u00f3, \u00e9s a j\u00f6v\u0151ben lehets\u00e9ges a b\u0151v\u00edt\u00e9sek megval\u00f3s\u00edt\u00e1sa, \u00edgy az \u00fcvegh\u00e1z elm\u00e9leti hossza korl\u00e1tlan.<\/p>\n<\/div>\n<\/div>\n<\/div>\n<\/div>\n<\/div>\n<\/div>\n<\/div>\n<\/div>\n<\/div>\n<\/div>\n<p>[\/vc_column_text][vc_separator style=&#8221;shadow&#8221; border_width=&#8221;5&#8243;][vc_column_text woodmart_inline=&#8221;no&#8221; text_larger=&#8221;no&#8221;]<\/p>\n<h4 style=\"text-align: center;\">Alternat\u00edv\u00e1k<\/h4>\n<p>[\/vc_column_text]<div class=\"widget_products \"><div class=\"widget woocommerce widget_products\"><ul class=\"product_list_widget\"><li>\n\t\t<span class=\"widget-product-wrap\">\n\t\t<a href=\"https:\/\/agroflex.cz\/hu\/termek\/premium-polikarbonat-uveghaz-titan-lux\/\" title=\"Pr\u00e9mium polikarbon\u00e1t \u00fcvegh\u00e1z TITAN LUX\" class=\"widget-product-img\">\n\t\t\t<img decoding=\"async\" width=\"300\" height=\"300\" src=\"https:\/\/agroflex.cz\/wp-content\/uploads\/2023\/09\/zahradni-sklenik-300x300.jpg\" class=\"attachment-woocommerce_thumbnail size-woocommerce_thumbnail\" alt=\"polykarbon\u00e1tov\u00fd sklen\u00edk\" \/>\t\t<\/a>\n\t\t<span class=\"widget-product-info\">\n\t\t\t<a href=\"https:\/\/agroflex.cz\/hu\/termek\/premium-polikarbonat-uveghaz-titan-lux\/\" title=\"Pr\u00e9mium polikarbon\u00e1t \u00fcvegh\u00e1z TITAN LUX\" class=\"wd-entities-title\">\n\t\t\t\tPr\u00e9mium polikarbon\u00e1t \u00fcvegh\u00e1z TITAN LUX\t\t\t<\/a>\n\t\t\t\t\t\t\t<div class=\"star-rating\" role=\"img\" aria-label=\"\u00c9rt\u00e9kel\u00e9s: 5.00 \/ 5\"><span style=\"width:100%\">\u00c9rt\u00e9kel\u00e9s: <strong class=\"rating\">5.00<\/strong> \/ 5<\/span><\/div>\t\t\t\t\t\t<span class=\"price\"><span class=\"woocommerce-Price-amount amount\" aria-hidden=\"true\"><bdi>22 363<span class=\"woocommerce-Price-currencySymbol\">&#75;&#269;<\/span><\/bdi><\/span> <span aria-hidden=\"true\">&ndash;<\/span> <span class=\"woocommerce-Price-amount amount\" aria-hidden=\"true\"><bdi>67 086<span class=\"woocommerce-Price-currencySymbol\">&#75;&#269;<\/span><\/bdi><\/span><span class=\"screen-reader-text\">\u00c1rtartom\u00e1ny: 22 363&#75;&#269; - 67 086&#75;&#269;<\/span><\/span>\n\t\t<\/span>\n\t<\/span>\n\t<\/li>\n<\/ul><\/div><\/div>[vc_separator style=&#8221;shadow&#8221; border_width=&#8221;5&#8243;][\/vc_column][\/vc_row]<\/p>\n<\/div>","protected":false},"excerpt":{"rendered":"<p><span style=\"font-size: 10pt;\"><span style=\"color: #ff0000;\"><strong>FELS\u0150!<\/strong> <\/span>\u00dcvegh\u00e1z sz\u00e9less\u00e9ge 3 m, magass\u00e1ga 2 m, hossza 4 m-t\u0151l. \u00dcvegh\u00e1z massz\u00edv kett\u0151s ac\u00e9lszerkezettel. Rendk\u00edv\u00fcl id\u0151j\u00e1r\u00e1s\u00e1ll\u00f3 kerti \u00fcvegh\u00e1z. A t\u00f6ltel\u00e9k 4 mm-es, 6 mm-es vagy 8 mm-es polikarbon\u00e1t lemezb\u0151l k\u00e9sz\u00fcl, UV-sz\u0171r\u0151vel (nem t\u00f6r\u00e9keny, nem s\u00e1rgul).<br \/>\n<\/span><\/p>\n<p><span style=\"color: #ff6600;\"><strong> <\/strong><\/span><\/p>\n","protected":false},"featured_media":12047,"comment_status":"open","ping_status":"closed","template":"","meta":[],"product_brand":[419],"product_cat":[625,741,837,979],"product_tag":[],"class_list":{"0":"post-19414","1":"product","2":"type-product","3":"status-publish","4":"has-post-thumbnail","6":"product_brand-agroflex","7":"product_cat-polikarbonat-uveghazak","8":"product_cat-kerti-uveghazak-rendezvenyei","9":"product_cat-ives-uveghazak","10":"product_cat-rogzitett-uveghazak","12":"first","13":"instock","14":"sale","15":"taxable","16":"shipping-taxable","17":"purchasable","18":"product-type-variable","19":"has-default-attributes"},"_links":{"self":[{"href":"https:\/\/agroflex.cz\/hu\/wp-json\/wp\/v2\/product\/19414","targetHints":{"allow":["GET"]}}],"collection":[{"href":"https:\/\/agroflex.cz\/hu\/wp-json\/wp\/v2\/product"}],"about":[{"href":"https:\/\/agroflex.cz\/hu\/wp-json\/wp\/v2\/types\/product"}],"replies":[{"embeddable":true,"href":"https:\/\/agroflex.cz\/hu\/wp-json\/wp\/v2\/comments?post=19414"}],"wp:featuredmedia":[{"embeddable":true,"href":"https:\/\/agroflex.cz\/hu\/wp-json\/wp\/v2\/media\/12047"}],"wp:attachment":[{"href":"https:\/\/agroflex.cz\/hu\/wp-json\/wp\/v2\/media?parent=19414"}],"wp:term":[{"taxonomy":"product_brand","embeddable":true,"href":"https:\/\/agroflex.cz\/hu\/wp-json\/wp\/v2\/product_brand?post=19414"},{"taxonomy":"product_cat","embeddable":true,"href":"https:\/\/agroflex.cz\/hu\/wp-json\/wp\/v2\/product_cat?post=19414"},{"taxonomy":"product_tag","embeddable":true,"href":"https:\/\/agroflex.cz\/hu\/wp-json\/wp\/v2\/product_tag?post=19414"}],"curies":[{"name":"wp","href":"https:\/\/api.w.org\/{rel}","templated":true}]}}