{"id":22811,"date":"2025-05-02T10:04:53","date_gmt":"2025-05-02T10:04:53","guid":{"rendered":"https:\/\/agroflex.cz\/product\/medencefedel-tulipan-xl\/"},"modified":"2025-09-19T08:19:18","modified_gmt":"2025-09-19T08:19:18","slug":"medencefedel-tulipan-xl","status":"publish","type":"product","link":"https:\/\/agroflex.cz\/hu\/termek\/medencefedel-tulipan-xl\/","title":{"rendered":"Medencefed\u00e9l TULIPAN XL"},"content":{"rendered":"<div class=\"wpb-content-wrapper\"><p>[vc_row][vc_column][vc_separator style=&#8221;shadow&#8221; border_width=&#8221;5&#8243;][vc_column_text css=&#8221;&#8221; text_larger=&#8221;no&#8221; woodmart_inline=&#8221;no&#8221;]<\/p>\n<h2 style=\"text-align: center;\"><strong>T\u00f6bbc\u00e9l\u00fa professzion\u00e1lis \u00fcvegh\u00e1z TULIPAN XL<\/strong><\/h2>\n<p><strong>A TULIPAN XL<\/strong> egy nagy kapacit\u00e1s\u00fa polikarbon\u00e1t \u00fcvegh\u00e1z, amely a n\u00f6v\u00e9nyek termeszt\u00e9se mellett eleg\u00e1ns \u00e9s megfizethet\u0151 <strong>lehet\u0151s\u00e9get k\u00edn\u00e1l a medence tet\u0151fed\u00e9s\u00e9re<\/strong> is. Univerz\u00e1lis kialak\u00edt\u00e1s\u00e1nak \u00e9s innovat\u00edv funkci\u00f3inak k\u00f6sz\u00f6nhet\u0151en ide\u00e1lis megold\u00e1s minden kertbe. <\/p>\n<p><strong>F\u0151bb jellemz\u0151k:<\/strong><\/p>\n<ul>\n<li><strong>T\u00f6bbc\u00e9l\u00fa felhaszn\u00e1l\u00e1s<\/strong> \u2013 n\u00f6v\u00e9nytermeszt\u00e9s \u00e9s medence lefed\u00e9se.<\/li>\n<li><strong>ANTI-STORM oldals\u00f3 nyit\u00f3rendszer<\/strong> \u2013 megn\u00f6velt sz\u00e9l\u00e1ll\u00f3s\u00e1g.<\/li>\n<li><strong>Lehajthat\u00f3 \u00edves tet\u0151 \u00e9s oldals\u00f3 r\u00e9szek<\/strong> \u2013 a teljes tet\u0151 mindk\u00e9t oldalr\u00f3l vagy csak egy r\u00e9sz\u00e9b\u0151l nyithat\u00f3.<\/li>\n<li><strong>2 m sz\u00e9les cs\u00fasz\u00f3elemek<\/strong> \u2013 k\u00f6nny\u0171 kezelhet\u0151s\u00e9g \u00e9s hozz\u00e1f\u00e9r\u00e9s.<\/li>\n<li><strong>Robusztus konstrukci\u00f3<\/strong> \u2013 a 40 \u00d7 20 \u00d7 1 mm-es dupla \u00edv\u0171 ac\u00e9lpeng\u00e9k biztos\u00edtj\u00e1k a nagy stabilit\u00e1st.<\/li>\n<\/ul>\n<p><strong>Anyag \u00e9s fel\u00fcletek:<\/strong><\/p>\n<ul>\n<li><strong>Tan\u00fas\u00edtott UV polikarbon\u00e1t<\/strong> \u2013 nagy f\u00e9ny\u00e1tereszt\u00e9s, v\u00e9delem az UV sug\u00e1rz\u00e1s ellen.<\/li>\n<li>Ha kerti \u00fcvegh\u00e1zat haszn\u00e1l olcs\u00f3bb <strong>megold\u00e1sk\u00e9nt a medence tet\u0151fed\u00e9s\u00e9hez<\/strong> , akkor a f\u00e9met speci\u00e1lis sz\u00edn\u0171 term\u00e9kkel kezelheti, amely eszt\u00e9tikai megjelen\u00e9se mellett meghosszabb\u00edtja a horganyzott fel\u00fclet \u00e9lettartam\u00e1t is.<\/li>\n<li><strong>Sz\u00ednes polikarbon\u00e1t k\u00e9r\u00e9sre<\/strong> \u2013 megrendel\u00e9skor adja meg a sz\u00ednt (kb. 5-9%-os \u00e1remelked\u00e9s, a pontos \u00e1rat azonnal k\u00f6z\u00f6lj\u00fck).<\/li>\n<\/ul>\n<p><strong>Fontos:<\/strong><\/p>\n<p><strong>Nem javasoljuk az \u00fcvegh\u00e1z horgonyz\u00e1s\u00e1t ny\u00edlt \u00e9s szeles ter\u00fcleteken<\/strong> (pl. mez\u0151k, s\u00edks\u00e1gok stb.), ahol er\u0151s sz\u00e9l fordulhat el\u0151. Az ilyen k\u00f6r\u00fclm\u00e9nyek k\u00e1ros\u00edthatj\u00e1k <strong>a m\u0171anyag nyit\u00f3mechanizmusokat<\/strong>. Ezekben az esetekben tov\u00e1bbi biztons\u00e1got vagy megfelel\u0151bb helyet aj\u00e1nlunk.[\/vc_column_text][vc_separator][\/vc_column][\/vc_row][vc_row][vc_column width=&#8221;1\/2&#8243;][vc_text_separator title=&#8221;Aj\u00e1nlott tartoz\u00e9kok:&#8221; title_align=&#8221;separator_align_left&#8221; align=&#8221;align_left&#8221; style=&#8221;dotted&#8221;]<div class=\"widget_products \"><div class=\"widget woocommerce widget_products\"><ul class=\"product_list_widget\"><li>\n\t\t<span class=\"widget-product-wrap\">\n\t\t<a href=\"https:\/\/agroflex.cz\/hu\/termek\/antidust-3500-paraatereszto-szellozoszalag\/\" title=\"AntiDust 3500 p\u00e1ra\u00e1tereszt\u0151 szell\u0151z\u0151szalag\" class=\"widget-product-img\">\n\t\t\t<img decoding=\"async\" width=\"300\" height=\"300\" src=\"https:\/\/agroflex.cz\/wp-content\/uploads\/2023\/09\/Ventilacni-paska-Antidust-300x300.jpg\" class=\"attachment-woocommerce_thumbnail size-woocommerce_thumbnail\" alt=\"\" srcset=\"https:\/\/agroflex.cz\/wp-content\/uploads\/2023\/09\/Ventilacni-paska-Antidust-300x300.jpg 300w, https:\/\/agroflex.cz\/wp-content\/uploads\/2023\/09\/Ventilacni-paska-Antidust-150x150.jpg 150w\" sizes=\"(max-width: 300px) 100vw, 300px\" \/>\t\t<\/a>\n\t\t<span class=\"widget-product-info\">\n\t\t\t<a href=\"https:\/\/agroflex.cz\/hu\/termek\/antidust-3500-paraatereszto-szellozoszalag\/\" title=\"AntiDust 3500 p\u00e1ra\u00e1tereszt\u0151 szell\u0151z\u0151szalag\" class=\"wd-entities-title\">\n\t\t\t\tAntiDust 3500 p\u00e1ra\u00e1tereszt\u0151 szell\u0151z\u0151szalag\t\t\t<\/a>\n\t\t\t\t\t\t\t<div class=\"star-rating\" role=\"img\" aria-label=\"\u00c9rt\u00e9kel\u00e9s: 5.00 \/ 5\"><span style=\"width:100%\">\u00c9rt\u00e9kel\u00e9s: <strong class=\"rating\">5.00<\/strong> \/ 5<\/span><\/div>\t\t\t\t\t\t<span class=\"price\"><span class=\"woocommerce-Price-amount amount\"><bdi>789<span class=\"woocommerce-Price-currencySymbol\">&#75;&#269;<\/span><\/bdi><\/span><\/span>\n\t\t<\/span>\n\t<\/span>\n\t<\/li>\n<\/ul><\/div><\/div>[vc_separator style=&#8221;shadow&#8221; border_width=&#8221;5&#8243;][vc_column_text text_larger=&#8221;no&#8221; woodmart_inline=&#8221;no&#8221;]<\/p>\n<h4 style=\"text-align: center;\"><span style=\"color: #000000;\"><strong>\u00dcvegh\u00e1z param\u00e9terei:<\/strong><\/span><\/h4>\n<table>\n<tbody>\n<tr style=\"height: 24px;\">\n\u00c9p\u00edt\u00e9s <\/p>\n<td style=\"width: 201px; height: 24px; text-align: left;\">t\u00edpusa<\/td>\n<td style=\"width: 262px; height: 24px; text-align: right;\">\u00f6sszecsukhat\u00f3<\/td>\n<\/tr>\n<tr style=\"height: 24px;\">\n<td style=\"width: 201px; height: 24px; text-align: left;\">Megengedett terhel\u00e9s<\/td>\n<td style=\"width: 262px; height: 24px; text-align: right;\">350 kg<\/td>\n<\/tr>\n<tr style=\"height: 24px;\">\n<td style=\"width: 201px; height: 24px; text-align: left;\">sz\u00e9less\u00e9g<\/td>\n<td style=\"width: 262px; height: 24px; text-align: right;\">5,38 m<\/td>\n<\/tr>\n<tr style=\"height: 24px;\">\n<td style=\"width: 201px; height: 24px; text-align: left;\">magass\u00e1g<\/td>\n<td style=\"width: 262px; height: 24px; text-align: right;\">2,43 m<\/td>\n<\/tr>\n<tr style=\"height: 24px;\">\n<td style=\"width: 201px; height: 24px; text-align: left;\">Hossz (v\u00e1ltozatok)<\/td>\n<td style=\"width: 262px; height: 24px; text-align: right;\">3,98 m; 5,95 m; 7,91 m; 9,88 m; 11,84 (1,964 m ut\u00e1n is lehets\u00e9ges)<\/td>\n<\/tr>\n<tr style=\"height: 24px;\">\n<td style=\"width: 201px; height: 24px; text-align: left;\">\u00dcvegez\u00e9si<\/td>\n<p> anyag<\/p>\n<td style=\"width: 262px; height: 24px; text-align: right;\">polikarbon\u00e1t 4 mm (tisztas\u00e1g &#8211; ak\u00e1r 86%).<\/td>\n<\/tr>\n<tr style=\"height: 24px;\">\n<td style=\"width: 201px; height: 24px; text-align: left;\">UV-v\u00e9delem<\/td>\n<td style=\"width: 262px; height: 24px; text-align: right;\">igen (egyoldal\u00fa)<\/td>\n<\/tr>\n<tr style=\"height: 24px;\">\n<td style=\"width: 201px; height: 24px; text-align: left;\">\u00c9p\u00edt\u0151anyag<\/td>\n<td style=\"width: 262px; height: 24px; text-align: right;\">Horganyzott ac\u00e9l &#8211; Jekl n\u00e9gyzet 40&#215;20 \u043c\u043c<\/td>\n<\/tr>\n<tr style=\"height: 24px;\">\n<td style=\"width: 201px; height: 24px; text-align: left;\">Ac\u00e9lfal<\/td>\n<p> szil\u00e1rds\u00e1ga<\/p>\n<td style=\"width: 262px; height: 24px; text-align: right;\">1 mm<\/td>\n<\/tr>\n<tr style=\"height: 35px;\">\n<td style=\"width: 201px; height: 35px; text-align: left;\">G\u00f6rb\u00e9k<\/td>\n<p> k\u00f6z\u00f6tti t\u00e1vols\u00e1g<\/p>\n<td style=\"width: 262px; height: 35px; text-align: right;\">1 m\u00e9ter<\/td>\n<\/tr>\n<tr style=\"height: 24px;\">\n<td style=\"width: 201px; height: 24px; text-align: left;\">t\u00edpus<\/td>\n<p>mindk\u00e9t <\/p>\n<td style=\"width: 262px; height: 24px; text-align: right;\">oldalon j\u00e1rhat\u00f3<\/td>\n<\/tr>\n<tr style=\"height: 24px;\">\n<td style=\"width: 201px; height: 24px; text-align: left;\">Bej\u00e1rati<\/td>\n<p> ajt\u00f3k<\/p>\n<td style=\"width: 262px; height: 24px; text-align: right;\">2 db<\/td>\n<\/tr>\n<tr style=\"height: 35px;\">\n<td style=\"width: 201px; height: 35px; text-align: left;\">Szell\u0151z\u0151ablak el\u00f6l<\/td>\n<td style=\"width: 262px; height: 35px; text-align: right;\">2 db<\/td>\n<\/tr>\n<tr style=\"height: 24px;\">\n<td style=\"width: 201px; height: 24px; text-align: left;\">Polikarbon\u00e1t<\/td>\n<p> r\u00f6gz\u00edt\u00e9s<\/p>\n<td style=\"width: 262px; height: 24px; text-align: right;\">igen<\/td>\n<\/tr>\n<tr style=\"height: 24px;\">\n<td style=\"width: 201px; height: 24px; text-align: left;\">Polikarbon\u00e1t<\/td>\n<p> garancia<\/p>\n<td style=\"width: 262px; height: 24px; text-align: right;\">10 \u00e9v<\/td>\n<\/tr>\n<tr style=\"height: 35px;\">\n<td style=\"width: 201px; height: 35px; text-align: left;\">\u00c9p\u00edt\u00e9si<\/td>\n<p> garancia<\/p>\n<td style=\"width: 262px; height: 35px; text-align: right;\">2 \u00e9v<\/td>\n<\/tr>\n<tr style=\"height: 24px;\">\n<td style=\"width: 201px; height: 24px; text-align: left;\">alap<\/td>\n<td style=\"width: 262px; height: 24px; text-align: right;\">sz\u00fcks\u00e9ges<\/td>\n<\/tr>\n<\/tbody>\n<\/table>\n<p><span style=\"font-size: 10pt;\">Abban az esetben, ha nem akar agg\u00f3dni a sz\u00fcks\u00e9ges \u00fcvegh\u00e1zi kieg\u00e9sz\u00edt\u0151k \u00f6sszeszerel\u00e9se miatt, komplett k\u00fcl\u00f6nf\u00e9le <\/span><a href=\"https:\/\/agroflex.cz\/kategorie-produktu\/dodatki\/sada-prislusenstvi\/\"><strong><span style=\"font-size: 10pt;\">\u00fcvegh\u00e1zi kieg\u00e9sz\u00edt\u0151ket<\/span> k\u00edn\u00e1lunk.<\/strong><\/a>[\/vc_column_text][vc_separator style=&#8221;shadow&#8221; border_width=&#8221;5&#8243;][\/vc_column][vc_column width=&#8221;1\/2&#8243;][vc_column_text css=&#8221;&#8221; text_larger=&#8221;no&#8221; woodmart_inline=&#8221;no&#8221;]<\/p>\n<div class=\"vc_row wpb_row vc_row-fluid\">\n<div class=\"wpb_column vc_column_container vc_col-sm-12\">\n<div class=\"vc_column-inner\">\n<div class=\"wpb_wrapper\">\n<div class=\"wpb_text_column wpb_content_element\">\n<div class=\"wpb_wrapper\">\n<h4 style=\"text-align: center;\">Az \u00fcvegh\u00e1z alapjai<\/h4>\n<p>Az \u00fcvegh\u00e1z tart\u00f3ss\u00e1g\u00e1nak biztos\u00edt\u00e1sa \u00e9rdek\u00e9ben aj\u00e1nlott egy el\u0151re elk\u00e9sz\u00edtett alapra &#8211; egy alapra &#8211; egy alapra telep\u00edteni, amelyet m\u00e9retei alapj\u00e1n k\u00e9sz\u00edtenek az alap ker\u00fclete ment\u00e9n, p\u00e9ld\u00e1ul 100 vastag keret form\u00e1j\u00e1ban&#8230; 200 mm, ami jelent\u0151sen cs\u00f6kkenti a korr\u00f3zi\u00f3s aktivit\u00e1st. Az \u00fcvegh\u00e1z keret\u00e9t csavarokkal vagy sz\u00f6gekkel kell r\u00f6gz\u00edteni az alaphoz, hogy er\u0151s sz\u00e9lben ne boruljon fel. <\/p>\n<p>A polikarbon\u00e1t \u00fcvegh\u00e1z \u00edgy az egyes \u00fcgyfelek priorit\u00e1sa szerint r\u00f6gz\u00edthet\u0151, felszerelhet\u0151 a talajba (a r\u00f6gz\u00edt\u00e9st horgonyl\u00e1bak biztos\u00edtj\u00e1k), 10 x 10 cm-es fa prizm\u00e1kkal vagy beton alapra.<\/p>\n<p>\u00c1ltal\u00e1ban azonban a beton alaphoz val\u00f3 r\u00f6gz\u00edt\u00e9s jobb v\u00e1laszt\u00e1s, amely jelent\u0151sen cs\u00f6kkenti a korr\u00f3zi\u00f3s aktivit\u00e1st.<\/p>\n<\/div>\n<\/div>\n<\/div>\n<\/div>\n<\/div>\n<\/div>\n<p>[\/vc_column_text]<div class=\"widget_products \"><div class=\"widget woocommerce widget_products\"><ul class=\"product_list_widget\"><li>\n\t\t<span class=\"widget-product-wrap\">\n\t\t<a href=\"https:\/\/agroflex.cz\/hu\/termek\/botanik-femlemez-alap-uveghazakhoz\/\" title=\"Botanik f\u00e9mlemez alap \u00fcvegh\u00e1zakhoz\" class=\"widget-product-img\">\n\t\t\t<img decoding=\"async\" width=\"300\" height=\"300\" src=\"https:\/\/agroflex.cz\/wp-content\/uploads\/2023\/09\/Zakladna-pro-zahradni-skleniky-Agroflex-300x300.jpg\" class=\"attachment-woocommerce_thumbnail size-woocommerce_thumbnail\" alt=\"\" srcset=\"https:\/\/agroflex.cz\/wp-content\/uploads\/2023\/09\/Zakladna-pro-zahradni-skleniky-Agroflex-300x300.jpg 300w, https:\/\/agroflex.cz\/wp-content\/uploads\/2023\/09\/Zakladna-pro-zahradni-skleniky-Agroflex-150x150.jpg 150w\" sizes=\"(max-width: 300px) 100vw, 300px\" \/>\t\t<\/a>\n\t\t<span class=\"widget-product-info\">\n\t\t\t<a href=\"https:\/\/agroflex.cz\/hu\/termek\/botanik-femlemez-alap-uveghazakhoz\/\" title=\"Botanik f\u00e9mlemez alap \u00fcvegh\u00e1zakhoz\" class=\"wd-entities-title\">\n\t\t\t\tBotanik f\u00e9mlemez alap \u00fcvegh\u00e1zakhoz\t\t\t<\/a>\n\t\t\t\t\t\t\t\t\t\t\t\t\t<span class=\"price\"><span class=\"woocommerce-Price-amount amount\" aria-hidden=\"true\"><bdi>968<span class=\"woocommerce-Price-currencySymbol\">&#75;&#269;<\/span><\/bdi><\/span> <span aria-hidden=\"true\">&ndash;<\/span> <span class=\"woocommerce-Price-amount amount\" aria-hidden=\"true\"><bdi>3 267<span class=\"woocommerce-Price-currencySymbol\">&#75;&#269;<\/span><\/bdi><\/span><span class=\"screen-reader-text\">\u00c1rtartom\u00e1ny: 968&#75;&#269; - 3 267&#75;&#269;<\/span><\/span>\n\t\t<\/span>\n\t<\/span>\n\t<\/li>\n<\/ul><\/div><\/div>[vc_separator style=&#8221;shadow&#8221; border_width=&#8221;5&#8243;][vc_column_text css=&#8221;&#8221; text_larger=&#8221;no&#8221; woodmart_inline=&#8221;no&#8221;]<\/p>\n<div class=\"vc_row wpb_row vc_row-fluid\">\n<div class=\"wpb_column vc_column_container vc_col-sm-12\">\n<div class=\"vc_column-inner\">\n<div class=\"wpb_wrapper\">\n<div class=\"wpb_text_column wpb_content_element\">\n<div class=\"wpb_wrapper\">\n<h4 style=\"text-align: center;\">Feler\u0151s\u00edt\u00e9sek<\/h4>\n<p>Az \u00fcvegh\u00e1z \u00f6sszeszerel\u00e9se szint\u00e9n egyszer\u0171 \u00e9s nem ig\u00e9nyel k\u00fcl\u00f6n\u00f6sebb k\u00e9szs\u00e9geket. Csak minim\u00e1lis szersz\u00e1mk\u00e9szletre van sz\u00fcks\u00e9g \u2013 csavarkulcsra, csavarh\u00faz\u00f3ra, k\u00e9sre. R\u00e9szletes utas\u00edt\u00e1sokat kap az \u00fcvegh\u00e1zzal egy\u00fctt. Az illusztr\u00e1lt utas\u00edt\u00e1s tov\u00e1bb egyszer\u0171s\u00edti az \u00fcvegh\u00e1z \u00e9p\u00edt\u00e9s\u00e9nek folyamat\u00e1t,   <\/p>\n<p>Ha nincs ideje a telep\u00edt\u00e9sre, <a href=\"https:\/\/agroflex.cz\/montaz-skleniku\/\" target=\"_blank\" rel=\"noopener\"><strong>megrendelheti<\/strong><\/a> szakembereinkt\u0151l a telep\u00edt\u00e9st, akik mindent nagy szak\u00e9rtelemmel \u00e9s a lehet\u0151 legr\u00f6videbb id\u0151n bel\u00fcl \u00f6ssze\u00e1ll\u00edtanak \u00d6nnek. B\u00e1r az eg\u00e9sz \u00fcvegh\u00e1z \u00f6sszeszerel\u00e9se egyszer\u0171, a legt\u00f6bb id\u0151t ig\u00e9nybe veszi a polikarbon\u00e1t v\u00e1g\u00e1sa \u00e9s \u00e9lez\u00e9se, valamint az \u00fcvegh\u00e1z mindk\u00e9t el\u00fcls\u0151 oldal\u00e1ra t\u00f6rt\u00e9n\u0151 felszerel\u00e9se. Ez\u00e9rt k\u00edn\u00e1ljuk \u00d6nnek a lehet\u0151s\u00e9get, hogy megrendelje <a href=\"https:\/\/agroflex.cz\/montaz-skleniku\/\" target=\"_blank\" rel=\"noopener\"><strong>az \u00f6sszeszerel\u00e9snek ezt a r\u00e9sz\u00e9t<\/strong><\/a>, amelyet rakt\u00e1runkban v\u00e9geznek, mindk\u00e9t el\u00fcls\u0151 oldalt polikarbon\u00e1ttal t\u00f6ltve kapja meg a hordoz\u00f3t\u00f3l. <\/p>\n<p>Az \u00fcvegh\u00e1z m\u00f3dos\u00edthat\u00f3, \u00e9s a j\u00f6v\u0151ben lehets\u00e9ges a b\u0151v\u00edt\u00e9sek megval\u00f3s\u00edt\u00e1sa, \u00edgy az \u00fcvegh\u00e1z elm\u00e9leti hossza korl\u00e1tlan.<\/p>\n<\/div>\n<\/div>\n<\/div>\n<\/div>\n<\/div>\n<\/div>\n<p>[\/vc_column_text][vc_separator style=&#8221;shadow&#8221; border_width=&#8221;5&#8243;][vc_column_text woodmart_inline=&#8221;no&#8221; text_larger=&#8221;no&#8221;]<\/p>\n<h4 style=\"text-align: center;\">Alternat\u00edv\u00e1k<\/h4>\n<p>[\/vc_column_text]<div class=\"widget_products \"><div class=\"widget woocommerce widget_products\"><ul class=\"product_list_widget\"><li>\n\t\t<span class=\"widget-product-wrap\">\n\t\t<a href=\"https:\/\/agroflex.cz\/hu\/termek\/nagy-polikarbonat-uveghaz-rimessa-l50v\/\" title=\"Nagy polikarbon\u00e1t \u00fcvegh\u00e1z RIMESSA L50V\" class=\"widget-product-img\">\n\t\t\t<img decoding=\"async\" width=\"300\" height=\"300\" src=\"https:\/\/agroflex.cz\/wp-content\/uploads\/2023\/09\/polykarbonatovy-sklenik-2-300x300.jpg\" class=\"attachment-woocommerce_thumbnail size-woocommerce_thumbnail\" alt=\"sklen\u00edk polykarbon\u00e1t\" srcset=\"https:\/\/agroflex.cz\/wp-content\/uploads\/2023\/09\/polykarbonatovy-sklenik-2-300x300.jpg 300w, https:\/\/agroflex.cz\/wp-content\/uploads\/2023\/09\/polykarbonatovy-sklenik-2-150x150.jpg 150w\" sizes=\"(max-width: 300px) 100vw, 300px\" \/>\t\t<\/a>\n\t\t<span class=\"widget-product-info\">\n\t\t\t<a href=\"https:\/\/agroflex.cz\/hu\/termek\/nagy-polikarbonat-uveghaz-rimessa-l50v\/\" title=\"Nagy polikarbon\u00e1t \u00fcvegh\u00e1z RIMESSA L50V\" class=\"wd-entities-title\">\n\t\t\t\tNagy polikarbon\u00e1t \u00fcvegh\u00e1z RIMESSA L50V\t\t\t<\/a>\n\t\t\t\t\t\t\t\t\t\t\t\t\t<span class=\"price\"><span class=\"woocommerce-Price-amount amount\" aria-hidden=\"true\"><bdi>69 112<span class=\"woocommerce-Price-currencySymbol\">&#75;&#269;<\/span><\/bdi><\/span> <span aria-hidden=\"true\">&ndash;<\/span> <span class=\"woocommerce-Price-amount amount\" aria-hidden=\"true\"><bdi>262 411<span class=\"woocommerce-Price-currencySymbol\">&#75;&#269;<\/span><\/bdi><\/span><span class=\"screen-reader-text\">\u00c1rtartom\u00e1ny: 69 112&#75;&#269; - 262 411&#75;&#269;<\/span><\/span>\n\t\t<\/span>\n\t<\/span>\n\t<\/li>\n<\/ul><\/div><\/div>[vc_separator style=&#8221;shadow&#8221; border_width=&#8221;5&#8243;][\/vc_column][\/vc_row]<\/p>\n<\/div>","protected":false},"excerpt":{"rendered":"<p style=\"text-align: justify;\"><span style=\"font-size: 10pt;\"><span style=\"color: #993300;\"><strong>H\u00cdREK!<\/strong> <\/span>Az \u00fcvegh\u00e1z sz\u00e9less\u00e9ge 5,38 m, magass\u00e1ga 2,43 m, hossza 4 m-t\u0151l. Az \u00faj &#8222;ANTI-STORM&#8221; oldals\u00f3 nyit\u00f3rendszer sz\u00e9l\u00e1ll\u00f3. 2 m\u00e9ter sz\u00e9les cs\u00fasz\u00f3 r\u00e9sz. Az \u00fcvegh\u00e1z teljes szell\u0151z\u00e9st, term\u00e9szetes \u00f6nt\u00f6z\u00e9st biztos\u00edt es\u0151v\u00edzzel. Speci\u00e1lis, tan\u00fas\u00edtv\u00e1nnyal rendelkez\u0151 \u00e1ttetsz\u0151 polikarbon\u00e1t 4 mm vastag \u00fcvegh\u00e1zakhoz, UV sz\u0171r\u0151vel. Az \u00fcvegh\u00e1z mindk\u00e9t oldalon j\u00e1rhat\u00f3.     <\/span><\/p>\n<p><strong> <\/strong><\/p>\n","protected":false},"featured_media":22817,"comment_status":"open","ping_status":"closed","template":"","meta":[],"product_brand":[419],"product_cat":[838],"product_tag":[],"class_list":{"0":"post-22811","1":"product","2":"type-product","3":"status-publish","4":"has-post-thumbnail","6":"product_brand-agroflex","7":"product_cat-a-medence-lefedese","9":"first","10":"instock","11":"taxable","12":"shipping-taxable","13":"purchasable","14":"product-type-variable","15":"has-default-attributes"},"_links":{"self":[{"href":"https:\/\/agroflex.cz\/hu\/wp-json\/wp\/v2\/product\/22811","targetHints":{"allow":["GET"]}}],"collection":[{"href":"https:\/\/agroflex.cz\/hu\/wp-json\/wp\/v2\/product"}],"about":[{"href":"https:\/\/agroflex.cz\/hu\/wp-json\/wp\/v2\/types\/product"}],"replies":[{"embeddable":true,"href":"https:\/\/agroflex.cz\/hu\/wp-json\/wp\/v2\/comments?post=22811"}],"wp:featuredmedia":[{"embeddable":true,"href":"https:\/\/agroflex.cz\/hu\/wp-json\/wp\/v2\/media\/22817"}],"wp:attachment":[{"href":"https:\/\/agroflex.cz\/hu\/wp-json\/wp\/v2\/media?parent=22811"}],"wp:term":[{"taxonomy":"product_brand","embeddable":true,"href":"https:\/\/agroflex.cz\/hu\/wp-json\/wp\/v2\/product_brand?post=22811"},{"taxonomy":"product_cat","embeddable":true,"href":"https:\/\/agroflex.cz\/hu\/wp-json\/wp\/v2\/product_cat?post=22811"},{"taxonomy":"product_tag","embeddable":true,"href":"https:\/\/agroflex.cz\/hu\/wp-json\/wp\/v2\/product_tag?post=22811"}],"curies":[{"name":"wp","href":"https:\/\/api.w.org\/{rel}","templated":true}]}}