{"id":22911,"date":"2023-09-04T21:05:30","date_gmt":"2023-09-04T21:05:30","guid":{"rendered":"https:\/\/agroflex.cz\/product\/medencefedel-agroflex-tulipan\/"},"modified":"2026-02-02T00:53:51","modified_gmt":"2026-02-02T00:53:51","slug":"medencefedel-agroflex-tulipan","status":"publish","type":"product","link":"https:\/\/agroflex.cz\/hu\/termek\/medencefedel-agroflex-tulipan\/","title":{"rendered":"Medencefed\u00e9l Agroflex TULIPAN"},"content":{"rendered":"<div class=\"wpb-content-wrapper\"><p>[vc_row][vc_column][vc_separator style=&#8221;shadow&#8221; border_width=&#8221;5&#8243;][vc_column_text css=&#8221;&#8221; text_larger=&#8221;no&#8221; woodmart_inline=&#8221;no&#8221;]<\/p>\n<h2 style=\"text-align: center;\">Olcs\u00f3<strong> Agroflex TULIPAN<br \/>\n<\/strong> medencefed\u00e9s<\/h2>\n<p>Ez 2021 \u00fajdons\u00e1ga! A modern, robusztus, \u00edves polikarbon\u00e1t \u00fcvegh\u00e1zat \u00f6sszecsukhat\u00f3 tet\u0151vel \u00e9s oldals\u00f3 r\u00e9szekkel nemcsak n\u00f6v\u00e9nytermeszt\u00e9sre tervezt\u00e9k, hanem intelligens tet\u0151fed\u00e9sk\u00e9nt is haszn\u00e1lhat\u00f3 \u00fasz\u00f3medenc\u00e9k, pavilonok stb. sz\u00e1m\u00e1ra. <\/p>\n<p>A f\u0151 k\u00fcl\u00f6nbs\u00e9g a legt\u00f6bb ilyen t\u00edpus\u00fa \u00fcvegh\u00e1zhoz k\u00e9pest az \u00faj &#8222;ANTI-STORM&#8221; oldals\u00f3 nyit\u00f3rendszer: A 2 m\u00e9ter sz\u00e9les tol\u00f3tet\u0151 \u00e9s a 40 x 20 x 1 mm vastag ac\u00e9lszerkezet\u0171 oldals\u00f3 r\u00e9szek stabil szerkezetet alkotnak \u00e9s nagy tart\u00f3ss\u00e1got garant\u00e1lnak. Hegyvid\u00e9ki ter\u00fcletekre is alkalmas. <\/p>\n<p>M\u00e1s szerkezetekt\u0151l elt\u00e9r\u0151en a kerti \u00fcvegh\u00e1z t\u00e1gas, \u00e9s lehet\u0151v\u00e9 teszi, hogy egyenesen \u00e1lljon bel\u00fcl. Bel\u00fcl asztalok vagy nyug\u00e1gyak helyezhet\u0151k el, \u00e9s k\u00e9nyelmesen pihenhet az eg\u00e9sz csal\u00e1ddal vagy t\u00e1rsas\u00e1ggal.[\/vc_column_text][vc_separator wd_hide_on_desktop=&#8221;no&#8221; wd_hide_on_tablet=&#8221;no&#8221; wd_hide_on_mobile=&#8221;no&#8221;][vc_column_text woodmart_inline=&#8221;no&#8221; text_larger=&#8221;no&#8221;]<\/p>\n<h3 style=\"text-align: center;\">Polikarbon\u00e1t \u00fcvegez\u00e9s<\/h3>\n<p>Speci\u00e1lis, tan\u00fas\u00edtott \u00fcreges polikarbon\u00e1t kerti \u00fcvegh\u00e1zakhoz UV sz\u0171r\u0151vel. Ennek a term\u00e9knek az el\u0151nye a magas h\u0151szigetel\u00e9s az \u00fcveggel szemben. Ellen\u00e1ll a mechanikai s\u00e9r\u00fcl\u00e9seknek, az id\u0151j\u00e1r\u00e1snak \u00e9s a j\u00e9ges\u0151nek. A v\u00edz h\u0151m\u00e9rs\u00e9klete a burkolatnak k\u00f6sz\u00f6nhet\u0151en magasabb, mint tet\u0151 n\u00e9lk\u00fcl.   <\/p>\n<p>A f\u00e9m speci\u00e1lis sz\u00ednes term\u00e9kkel kezelhet\u0151, amely eszt\u00e9tikai megjelen\u00e9se mellett meghosszabb\u00edtja a horganyzott fel\u00fclet \u00e9lettartam\u00e1t is. Ugyanakkor kiv\u00e1laszthatja a polikarbon\u00e1t sz\u00edn\u00e1rnyalat\u00e1t is (megrendel\u00e9skor k\u00e9rj\u00fck, jelezze a polikarbon\u00e1t sz\u00edn\u00e9t a megjegyz\u00e9sben, a pontos \u00e1rat azonnal elk\u00fcldj\u00fck, hozz\u00e1vet\u0151legesen 5-9%-kal emelkedik az \u00e1r) <\/p>\n<p><strong><span style=\"color: #ff0000;\">\u00c9rtes\u00edt\u00e9s:<\/span> Nem javasoljuk a kerti \u00fcvegh\u00e1z r\u00f6gz\u00edt\u00e9s\u00e9t olyan ter\u00fcleten, ahol er\u0151s sz\u00e9l f\u00faj, pl. mez\u0151n stb. Az er\u0151s sz\u00e9l k\u00e1ros\u00edthatja a m\u0171anyag nyit\u00f3 alkatr\u00e9szeket.  <\/strong>[\/vc_column_text][\/vc_column][\/vc_row][vc_row][vc_column width=&#8221;1\/2&#8243;][vc_separator style=&#8221;shadow&#8221; border_width=&#8221;5&#8243;][vc_column_text text_larger=&#8221;no&#8221; woodmart_inline=&#8221;no&#8221;]<\/p>\n<h4 style=\"text-align: center;\"><strong>\u00dcvegh\u00e1z param\u00e9terei:<\/strong><\/h4>\n<table>\n<tbody>\n<tr style=\"height: 24px;\">\n\u00c9p\u00edt\u00e9s <\/p>\n<td style=\"width: 201px; height: 24px; text-align: left;\">t\u00edpusa<\/td>\n<td style=\"width: 262px; height: 24px; text-align: right;\">R\u00f6gz\u00edtett \u00edvek<\/td>\n<\/tr>\n<tr style=\"height: 24px;\">\n<td style=\"width: 201px; height: 24px; text-align: left;\">Megengedett terhel\u00e9s<\/td>\n<td style=\"width: 262px; height: 24px; text-align: right;\">240 kg<\/td>\n<\/tr>\n<tr style=\"height: 24px;\">\n<td style=\"width: 201px; height: 24px; text-align: left;\">sz\u00e9less\u00e9g<\/td>\n<td style=\"width: 262px; height: 24px; text-align: right;\">3,08 m<\/td>\n<\/tr>\n<tr style=\"height: 24px;\">\n<td style=\"width: 201px; height: 24px; text-align: left;\">magass\u00e1g<\/td>\n<td style=\"width: 262px; height: 24px; text-align: right;\">2,02 m<\/td>\n<\/tr>\n<tr style=\"height: 24px;\">\n<td style=\"width: 201px; height: 24px; text-align: left;\">Hossz (v\u00e1ltozatok)<\/td>\n<td style=\"width: 262px; height: 24px; text-align: right;\">3,95 m; 5,91 m; 7,88 m; 9,845 m, 11,84; (1.964 m ut\u00e1n hosszabb hosszabb\u00edt\u00e1s is lehets\u00e9ges)<\/td>\n<\/tr>\n<tr style=\"height: 24px;\">\n<td style=\"width: 201px; height: 24px; text-align: left;\">\u00dcvegez\u00e9si<\/td>\n<p> anyag<\/p>\n<td style=\"width: 262px; height: 24px; text-align: right;\">polikarbon\u00e1t 4 mm (tisztas\u00e1g &#8211; ak\u00e1r 86%).<\/td>\n<\/tr>\n<tr style=\"height: 24px;\">\n<td style=\"width: 201px; height: 24px; text-align: left;\">UV-v\u00e9delem<\/td>\n<td style=\"width: 262px; height: 24px; text-align: right;\">igen (egyoldal\u00fa)<\/td>\n<\/tr>\n<tr style=\"height: 24px;\">\n<td style=\"width: 201px; height: 24px; text-align: left;\">\u00c9p\u00edt\u0151anyag<\/td>\n<td style=\"width: 262px; height: 24px; text-align: right;\"> Horganyzott ac\u00e9l &#8211; Jekl n\u00e9gyzet 40&#215;20 \u043c\u043c<\/td>\n<\/tr>\n<tr style=\"height: 24px;\">\n<td style=\"width: 201px; height: 24px; text-align: left;\">Ac\u00e9lfal<\/td>\n<p> szil\u00e1rds\u00e1ga<\/p>\n<td style=\"width: 262px; height: 24px; text-align: right;\">1 mm<\/td>\n<\/tr>\n<tr style=\"height: 35px;\">\n<td style=\"width: 201px; height: 35px; text-align: left;\">G\u00f6rb\u00e9k<\/td>\n<p> k\u00f6z\u00f6tti t\u00e1vols\u00e1g<\/p>\n<td style=\"width: 262px; height: 35px; text-align: right;\">1 m\u00e9ter<\/td>\n<\/tr>\n<tr style=\"height: 24px;\">\n<td style=\"width: 201px; height: 24px; text-align: left;\">t\u00edpus<\/td>\n<p>mindk\u00e9t <\/p>\n<td style=\"width: 262px; height: 24px; text-align: right;\">oldalon j\u00e1rhat\u00f3<\/td>\n<\/tr>\n<tr style=\"height: 24px;\">\n<td style=\"width: 201px; height: 24px; text-align: left;\">Bej\u00e1rati<\/td>\n<p> ajt\u00f3k<\/p>\n<td style=\"width: 262px; height: 24px; text-align: right;\">2 db<\/td>\n<\/tr>\n<tr style=\"height: 35px;\">\n<td style=\"width: 201px; height: 35px; text-align: left;\">Szell\u0151z\u0151ablak el\u00f6l<\/td>\n<td style=\"width: 262px; height: 35px; text-align: right;\">2 db<\/td>\n<\/tr>\n<tr style=\"height: 24px;\">\n<td style=\"width: 201px; height: 24px; text-align: left;\">Polikarbon\u00e1t<\/td>\n<p> r\u00f6gz\u00edt\u00e9s<\/p>\n<td style=\"width: 262px; height: 24px; text-align: right;\">igen<\/td>\n<\/tr>\n<tr style=\"height: 24px;\">\n<td style=\"width: 201px; height: 24px; text-align: left;\">Polikarbon\u00e1t<\/td>\n<p> garancia<\/p>\n<td style=\"width: 262px; height: 24px; text-align: right;\">10 \u00e9v<\/td>\n<\/tr>\n<tr style=\"height: 35px;\">\n<td style=\"width: 201px; height: 35px; text-align: left;\">\u00c9p\u00edt\u00e9si<\/td>\n<p> garancia<\/p>\n<td style=\"width: 262px; height: 35px; text-align: right;\">2 \u00e9v<\/td>\n<\/tr>\n<tr style=\"height: 24px;\">\n<td style=\"width: 201px; height: 24px; text-align: left;\">alap<\/td>\n<td style=\"width: 262px; height: 24px; text-align: right;\">sz\u00fcks\u00e9ges<\/td>\n<\/tr>\n<tr style=\"height: 24px;\">\n<td style=\"width: 185.867px; height: 24px; text-align: left;\">R\u00f6gz\u00edt\u00e9s a talajhoz<\/td>\n<td style=\"width: 243.133px; height: 24px; text-align: right;\">Kapcsol\u00f3d\u00f3 <a href=\"https:\/\/agroflex.cz\/kategorie-produktu\/dodatki\/kotveni-skleniku\/\" target=\"_blank\" rel=\"noopener\">term\u00e9kek<\/a><\/td>\n<\/tr>\n<\/tbody>\n<\/table>\n<p><span style=\"font-size: 10pt;\">Abban az esetben, ha nem akar agg\u00f3dni a sz\u00fcks\u00e9ges \u00fcvegh\u00e1zi kieg\u00e9sz\u00edt\u0151k \u00f6sszeszerel\u00e9se miatt, komplett k\u00fcl\u00f6nf\u00e9le <a href=\"https:\/\/agroflex.cz\/kategorie-produktu\/accessoires\/sada-prislusenstvi\/\"><strong>\u00fcvegh\u00e1zi kieg\u00e9sz\u00edt\u0151ket<\/strong> k\u00edn\u00e1lunk.<\/a><\/span>[\/vc_column_text][vc_separator style=&#8221;shadow&#8221; border_width=&#8221;5&#8243;][\/vc_column][vc_column width=&#8221;1\/2&#8243;][vc_separator style=&#8221;shadow&#8221; border_width=&#8221;5&#8243;][vc_column_text text_larger=&#8221;no&#8221; woodmart_inline=&#8221;no&#8221;]<\/p>\n<div class=\"vc_row wpb_row vc_row-fluid\">\n<div class=\"wpb_column vc_column_container vc_col-sm-12\">\n<div class=\"vc_column-inner\">\n<div class=\"wpb_wrapper\">\n<div class=\"wpb_text_column wpb_content_element\">\n<div class=\"wpb_wrapper\">\n<h4 style=\"text-align: center;\"><span style=\"font-family: georgia, palatino, serif;\">Feler\u0151s\u00edt\u00e9sek<\/span><\/h4>\n<p>A h\u00e1z felszerel\u00e9se egyszer\u0171 \u00e9s nem ig\u00e9nyel speci\u00e1lis k\u00e9szs\u00e9geket. Csak minim\u00e1lis szersz\u00e1mk\u00e9szletre van sz\u00fcks\u00e9g \u2013 csavarkulcsra, csavarh\u00faz\u00f3ra, k\u00e9sre. <\/p>\n<p>Ha nincs ideje a telep\u00edt\u00e9sre, <a href=\"\/?p=128\">megrendelheti<\/a> szakembereinkt\u0151l a telep\u00edt\u00e9st, akik mindent nagy szak\u00e9rtelemmel \u00e9s a lehet\u0151 legr\u00f6videbb id\u0151n bel\u00fcl \u00f6ssze\u00e1ll\u00edtanak \u00d6nnek. A medence burkolata m\u00f3dos\u00edthat\u00f3, \u00e9s a j\u00f6v\u0151ben lehet\u0151s\u00e9g van b\u0151v\u00edt\u00e9sek megval\u00f3s\u00edt\u00e1s\u00e1ra, \u00edgy az \u00fcvegh\u00e1z elm\u00e9leti hossza korl\u00e1tlan<\/p>\n<\/div>\n<\/div>\n<\/div>\n<\/div>\n<\/div>\n<\/div>\n<p>[\/vc_column_text][vc_separator style=&#8221;shadow&#8221; border_width=&#8221;5&#8243;][vc_column_text woodmart_inline=&#8221;no&#8221; text_larger=&#8221;no&#8221;]<\/p>\n<h4 style=\"text-align: center;\"><span style=\"font-family: georgia, palatino, serif;\">Alternat\u00edv\u00e1k<\/span><\/h4>\n<p>[\/vc_column_text]<div class=\"widget_products \"><div class=\"widget woocommerce widget_products\"><ul class=\"product_list_widget\"><li>\n\t\t<span class=\"widget-product-wrap\">\n\t\t<a href=\"https:\/\/agroflex.cz\/hu\/termek\/medencefedes-agroflex-tulipan-b40\/\" title=\"Medencefed\u00e9s Agroflex TULIPAN B40\" class=\"widget-product-img\">\n\t\t\t<img decoding=\"async\" width=\"300\" height=\"300\" src=\"https:\/\/agroflex.cz\/wp-content\/uploads\/2023\/09\/Zastreseni-bazenu-300x300.jpg\" class=\"attachment-woocommerce_thumbnail size-woocommerce_thumbnail\" alt=\"Kerek medencefed\u00e9s\" srcset=\"https:\/\/agroflex.cz\/wp-content\/uploads\/2023\/09\/Zastreseni-bazenu-300x300.jpg 300w, https:\/\/agroflex.cz\/wp-content\/uploads\/2023\/09\/Zastreseni-bazenu-150x150.jpg 150w, https:\/\/agroflex.cz\/wp-content\/uploads\/2023\/09\/Zastreseni-bazenu-600x600.jpg 600w\" sizes=\"(max-width: 300px) 100vw, 300px\" \/>\t\t<\/a>\n\t\t<span class=\"widget-product-info\">\n\t\t\t<a href=\"https:\/\/agroflex.cz\/hu\/termek\/medencefedes-agroflex-tulipan-b40\/\" title=\"Medencefed\u00e9s Agroflex TULIPAN B40\" class=\"wd-entities-title\">\n\t\t\t\tMedencefed\u00e9s Agroflex TULIPAN B40\t\t\t<\/a>\n\t\t\t\t\t\t\t\t\t\t\t\t\t<span class=\"price\"><span class=\"woocommerce-Price-amount amount\" aria-hidden=\"true\"><bdi>122 237<span class=\"woocommerce-Price-currencySymbol\">&#75;&#269;<\/span><\/bdi><\/span> <span aria-hidden=\"true\">&ndash;<\/span> <span class=\"woocommerce-Price-amount amount\" aria-hidden=\"true\"><bdi>207 242<span class=\"woocommerce-Price-currencySymbol\">&#75;&#269;<\/span><\/bdi><\/span><span class=\"screen-reader-text\">\u00c1rtartom\u00e1ny: 122 237&#75;&#269; - 207 242&#75;&#269;<\/span><\/span>\n\t\t<\/span>\n\t<\/span>\n\t<\/li>\n<\/ul><\/div><\/div>[vc_separator style=&#8221;shadow&#8221; border_width=&#8221;5&#8243;][\/vc_column][\/vc_row]<\/p>\n<\/div>","protected":false},"excerpt":{"rendered":"<p style=\"text-align: justify;\"><span style=\"font-size: 10pt;\"><span style=\"color: #993300;\"><strong>H\u00cdREK!<\/strong> <\/span>Sz\u00e9less\u00e9g 3m, magass\u00e1g 2m, hossz 2m-t\u0151l. Az \u00faj &#8222;ANTI-STORM&#8221; oldals\u00f3 nyit\u00f3rendszer sz\u00e9l\u00e1ll\u00f3. 2 m\u00e9ter sz\u00e9les cs\u00fasz\u00f3 r\u00e9sz. Speci\u00e1lis, tan\u00fas\u00edtv\u00e1nnyal rendelkez\u0151, 4 mm vastag \u00e1ttetsz\u0151 polikarbon\u00e1t UV sz\u0171r\u0151vel. K\u00f6nnyen \u00f6sszeszerelhet\u0151.<br \/>\n<\/span><\/p>\n","protected":false},"featured_media":32532,"comment_status":"open","ping_status":"closed","template":"","meta":[],"product_brand":[419],"product_cat":[838],"product_tag":[],"class_list":{"0":"post-22911","1":"product","2":"type-product","3":"status-publish","4":"has-post-thumbnail","6":"product_brand-agroflex","7":"product_cat-a-medence-lefedese","9":"first","10":"instock","11":"taxable","12":"shipping-taxable","13":"purchasable","14":"product-type-variable","15":"has-default-attributes"},"_links":{"self":[{"href":"https:\/\/agroflex.cz\/hu\/wp-json\/wp\/v2\/product\/22911","targetHints":{"allow":["GET"]}}],"collection":[{"href":"https:\/\/agroflex.cz\/hu\/wp-json\/wp\/v2\/product"}],"about":[{"href":"https:\/\/agroflex.cz\/hu\/wp-json\/wp\/v2\/types\/product"}],"replies":[{"embeddable":true,"href":"https:\/\/agroflex.cz\/hu\/wp-json\/wp\/v2\/comments?post=22911"}],"wp:featuredmedia":[{"embeddable":true,"href":"https:\/\/agroflex.cz\/hu\/wp-json\/wp\/v2\/media\/32532"}],"wp:attachment":[{"href":"https:\/\/agroflex.cz\/hu\/wp-json\/wp\/v2\/media?parent=22911"}],"wp:term":[{"taxonomy":"product_brand","embeddable":true,"href":"https:\/\/agroflex.cz\/hu\/wp-json\/wp\/v2\/product_brand?post=22911"},{"taxonomy":"product_cat","embeddable":true,"href":"https:\/\/agroflex.cz\/hu\/wp-json\/wp\/v2\/product_cat?post=22911"},{"taxonomy":"product_tag","embeddable":true,"href":"https:\/\/agroflex.cz\/hu\/wp-json\/wp\/v2\/product_tag?post=22911"}],"curies":[{"name":"wp","href":"https:\/\/api.w.org\/{rel}","templated":true}]}}