{"id":22963,"date":"2023-09-04T21:05:32","date_gmt":"2023-09-04T21:05:32","guid":{"rendered":"https:\/\/agroflex.cz\/product\/medencefedes-agroflex-tulipan-b50\/"},"modified":"2025-09-19T08:19:51","modified_gmt":"2025-09-19T08:19:51","slug":"medencefedes-agroflex-tulipan-b50","status":"publish","type":"product","link":"https:\/\/agroflex.cz\/hu\/termek\/medencefedes-agroflex-tulipan-b50\/","title":{"rendered":"Medencefed\u00e9s Agroflex TULIPAN B50"},"content":{"rendered":"<div class=\"wpb-content-wrapper\"><p>[vc_row][vc_column][vc_separator style=&#8221;shadow&#8221; border_width=&#8221;5&#8243;][vc_column_text text_larger=&#8221;no&#8221; woodmart_inline=&#8221;no&#8221;]<\/p>\n<h2 style=\"text-align: center;\"><strong>Medencefed\u00e9s TULIPAN B50<br \/>\n<\/strong><\/h2>\n<p>Ez 2024 \u00fajdons\u00e1ga! A medencefed\u00e9s ide\u00e1lis megold\u00e1s a medence \u00e9s k\u00f6rnyezete v\u00e9delm\u00e9re a kedvez\u0151tlen id\u0151j\u00e1r\u00e1si viszonyokt\u00f3l. Ez a kiv\u00e1l\u00f3 min\u0151s\u00e9g\u0171 mened\u00e9k kellemes \u00e1rny\u00e9kot biztos\u00edt a forr\u00f3 ny\u00e1ri napokon, v\u00e9d az es\u0151t\u0151l \u00e9s a sz\u00e9lt\u0151l, \u00e9s lehet\u0151v\u00e9 teszi a f\u00fcrd\u00e9si szezon meghosszabb\u00edt\u00e1s\u00e1t. Modern kialak\u00edt\u00e1s\u00e1nak \u00e9s rendk\u00edv\u00fcl tart\u00f3s anyagainak k\u00f6sz\u00f6nhet\u0151en a pavilon nemcsak praktikus, hanem eszt\u00e9tikus is. K\u00f6nnyen telep\u00edthet\u0151 \u00e9s karbantarthat\u00f3, mik\u00f6zben b\u0151s\u00e9ges helyet biztos\u00edt a medence k\u00f6r\u00fcli k\u00e9nyelmes mozg\u00e1shoz. Ez a pavilon nagyszer\u0171 v\u00e1laszt\u00e1s mindazok sz\u00e1m\u00e1ra, akik eg\u00e9sz \u00e9vben szeretn\u00e9k \u00e9lvezni a k\u00e9nyelmes \u00fasz\u00e1st. A h\u00e1z sz\u00e9l\u00e1ll\u00f3. Az 1 m\u00e9ter sz\u00e9les tol\u00f3tet\u0151 \u00e9s oldalr\u00e9szek 40 x 20 vastag ac\u00e9lszerkezettel stabil szerkezetet alkotnak, \u00e9s nagy tart\u00f3ss\u00e1got garant\u00e1lnak. Hegyvid\u00e9ki ter\u00fcletekre is alkalmas. A medencefed\u00e9s mindk\u00e9t v\u00e9g\u00e9n sz\u00e9les dupla ajt\u00f3kkal rendelkezik, \u00e9s \u00e1tj\u00e1rhat\u00f3. Bel\u00fcl asztalok vagy nyug\u00e1gyak helyezhet\u0151k el, \u00e9s k\u00e9nyelmesen pihenhet az eg\u00e9sz csal\u00e1ddal vagy t\u00e1rsas\u00e1ggal.[\/vc_column_text][vc_separator wd_hide_on_desktop=&#8221;no&#8221; wd_hide_on_tablet=&#8221;no&#8221; wd_hide_on_mobile=&#8221;no&#8221;][vc_column_text woodmart_inline=&#8221;no&#8221; text_larger=&#8221;no&#8221;]<\/p>\n<h3 style=\"text-align: center;\">Polikarbon\u00e1t \u00fcvegez\u00e9s<\/h3>\n<p>Speci\u00e1lis, tan\u00fas\u00edtott \u00fcreges polikarbon\u00e1t kerti \u00fcvegh\u00e1zakhoz UV sz\u0171r\u0151vel. Ennek a term\u00e9knek az el\u0151nye a magas h\u0151szigetel\u00e9s az \u00fcveggel szemben. Ellen\u00e1ll a mechanikai s\u00e9r\u00fcl\u00e9seknek, az id\u0151j\u00e1r\u00e1snak \u00e9s a j\u00e9ges\u0151nek. A v\u00edz h\u0151m\u00e9rs\u00e9klete a burkolatnak k\u00f6sz\u00f6nhet\u0151en magasabb, mint tet\u0151 n\u00e9lk\u00fcl.   <\/p>\n<p><strong><span style=\"color: #ff0000;\">\u00c9rtes\u00edt\u00e9s:<\/span> Nem javasoljuk a kerti \u00fcvegh\u00e1z r\u00f6gz\u00edt\u00e9s\u00e9t olyan ter\u00fcleten, ahol er\u0151s sz\u00e9l f\u00faj, pl. mez\u0151n stb. Az er\u0151s sz\u00e9l k\u00e1ros\u00edthatja a m\u0171anyag nyit\u00f3 alkatr\u00e9szeket.  <\/strong>[\/vc_column_text][\/vc_column][\/vc_row][vc_row][vc_column width=&#8221;1\/2&#8243;][vc_separator style=&#8221;shadow&#8221; border_width=&#8221;5&#8243;][vc_column_text text_larger=&#8221;no&#8221; woodmart_inline=&#8221;no&#8221;]<\/p>\n<h4 style=\"text-align: center;\"><span style=\"color: #000000;\"><strong>Param\u00e9terek:<\/strong><\/span><\/h4>\n<table>\n<tbody>\n<tr style=\"height: 24px;\">\n\u00c9p\u00edt\u00e9s <\/p>\n<td style=\"width: 201px; height: 24px; text-align: left;\">t\u00edpusa<\/td>\n<td style=\"width: 262px; height: 24px; text-align: right;\">\u00f6sszecsukhat\u00f3<\/td>\n<\/tr>\n<tr style=\"height: 24px;\">\n<td style=\"width: 201px; height: 24px; text-align: left;\">Megengedett terhel\u00e9s<\/td>\n<td style=\"width: 262px; height: 24px; text-align: right;\">350 kg<\/td>\n<\/tr>\n<tr style=\"height: 24px;\">\n<td style=\"width: 201px; height: 24px; text-align: left;\">sz\u00e9less\u00e9g<\/td>\n<td style=\"width: 262px; height: 24px; text-align: right;\">5,38 m<\/td>\n<\/tr>\n<tr style=\"height: 24px;\">\n<td style=\"width: 201px; height: 24px; text-align: left;\">magass\u00e1g<\/td>\n<td style=\"width: 262px; height: 24px; text-align: right;\">2,43 m<\/td>\n<\/tr>\n<tr style=\"height: 24px;\">\n<td style=\"width: 201px; height: 24px; text-align: left;\">Hossz (v\u00e1ltozatok)<\/td>\n<td style=\"width: 262px; height: 24px; text-align: right;\">3,98 m; 5,95 m; 7,91 m; 9,88 m; 11,84 (hosszabb, 1 964 m-es hosszabb\u00edt\u00e1sok is lehets\u00e9gesek)<\/td>\n<\/tr>\n<tr style=\"height: 24px;\">\n<td style=\"width: 201px; height: 24px; text-align: left;\">\u00dcvegez\u00e9si<\/td>\n<p> anyag<\/p>\n<td style=\"width: 262px; height: 24px; text-align: right;\">polikarbon\u00e1t 4 mm (tisztas\u00e1g &#8211; ak\u00e1r 86%).<\/td>\n<\/tr>\n<tr style=\"height: 24px;\">\n<td style=\"width: 201px; height: 24px; text-align: left;\">UV-v\u00e9delem<\/td>\n<td style=\"width: 262px; height: 24px; text-align: right;\">igen (egyoldal\u00fa)<\/td>\n<\/tr>\n<tr style=\"height: 24px;\">\n<td style=\"width: 201px; height: 24px; text-align: left;\">\u00c9p\u00edt\u0151anyag<\/td>\n<td style=\"width: 262px; height: 24px; text-align: right;\">Porsz\u00f3rt horganyzott ac\u00e9l<\/td>\n<\/tr>\n<tr style=\"height: 24px;\">\n<td style=\"width: 201px; height: 24px; text-align: left;\">Sz\u00edn<\/td>\n<td style=\"width: 262px; height: 24px; text-align: right;\">RAL 9003 (feh\u00e9r) vagy RAL 8017 (barna)<\/td>\n<\/tr>\n<tr style=\"height: 24px;\">\n<td style=\"width: 161.267px; height: 24px; text-align: left;\">Bels\u0151<\/td>\n<p> meger\u0151s\u00edt\u00e9s<\/p>\n<td style=\"width: 292.733px; height: 24px; text-align: right;\"> Dupla ac\u00e9l<\/td>\n<\/tr>\n<tr style=\"height: 35px;\">\n<td style=\"width: 201px; height: 35px; text-align: left;\">G\u00f6rb\u00e9k<\/td>\n<p> k\u00f6z\u00f6tti t\u00e1vols\u00e1g<\/p>\n<td style=\"width: 262px; height: 35px; text-align: right;\">1 m\u00e9ter<\/td>\n<\/tr>\n<tr style=\"height: 24px;\">\n<td style=\"width: 201px; height: 24px; text-align: left;\">t\u00edpus<\/td>\n<p>mindk\u00e9t <\/p>\n<td style=\"width: 262px; height: 24px; text-align: right;\">oldalon j\u00e1rhat\u00f3<\/td>\n<\/tr>\n<tr style=\"height: 24px;\">\n<td style=\"width: 201px; height: 24px; text-align: left;\">Bej\u00e1rati<\/td>\n<p> ajt\u00f3k<\/p>\n<td style=\"width: 262px; height: 24px; text-align: right;\">2 db<\/td>\n<\/tr>\n<tr style=\"height: 24px;\">\n<td style=\"width: 201px; height: 24px; text-align: left;\">Polikarbon\u00e1t<\/td>\n<p> r\u00f6gz\u00edt\u00e9s<\/p>\n<td style=\"width: 262px; height: 24px; text-align: right;\">igen<\/td>\n<\/tr>\n<tr style=\"height: 24px;\">\n<td style=\"width: 201px; height: 24px; text-align: left;\">Polikarbon\u00e1t<\/td>\n<p> garancia<\/p>\n<td style=\"width: 262px; height: 24px; text-align: right;\">10 \u00e9v<\/td>\n<\/tr>\n<tr style=\"height: 35px;\">\n<td style=\"width: 201px; height: 35px; text-align: left;\">\u00c9p\u00edt\u00e9si<\/td>\n<p> garancia<\/p>\n<td style=\"width: 262px; height: 35px; text-align: right;\">2 \u00e9v<\/td>\n<\/tr>\n<\/tbody>\n<\/table>\n<p>[\/vc_column_text][vc_separator style=&#8221;shadow&#8221; border_width=&#8221;5&#8243;][\/vc_column][vc_column width=&#8221;1\/2&#8243;][vc_separator style=&#8221;shadow&#8221; border_width=&#8221;5&#8243;][vc_column_text text_larger=&#8221;no&#8221; woodmart_inline=&#8221;no&#8221;]<\/p>\n<div class=\"vc_row wpb_row vc_row-fluid\">\n<div class=\"wpb_column vc_column_container vc_col-sm-12\">\n<div class=\"vc_column-inner\">\n<div class=\"wpb_wrapper\">\n<div class=\"wpb_text_column wpb_content_element\">\n<div class=\"wpb_wrapper\">\n<h4 style=\"text-align: center;\">Feler\u0151s\u00edt\u00e9sek<\/h4>\n<p>A h\u00e1z felszerel\u00e9se egyszer\u0171 \u00e9s nem ig\u00e9nyel speci\u00e1lis k\u00e9szs\u00e9geket. Csak minim\u00e1lis szersz\u00e1mk\u00e9szletre van sz\u00fcks\u00e9g \u2013 csavarkulcsra, csavarh\u00faz\u00f3ra, k\u00e9sre. R\u00e9szletes utas\u00edt\u00e1sokat kap az \u00fcvegh\u00e1zzal egy\u00fctt. Az illusztr\u00e1lt utas\u00edt\u00e1s tov\u00e1bb egyszer\u0171s\u00edti az \u00fcvegh\u00e1z \u00e9p\u00edt\u00e9s\u00e9nek folyamat\u00e1t,   <\/p>\n<p>Ha nincs ideje a telep\u00edt\u00e9sre, <a href=\"\/?p=128\">megrendelheti<\/a> szakembereinkt\u0151l a telep\u00edt\u00e9st, akik mindent nagy szak\u00e9rtelemmel \u00e9s a lehet\u0151 legr\u00f6videbb id\u0151n bel\u00fcl \u00f6ssze\u00e1ll\u00edtanak \u00d6nnek. A tet\u0151fed\u00e9s m\u00f3dos\u00edthat\u00f3, \u00e9s a j\u00f6v\u0151ben lehet\u0151s\u00e9g van b\u0151v\u00edt\u00e9sek megval\u00f3s\u00edt\u00e1s\u00e1ra, \u00edgy az \u00fcvegh\u00e1z elm\u00e9leti hossza korl\u00e1tlan<\/p>\n<\/div>\n<\/div>\n<\/div>\n<\/div>\n<\/div>\n<\/div>\n<p>[\/vc_column_text][vc_separator style=&#8221;shadow&#8221; border_width=&#8221;5&#8243;][vc_column_text woodmart_inline=&#8221;no&#8221; text_larger=&#8221;no&#8221;]<\/p>\n<h4 style=\"text-align: center;\">Alternat\u00edv\u00e1k<\/h4>\n<p>[\/vc_column_text]<div class=\"widget_products \"><div class=\"widget woocommerce widget_products\"><ul class=\"product_list_widget\"><li>\n\t\t<span class=\"widget-product-wrap\">\n\t\t<a href=\"https:\/\/agroflex.cz\/hu\/termek\/medencefedel-agroflex-tulipan\/\" title=\"Medencefed\u00e9l Agroflex TULIPAN\" class=\"widget-product-img\">\n\t\t\t<img decoding=\"async\" width=\"300\" height=\"300\" src=\"https:\/\/agroflex.cz\/wp-content\/uploads\/2023\/09\/zastreseni-bazenu-Botanik-Tulipan-300x300.jpg\" class=\"attachment-woocommerce_thumbnail size-woocommerce_thumbnail\" alt=\"zast\u0159e\u0161en\u00ed baz\u00e9n\u016f , pool roofing\" srcset=\"https:\/\/agroflex.cz\/wp-content\/uploads\/2023\/09\/zastreseni-bazenu-Botanik-Tulipan-300x300.jpg 300w, https:\/\/agroflex.cz\/wp-content\/uploads\/2023\/09\/zastreseni-bazenu-Botanik-Tulipan-150x150.jpg 150w\" sizes=\"(max-width: 300px) 100vw, 300px\" \/>\t\t<\/a>\n\t\t<span class=\"widget-product-info\">\n\t\t\t<a href=\"https:\/\/agroflex.cz\/hu\/termek\/medencefedel-agroflex-tulipan\/\" title=\"Medencefed\u00e9l Agroflex TULIPAN\" class=\"wd-entities-title\">\n\t\t\t\tMedencefed\u00e9l Agroflex TULIPAN\t\t\t<\/a>\n\t\t\t\t\t\t\t<div class=\"star-rating\" role=\"img\" aria-label=\"\u00c9rt\u00e9kel\u00e9s: 5.00 \/ 5\"><span style=\"width:100%\">\u00c9rt\u00e9kel\u00e9s: <strong class=\"rating\">5.00<\/strong> \/ 5<\/span><\/div>\t\t\t\t\t\t<span class=\"price\"><span class=\"woocommerce-Price-amount amount\" aria-hidden=\"true\"><bdi>30 875<span class=\"woocommerce-Price-currencySymbol\">&#75;&#269;<\/span><\/bdi><\/span> <span aria-hidden=\"true\">&ndash;<\/span> <span class=\"woocommerce-Price-amount amount\" aria-hidden=\"true\"><bdi>73 575<span class=\"woocommerce-Price-currencySymbol\">&#75;&#269;<\/span><\/bdi><\/span><span class=\"screen-reader-text\">\u00c1rtartom\u00e1ny: 30 875&#75;&#269; - 73 575&#75;&#269;<\/span><\/span>\n\t\t<\/span>\n\t<\/span>\n\t<\/li>\n<\/ul><\/div><\/div>[vc_separator style=&#8221;shadow&#8221; border_width=&#8221;5&#8243;][\/vc_column][\/vc_row]<\/p>\n<\/div>","protected":false},"excerpt":{"rendered":"<p style=\"text-align: justify;\"><span style=\"font-size: 10pt;\"><span style=\"color: #993300;\"><strong>H\u00cdREK!<\/strong> <\/span>Robusztus horganyzott ac\u00e9lszerkezet porsz\u00f3rttal. Sz\u00e9less\u00e9g 5,38 m, magass\u00e1g 2,43 m, hossz 4 m-t\u0151l. Az \u00faj &#8222;ANTI-STORM&#8221; oldals\u00f3 nyit\u00f3rendszer sz\u00e9l\u00e1ll\u00f3. 1 m\u00e9ter sz\u00e9les cs\u00fasz\u00f3 r\u00e9sz. Speci\u00e1lis, tan\u00fas\u00edtv\u00e1nnyal rendelkez\u0151, 4 mm vastag \u00e1ttetsz\u0151 polikarbon\u00e1t UV sz\u0171r\u0151vel.<br \/>\n<\/span><\/p>\n<p><strong> <\/strong><\/p>\n","protected":false},"featured_media":22976,"comment_status":"open","ping_status":"closed","template":"","meta":[],"product_brand":[419],"product_cat":[838],"product_tag":[],"class_list":{"0":"post-22963","1":"product","2":"type-product","3":"status-publish","4":"has-post-thumbnail","6":"product_brand-agroflex","7":"product_cat-a-medence-lefedese","9":"first","10":"instock","11":"taxable","12":"shipping-taxable","13":"purchasable","14":"product-type-variable","15":"has-default-attributes"},"_links":{"self":[{"href":"https:\/\/agroflex.cz\/hu\/wp-json\/wp\/v2\/product\/22963","targetHints":{"allow":["GET"]}}],"collection":[{"href":"https:\/\/agroflex.cz\/hu\/wp-json\/wp\/v2\/product"}],"about":[{"href":"https:\/\/agroflex.cz\/hu\/wp-json\/wp\/v2\/types\/product"}],"replies":[{"embeddable":true,"href":"https:\/\/agroflex.cz\/hu\/wp-json\/wp\/v2\/comments?post=22963"}],"wp:featuredmedia":[{"embeddable":true,"href":"https:\/\/agroflex.cz\/hu\/wp-json\/wp\/v2\/media\/22976"}],"wp:attachment":[{"href":"https:\/\/agroflex.cz\/hu\/wp-json\/wp\/v2\/media?parent=22963"}],"wp:term":[{"taxonomy":"product_brand","embeddable":true,"href":"https:\/\/agroflex.cz\/hu\/wp-json\/wp\/v2\/product_brand?post=22963"},{"taxonomy":"product_cat","embeddable":true,"href":"https:\/\/agroflex.cz\/hu\/wp-json\/wp\/v2\/product_cat?post=22963"},{"taxonomy":"product_tag","embeddable":true,"href":"https:\/\/agroflex.cz\/hu\/wp-json\/wp\/v2\/product_tag?post=22963"}],"curies":[{"name":"wp","href":"https:\/\/api.w.org\/{rel}","templated":true}]}}