{"id":24284,"date":"2023-09-04T21:02:38","date_gmt":"2023-09-04T21:02:38","guid":{"rendered":"https:\/\/agroflex.cz\/product\/hcp-polikarbonat-ragasztoprofil-6-10mm\/"},"modified":"2023-09-04T21:02:38","modified_gmt":"2023-09-04T21:02:38","slug":"hcp-polikarbonat-ragasztoprofil-6-10mm","status":"publish","type":"product","link":"https:\/\/agroflex.cz\/hu\/termek\/hcp-polikarbonat-ragasztoprofil-6-10mm\/","title":{"rendered":"HCP polikarbon\u00e1t ragaszt\u00f3profil 6-10mm"},"content":{"rendered":"","protected":false},"excerpt":{"rendered":"<p>Eredeti HCP polikarbon\u00e1t \u00f6sszek\u00f6t\u0151 profil 4-10 mm-es polikarbon\u00e1t \u00fcreges lemezek csatlakoztat\u00e1s\u00e1ra. Nagyobb tet\u0151fed\u00e9sekhez, pl. pergol\u00e1khoz, parkol\u00f3helyekhez, \u00e1tl\u00e1tsz\u00f3 polikarbon\u00e1tb\u00f3l k\u00e9sz\u00fclt \u00fcvegh\u00e1zakhoz.  <\/p>\n<p>Hossz 6 m<\/p>\n","protected":false},"featured_media":12525,"comment_status":"open","ping_status":"closed","template":"","meta":[],"product_brand":[419],"product_cat":[507,1314,1320,1302],"product_tag":[],"class_list":{"0":"post-24284","1":"product","2":"type-product","3":"status-publish","4":"has-post-thumbnail","6":"product_brand-agroflex","7":"product_cat-tartozekok","8":"product_cat-pc-lapok-szegelyezese","9":"product_cat-rogzito-elemek","10":"product_cat-polikarbonat-lapok","12":"first","13":"instock","14":"taxable","15":"shipping-taxable","16":"purchasable","17":"product-type-variable"},"_links":{"self":[{"href":"https:\/\/agroflex.cz\/hu\/wp-json\/wp\/v2\/product\/24284","targetHints":{"allow":["GET"]}}],"collection":[{"href":"https:\/\/agroflex.cz\/hu\/wp-json\/wp\/v2\/product"}],"about":[{"href":"https:\/\/agroflex.cz\/hu\/wp-json\/wp\/v2\/types\/product"}],"replies":[{"embeddable":true,"href":"https:\/\/agroflex.cz\/hu\/wp-json\/wp\/v2\/comments?post=24284"}],"wp:featuredmedia":[{"embeddable":true,"href":"https:\/\/agroflex.cz\/hu\/wp-json\/wp\/v2\/media\/12525"}],"wp:attachment":[{"href":"https:\/\/agroflex.cz\/hu\/wp-json\/wp\/v2\/media?parent=24284"}],"wp:term":[{"taxonomy":"product_brand","embeddable":true,"href":"https:\/\/agroflex.cz\/hu\/wp-json\/wp\/v2\/product_brand?post=24284"},{"taxonomy":"product_cat","embeddable":true,"href":"https:\/\/agroflex.cz\/hu\/wp-json\/wp\/v2\/product_cat?post=24284"},{"taxonomy":"product_tag","embeddable":true,"href":"https:\/\/agroflex.cz\/hu\/wp-json\/wp\/v2\/product_tag?post=24284"}],"curies":[{"name":"wp","href":"https:\/\/api.w.org\/{rel}","templated":true}]}}