{"id":24618,"date":"2023-09-04T21:03:22","date_gmt":"2023-09-04T21:03:22","guid":{"rendered":"https:\/\/agroflex.cz\/product\/szellozoablak-master\/"},"modified":"2023-09-04T21:03:22","modified_gmt":"2023-09-04T21:03:22","slug":"szellozoablak-master","status":"publish","type":"product","link":"https:\/\/agroflex.cz\/hu\/termek\/szellozoablak-master\/","title":{"rendered":"Szell\u0151z\u0151ablak &#8211; MASTER"},"content":{"rendered":"<p>&nbsp;<\/p>\n<p>&nbsp;<\/p>\n<p>&nbsp;<\/p>\n","protected":false},"excerpt":{"rendered":"<p>A tet\u0151 szell\u0151z\u0151ablaka az \u00fcvegh\u00e1z bels\u0151 h\u0151m\u00e9rs\u00e9klet\u00e9nek szab\u00e1lyoz\u00e1s\u00e1ra szolg\u00e1l. a tart\u00f3s MASTER polikarbon\u00e1t \u00edves kerti \u00fcvegh\u00e1z eredeti b\u0151v\u00edt\u0151je. Az ablakkeret horganyzott, valamint az eg\u00e9sz \u00fcvegh\u00e1zb\u00f3l k\u00e9sz\u00fcl. ac\u00e9l. A szell\u0151z\u0151ablak teljes m\u00e9rt\u00e9kben kompatibilis az Aero-100, Thermovent, Univent, Megavent automata nyit\u00f3val, amely ehhez az ablakhoz rendelhet\u0151. A csomag tartalmazza az \u00f6sszes sz\u00fcks\u00e9ges r\u00f6gz\u00edt\u0151elemet.     <\/p>\n","protected":false},"featured_media":0,"comment_status":"open","ping_status":"closed","template":"","meta":[],"product_brand":[419],"product_cat":[507,1338],"product_tag":[],"class_list":{"0":"post-24618","1":"product","2":"type-product","3":"status-publish","5":"product_brand-agroflex","6":"product_cat-tartozekok","7":"product_cat-szellozo-ablakok","9":"first","10":"instock","11":"taxable","12":"shipping-taxable","13":"purchasable","14":"product-type-simple"},"_links":{"self":[{"href":"https:\/\/agroflex.cz\/hu\/wp-json\/wp\/v2\/product\/24618","targetHints":{"allow":["GET"]}}],"collection":[{"href":"https:\/\/agroflex.cz\/hu\/wp-json\/wp\/v2\/product"}],"about":[{"href":"https:\/\/agroflex.cz\/hu\/wp-json\/wp\/v2\/types\/product"}],"replies":[{"embeddable":true,"href":"https:\/\/agroflex.cz\/hu\/wp-json\/wp\/v2\/comments?post=24618"}],"wp:attachment":[{"href":"https:\/\/agroflex.cz\/hu\/wp-json\/wp\/v2\/media?parent=24618"}],"wp:term":[{"taxonomy":"product_brand","embeddable":true,"href":"https:\/\/agroflex.cz\/hu\/wp-json\/wp\/v2\/product_brand?post=24618"},{"taxonomy":"product_cat","embeddable":true,"href":"https:\/\/agroflex.cz\/hu\/wp-json\/wp\/v2\/product_cat?post=24618"},{"taxonomy":"product_tag","embeddable":true,"href":"https:\/\/agroflex.cz\/hu\/wp-json\/wp\/v2\/product_tag?post=24618"}],"curies":[{"name":"wp","href":"https:\/\/api.w.org\/{rel}","templated":true}]}}