{"id":24686,"date":"2023-09-04T21:03:55","date_gmt":"2023-09-04T21:03:55","guid":{"rendered":"https:\/\/agroflex.cz\/product\/a-titan-lt1-uveghaz-csontvaza\/"},"modified":"2025-09-20T14:34:28","modified_gmt":"2025-09-20T14:34:28","slug":"a-titan-lt1-uveghaz-csontvaza","status":"publish","type":"product","link":"https:\/\/agroflex.cz\/hu\/termek\/a-titan-lt1-uveghaz-csontvaza\/","title":{"rendered":"A TITAN LT1 \u00fcvegh\u00e1z csontv\u00e1za"},"content":{"rendered":"<div class=\"wpb-content-wrapper\"><p>[vc_row][vc_column][\/vc_column][\/vc_row][vc_row][vc_column width=&#8221;1\/2&#8243;][vc_separator style=&#8221;shadow&#8221; border_width=&#8221;5&#8243;][vc_column_text text_larger=&#8221;no&#8221;]<\/p>\n<h4 style=\"text-align: center;\"><span style=\"color: #000000;\"><strong>Agroflex kerti \u00fcvegh\u00e1z &#8211; TITAN LT1 (keret)<br \/>\n<\/strong><\/span><\/h4>\n<p>Sz\u00e9p \u00e9s praktikus, tart\u00f3s kerti \u00edves \u00fcvegh\u00e1z polikarbon\u00e1tb\u00f3l TITAN LT1. A f\u0151 k\u00fcl\u00f6nbs\u00e9g a legt\u00f6bb \u00fcvegh\u00e1zhoz k\u00e9pest a kett\u0151s \u00edvg\u00f6rbe. Az \u00fcvegh\u00e1z ac\u00e9lb\u00f3l k\u00e9sz\u00fcl. Az \u00edvek \u00e9s v\u00e1laszfalak az ac\u00e9l k\u00fcls\u0151 \u00e9s bels\u0151 oldal\u00e1n horganyzottak, a hegeszt\u00e9si ponton pedig mechanikus horganyz\u00e1ssal vannak kezelve (<a href=\"\/?page_id=5731\">korr\u00f3zi\u00f3v\u00e9delem<\/a> \u2013 a tiszta cinktartalom k\u00f6r\u00fclbel\u00fcl 90%). Az \u00edvek ellen\u00e1llnak a sz\u00e9lnek, az \u00fcvegh\u00e1z nagy terhel\u00e9s\u00e9nek. Legfeljebb 190 kg terhel\u00e9s\u0171 konstrukci\u00f3, egy dupla 20\u00d720 hengeres, 1 mm vastag hossz\u00fa ideig tart. Az \u00edvek k\u00f6z\u00f6tti t\u00e1vols\u00e1g 1 m\u00e9ter. Azokban a r\u00e9gi\u00f3kban azonban, ahol nem a legszigor\u00fabb \u00e9ghajlati viszonyok vannak, ez t\u00f6bb mint el\u00e9g. Mindk\u00e9t oldalon j\u00e1rhat\u00f3.[\/vc_column_text][vc_separator style=&#8221;shadow&#8221; border_width=&#8221;5&#8243;][\/vc_column][vc_column width=&#8221;1\/2&#8243;][vc_separator style=&#8221;shadow&#8221; border_width=&#8221;5&#8243;][vc_text_separator title=&#8221;Alternat\u00edv\u00e1k&#8221; title_align=&#8221;separator_align_left&#8221; align=&#8221;align_left&#8221;]<div class=\"widget_products \"><div class=\"widget woocommerce widget_products\"><ul class=\"product_list_widget\"><li>\n\t\t<span class=\"widget-product-wrap\">\n\t\t<a href=\"https:\/\/agroflex.cz\/hu\/termek\/stabil-kerti-uveghaz-standard\/\" title=\"Stabil kerti \u00fcvegh\u00e1z STANDARD\" class=\"widget-product-img\">\n\t\t\t<img decoding=\"async\" width=\"300\" height=\"300\" src=\"https:\/\/agroflex.cz\/wp-content\/uploads\/2023\/09\/levny-sklenik-z-polykarbonatu-Agroflex-Standard-300x300.jpg\" class=\"attachment-woocommerce_thumbnail size-woocommerce_thumbnail\" alt=\"\u00dcvegh\u00e1zi polikarbon\u00e1t 3x6\" srcset=\"https:\/\/agroflex.cz\/wp-content\/uploads\/2023\/09\/levny-sklenik-z-polykarbonatu-Agroflex-Standard-300x300.jpg 300w, https:\/\/agroflex.cz\/wp-content\/uploads\/2023\/09\/levny-sklenik-z-polykarbonatu-Agroflex-Standard-150x150.jpg 150w, https:\/\/agroflex.cz\/wp-content\/uploads\/2023\/09\/levny-sklenik-z-polykarbonatu-Agroflex-Standard-600x600.jpg 600w\" sizes=\"(max-width: 300px) 100vw, 300px\" \/>\t\t<\/a>\n\t\t<span class=\"widget-product-info\">\n\t\t\t<a href=\"https:\/\/agroflex.cz\/hu\/termek\/stabil-kerti-uveghaz-standard\/\" title=\"Stabil kerti \u00fcvegh\u00e1z STANDARD\" class=\"wd-entities-title\">\n\t\t\t\tStabil kerti \u00fcvegh\u00e1z STANDARD\t\t\t<\/a>\n\t\t\t\t\t\t\t\t\t\t\t\t\t<span class=\"price\"><span class=\"woocommerce-Price-amount amount\"><bdi>16 941<span class=\"woocommerce-Price-currencySymbol\">&#75;&#269;<\/span><\/bdi><\/span><\/span>\n\t\t<\/span>\n\t<\/span>\n\t<\/li>\n<\/ul><\/div><\/div>[vc_separator style=&#8221;shadow&#8221; border_width=&#8221;5&#8243;][\/vc_column][\/vc_row]<\/p>\n<\/div>","protected":false},"excerpt":{"rendered":"<p><span style=\"font-size: 10pt;\">\u00dcvegh\u00e1z sz\u00e9less\u00e9ge 3 m, magass\u00e1ga 2,1 m, hossza 4 m-t\u0151l. Kett\u0151s szerkezet\u0171 ac\u00e9lszerkezettel, vastags\u00e1ga 20 x 20 x 1 mm. Robusztus ac\u00e9lszerkezet. Id\u0151j\u00e1r\u00e1s\u00e1ll\u00f3s\u00e1g.   <\/span><\/p>\n","protected":false},"featured_media":13383,"comment_status":"open","ping_status":"closed","template":"","meta":[],"product_brand":[419],"product_cat":[625,1124],"product_tag":[],"class_list":{"0":"post-24686","1":"product","2":"type-product","3":"status-publish","4":"has-post-thumbnail","6":"product_brand-agroflex","7":"product_cat-polikarbonat-uveghazak","8":"product_cat-uveghazi-csontvaz-pc-nelkul","10":"first","11":"instock","12":"taxable","13":"shipping-taxable","14":"purchasable","15":"product-type-variable"},"_links":{"self":[{"href":"https:\/\/agroflex.cz\/hu\/wp-json\/wp\/v2\/product\/24686","targetHints":{"allow":["GET"]}}],"collection":[{"href":"https:\/\/agroflex.cz\/hu\/wp-json\/wp\/v2\/product"}],"about":[{"href":"https:\/\/agroflex.cz\/hu\/wp-json\/wp\/v2\/types\/product"}],"replies":[{"embeddable":true,"href":"https:\/\/agroflex.cz\/hu\/wp-json\/wp\/v2\/comments?post=24686"}],"wp:featuredmedia":[{"embeddable":true,"href":"https:\/\/agroflex.cz\/hu\/wp-json\/wp\/v2\/media\/13383"}],"wp:attachment":[{"href":"https:\/\/agroflex.cz\/hu\/wp-json\/wp\/v2\/media?parent=24686"}],"wp:term":[{"taxonomy":"product_brand","embeddable":true,"href":"https:\/\/agroflex.cz\/hu\/wp-json\/wp\/v2\/product_brand?post=24686"},{"taxonomy":"product_cat","embeddable":true,"href":"https:\/\/agroflex.cz\/hu\/wp-json\/wp\/v2\/product_cat?post=24686"},{"taxonomy":"product_tag","embeddable":true,"href":"https:\/\/agroflex.cz\/hu\/wp-json\/wp\/v2\/product_tag?post=24686"}],"curies":[{"name":"wp","href":"https:\/\/api.w.org\/{rel}","templated":true}]}}