{"id":24825,"date":"2023-09-04T21:03:55","date_gmt":"2023-09-04T21:03:55","guid":{"rendered":"https:\/\/agroflex.cz\/product\/a-premium-lux-uveghaz-vaza\/"},"modified":"2025-09-20T14:34:46","modified_gmt":"2025-09-20T14:34:46","slug":"a-premium-lux-uveghaz-vaza","status":"publish","type":"product","link":"https:\/\/agroflex.cz\/hu\/termek\/a-premium-lux-uveghaz-vaza\/","title":{"rendered":"A PREMIUM LUX \u00fcvegh\u00e1z v\u00e1za"},"content":{"rendered":"<div class=\"wpb-content-wrapper\"><p>[vc_row][vc_column][\/vc_column][\/vc_row][vc_row][vc_column width=&#8221;1\/2&#8243;][vc_separator style=&#8221;shadow&#8221; border_width=&#8221;5&#8243;][vc_column_text text_larger=&#8221;no&#8221;]<\/p>\n<h4 style=\"text-align: center;\"><span style=\"color: #000000;\"><strong>Kerti \u00fcvegh\u00e1z Agroflex &#8211; PREMIUM LUX (csontv\u00e1z)<br \/>\n<\/strong><\/span><\/h4>\n<p>A PREMIUM LUX professzion\u00e1lis polikarbon\u00e1t \u00fcvegh\u00e1z meger\u0151s\u00edtett kialak\u00edt\u00e1s\u00fa, tart\u00f3s, pr\u00e9mium min\u0151s\u00e9g\u0171 \u00fcvegh\u00e1z. A f\u0151 k\u00fcl\u00f6nbs\u00e9g a legt\u00f6bb \u00fcvegh\u00e1zhoz k\u00e9pest a kett\u0151s \u00edves gerenda. Az ac\u00e9llemezek polimer bevonattal vannak bevonva \u2013 z\u00f6ld sz\u00edn\u0171 \u2013 AkzoNobel.  <\/p>\n<p>A PREMIUM LUX \u00fcvegh\u00e1z v\u00e1zai kiv\u00e1l\u00f3 min\u0151s\u00e9g\u0171 ac\u00e9lac\u00e9lb\u00f3l k\u00e9sz\u00fclnek. Polimer bevonattal kezelt f\u00e9mszerkezet. \u00cdvt\u00e1vols\u00e1g 100 cm, legfeljebb 190 kg terhel\u00e9ssel, 20\u00d720 ac\u00e9lb\u00f3l, 1 mm vastags\u00e1gban. Az \u00edvek k\u00f6z\u00f6tti t\u00e1vols\u00e1g 1 m\u00e9ter. Azokban a r\u00e9gi\u00f3kban azonban, ahol nem a legszigor\u00fabb \u00e9ghajlati viszonyok vannak, ez t\u00f6bb mint el\u00e9g. Az els\u0151 \u00e9s a h\u00e1ts\u00f3 el\u00fcls\u0151 ajt\u00f3k csukl\u00f3s ajt\u00f3kkal rendelkeznek. Az \u00fcvegh\u00e1z \u00e1tj\u00e1rhat\u00f3.[\/vc_column_text][vc_separator style=&#8221;shadow&#8221; border_width=&#8221;5&#8243;][\/vc_column][vc_column width=&#8221;1\/2&#8243;][vc_separator style=&#8221;shadow&#8221; border_width=&#8221;5&#8243;][vc_text_separator title=&#8221;Alternat\u00edv\u00e1k&#8221; title_align=&#8221;separator_align_left&#8221; align=&#8221;align_left&#8221;]<div class=\"widget_products \"><div class=\"widget woocommerce widget_products\"><ul class=\"product_list_widget\"><li>\n\t\t<span class=\"widget-product-wrap\">\n\t\t<a href=\"https:\/\/agroflex.cz\/hu\/termek\/premium-polikarbonat-uveghaz-titan-lux\/\" title=\"Pr\u00e9mium polikarbon\u00e1t \u00fcvegh\u00e1z TITAN LUX\" class=\"widget-product-img\">\n\t\t\t<img decoding=\"async\" width=\"300\" height=\"300\" src=\"https:\/\/agroflex.cz\/wp-content\/uploads\/2023\/09\/zahradni-sklenik-300x300.jpg\" class=\"attachment-woocommerce_thumbnail size-woocommerce_thumbnail\" alt=\"polykarbon\u00e1tov\u00fd sklen\u00edk\" \/>\t\t<\/a>\n\t\t<span class=\"widget-product-info\">\n\t\t\t<a href=\"https:\/\/agroflex.cz\/hu\/termek\/premium-polikarbonat-uveghaz-titan-lux\/\" title=\"Pr\u00e9mium polikarbon\u00e1t \u00fcvegh\u00e1z TITAN LUX\" class=\"wd-entities-title\">\n\t\t\t\tPr\u00e9mium polikarbon\u00e1t \u00fcvegh\u00e1z TITAN LUX\t\t\t<\/a>\n\t\t\t\t\t\t\t<div class=\"star-rating\" role=\"img\" aria-label=\"\u00c9rt\u00e9kel\u00e9s: 5.00 \/ 5\"><span style=\"width:100%\">\u00c9rt\u00e9kel\u00e9s: <strong class=\"rating\">5.00<\/strong> \/ 5<\/span><\/div>\t\t\t\t\t\t<span class=\"price\"><span class=\"woocommerce-Price-amount amount\" aria-hidden=\"true\"><bdi>22 363<span class=\"woocommerce-Price-currencySymbol\">&#75;&#269;<\/span><\/bdi><\/span> <span aria-hidden=\"true\">&ndash;<\/span> <span class=\"woocommerce-Price-amount amount\" aria-hidden=\"true\"><bdi>67 086<span class=\"woocommerce-Price-currencySymbol\">&#75;&#269;<\/span><\/bdi><\/span><span class=\"screen-reader-text\">\u00c1rtartom\u00e1ny: 22 363&#75;&#269; - 67 086&#75;&#269;<\/span><\/span>\n\t\t<\/span>\n\t<\/span>\n\t<\/li>\n<\/ul><\/div><\/div>[vc_separator style=&#8221;shadow&#8221; border_width=&#8221;5&#8243;][\/vc_column][\/vc_row]<\/p>\n<\/div>","protected":false},"excerpt":{"rendered":"<p><span style=\"font-size: 10pt;\">\u00dcvegh\u00e1z sz\u00e9less\u00e9ge 3 m, magass\u00e1ga 2,1 m, hossza 4 m-t\u0151l. Kett\u0151s szerkezet\u0171 ac\u00e9lszerkezettel, vastags\u00e1ga 20 x 20 x 1 mm. Robusztus porsz\u00f3rt ac\u00e9lszerkezet. Id\u0151j\u00e1r\u00e1s\u00e1ll\u00f3s\u00e1g.   <\/span><\/p>\n","protected":false},"featured_media":13387,"comment_status":"open","ping_status":"closed","template":"","meta":[],"product_brand":[419],"product_cat":[625,1124],"product_tag":[],"class_list":{"0":"post-24825","1":"product","2":"type-product","3":"status-publish","4":"has-post-thumbnail","6":"product_brand-agroflex","7":"product_cat-polikarbonat-uveghazak","8":"product_cat-uveghazi-csontvaz-pc-nelkul","10":"first","11":"instock","12":"taxable","13":"shipping-taxable","14":"purchasable","15":"product-type-variable"},"_links":{"self":[{"href":"https:\/\/agroflex.cz\/hu\/wp-json\/wp\/v2\/product\/24825","targetHints":{"allow":["GET"]}}],"collection":[{"href":"https:\/\/agroflex.cz\/hu\/wp-json\/wp\/v2\/product"}],"about":[{"href":"https:\/\/agroflex.cz\/hu\/wp-json\/wp\/v2\/types\/product"}],"replies":[{"embeddable":true,"href":"https:\/\/agroflex.cz\/hu\/wp-json\/wp\/v2\/comments?post=24825"}],"wp:featuredmedia":[{"embeddable":true,"href":"https:\/\/agroflex.cz\/hu\/wp-json\/wp\/v2\/media\/13387"}],"wp:attachment":[{"href":"https:\/\/agroflex.cz\/hu\/wp-json\/wp\/v2\/media?parent=24825"}],"wp:term":[{"taxonomy":"product_brand","embeddable":true,"href":"https:\/\/agroflex.cz\/hu\/wp-json\/wp\/v2\/product_brand?post=24825"},{"taxonomy":"product_cat","embeddable":true,"href":"https:\/\/agroflex.cz\/hu\/wp-json\/wp\/v2\/product_cat?post=24825"},{"taxonomy":"product_tag","embeddable":true,"href":"https:\/\/agroflex.cz\/hu\/wp-json\/wp\/v2\/product_tag?post=24825"}],"curies":[{"name":"wp","href":"https:\/\/api.w.org\/{rel}","templated":true}]}}