{"id":26004,"date":"2023-09-04T21:22:17","date_gmt":"2023-09-04T21:22:17","guid":{"rendered":"https:\/\/agroflex.cz\/product\/polikarbonat-lemez-4mm-kek-21-x-6m\/"},"modified":"2025-09-20T14:37:11","modified_gmt":"2025-09-20T14:37:11","slug":"polikarbonat-lemez-4mm-kek-21-x-6m","status":"publish","type":"product","link":"https:\/\/agroflex.cz\/hu\/termek\/polikarbonat-lemez-4mm-kek-21-x-6m\/","title":{"rendered":"Polikarbon\u00e1t lemez 4mm k\u00e9k \u2013 2,1 x 6m"},"content":{"rendered":"<div class=\"wpb-content-wrapper\"><p>[vc_row][vc_column][vc_column_text woodmart_inline=&#8221;no&#8221; text_larger=&#8221;no&#8221;]<\/p>\n<h1 style=\"text-align: center;\">Cell\u00e1s polikarbon\u00e1t 4mm &#8211; k\u00e9k<\/h1>\n<p>Polikarbon\u00e1t lemez \u2013 \u00fcvegez\u00e9si vastags\u00e1g 4 mm \u2013 k\u00e9k duplafal\u00fa polikarbon\u00e1t duplafal\u00fa lemez. A t\u00e1bla k\u00f6nny\u0171, \u00fct\u00e9s\u00e1ll\u00f3, k\u00f6nnyen felszerelhet\u0151, hideghajl\u00edt\u00e1st tesz lehet\u0151v\u00e9. Az el\u00fcls\u0151 oldal UV-v\u00e9d\u0151 f\u00f3li\u00e1t tartalmaz az UV sug\u00e1rz\u00e1s ellen, ez a v\u00e9delem el\u0151re meghat\u00e1rozza a polikarbon\u00e1t haszn\u00e1lat\u00e1t a k\u00fcls\u0151ben, ahol kedvez\u0151tlen \u00e9ghajlati jelens\u00e9geknek van kit\u00e9ve. Ugyanakkor a t\u00e1bl\u00e1k \u00fcreges szerkezete biztos\u00edtja, hogy t\u00e9len a h\u0151energia bent maradjon, \u00e9s \u00edgy f\u0171t\u00e9si k\u00f6lts\u00e9geket takar\u00edtson meg.   <\/p>\n<ul>\n<li>Alkalmas kerti \u00fcvegh\u00e1zakhoz, \u00fcvegh\u00e1zakhoz, g\u0151z\u00f6l\u0151kh\u00f6z, pinceablakokhoz, medence tet\u0151fed\u00e9sekhez, pergol\u00e1khoz, gar\u00e1zsf\u00e9szerekhez stb.<\/li>\n<li>T\u00e1vol\u00edtsa el a v\u00e9d\u0151f\u00f3li\u00e1t a teljes fel\u00fcletr\u0151l<\/li>\n<li>A kamr\u00e1k ir\u00e1ny\u00e1nak mindig p\u00e1rhuzamosnak kell lennie a lemezeken l\u00e9v\u0151 v\u00edz ir\u00e1ny\u00e1val<\/li>\n<li>Z\u00e1rja le a t\u00e1bl\u00e1k nyitott keresztir\u00e1ny\u00fa sz\u00e9leit szell\u0151z\u0151szalaggal vagy alum\u00ednium szalaggal<\/li>\n<li>Helyezze a v\u00e9g U-profilokat a t\u00e1bl\u00e1k keresztir\u00e1ny\u00fa sz\u00e9leire szell\u0151z\u0151szalaggal vagy alum\u00ednium szalaggal<\/li>\n<\/ul>\n<p>[\/vc_column_text][\/vc_column][\/vc_row][vc_row][vc_column width=&#8221;1\/2&#8243;][vc_separator style=&#8221;shadow&#8221; border_width=&#8221;5&#8243; wd_hide_on_desktop=&#8221;no&#8221; wd_hide_on_tablet=&#8221;no&#8221; wd_hide_on_mobile=&#8221;no&#8221;][vc_column_text woodmart_inline=&#8221;no&#8221; text_larger=&#8221;no&#8221;]<\/p>\n<p style=\"text-align: center;\"><span style=\"color: #000000; font-size: 14pt;\"><strong>M\u0171szaki param\u00e9terek<br \/>\n<\/strong><\/span><\/p>\n<table>\n<tbody>\n<tr style=\"height: 24px;\">\n<td style=\"width: 205.217px; text-align: left; height: 24px;\">max. f\u00f6d\u00e9mm\u00e9ret W-L <\/td>\n<td style=\"width: 257.283px; text-align: left; height: 24px;\">2100 &#8211; 6000 mm<\/td>\n<\/tr>\n<tr style=\"height: 24px;\">\n<td style=\"width: 205.217px; text-align: left; height: 10px;\">hossz\u00fas\u00e1g<\/td>\n<p>az <\/p>\n<td style=\"width: 257.283px; text-align: left; height: 10px;\">\u00fcregek ir\u00e1ny\u00e1ba<\/td>\n<\/tr>\n<tr style=\"height: 47px;\">\n<td style=\"width: 205.217px; text-align: left; height: 19px;\">vastags\u00e1g<\/td>\n<td style=\"width: 257.283px; text-align: left; height: 19px;\">4 mm<\/td>\n<\/tr>\n<tr style=\"height: 24px;\">\n<td style=\"width: 205.217px; text-align: left; height: 10px;\">vil\u00e1goss\u00e1g<\/td>\n<td style=\"width: 257.283px; text-align: left; height: 10px;\">ak\u00e1r 81%<\/td>\n<\/tr>\n<tr style=\"height: 24px;\">\n<td style=\"width: 205.217px; text-align: left; height: 10px;\">Ter\u00fclet s\u00falya<\/td>\n<td style=\"width: 257.283px; text-align: left; height: 10px;\">0,8 kg\/m\u00b2<\/td>\n<\/tr>\n<tr style=\"height: 24px;\">\nH\u0151\u00e1tad\u00e1si <\/p>\n<td style=\"width: 205.217px; text-align: left; height: 10px;\">egy\u00fctthat\u00f3<\/td>\n<td style=\"width: 257.283px; text-align: left; height: 10px;\">K = 3,6 W\/m2K<\/td>\n<\/tr>\n<tr style=\"height: 24px;\">\n<td style=\"width: 205.217px; text-align: left; height: 10px;\">Koef. H\u0151t\u00e1gul\u00e1s <\/td>\n<td style=\"width: 257.283px; text-align: left; height: 10px;\">0,070 mm\/m \u00b0C<\/td>\n<\/tr>\n<tr style=\"height: 24px;\">\n<td style=\"width: 205.217px; text-align: left; height: 10px;\">hajl\u00edt\u00e1si sug\u00e1r R<\/td>\n<td style=\"width: 257.283px; text-align: left; height: 10px;\">700 mm<\/td>\n<\/tr>\n<tr style=\"height: 48px;\">\n<td style=\"width: 205.217px; text-align: left; height: 19px;\">Haszn\u00e1lja a h\u0151m\u00e9rs\u00e9kleti intervallumban<\/td>\n<td style=\"width: 257.283px; text-align: left; height: 19px;\">-40 \u00ba\u0421 \u00e9s +120 \u00ba\u0421 k\u00f6z\u00f6tt.<\/td>\n<\/tr>\n<tr style=\"height: 24px;\">\n<td style=\"width: 205.217px; text-align: left; height: 10px;\">UV-v\u00e9delem<\/td>\n<td style=\"width: 257.283px; text-align: left; height: 10px;\">igen<\/td>\n<\/tr>\n<tr style=\"height: 48px;\">\n<td style=\"width: 205.217px; text-align: left; height: 22px;\">T\u0171z\u00e1ll\u00f3s\u00e1g<\/td>\n<td style=\"width: 257.283px; text-align: left; height: 22px;\">alig gy\u00fal\u00e9kony, \u00e9s a l\u00e1ng mag\u00e1t\u00f3l kialszik<\/td>\n<\/tr>\n<tr style=\"height: 24px;\">\n<td style=\"width: 205.217px; text-align: left; height: 10px;\">j\u00e9ges\u0151\u00e1ll\u00f3<\/td>\n<td style=\"width: 257.283px; text-align: left; height: 10px;\">igen<\/td>\n<\/tr>\n<tr style=\"height: 24px;\">\n<td style=\"width: 205.217px; text-align: left; height: 10px;\">garant\u00e1l<\/td>\n<td style=\"width: 257.283px; text-align: left; height: 10px;\">10 \u00e9v<\/td>\n<\/tr>\n<tr style=\"height: 24px;\">\n<td style=\"width: 205.217px; text-align: left; height: 10px;\">producer<\/td>\n<td style=\"width: 257.283px; text-align: left; height: 10px;\">Arla Plast<\/td>\n<\/tr>\n<\/tbody>\n<\/table>\n<p>[\/vc_column_text][\/vc_column][vc_column width=&#8221;1\/2&#8243;][vc_separator style=&#8221;shadow&#8221; border_width=&#8221;5&#8243; wd_hide_on_desktop=&#8221;no&#8221; wd_hide_on_tablet=&#8221;no&#8221; wd_hide_on_mobile=&#8221;no&#8221;][vc_text_separator title=&#8221;Aj\u00e1nlott tartoz\u00e9kok:&#8221; title_align=&#8221;separator_align_left&#8221; align=&#8221;align_left&#8221;]<div class=\"widget_products \"><div class=\"widget woocommerce widget_products\"><ul class=\"product_list_widget\"><li>\n\t\t<span class=\"widget-product-wrap\">\n\t\t<a href=\"https:\/\/agroflex.cz\/hu\/termek\/antidust-3500-paraatereszto-szellozoszalag\/\" title=\"AntiDust 3500 p\u00e1ra\u00e1tereszt\u0151 szell\u0151z\u0151szalag\" class=\"widget-product-img\">\n\t\t\t<img decoding=\"async\" width=\"300\" height=\"300\" src=\"https:\/\/agroflex.cz\/wp-content\/uploads\/2023\/09\/Ventilacni-paska-Antidust-300x300.jpg\" class=\"attachment-woocommerce_thumbnail size-woocommerce_thumbnail\" alt=\"\" srcset=\"https:\/\/agroflex.cz\/wp-content\/uploads\/2023\/09\/Ventilacni-paska-Antidust-300x300.jpg 300w, https:\/\/agroflex.cz\/wp-content\/uploads\/2023\/09\/Ventilacni-paska-Antidust-150x150.jpg 150w\" sizes=\"(max-width: 300px) 100vw, 300px\" \/>\t\t<\/a>\n\t\t<span class=\"widget-product-info\">\n\t\t\t<a href=\"https:\/\/agroflex.cz\/hu\/termek\/antidust-3500-paraatereszto-szellozoszalag\/\" title=\"AntiDust 3500 p\u00e1ra\u00e1tereszt\u0151 szell\u0151z\u0151szalag\" class=\"wd-entities-title\">\n\t\t\t\tAntiDust 3500 p\u00e1ra\u00e1tereszt\u0151 szell\u0151z\u0151szalag\t\t\t<\/a>\n\t\t\t\t\t\t\t<div class=\"star-rating\" role=\"img\" aria-label=\"\u00c9rt\u00e9kel\u00e9s: 5.00 \/ 5\"><span style=\"width:100%\">\u00c9rt\u00e9kel\u00e9s: <strong class=\"rating\">5.00<\/strong> \/ 5<\/span><\/div>\t\t\t\t\t\t<span class=\"price\"><span class=\"woocommerce-Price-amount amount\"><bdi>789<span class=\"woocommerce-Price-currencySymbol\">&#75;&#269;<\/span><\/bdi><\/span><\/span>\n\t\t<\/span>\n\t<\/span>\n\t<\/li>\n<\/ul><\/div><\/div>[\/vc_column][\/vc_row]<\/p>\n<\/div>","protected":false},"excerpt":{"rendered":"<p>Duplafal\u00fa polikarbon\u00e1t lemezek 4 mm k\u00e9k sz\u00edn\u0171 vastags\u00e1ggal &#8211; ezek lapos (lapos) cell\u00e1s t\u00e1bl\u00e1k, t\u00f6rhetetlen POLIKARBON\u00c1TB\u00d3L, UV sz\u0171r\u0151vel. Kiv\u00e1l\u00f3 anyag h\u0151szigetel\u00e9shez, t\u00f6rhetetlen \u00fcvegez\u00e9shez, megvil\u00e1g\u00edt\u00e1shoz \u00e9s tet\u0151fed\u00e9shez. F\u00f6d\u00e9m m\u00e9retei (sz\u00e9less\u00e9g x a magok ir\u00e1ny\u00e1nak hossza): 2,1 x 6m &#8211; 12m2  <\/p>\n","protected":false},"featured_media":26006,"comment_status":"closed","ping_status":"closed","template":"","meta":[],"product_brand":[419],"product_cat":[1302],"product_tag":[],"class_list":{"0":"post-26004","1":"product","2":"type-product","3":"status-publish","4":"has-post-thumbnail","6":"product_brand-agroflex","7":"product_cat-polikarbonat-lapok","9":"first","10":"onbackorder","11":"taxable","12":"shipping-taxable","13":"purchasable","14":"product-type-simple"},"_links":{"self":[{"href":"https:\/\/agroflex.cz\/hu\/wp-json\/wp\/v2\/product\/26004","targetHints":{"allow":["GET"]}}],"collection":[{"href":"https:\/\/agroflex.cz\/hu\/wp-json\/wp\/v2\/product"}],"about":[{"href":"https:\/\/agroflex.cz\/hu\/wp-json\/wp\/v2\/types\/product"}],"replies":[{"embeddable":true,"href":"https:\/\/agroflex.cz\/hu\/wp-json\/wp\/v2\/comments?post=26004"}],"wp:featuredmedia":[{"embeddable":true,"href":"https:\/\/agroflex.cz\/hu\/wp-json\/wp\/v2\/media\/26006"}],"wp:attachment":[{"href":"https:\/\/agroflex.cz\/hu\/wp-json\/wp\/v2\/media?parent=26004"}],"wp:term":[{"taxonomy":"product_brand","embeddable":true,"href":"https:\/\/agroflex.cz\/hu\/wp-json\/wp\/v2\/product_brand?post=26004"},{"taxonomy":"product_cat","embeddable":true,"href":"https:\/\/agroflex.cz\/hu\/wp-json\/wp\/v2\/product_cat?post=26004"},{"taxonomy":"product_tag","embeddable":true,"href":"https:\/\/agroflex.cz\/hu\/wp-json\/wp\/v2\/product_tag?post=26004"}],"curies":[{"name":"wp","href":"https:\/\/api.w.org\/{rel}","templated":true}]}}