{"id":26420,"date":"2024-03-27T21:01:11","date_gmt":"2024-03-27T21:01:11","guid":{"rendered":"https:\/\/agroflex.cz\/product\/lego-ps-v60-magas-muanyag-szegely\/"},"modified":"2025-09-20T14:37:52","modified_gmt":"2025-09-20T14:37:52","slug":"lego-ps-v60-magas-muanyag-szegely","status":"publish","type":"product","link":"https:\/\/agroflex.cz\/hu\/termek\/lego-ps-v60-magas-muanyag-szegely\/","title":{"rendered":"LEGO PS V60 Magas m\u0171anyag szeg\u00e9ly"},"content":{"rendered":"<div class=\"wpb-content-wrapper\"><p>[vc_row][vc_column][vc_column_text woodmart_inline=&#8221;no&#8221; text_larger=&#8221;no&#8221;]<\/p>\n<h3 style=\"text-align: center;\">LEGO PS V60 Kerti m\u0171anyag szeg\u00e9ly<\/h3>\n<p>LEGO PS V60 Magas m\u0171anyag <span class=\"keyword _ngcontent-xsf-110\" aria-hidden=\"false\">\u00e1gyszeg\u00e9ly<\/span> &#8211; Az \u00e1gyk\u00e1nya k\u00f6nnyed\u00e9n elv\u00e1lasztja a kertet, a vir\u00e1g\u00e1gy\u00e1st, a h\u00e1ts\u00f3 udvart vagy a p\u00e1zsitot. M\u0171anyag mer\u00fcl\u0151szeg\u00e9lyt haszn\u00e1lnak emelt \u00e1gy\u00e1s l\u00e9trehoz\u00e1s\u00e1ra. A szakaszok \u00f6sszekapcsol\u00e1s\u00e1nak egyszer\u0171 \u00e9s megb\u00edzhat\u00f3 mechanizmusa lehet\u0151v\u00e9 teszi, hogy n\u00e9h\u00e1ny perc alatt \u00f6sszeszerelje \u00e9s felszerelje a k\u00fcl\u00f6nb\u00f6z\u0151 m\u00e9ret\u0171 \u00e9s form\u00e1j\u00fa emelt \u00e1gyakat professzion\u00e1lis szersz\u00e1m n\u00e9lk\u00fcl. A m\u0171anyag szeg\u00e9ly k\u00fcl\u00f6nb\u00f6z\u0151 kompoz\u00edci\u00f3kba kombin\u00e1lhat\u00f3.   <\/p>\n<p>El\u0151nye:<\/p>\n<ul>\n<li>K\u00f6nny\u0171 kezelhet\u0151s\u00e9g \u00e9s telep\u00edt\u00e9s<\/li>\n<li>lehet\u0151v\u00e9 teszi k\u00fcl\u00f6nb\u00f6z\u0151 m\u00e9ret\u0171 \u00e9s form\u00e1j\u00fa emelt \u00e1gyak \u00f6sszeszerel\u00e9s\u00e9t \u00e9s felszerel\u00e9s\u00e9t<\/li>\n<li>Stabil konstrukci\u00f3 a talajba \u00e1gyazott l\u00e1baknak (kerek l\u00e1baknak) k\u00f6sz\u00f6nhet\u0151en<\/li>\n<li>Egyszer\u0171 modulcsatlakoz\u00f3 rendszer<\/li>\n<li>\u00d6sszecsukhat\u00f3 \u00e9s holtszezonban t\u00e1rolhat\u00f3<\/li>\n<\/ul>\n<p>A kerti szeg\u00e9ly vastag, 20 mm-es m\u0171anyagb\u00f3l k\u00e9sz\u00fcl, nem f\u00e9l a t\u00falzott nedvess\u00e9gt\u0151l, nem deform\u00e1l\u00f3dik az id\u0151 m\u00fal\u00e1s\u00e1val. Az \u00e1gyak sz\u00e9lei gondosan hajl\u00edtottak \u00e9s biztons\u00e1gosan \u00f6sszeszerelhet\u0151k.<\/p>\n<p>[\/vc_column_text][\/vc_column][\/vc_row]<\/p>\n<\/div>","protected":false},"excerpt":{"rendered":"<p><span style=\"color: #ff0000;\"><strong>H\u00cdREK!<\/strong><\/span> A <span class=\"ILfuVd\" lang=\"cs\"><span class=\"hgKElc\">vir\u00e1g\u00e1gy\u00e1s magass\u00e1ga<\/span><\/span>60 cm \/ a l\u00e1b 20 cm-rel a f\u00f6ldbe van hajtva \/ <span class=\"BxUVEf ILfuVd\" lang=\"cs\"><span class=\"hgKElc\"> a j\u00e1rdaszeg\u00e9ly vastags\u00e1ga <\/span><\/span> 20 mm \/ Anyaga m\u0171anyag. Nagyon stabil konstrukci\u00f3 a l\u00e1baknak k\u00f6sz\u00f6nhet\u0151en &#8211; a talajba \u00e1gyazva. Az \u00f6sszeszerel\u00e9s nagyon egyszer\u0171.  <\/p>\n<p>A csomag 2 t\u00e1ny\u00e9rt (p\u00e1r) tartalmaz.<\/p>\n<p>1 t\u00e1bla hossza: 100 cm vagy 200 cm (a t\u00e1bla hossza cs\u00f6kkenthet\u0151)<\/p>\n<p>Az \u00e1r 2 azonos m\u00e9ret\u0171 deszk\u00e1ra (p\u00e1rra) vonatkozik, tartoz\u00e9kokkal egy\u00fctt<\/p>\n<p>&nbsp;<\/p>\n","protected":false},"featured_media":26445,"comment_status":"open","ping_status":"closed","template":"","meta":[],"product_brand":[419],"product_cat":[1351,507,1375,1369],"product_tag":[],"class_list":{"0":"post-26420","1":"product","2":"type-product","3":"status-publish","4":"has-post-thumbnail","6":"product_brand-agroflex","7":"product_cat-emelt-agyak","8":"product_cat-tartozekok","9":"product_cat-kerti-szegelyek","10":"product_cat-muanyag-viragagyasok","12":"first","13":"onbackorder","14":"taxable","15":"shipping-taxable","16":"purchasable","17":"product-type-variable"},"_links":{"self":[{"href":"https:\/\/agroflex.cz\/hu\/wp-json\/wp\/v2\/product\/26420","targetHints":{"allow":["GET"]}}],"collection":[{"href":"https:\/\/agroflex.cz\/hu\/wp-json\/wp\/v2\/product"}],"about":[{"href":"https:\/\/agroflex.cz\/hu\/wp-json\/wp\/v2\/types\/product"}],"replies":[{"embeddable":true,"href":"https:\/\/agroflex.cz\/hu\/wp-json\/wp\/v2\/comments?post=26420"}],"wp:featuredmedia":[{"embeddable":true,"href":"https:\/\/agroflex.cz\/hu\/wp-json\/wp\/v2\/media\/26445"}],"wp:attachment":[{"href":"https:\/\/agroflex.cz\/hu\/wp-json\/wp\/v2\/media?parent=26420"}],"wp:term":[{"taxonomy":"product_brand","embeddable":true,"href":"https:\/\/agroflex.cz\/hu\/wp-json\/wp\/v2\/product_brand?post=26420"},{"taxonomy":"product_cat","embeddable":true,"href":"https:\/\/agroflex.cz\/hu\/wp-json\/wp\/v2\/product_cat?post=26420"},{"taxonomy":"product_tag","embeddable":true,"href":"https:\/\/agroflex.cz\/hu\/wp-json\/wp\/v2\/product_tag?post=26420"}],"curies":[{"name":"wp","href":"https:\/\/api.w.org\/{rel}","templated":true}]}}