{"id":26457,"date":"2024-04-01T18:02:54","date_gmt":"2024-04-01T18:02:54","guid":{"rendered":"https:\/\/agroflex.cz\/product\/magasagyas-tavola-1a-ps-antracit\/"},"modified":"2025-09-20T14:37:52","modified_gmt":"2025-09-20T14:37:52","slug":"magasagyas-tavola-1a-ps-antracit","status":"publish","type":"product","link":"https:\/\/agroflex.cz\/hu\/termek\/magasagyas-tavola-1a-ps-antracit\/","title":{"rendered":"Magas\u00e1gy\u00e1s TAVOLA 1A PS &#8211; antracit"},"content":{"rendered":"<div class=\"wpb-content-wrapper\"><p>[vc_row][vc_column][vc_column_text css=&#8221;&#8221; woodmart_inline=&#8221;no&#8221; text_larger=&#8221;no&#8221;]<\/p>\n<h2 style=\"text-align: center;\">M\u0171anyag emelt \u00e1gy\u00e1sok Agroflex TAVOLA &#8211; antracit<\/h2>\n<p>A magas m\u0171anyag \u00e1gy\u00e1sok innovat\u00edv \u00e9s hat\u00e9kony m\u00f3dja annak, hogy n\u00f6velj\u00e9k a kert hozam\u00e1t, mik\u00f6zben jav\u00edtj\u00e1k a n\u00f6v\u00e9nyek ergon\u00f3mi\u00e1j\u00e1t. Ezek a modern formatervez\u00e9si mint\u00e1k sz\u00e1mos el\u0151nnyel j\u00e1rnak, amelyeket minden kert\u00e9sz \u00e9rt\u00e9kelni fog. <\/p>\n<p>A t\u00e9glalap alak\u00fa emelt \u00e1gy\u00e1s 20 mm vastag m\u0171anyagb\u00f3l k\u00e9sz\u00fcl, nem f\u00e9l a t\u00falzott nedvess\u00e9gt\u0151l, nem deform\u00e1l\u00f3dik az id\u0151 m\u00fal\u00e1s\u00e1val.<\/p>\n<p>A magas m\u0171anyag \u00e1gyak egyik f\u0151 el\u0151nye az ergon\u00f3mikus kialak\u00edt\u00e1s, amely k\u00e9nyelmesebb munk\u00e1t tesz lehet\u0151v\u00e9 t\u00falzott hajl\u00edt\u00e1s n\u00e9lk\u00fcl. A megemelt kialak\u00edt\u00e1snak k\u00f6sz\u00f6nhet\u0151en nincs sz\u00fcks\u00e9g hossz\u00fa ideig \u00e1llva vagy t\u00e9rdelve dolgozni, ami cs\u00f6kkenti a h\u00e1t \u00e9s az \u00edz\u00fcletek terhel\u00e9s\u00e9t. <\/p>\n<p>Tov\u00e1bbi el\u0151nye a n\u00f6v\u00e9nyek v\u00e9delme a nem k\u00edv\u00e1nt \u00e1llatokt\u00f3l, p\u00e9ld\u00e1ul vakondokt\u00f3l vagy mezei ny\u00falt\u00f3l. A magas m\u0171anyag \u00e1gyak k\u00f6nnyen felszerelhet\u0151k v\u00e9d\u0151h\u00e1l\u00f3val vagy fed\u00e9llel, amely megv\u00e9di a n\u00f6v\u00e9nyeket \u00e9s megakad\u00e1lyozza a k\u00e1rosod\u00e1st. <\/p>\n<p>Kialak\u00edt\u00e1suknak k\u00f6sz\u00f6nhet\u0151en a magas m\u0171anyag \u00e1gyak lehet\u0151v\u00e9 teszik a talajk\u00f6rnyezet \u00e9s az \u00f6nt\u00f6z\u00e9s jobb szab\u00e1lyoz\u00e1s\u00e1t is. Felszerelhet\u0151k integr\u00e1lt \u00f6nt\u00f6z\u0151rendszerrel vagy hidroponikus eszk\u00f6zzel, amely n\u00f6veli a hat\u00e9konys\u00e1got \u00e9s a v\u00edzmegtakar\u00edt\u00e1st a termeszt\u00e9s sor\u00e1n.[\/vc_column_text][\/vc_column][\/vc_row]<\/p>\n<\/div>","protected":false},"excerpt":{"rendered":"<p>Az \u00e1gyak magass\u00e1ga 60 cm \/ Sz\u00e9less\u00e9g: 100 cm (cs\u00f6kkentheti a deszka sz\u00e9less\u00e9g\u00e9t) \/ Hossz alap: 1 m, hosszabb, 1 m-es vagy 2 m-es hosszabb\u00edt\u00e1sok is k\u00e9sz\u00edthet\u0151k. Stabil konstrukci\u00f3 a l\u00e1baknak k\u00f6sz\u00f6nhet\u0151en &#8211; a f\u00f6ldbe s\u00fcllyesztve. <\/p>\n","protected":false},"featured_media":26468,"comment_status":"open","ping_status":"closed","template":"","meta":[],"product_brand":[419],"product_cat":[507,1351,1369],"product_tag":[],"class_list":{"0":"post-26457","1":"product","2":"type-product","3":"status-publish","4":"has-post-thumbnail","6":"product_brand-agroflex","7":"product_cat-tartozekok","8":"product_cat-emelt-agyak","9":"product_cat-muanyag-viragagyasok","11":"first","12":"onbackorder","13":"taxable","14":"shipping-taxable","15":"purchasable","16":"product-type-variable"},"_links":{"self":[{"href":"https:\/\/agroflex.cz\/hu\/wp-json\/wp\/v2\/product\/26457","targetHints":{"allow":["GET"]}}],"collection":[{"href":"https:\/\/agroflex.cz\/hu\/wp-json\/wp\/v2\/product"}],"about":[{"href":"https:\/\/agroflex.cz\/hu\/wp-json\/wp\/v2\/types\/product"}],"replies":[{"embeddable":true,"href":"https:\/\/agroflex.cz\/hu\/wp-json\/wp\/v2\/comments?post=26457"}],"wp:featuredmedia":[{"embeddable":true,"href":"https:\/\/agroflex.cz\/hu\/wp-json\/wp\/v2\/media\/26468"}],"wp:attachment":[{"href":"https:\/\/agroflex.cz\/hu\/wp-json\/wp\/v2\/media?parent=26457"}],"wp:term":[{"taxonomy":"product_brand","embeddable":true,"href":"https:\/\/agroflex.cz\/hu\/wp-json\/wp\/v2\/product_brand?post=26457"},{"taxonomy":"product_cat","embeddable":true,"href":"https:\/\/agroflex.cz\/hu\/wp-json\/wp\/v2\/product_cat?post=26457"},{"taxonomy":"product_tag","embeddable":true,"href":"https:\/\/agroflex.cz\/hu\/wp-json\/wp\/v2\/product_tag?post=26457"}],"curies":[{"name":"wp","href":"https:\/\/api.w.org\/{rel}","templated":true}]}}