{"id":26496,"date":"2024-04-22T16:26:53","date_gmt":"2024-04-22T16:26:53","guid":{"rendered":"https:\/\/agroflex.cz\/product\/osszekoto-szalag-h-polikarbonat-10mm\/"},"modified":"2024-04-22T16:26:53","modified_gmt":"2024-04-22T16:26:53","slug":"osszekoto-szalag-h-polikarbonat-10mm","status":"publish","type":"product","link":"https:\/\/agroflex.cz\/hu\/termek\/osszekoto-szalag-h-polikarbonat-10mm\/","title":{"rendered":"\u00d6sszek\u00f6t\u0151 szalag H polikarbon\u00e1t 10mm"},"content":{"rendered":"","protected":false},"excerpt":{"rendered":"<p>Eredeti H t\u00edpus\u00fa polikarbon\u00e1t \u00f6sszek\u00f6t\u0151 profil 8 mm-es \u00fcreges polikarbon\u00e1t lemezek csatlakoztat\u00e1s\u00e1ra. Nagyobb tet\u0151fed\u00e9sekhez, pl. pergol\u00e1khoz, parkol\u00f3helyekhez, \u00fcvegh\u00e1zakhoz \u00e1tl\u00e1tsz\u00f3 polikarbon\u00e1tb\u00f3l 8 mm.  <\/p>\n","protected":false},"featured_media":11790,"comment_status":"open","ping_status":"closed","template":"","meta":[],"product_brand":[419],"product_cat":[507,1320,1302],"product_tag":[],"class_list":{"0":"post-26496","1":"product","2":"type-product","3":"status-publish","4":"has-post-thumbnail","6":"product_brand-agroflex","7":"product_cat-tartozekok","8":"product_cat-rogzito-elemek","9":"product_cat-polikarbonat-lapok","11":"first","12":"instock","13":"taxable","14":"shipping-taxable","15":"purchasable","16":"product-type-variable"},"_links":{"self":[{"href":"https:\/\/agroflex.cz\/hu\/wp-json\/wp\/v2\/product\/26496","targetHints":{"allow":["GET"]}}],"collection":[{"href":"https:\/\/agroflex.cz\/hu\/wp-json\/wp\/v2\/product"}],"about":[{"href":"https:\/\/agroflex.cz\/hu\/wp-json\/wp\/v2\/types\/product"}],"replies":[{"embeddable":true,"href":"https:\/\/agroflex.cz\/hu\/wp-json\/wp\/v2\/comments?post=26496"}],"wp:featuredmedia":[{"embeddable":true,"href":"https:\/\/agroflex.cz\/hu\/wp-json\/wp\/v2\/media\/11790"}],"wp:attachment":[{"href":"https:\/\/agroflex.cz\/hu\/wp-json\/wp\/v2\/media?parent=26496"}],"wp:term":[{"taxonomy":"product_brand","embeddable":true,"href":"https:\/\/agroflex.cz\/hu\/wp-json\/wp\/v2\/product_brand?post=26496"},{"taxonomy":"product_cat","embeddable":true,"href":"https:\/\/agroflex.cz\/hu\/wp-json\/wp\/v2\/product_cat?post=26496"},{"taxonomy":"product_tag","embeddable":true,"href":"https:\/\/agroflex.cz\/hu\/wp-json\/wp\/v2\/product_tag?post=26496"}],"curies":[{"name":"wp","href":"https:\/\/api.w.org\/{rel}","templated":true}]}}