{"id":27033,"date":"2025-02-09T19:30:48","date_gmt":"2025-02-09T19:30:48","guid":{"rendered":"https:\/\/agroflex.cz\/product\/polikarbonat-uveghaz-rimessa-fl30\/"},"modified":"2025-09-20T14:39:27","modified_gmt":"2025-09-20T14:39:27","slug":"polikarbonat-uveghaz-rimessa-fl30","status":"publish","type":"product","link":"https:\/\/agroflex.cz\/hu\/termek\/polikarbonat-uveghaz-rimessa-fl30\/","title":{"rendered":"Polikarbon\u00e1t \u00fcvegh\u00e1z RIMESSA FL30"},"content":{"rendered":"<div class=\"wpb-content-wrapper\"><p>[vc_row][vc_column][vc_separator style=&#8221;shadow&#8221; border_width=&#8221;5&#8243; wd_hide_on_desktop=&#8221;no&#8221; wd_hide_on_tablet=&#8221;no&#8221; wd_hide_on_mobile=&#8221;no&#8221;][vc_column_text css=&#8221;&#8221; woodmart_inline=&#8221;no&#8221; text_larger=&#8221;no&#8221;]<\/p>\n<h2 style=\"text-align: center;\">Kerti polikarbon\u00e1t \u00fcvegh\u00e1z RIMESSA FL30<\/h2>\n<p><span id=\"1\" class=\"HALYaf KKjvXb\" role=\"tabpanel\"><span class=\"zRhise\"><span class=\"PkjLuf \" title=\"eg\u00e9sz \u00e9vben \u00fcvegh\u00e1zhat\u00e1s\u00fa\">Z<\/span><\/span><\/span>agarden \u00fcvegh\u00e1z polikarbon\u00e1tb\u00f3l, lapos falak \u00e9s \u00edves tet\u0151 kombin\u00e1ci\u00f3j\u00e1val A RIMESSA FL30 megfelel\u0151 v\u00e1laszt\u00e1s azoknak a kert\u00e9szeknek, akik eg\u00e9sz \u00e9vben megb\u00edzhat\u00f3 \u00e9s tart\u00f3s szerkezetet keresnek a n\u00f6v\u00e9nyek termeszt\u00e9s\u00e9hez. Az \u00f6sszeszerel\u00e9s viszonylag egyszer\u0171 a mell\u00e9kelt haszn\u00e1lati \u00fatmutat\u00f3nak k\u00f6sz\u00f6nhet\u0151en. <\/p>\n<p>A szerkezet ac\u00e9lj\u00e1t az ac\u00e9l k\u00fcls\u0151 \u00e9s bels\u0151 oldal\u00e1n horganyzz\u00e1k az \u00fagynevezett forr\u00f3 m\u00f3dszerrel, amelynek k\u00f6sz\u00f6nhet\u0151en a teljes kizs\u00e1km\u00e1nyol\u00e1s sor\u00e1n nem fog f\u00e9lni a rozsd\u00e1t\u00f3l. A cs\u0151 anyagak\u00e9nt ac\u00e9lt haszn\u00e1lnak.  <\/p>\n<p>Az \u00fcvegh\u00e1z szerkezete legfeljebb 180 kg, 40&#215;20 \u00e9s 20&#215;20 ac\u00e9lb\u00f3l, 1 mm vastags\u00e1g\u00fa. N\u00e9gyzet alak\u00fa tengelykapcsol\u00f3kat (p\u00f3k) haszn\u00e1lnak a profilok \u00f6sszekapcsol\u00e1s\u00e1hoz. Az els\u0151 \u00e9s a h\u00e1ts\u00f3 els\u0151 csukl\u00f3s ajt\u00f3kkal rendelkezik, mindegyik ajt\u00f3 szell\u0151z\u0151ablakokat tartalmaz. Polikarbon\u00e1t \u00fcvegh\u00e1z mindk\u00e9t oldalon \u00e1tj\u00e1rhat\u00f3.[\/vc_column_text][vc_separator wd_hide_on_desktop=&#8221;no&#8221; wd_hide_on_tablet=&#8221;no&#8221; wd_hide_on_mobile=&#8221;no&#8221;][vc_column_text css=&#8221;&#8221; woodmart_inline=&#8221;no&#8221; text_larger=&#8221;no&#8221;]<\/p>\n<h4 style=\"text-align: center;\">Polikarbon\u00e1t \u00fcvegez\u00e9s<\/h4>\n<p>Speci\u00e1lis, tan\u00fas\u00edtv\u00e1nnyal rendelkez\u0151 pr\u00e9mium \u00fcreges polikarbon\u00e1t kerti \u00fcvegh\u00e1zakhoz UV sz\u0171r\u0151vel. Ennek a term\u00e9knek az el\u0151nye a magas h\u0151szigetel\u00e9s az \u00fcveggel szemben. Ellen\u00e1ll a mechanikai s\u00e9r\u00fcl\u00e9seknek, az id\u0151j\u00e1r\u00e1snak \u00e9s a j\u00e9ges\u0151nek. A polikarbon\u00e1t kiv\u00e9teles \u00e1ttetsz\u0151s\u00e9ge (tisztas\u00e1g &#8211; ak\u00e1r 86%).   <\/p>\n<p>T\u00f6bbf\u00e9le kivitel k\u00f6z\u00fcl v\u00e1laszthat, a RIMESSA FL30 kerti \u00fcvegh\u00e1z 4 mm-es, 6 mm-es polikarbon\u00e1ttal van felszerelve, amely garant\u00e1lja a probl\u00e9mamentes \u00e9s hossz\u00fa \u00e9lettartamot. Az ig\u00e9nyesebb \u00fcgyfelek \u00e9s szakemberek sz\u00e1m\u00e1ra a RIMESSA FL30 kerti \u00fcvegh\u00e1z v\u00e1ltozatokat k\u00edn\u00e1ljuk 8 mm &#8211; 10 mm polikarbon\u00e1ttal. <\/p>\n<p>A polikarbon\u00e1tot tekercsben sz\u00e1ll\u00edtj\u00e1k, \u00e9s \u00f6nmetsz\u0151 csavarokkal r\u00f6gz\u00edtik a szerkezethez.[\/vc_column_text][\/vc_column][\/vc_row][vc_row][vc_column width=&#8221;1\/2&#8243;][vc_separator style=&#8221;shadow&#8221; border_width=&#8221;5&#8243; wd_hide_on_desktop=&#8221;no&#8221; wd_hide_on_tablet=&#8221;no&#8221; wd_hide_on_mobile=&#8221;no&#8221;][vc_text_separator title=&#8221;Aj\u00e1nlott tartoz\u00e9kok:&#8221; title_align=&#8221;separator_align_left&#8221;]<div class=\"widget_products \"><div class=\"widget woocommerce widget_products\"><ul class=\"product_list_widget\"><li>\n\t\t<span class=\"widget-product-wrap\">\n\t\t<a href=\"https:\/\/agroflex.cz\/hu\/termek\/antidust-3500-paraatereszto-szellozoszalag\/\" title=\"AntiDust 3500 p\u00e1ra\u00e1tereszt\u0151 szell\u0151z\u0151szalag\" class=\"widget-product-img\">\n\t\t\t<img decoding=\"async\" width=\"300\" height=\"300\" src=\"https:\/\/agroflex.cz\/wp-content\/uploads\/2023\/09\/Ventilacni-paska-Antidust-300x300.jpg\" class=\"attachment-woocommerce_thumbnail size-woocommerce_thumbnail\" alt=\"\" srcset=\"https:\/\/agroflex.cz\/wp-content\/uploads\/2023\/09\/Ventilacni-paska-Antidust-300x300.jpg 300w, https:\/\/agroflex.cz\/wp-content\/uploads\/2023\/09\/Ventilacni-paska-Antidust-150x150.jpg 150w\" sizes=\"(max-width: 300px) 100vw, 300px\" \/>\t\t<\/a>\n\t\t<span class=\"widget-product-info\">\n\t\t\t<a href=\"https:\/\/agroflex.cz\/hu\/termek\/antidust-3500-paraatereszto-szellozoszalag\/\" title=\"AntiDust 3500 p\u00e1ra\u00e1tereszt\u0151 szell\u0151z\u0151szalag\" class=\"wd-entities-title\">\n\t\t\t\tAntiDust 3500 p\u00e1ra\u00e1tereszt\u0151 szell\u0151z\u0151szalag\t\t\t<\/a>\n\t\t\t\t\t\t\t<div class=\"star-rating\" role=\"img\" aria-label=\"\u00c9rt\u00e9kel\u00e9s: 5.00 \/ 5\"><span style=\"width:100%\">\u00c9rt\u00e9kel\u00e9s: <strong class=\"rating\">5.00<\/strong> \/ 5<\/span><\/div>\t\t\t\t\t\t<span class=\"price\"><span class=\"woocommerce-Price-amount amount\"><bdi>789<span class=\"woocommerce-Price-currencySymbol\">&#75;&#269;<\/span><\/bdi><\/span><\/span>\n\t\t<\/span>\n\t<\/span>\n\t<\/li>\n<\/ul><\/div><\/div>[vc_separator style=&#8221;shadow&#8221; border_width=&#8221;5&#8243; wd_hide_on_desktop=&#8221;no&#8221; wd_hide_on_tablet=&#8221;no&#8221; wd_hide_on_mobile=&#8221;no&#8221;][vc_column_text woodmart_inline=&#8221;no&#8221; text_larger=&#8221;no&#8221;]\u00dcvegh\u00e1z param\u00e9terei:<\/p>\n<table>\n<tbody>\n<tr style=\"height: 24px;\">\n\u00c9p\u00edt\u00e9s <\/p>\n<td style=\"width: 185.867px; height: 24px; text-align: left;\">t\u00edpusa<\/td>\n<td style=\"width: 243.133px; height: 24px; text-align: right;\">Levehet\u0151 \u00edvek<\/td>\n<\/tr>\n<tr style=\"height: 24px;\">\n<td style=\"width: 185.867px; height: 24px; text-align: left;\">Megengedett terhel\u00e9s<\/td>\n<td style=\"width: 243.133px; height: 24px; text-align: right;\">180 kg\/m2<\/td>\n<\/tr>\n<tr style=\"height: 24px;\">\n<td style=\"width: 185.867px; height: 24px; text-align: left;\">sz\u00e9less\u00e9g<\/td>\n<td style=\"width: 243.133px; height: 24px; text-align: right;\">3 m<\/td>\n<\/tr>\n<tr style=\"height: 24px;\">\n<td style=\"width: 185.867px; height: 24px; text-align: left;\">magass\u00e1g<\/td>\n<td style=\"width: 243.133px; height: 24px; text-align: right;\">2,10 m<\/td>\n<\/tr>\n<tr style=\"height: 24px;\">\n<td style=\"width: 185.867px; height: 24px; text-align: left;\">Hossz (v\u00e1ltozatok)<\/td>\n<td style=\"width: 243.133px; height: 24px; text-align: right;\">4m; 6m; 8m; 10m; 12m (hosszabb &#8211; modul\u00e1ci\u00f3 2m-es l\u00e9p\u00e9sekben)<\/td>\n<\/tr>\n<tr style=\"height: 24px;\">\n<td style=\"width: 185.867px; height: 24px; text-align: left;\">\u00dcvegez\u00e9si<\/td>\n<p> anyag<\/p>\n<td style=\"width: 243.133px; height: 24px; text-align: right;\">Polikarbon\u00e1t 4mm, 6mm, 8mm, 10mm<\/td>\n<\/tr>\n<tr style=\"height: 24px;\">\n<td style=\"width: 185.867px; height: 24px; text-align: left;\">Ter\u00fclet s\u00falya<\/td>\n<td style=\"width: 243.133px; height: 24px; text-align: right;\">800 g\/m2 &#8211; 1700 g\/m2<\/td>\n<\/tr>\n<tr style=\"height: 24px;\">\nPolikarbon\u00e1t <\/p>\n<td style=\"width: 185.867px; height: 24px; text-align: left;\">UV-v\u00e9delme<\/td>\n<td style=\"width: 243.133px; height: 24px; text-align: right;\">igen<\/td>\n<\/tr>\n<tr style=\"height: 24px;\">\n<td style=\"width: 161.267px; height: 24px; text-align: left;\">\u00c9p\u00edt\u0151anyag<\/td>\n<td style=\"width: 292.733px; height: 24px; text-align: right;\">horganyzott ac\u00e9l<\/td>\n<\/tr>\n<tr style=\"height: 24px;\">\n<td style=\"width: 161.267px; height: 24px; text-align: left;\">Bels\u0151<\/td>\n<p> meger\u0151s\u00edt\u00e9s<\/p>\n<td style=\"width: 292.733px; height: 24px; text-align: right;\"> Dupla ac\u00e9l 40&#215;20 \u00e9s 20x20mm<\/td>\n<\/tr>\n<tr style=\"height: 24px;\">\n<td style=\"width: 161.267px; height: 24px; text-align: left;\">Er\u0151s\u00edt\u0151 rudak<\/td>\n<td style=\"width: 292.733px; height: 24px; text-align: right;\">7 sor<\/td>\n<\/tr>\n<tr style=\"height: 24px;\">\n<td style=\"width: 185.867px; height: 24px; text-align: left;\">Ac\u00e9lfal<\/td>\n<p> szil\u00e1rds\u00e1ga<\/p>\n<td style=\"width: 243.133px; height: 24px; text-align: right;\">1 mm<\/td>\n<\/tr>\n<tr style=\"height: 35px;\">\n<td style=\"width: 185.867px; height: 35px; text-align: left;\">G\u00f6rb\u00e9k<\/td>\n<p> k\u00f6z\u00f6tti t\u00e1vols\u00e1g<\/p>\n<td style=\"width: 243.133px; height: 35px; text-align: right;\">1 m\u00e9ter<\/td>\n<\/tr>\n<tr style=\"height: 24px;\">\n<td style=\"width: 170.4px; height: 24px; text-align: left;\">t\u00edpus<\/td>\n<p>mindk\u00e9t <\/p>\n<td style=\"width: 268.6px; height: 24px; text-align: right;\">oldalon j\u00e1rhat\u00f3<\/td>\n<\/tr>\n<tr style=\"height: 24px;\">\n<td style=\"width: 170.4px; height: 24px; text-align: left;\">Bej\u00e1rati<\/td>\n<p> ajt\u00f3k<\/p>\n<td style=\"width: 268.6px; height: 24px; text-align: right;\">2 db<\/td>\n<\/tr>\n<tr style=\"height: 35px;\">\n<td style=\"width: 170.4px; height: 35px; text-align: left;\">Szell\u0151z\u0151ablak el\u00f6l<\/td>\n<td style=\"width: 268.6px; height: 35px; text-align: right;\">2 db<\/td>\n<\/tr>\n<tr style=\"height: 24px;\">\n<td style=\"width: 185.867px; height: 24px; text-align: left;\">Polikarbon\u00e1t<\/td>\n<p> r\u00f6gz\u00edt\u00e9s<\/p>\n<td style=\"width: 243.133px; height: 24px; text-align: right;\">Csavarok al\u00e1t\u00e9tekkel \u00e9s any\u00e1kkal M5<\/td>\n<\/tr>\n<tr style=\"height: 24px;\">\n<td style=\"width: 185.867px; height: 24px; text-align: left;\">horgonyl\u00e1bak &#8221; T &#8222;<\/td>\n<td style=\"width: 243.133px; height: 24px; text-align: right;\">A csomag tartalmazza<\/td>\n<\/tr>\n<tr style=\"height: 24px;\">\n<td style=\"width: 185.867px; height: 24px; text-align: left;\">alap<\/td>\n<td style=\"width: 243.133px; height: 24px; text-align: right;\">Javasoljuk<\/td>\n<\/tr>\n<tr style=\"height: 24px;\">\n<td style=\"width: 185.867px; height: 24px; text-align: left;\">R\u00f6gz\u00edt\u00e9se<\/td>\n<td style=\"width: 243.133px; height: 24px; text-align: right;\">Kapcsol\u00f3d\u00f3 <a href=\"https:\/\/agroflex.cz\/hu\/kategorie-produktu\/uveghazi-horgonyzas\/\" target=\"_blank\" rel=\"noopener\">term\u00e9kek<\/a><\/td>\n<\/tr>\n<tr style=\"height: 24px;\">\n<td style=\"width: 185.867px; height: 24px; text-align: left;\">Polikarbon\u00e1t<\/td>\n<p> garancia<\/p>\n<td style=\"width: 243.133px; height: 24px; text-align: right;\">10 \u00e9v<\/td>\n<\/tr>\n<tr style=\"height: 35px;\">\n<td style=\"width: 185.867px; height: 35px; text-align: left;\">\u00c9p\u00edt\u00e9si<\/td>\n<p> garancia<\/p>\n<td style=\"width: 243.133px; height: 35px; text-align: right;\">5 \u00e9v<\/td>\n<\/tr>\n<\/tbody>\n<\/table>\n<p><span style=\"font-size: 10pt;\">Abban az esetben, ha nem akar agg\u00f3dni a sz\u00fcks\u00e9ges \u00fcvegh\u00e1zi kieg\u00e9sz\u00edt\u0151k \u00f6sszeszerel\u00e9se miatt, komplett k\u00fcl\u00f6nf\u00e9le <a href=\"https:\/\/agroflex.cz\/hu\/kategorie-produktu\/kiegeszitok-keszlete\/\"><strong>\u00fcvegh\u00e1zi kieg\u00e9sz\u00edt\u0151ket<\/strong> k\u00edn\u00e1lunk.<\/a><\/span>[\/vc_column_text][vc_separator style=&#8221;shadow&#8221; border_width=&#8221;5&#8243; wd_hide_on_desktop=&#8221;no&#8221; wd_hide_on_tablet=&#8221;no&#8221; wd_hide_on_mobile=&#8221;no&#8221;][\/vc_column][vc_column width=&#8221;1\/2&#8243;][vc_separator style=&#8221;shadow&#8221; border_width=&#8221;5&#8243; wd_hide_on_desktop=&#8221;no&#8221; wd_hide_on_tablet=&#8221;no&#8221; wd_hide_on_mobile=&#8221;no&#8221;][vc_column_text css=&#8221;&#8221; woodmart_inline=&#8221;no&#8221; text_larger=&#8221;no&#8221;]<\/p>\n<div class=\"vc_row wpb_row vc_row-fluid\">\n<div class=\"wpb_column vc_column_container vc_col-sm-12\">\n<div class=\"vc_column-inner\">\n<div class=\"wpb_wrapper\">\n<div class=\"wpb_text_column wpb_content_element\">\n<div class=\"wpb_wrapper\">\n<h4 style=\"text-align: center;\">Az \u00fcvegh\u00e1z alapjai<\/h4>\n<p>Az \u00fcvegh\u00e1z tart\u00f3ss\u00e1g\u00e1nak biztos\u00edt\u00e1sa \u00e9rdek\u00e9ben aj\u00e1nlott egy el\u0151re elk\u00e9sz\u00edtett alapra &#8211; egy alapra &#8211; egy alapra telep\u00edteni, amelyet m\u00e9retei alapj\u00e1n k\u00e9sz\u00edtenek az alap ker\u00fclete ment\u00e9n, p\u00e9ld\u00e1ul 100 vastag keret form\u00e1j\u00e1ban&#8230; 200 mm, ami jelent\u0151sen cs\u00f6kkenti a korr\u00f3zi\u00f3s aktivit\u00e1st.<\/p>\n<p>Az \u00fcvegh\u00e1z keret\u00e9t csavarokkal vagy sz\u00f6gekkel kell r\u00f6gz\u00edteni az alaphoz, hogy er\u0151s sz\u00e9lben ne boruljon fel.<\/p>\n<p>A kerti \u00fcvegh\u00e1z az egyes \u00fcgyfelek priorit\u00e1sa szerint r\u00f6gz\u00edthet\u0151, felszerelhet\u0151 a f\u00f6ldbe (a r\u00f6gz\u00edt\u00e9st horgonyl\u00e1bak biztos\u00edtj\u00e1k), 10 x 10 cm-es fa prizm\u00e1k vagy beton alapra. \u00c1ltal\u00e1ban azonban a beton alaphoz val\u00f3 r\u00f6gz\u00edt\u00e9s jobb v\u00e1laszt\u00e1s, amely jelent\u0151sen cs\u00f6kkenti a korr\u00f3zi\u00f3s aktivit\u00e1st. <\/p>\n<\/div>\n<\/div>\n<\/div>\n<\/div>\n<\/div>\n<\/div>\n<p>[\/vc_column_text]<div class=\"widget_products \"><div class=\"widget woocommerce widget_products\"><ul class=\"product_list_widget\"><li>\n\t\t<span class=\"widget-product-wrap\">\n\t\t<a href=\"https:\/\/agroflex.cz\/hu\/termek\/botanik-femlemez-alap-uveghazakhoz\/\" title=\"Botanik f\u00e9mlemez alap \u00fcvegh\u00e1zakhoz\" class=\"widget-product-img\">\n\t\t\t<img decoding=\"async\" width=\"300\" height=\"300\" src=\"https:\/\/agroflex.cz\/wp-content\/uploads\/2023\/09\/Zakladna-pro-zahradni-skleniky-Agroflex-300x300.jpg\" class=\"attachment-woocommerce_thumbnail size-woocommerce_thumbnail\" alt=\"\" srcset=\"https:\/\/agroflex.cz\/wp-content\/uploads\/2023\/09\/Zakladna-pro-zahradni-skleniky-Agroflex-300x300.jpg 300w, https:\/\/agroflex.cz\/wp-content\/uploads\/2023\/09\/Zakladna-pro-zahradni-skleniky-Agroflex-150x150.jpg 150w\" sizes=\"(max-width: 300px) 100vw, 300px\" \/>\t\t<\/a>\n\t\t<span class=\"widget-product-info\">\n\t\t\t<a href=\"https:\/\/agroflex.cz\/hu\/termek\/botanik-femlemez-alap-uveghazakhoz\/\" title=\"Botanik f\u00e9mlemez alap \u00fcvegh\u00e1zakhoz\" class=\"wd-entities-title\">\n\t\t\t\tBotanik f\u00e9mlemez alap \u00fcvegh\u00e1zakhoz\t\t\t<\/a>\n\t\t\t\t\t\t\t\t\t\t\t\t\t<span class=\"price\"><span class=\"woocommerce-Price-amount amount\" aria-hidden=\"true\"><bdi>968<span class=\"woocommerce-Price-currencySymbol\">&#75;&#269;<\/span><\/bdi><\/span> <span aria-hidden=\"true\">&ndash;<\/span> <span class=\"woocommerce-Price-amount amount\" aria-hidden=\"true\"><bdi>3 267<span class=\"woocommerce-Price-currencySymbol\">&#75;&#269;<\/span><\/bdi><\/span><span class=\"screen-reader-text\">\u00c1rtartom\u00e1ny: 968&#75;&#269; - 3 267&#75;&#269;<\/span><\/span>\n\t\t<\/span>\n\t<\/span>\n\t<\/li>\n<\/ul><\/div><\/div>[vc_separator style=&#8221;shadow&#8221; border_width=&#8221;5&#8243; wd_hide_on_desktop=&#8221;no&#8221; wd_hide_on_tablet=&#8221;no&#8221; wd_hide_on_mobile=&#8221;no&#8221;][vc_column_text css=&#8221;&#8221; woodmart_inline=&#8221;no&#8221; text_larger=&#8221;no&#8221;]<\/p>\n<div class=\"vc_row wpb_row vc_row-fluid\">\n<div class=\"wpb_column vc_column_container vc_col-sm-12\">\n<div class=\"vc_column-inner\">\n<div class=\"wpb_wrapper\">\n<div class=\"wpb_text_column wpb_content_element\">\n<div class=\"wpb_wrapper\">\n<h5 style=\"text-align: center;\">Feler\u0151s\u00edt\u00e9sek<\/h5>\n<p>Az \u00fcvegh\u00e1z \u00f6sszeszerel\u00e9se szint\u00e9n egyszer\u0171 \u00e9s nem ig\u00e9nyel k\u00fcl\u00f6n\u00f6sebb k\u00e9szs\u00e9geket. Csak minim\u00e1lis szersz\u00e1mk\u00e9szletre van sz\u00fcks\u00e9g \u2013 csavarkulcsra, csavarh\u00faz\u00f3ra, k\u00e9sre. R\u00e9szletes utas\u00edt\u00e1sokat kap az \u00fcvegh\u00e1zzal egy\u00fctt. Az illusztr\u00e1lt utas\u00edt\u00e1s tov\u00e1bb egyszer\u0171s\u00edti az \u00fcvegh\u00e1z \u00e9p\u00edt\u00e9s\u00e9nek folyamat\u00e1t,   <\/p>\n<p>Ha nincs ideje a telep\u00edt\u00e9sre, <a href=\"https:\/\/agroflex.cz\/hu\/az-uveghaz-osszeszerelese\/\" target=\"_blank\" rel=\"noopener\"><strong>megrendelheti<\/strong><\/a> szakembereinkt\u0151l a telep\u00edt\u00e9st, akik mindent nagy szak\u00e9rtelemmel \u00e9s a lehet\u0151 legr\u00f6videbb id\u0151n bel\u00fcl \u00f6ssze\u00e1ll\u00edtanak \u00d6nnek. B\u00e1r az eg\u00e9sz \u00fcvegh\u00e1z \u00f6sszeszerel\u00e9se egyszer\u0171, a legt\u00f6bb id\u0151t ig\u00e9nybe veszi a polikarbon\u00e1t v\u00e1g\u00e1sa \u00e9s \u00e9lez\u00e9se, valamint az \u00fcvegh\u00e1z mindk\u00e9t el\u00fcls\u0151 oldal\u00e1ra t\u00f6rt\u00e9n\u0151 felszerel\u00e9se. Ez\u00e9rt k\u00edn\u00e1ljuk \u00d6nnek a lehet\u0151s\u00e9get, hogy megrendelje <a href=\"https:\/\/agroflex.cz\/hu\/az-uveghaz-osszeszerelese\/\" target=\"_blank\" rel=\"noopener\"><strong>az \u00f6sszeszerel\u00e9snek ezt a r\u00e9sz\u00e9t<\/strong><\/a>, amelyet rakt\u00e1runkban v\u00e9geznek, mindk\u00e9t el\u00fcls\u0151 oldalt polikarbon\u00e1ttal t\u00f6ltve kapja meg a hordoz\u00f3t\u00f3l. <\/p>\n<p>Az \u00fcvegh\u00e1z m\u00f3dos\u00edthat\u00f3, \u00e9s a j\u00f6v\u0151ben lehets\u00e9ges a b\u0151v\u00edt\u00e9sek megval\u00f3s\u00edt\u00e1sa, \u00edgy az \u00fcvegh\u00e1z elm\u00e9leti hossza korl\u00e1tlan<\/p>\n<\/div>\n<\/div>\n<\/div>\n<\/div>\n<\/div>\n<\/div>\n<p>[\/vc_column_text][vc_separator style=&#8221;shadow&#8221; border_width=&#8221;5&#8243; wd_hide_on_desktop=&#8221;no&#8221; wd_hide_on_tablet=&#8221;no&#8221; wd_hide_on_mobile=&#8221;no&#8221;][vc_column_text woodmart_inline=&#8221;no&#8221; text_larger=&#8221;no&#8221;]<\/p>\n<h4 style=\"text-align: center;\">Alternat\u00edv\u00e1k<\/h4>\n<p>[\/vc_column_text]<div class=\"widget_products \"><div class=\"widget woocommerce widget_products\"><ul class=\"product_list_widget\"><li>\n\t\t<span class=\"widget-product-wrap\">\n\t\t<a href=\"https:\/\/agroflex.cz\/hu\/termek\/eros-polikarbonat-uveghaz-rimessa-l30v\/\" title=\"Er\u0151s polikarbon\u00e1t \u00fcvegh\u00e1z RIMESSA L30V\" class=\"widget-product-img\">\n\t\t\t<img decoding=\"async\" width=\"300\" height=\"300\" src=\"https:\/\/agroflex.cz\/wp-content\/uploads\/2023\/09\/zahradni-skleniky-Agroflex-1-300x300.jpg\" class=\"attachment-woocommerce_thumbnail size-woocommerce_thumbnail\" alt=\"kerti \u00fcvegh\u00e1z Agroflex Rimessa L30V\" \/>\t\t<\/a>\n\t\t<span class=\"widget-product-info\">\n\t\t\t<a href=\"https:\/\/agroflex.cz\/hu\/termek\/eros-polikarbonat-uveghaz-rimessa-l30v\/\" title=\"Er\u0151s polikarbon\u00e1t \u00fcvegh\u00e1z RIMESSA L30V\" class=\"wd-entities-title\">\n\t\t\t\tEr\u0151s polikarbon\u00e1t \u00fcvegh\u00e1z RIMESSA L30V\t\t\t<\/a>\n\t\t\t\t\t\t\t<div class=\"star-rating\" role=\"img\" aria-label=\"\u00c9rt\u00e9kel\u00e9s: 5.00 \/ 5\"><span style=\"width:100%\">\u00c9rt\u00e9kel\u00e9s: <strong class=\"rating\">5.00<\/strong> \/ 5<\/span><\/div>\t\t\t\t\t\t<span class=\"price\"><span class=\"woocommerce-Price-amount amount\" aria-hidden=\"true\"><bdi>22 243<span class=\"woocommerce-Price-currencySymbol\">&#75;&#269;<\/span><\/bdi><\/span> <span aria-hidden=\"true\">&ndash;<\/span> <span class=\"woocommerce-Price-amount amount\" aria-hidden=\"true\"><bdi>79 930<span class=\"woocommerce-Price-currencySymbol\">&#75;&#269;<\/span><\/bdi><\/span><span class=\"screen-reader-text\">\u00c1rtartom\u00e1ny: 22 243&#75;&#269; - 79 930&#75;&#269;<\/span><\/span>\n\t\t<\/span>\n\t<\/span>\n\t<\/li>\n<\/ul><\/div><\/div>[vc_separator style=&#8221;shadow&#8221; border_width=&#8221;5&#8243; wd_hide_on_desktop=&#8221;no&#8221; wd_hide_on_tablet=&#8221;no&#8221; wd_hide_on_mobile=&#8221;no&#8221;][\/vc_column][\/vc_row]<\/p>\n<\/div>","protected":false},"excerpt":{"rendered":"<p>Az \u00fcvegh\u00e1z sz\u00e9less\u00e9ge 3 m, magass\u00e1ga 2,1 m, hossza 4 m-t\u0151l. Polikarbon\u00e1t \u00fcvegh\u00e1z magas n\u00f6v\u00e9ny termeszt\u00e9s\u00e9re tervezt\u00e9k. Speci\u00e1lis polikarbon\u00e1t \u00fcvegh\u00e1zakhoz, j\u00e9ges\u0151nek ellen\u00e1ll\u00f3 UV-sz\u0171r\u0151vel. Kerti \u00fcvegh\u00e1z hegyi helyekre is alkalmas, ellen\u00e1ll a sz\u00e9lnek \u00e9s a h\u00f3nak.   <\/p>\n","protected":false},"featured_media":27035,"comment_status":"open","ping_status":"closed","template":"","meta":[],"product_brand":[419],"product_cat":[625,627],"product_tag":[1788],"class_list":{"0":"post-27033","1":"product","2":"type-product","3":"status-publish","4":"has-post-thumbnail","6":"product_brand-agroflex","7":"product_cat-polikarbonat-uveghazak","8":"product_cat-a-tipusu-uveghazak-2","9":"product_tag-kulonleges-ajanlatok","11":"first","12":"instock","13":"taxable","14":"shipping-taxable","15":"purchasable","16":"product-type-variable","17":"has-default-attributes"},"_links":{"self":[{"href":"https:\/\/agroflex.cz\/hu\/wp-json\/wp\/v2\/product\/27033","targetHints":{"allow":["GET"]}}],"collection":[{"href":"https:\/\/agroflex.cz\/hu\/wp-json\/wp\/v2\/product"}],"about":[{"href":"https:\/\/agroflex.cz\/hu\/wp-json\/wp\/v2\/types\/product"}],"replies":[{"embeddable":true,"href":"https:\/\/agroflex.cz\/hu\/wp-json\/wp\/v2\/comments?post=27033"}],"wp:featuredmedia":[{"embeddable":true,"href":"https:\/\/agroflex.cz\/hu\/wp-json\/wp\/v2\/media\/27035"}],"wp:attachment":[{"href":"https:\/\/agroflex.cz\/hu\/wp-json\/wp\/v2\/media?parent=27033"}],"wp:term":[{"taxonomy":"product_brand","embeddable":true,"href":"https:\/\/agroflex.cz\/hu\/wp-json\/wp\/v2\/product_brand?post=27033"},{"taxonomy":"product_cat","embeddable":true,"href":"https:\/\/agroflex.cz\/hu\/wp-json\/wp\/v2\/product_cat?post=27033"},{"taxonomy":"product_tag","embeddable":true,"href":"https:\/\/agroflex.cz\/hu\/wp-json\/wp\/v2\/product_tag?post=27033"}],"curies":[{"name":"wp","href":"https:\/\/api.w.org\/{rel}","templated":true}]}}