{"id":27277,"date":"2023-09-04T21:00:34","date_gmt":"2023-09-04T21:00:34","guid":{"rendered":"https:\/\/agroflex.cz\/product\/u-tipusu-veglec-polikarbonathoz-4-6-8-10-mm\/"},"modified":"2026-04-01T11:57:27","modified_gmt":"2026-04-01T11:57:27","slug":"u-tipusu-veglec-polikarbonathoz-4-6-8-10-mm","status":"publish","type":"product","link":"https:\/\/agroflex.cz\/hu\/termek\/u-tipusu-veglec-polikarbonathoz-4-6-8-10-mm\/","title":{"rendered":"U-t\u00edpus\u00fa v\u00e9gl\u00e9c polikarbon\u00e1thoz &#8211; 4, 6, 8, 10 mm"},"content":{"rendered":"","protected":false},"excerpt":{"rendered":"<p>Ez a befejez\u0151 profil minden oldalr\u00f3l alkalmas befejez\u00e9sre. Ez egy szil\u00e1rd polikarbon\u00e1t szalag, amelynek hossza 2100 mm. A szalagot U-k\u00e9nt tervezt\u00e9k, \u00e9s egy 4 mm, 6 mm, 8 mm, 10 mm polikarbon\u00e1t lemez sz\u00e9l\u00e9re helyezik. \u00dcreges polikarbon\u00e1t lemezek szoros z\u00e1r\u00e1s\u00e1ra \u00e9s szeg\u00e9lyez\u00e9s\u00e9re tervezt\u00e9k. A polikarbon\u00e1t lemez megfelel\u0151 bez\u00e1r\u00e1s\u00e1hoz el\u0151sz\u00f6r ki kell b\u00e9lelni a tet\u0151fed\u00e9st szell\u0151z\u0151 t\u00f6m\u00edt\u0151szalaggal, majd r\u00f6gz\u00edteni egy befejez\u0151 profillal. A szalag megakad\u00e1lyozza a nedvess\u00e9g behatol\u00e1s\u00e1t a t\u00e1bla \u00fcregeibe, ahol a szennyez\u0151d\u00e9s nem \u00fclepedik le \u00e9s alg\u00e1k nem k\u00e9pz\u0151dnek. A szeg\u00e9lyl\u00e9cet nem kell semleges szilikonnal lez\u00e1rni\/lez\u00e1rni.      <\/p>\n","protected":false},"featured_media":11680,"comment_status":"open","ping_status":"closed","template":"","meta":[],"product_brand":[419],"product_cat":[507,1314,1302],"product_tag":[],"class_list":{"0":"post-27277","1":"product","2":"type-product","3":"status-publish","4":"has-post-thumbnail","6":"product_brand-agroflex","7":"product_cat-tartozekok","8":"product_cat-pc-lapok-szegelyezese","9":"product_cat-polikarbonat-lapok","11":"first","12":"instock","13":"taxable","14":"shipping-taxable","15":"purchasable","16":"product-type-variable","17":"has-default-attributes"},"_links":{"self":[{"href":"https:\/\/agroflex.cz\/hu\/wp-json\/wp\/v2\/product\/27277","targetHints":{"allow":["GET"]}}],"collection":[{"href":"https:\/\/agroflex.cz\/hu\/wp-json\/wp\/v2\/product"}],"about":[{"href":"https:\/\/agroflex.cz\/hu\/wp-json\/wp\/v2\/types\/product"}],"replies":[{"embeddable":true,"href":"https:\/\/agroflex.cz\/hu\/wp-json\/wp\/v2\/comments?post=27277"}],"wp:featuredmedia":[{"embeddable":true,"href":"https:\/\/agroflex.cz\/hu\/wp-json\/wp\/v2\/media\/11680"}],"wp:attachment":[{"href":"https:\/\/agroflex.cz\/hu\/wp-json\/wp\/v2\/media?parent=27277"}],"wp:term":[{"taxonomy":"product_brand","embeddable":true,"href":"https:\/\/agroflex.cz\/hu\/wp-json\/wp\/v2\/product_brand?post=27277"},{"taxonomy":"product_cat","embeddable":true,"href":"https:\/\/agroflex.cz\/hu\/wp-json\/wp\/v2\/product_cat?post=27277"},{"taxonomy":"product_tag","embeddable":true,"href":"https:\/\/agroflex.cz\/hu\/wp-json\/wp\/v2\/product_tag?post=27277"}],"curies":[{"name":"wp","href":"https:\/\/api.w.org\/{rel}","templated":true}]}}