{"id":27362,"date":"2023-09-04T21:00:35","date_gmt":"2023-09-04T21:00:35","guid":{"rendered":"https:\/\/agroflex.cz\/product\/emelt-agy-xxl-muanyag-feher\/"},"modified":"2025-09-20T14:40:34","modified_gmt":"2025-09-20T14:40:34","slug":"emelt-agy-xxl-muanyag-feher","status":"publish","type":"product","link":"https:\/\/agroflex.cz\/hu\/termek\/emelt-agy-xxl-muanyag-feher\/","title":{"rendered":"Emelt \u00e1gy XXL m\u0171anyag (feh\u00e9r)"},"content":{"rendered":"<div class=\"wpb-content-wrapper\"><p>[vc_row][vc_column][vc_column_text woodmart_inline=&#8221;no&#8221; text_larger=&#8221;no&#8221;]<\/p>\n<h2 style=\"text-align: center;\">Emelt \u00e1gy XXL m\u0171anyag (feh\u00e9r)<\/h2>\n<p>A m\u0171anyag \u00e1gyak modern \u00e9s praktikus megold\u00e1st jelentenek minden szint\u0171 kert\u00e9sz sz\u00e1m\u00e1ra. Ezek a m\u0171anyag szerkezetek sz\u00e1mos el\u0151nnyel j\u00e1rnak, \u00e9s ide\u00e1lis v\u00e1laszt\u00e1s azok sz\u00e1m\u00e1ra, akik k\u00f6nnyen \u00e9s hat\u00e9konyan szeretn\u00e9k saj\u00e1t z\u00f6lds\u00e9geiket vagy gy\u00f3gyn\u00f6v\u00e9nyeiket termeszteni. <\/p>\n<p>A m\u0171anyag vir\u00e1g\u00e1gy\u00e1sok egyik f\u0151 el\u0151nye a tart\u00f3ss\u00e1g \u00e9s a hossz\u00fa \u00e9lettartam. Kiv\u00e1l\u00f3 min\u0151s\u00e9g\u0171 anyagb\u00f3l k\u00e9sz\u00fclnek, amely ellen\u00e1ll az id\u0151j\u00e1r\u00e1si viszonyoknak, a rothad\u00e1snak \u00e9s a k\u00e1rtev\u0151knek. Ez azt jelenti, hogy sokkal tov\u00e1bb tarthatnak, mint a hagyom\u00e1nyos fa vagy f\u00e9m vir\u00e1g\u00e1gy\u00e1sok  <\/p>\n<p>A t\u00e9glalap alak\u00fa m\u0171anyag emelt \u00e1gy\u00e1s 20 mm vastag m\u0171anyagb\u00f3l k\u00e9sz\u00fcl, nem f\u00e9l a t\u00falzott nedvess\u00e9gt\u0151l, nem deform\u00e1l\u00f3dik az id\u0151 m\u00fal\u00e1s\u00e1val. Ennek k\u00f6sz\u00f6nhet\u0151en hossz\u00fa ideig ellen\u00e1ll a kedvez\u0151tlen \u00e9ghajlati viszonyoknak. <\/p>\n<p>A sz\u00e9les<span class=\"keyword _ngcontent-pix-110\" aria-hidden=\"false\">k\u00fclt\u00e9ri<\/span> XXL magas\u00e1gy\u00e1s v\u00e9delmet ny\u00fajt a termesztett z\u00f6lds\u00e9geknek a h\u00e1zi\u00e1llatok r\u00e1gcs\u00e1l\u00f3d\u00e1s\u00e1t\u00f3l. Lehet\u0151v\u00e9 teszi a n\u00f6v\u00e9nyek sz\u00e9les sk\u00e1l\u00e1j\u00e1nak termeszt\u00e9s\u00e9t. Az \u00e1gy egym\u00e1sra rakhat\u00f3, \u00e9s \u00edgy megemelhet\u0151.[\/vc_column_text][\/vc_column][\/vc_row]<\/p>\n<\/div>","protected":false},"excerpt":{"rendered":"<p>A ker\u00edt\u00e9s magass\u00e1ga 15,5 cm \/ Sz\u00e9less\u00e9g: 110 cm \/ Alaphossz: 3 m hosszabb lehet \u2013 modul\u00e1ci\u00f3 1 m-es l\u00e9p\u00e9sekben. Nagyon stabil konstrukci\u00f3 a l\u00e1baknak k\u00f6sz\u00f6nhet\u0151en &#8211; a talajba \u00e1gyazva. Az \u00f6sszeszerel\u00e9s nagyon egyszer\u0171. A vir\u00e1g\u00e1gy\u00e1s egy tov\u00e1bbi alkatr\u00e9szr\u00e9teggel \u00e1ll\u00edthat\u00f3.    <\/p>\n","protected":false},"featured_media":13019,"comment_status":"open","ping_status":"closed","template":"","meta":[],"product_brand":[419],"product_cat":[507,1351,1369],"product_tag":[],"class_list":{"0":"post-27362","1":"product","2":"type-product","3":"status-publish","4":"has-post-thumbnail","6":"product_brand-agroflex","7":"product_cat-tartozekok","8":"product_cat-emelt-agyak","9":"product_cat-muanyag-viragagyasok","11":"first","12":"instock","13":"sale","14":"taxable","15":"shipping-taxable","16":"purchasable","17":"product-type-variable"},"_links":{"self":[{"href":"https:\/\/agroflex.cz\/hu\/wp-json\/wp\/v2\/product\/27362","targetHints":{"allow":["GET"]}}],"collection":[{"href":"https:\/\/agroflex.cz\/hu\/wp-json\/wp\/v2\/product"}],"about":[{"href":"https:\/\/agroflex.cz\/hu\/wp-json\/wp\/v2\/types\/product"}],"replies":[{"embeddable":true,"href":"https:\/\/agroflex.cz\/hu\/wp-json\/wp\/v2\/comments?post=27362"}],"wp:featuredmedia":[{"embeddable":true,"href":"https:\/\/agroflex.cz\/hu\/wp-json\/wp\/v2\/media\/13019"}],"wp:attachment":[{"href":"https:\/\/agroflex.cz\/hu\/wp-json\/wp\/v2\/media?parent=27362"}],"wp:term":[{"taxonomy":"product_brand","embeddable":true,"href":"https:\/\/agroflex.cz\/hu\/wp-json\/wp\/v2\/product_brand?post=27362"},{"taxonomy":"product_cat","embeddable":true,"href":"https:\/\/agroflex.cz\/hu\/wp-json\/wp\/v2\/product_cat?post=27362"},{"taxonomy":"product_tag","embeddable":true,"href":"https:\/\/agroflex.cz\/hu\/wp-json\/wp\/v2\/product_tag?post=27362"}],"curies":[{"name":"wp","href":"https:\/\/api.w.org\/{rel}","templated":true}]}}