{"id":27677,"date":"2023-09-04T21:00:36","date_gmt":"2023-09-04T21:00:36","guid":{"rendered":"https:\/\/agroflex.cz\/product\/aero-100-automata-uveghazi-ablaknyito\/"},"modified":"2025-09-20T14:40:47","modified_gmt":"2025-09-20T14:40:47","slug":"aero-100-automata-uveghazi-ablaknyito","status":"publish","type":"product","link":"https:\/\/agroflex.cz\/hu\/termek\/aero-100-automata-uveghazi-ablaknyito\/","title":{"rendered":"AERO-100 Automata \u00fcvegh\u00e1zi ablaknyit\u00f3"},"content":{"rendered":"<div class=\"wpb-content-wrapper\"><p>[vc_row][vc_column][vc_column_text text_larger=&#8221;no&#8221;]<\/p>\n<h3 style=\"text-align: center;\"><strong>  AERO-100 Univerz\u00e1lis automata nyit\u00f3<br \/>\n<\/strong><\/h3>\n<p>Automatikus nyit\u00f3 a h\u0151m\u00e9rs\u00e9klet szab\u00e1lyoz\u00e1shoz: bal \u00e9s jobb oldali ajt\u00f3k, ablakok, kerti \u00e9s ipari \u00fcvegh\u00e1zak nyit\u00e1sa\/z\u00e1r\u00e1sa.<\/p>\n<p>M\u0171k\u00f6d\u00e9si felt\u00e9telek: -20 \u00e9s + 60 \u00b0 C k\u00f6z\u00f6tti h\u0151m\u00e9rs\u00e9kleten, p\u00e1ratartalom 98% -ig, terhel\u00e9s (szerkezet \u00e9s sz\u00e9l s\u00falya) a visszah\u00fazhat\u00f3 r\u00fadon 100 + 20 kg.<\/p>\n<p><strong>A nagy megb\u00edzhat\u00f3s\u00e1got a k\u00f6vetkez\u0151k biztos\u00edtj\u00e1k:<\/strong><\/p>\n<ul>\n<li>H\u0151hajt\u00e1s ac\u00e9l h\u00e1z;<\/li>\n<li>vastag visszah\u00fazhat\u00f3 sz\u00e1r; ac\u00e9l zsan\u00e9rok (goly\u00f3scsap\u00e1gyak);<\/li>\n<li>mechanikus visszat\u00e9r\u0151 rug\u00f3;<\/li>\n<li>Ac\u00e9l univerz\u00e1lis tart\u00f3k.<\/li>\n<\/ul>\n<p>A g\u00e9p \u00e9rz\u00e9kenyen reag\u00e1l a h\u0151m\u00e9rs\u00e9klet-v\u00e1ltoz\u00e1sokra, \u00e9s lehet\u0151v\u00e9 teszi, hogy kedvez\u0151tlen id\u0151j\u00e1r\u00e1si k\u00f6r\u00fclm\u00e9nyek k\u00f6z\u00f6tt dolgozzon, hossz\u00fa \u00e9lettartammal rendelkezik &#8211; ak\u00e1r 10 \u00e9v. A k\u00f6nny\u0171 telep\u00edt\u00e9st a term\u00e9k kialak\u00edt\u00e1sa, a megb\u00edzhat\u00f3 univerz\u00e1lis konzolok biztos\u00edtj\u00e1k, amelyek lehet\u0151v\u00e9 teszik a term\u00e9k felszerel\u00e9s\u00e9t minden t\u00edpus\u00fa ajt\u00f3ra, ablaksz\u00e1rnyra \u00e9s keresztl\u00e9cre. <\/p>\n<p>A nagy v\u00e1laszsebess\u00e9get a h\u0151m\u00e9rs\u00e9klet-v\u00e1ltoz\u00e1s eset\u00e9n egy \u00faj termog\u00e9l t\u00f6lt\u0151henger recept biztos\u00edtja. A hengertest fekete sz\u00edne fokozott h\u0151\u00e1tad\u00e1st biztos\u00edt a k\u00f6rnyezetb\u0151l a henger g\u00e9lj\u00e9re \u00e9s vissza. Ezek az \u00f6sszes\u00edt\u00e9si jellemz\u0151k gyors \u00e9s z\u00f6kken\u0151mentes k\u00e9szletmozg\u00e1st biztos\u00edtanak. Ez lehet\u0151v\u00e9 teszi az ajt\u00f3 er\u0151szakos kinyit\u00e1s\u00e1t + 50 \u00b0 C vagy ann\u00e1l magasabb h\u0151m\u00e9rs\u00e9kleten.   <\/p>\n<table>\n<tbody>\n<tr>\n<td style=\"width: 224px;\"><\/td>\n<\/tr>\n<\/tbody>\n<\/table>\n<p><a href=\"https:\/\/agroflex.cz\/wp-content\/uploads\/2020\/04\/Mont%C3%A1%C5%BEn%C3%AD-n%C3%A1vod-%E2%80%93-AERO-100_CZ1.pdf\" target=\"_blank\" rel=\"noopener\">Szerel\u00e9si \u00fatmutat\u00f3 &#8211; AERO-100_CZ<\/a><br \/>\n<a href=\"https:\/\/agroflex.cz\/wp-content\/uploads\/2019\/06\/Navod-Otevirac-Aero-100-EN.pdf\">Szerel\u00e9si \u00fatmutat\u00f3 &#8211; AERO-100_EN<\/a>[\/vc_column_text][\/vc_column][\/vc_row][vc_row][vc_column][vc_column_text text_larger=&#8221;no&#8221;]<\/p>\n<h3 style=\"text-align: center;\"><strong>El\u0151\u00edr\u00e1s:<\/strong><\/h3>\n<table>\n<tbody>\n<tr style=\"height: 31px;\">\n<td style=\"width: 448.3px; height: 31px;\">\u00d6sszeszerel\u00e9s<\/td>\n<p> s\u00falya<\/p>\n<td style=\"width: 147.2px; height: 31px; text-align: left;\">0.75 kg<\/td>\n<\/tr>\n<tr style=\"height: 30px;\">\n<td style=\"width: 448.3px; height: 18px;\">Ac\u00e9lhengeres h\u0151hajt\u00e1s:<\/p>\n<p>&#8211;<span style=\"font-size: 10pt;\"> hossz;<\/span><\/p>\n<p>-\u00e1tm\u00e9r\u0151.<\/td>\n<td style=\"width: 147.2px; height: 18px; text-align: left;\">\n<p>350 m.\ufffd.;<\/p>\n<p>22 m<\/td>\n<p>.<br \/>\n<\/tr>\n<tr style=\"height: 35px;\">\n<td style=\"width: 448.3px; height: 35px;\">A r\u00fad megny\u00fal\u00e1si ideje, amikor a henger h\u0151m\u00e9rs\u00e9klete 20 \u00b0C-r\u00f3l 35 \u00b0C-ra<\/td>\n<p> v\u00e1ltozik<\/p>\n<td style=\"width: 147.2px; height: 35px; text-align: left;\">ak\u00e1r 40 perc<\/td>\n<\/tr>\n<tr style=\"height: 32px;\">\n<td style=\"width: 448.3px; height: 32px;\">R\u00fad behelyez\u00e9si ideje, amikor a henger h\u0151m\u00e9rs\u00e9klete 35 \u00b0C-r\u00f3l 16 \u00b0C-ra<\/td>\n<p> v\u00e1ltozik<\/p>\n<td style=\"width: 147.2px; height: 32px; text-align: left;\">ak\u00e1r 40 perc<\/td>\n<\/tr>\n<tr style=\"height: 24px;\">\n<td style=\"width: 448.3px; height: 24px;\">Tekercsel\u0151 rug\u00f3, ac\u00e9l, horganyzott<\/td>\n<td style=\"width: 147.2px; height: 24px; text-align: left;\">Szil\u00e1rds\u00e1g 4-10 kg.<\/td>\n<\/tr>\n<\/tbody>\n<\/table>\n<p>&nbsp;<\/p>\n<p>[\/vc_column_text][\/vc_column][\/vc_row]<\/p>\n<\/div>","protected":false},"excerpt":{"rendered":"<p>Automatikus univerz\u00e1lis nyit\u00f3 h\u0151m\u00e9rs\u00e9klet-szab\u00e1lyoz\u00e1sra &#8211; ajt\u00f3fedelek, tet\u0151- \u00e9s oldalablakok nyit\u00e1sa \/ z\u00e1r\u00e1sa kerti \u00e9s ipari \u00fcvegh\u00e1zakban. M\u0171k\u00f6d\u00e9si k\u00f6r\u00fclm\u00e9nyek -20 \u00e9s + 60 \u00b0 C k\u00f6z\u00f6tti h\u0151m\u00e9rs\u00e9kleten, p\u00e1ratartalom 98% -ig. Ac\u00e9l h\u0151meghajt\u00f3 h\u00e1z. Ac\u00e9l univerz\u00e1lis tart\u00f3k   <\/p>\n","protected":false},"featured_media":32406,"comment_status":"open","ping_status":"closed","template":"","meta":[],"product_brand":[419],"product_cat":[507,1338],"product_tag":[],"class_list":{"0":"post-27677","1":"product","2":"type-product","3":"status-publish","4":"has-post-thumbnail","6":"product_brand-agroflex","7":"product_cat-tartozekok","8":"product_cat-szellozo-ablakok","10":"first","11":"instock","12":"sale","13":"taxable","14":"shipping-taxable","15":"purchasable","16":"product-type-simple"},"_links":{"self":[{"href":"https:\/\/agroflex.cz\/hu\/wp-json\/wp\/v2\/product\/27677","targetHints":{"allow":["GET"]}}],"collection":[{"href":"https:\/\/agroflex.cz\/hu\/wp-json\/wp\/v2\/product"}],"about":[{"href":"https:\/\/agroflex.cz\/hu\/wp-json\/wp\/v2\/types\/product"}],"replies":[{"embeddable":true,"href":"https:\/\/agroflex.cz\/hu\/wp-json\/wp\/v2\/comments?post=27677"}],"wp:featuredmedia":[{"embeddable":true,"href":"https:\/\/agroflex.cz\/hu\/wp-json\/wp\/v2\/media\/32406"}],"wp:attachment":[{"href":"https:\/\/agroflex.cz\/hu\/wp-json\/wp\/v2\/media?parent=27677"}],"wp:term":[{"taxonomy":"product_brand","embeddable":true,"href":"https:\/\/agroflex.cz\/hu\/wp-json\/wp\/v2\/product_brand?post=27677"},{"taxonomy":"product_cat","embeddable":true,"href":"https:\/\/agroflex.cz\/hu\/wp-json\/wp\/v2\/product_cat?post=27677"},{"taxonomy":"product_tag","embeddable":true,"href":"https:\/\/agroflex.cz\/hu\/wp-json\/wp\/v2\/product_tag?post=27677"}],"curies":[{"name":"wp","href":"https:\/\/api.w.org\/{rel}","templated":true}]}}