{"id":27870,"date":"2023-09-04T21:00:36","date_gmt":"2023-09-04T21:00:36","guid":{"rendered":"https:\/\/agroflex.cz\/product\/horgonytalp-x-keszlet\/"},"modified":"2023-09-04T21:00:36","modified_gmt":"2023-09-04T21:00:36","slug":"horgonytalp-x-keszlet","status":"publish","type":"product","link":"https:\/\/agroflex.cz\/hu\/termek\/horgonytalp-x-keszlet\/","title":{"rendered":"Horgonytalp X (k\u00e9szlet)"},"content":{"rendered":"<p><strong> <\/strong><\/p>\n<p>&nbsp;<\/p>\n<p>&nbsp;<\/p>\n","protected":false},"excerpt":{"rendered":"<p>Univerz\u00e1lis horgonytalp X, 20 x 20 mm-es ac\u00e9lb\u00f3l k\u00e9sz\u00fclt kerti \u00fcvegh\u00e1zakhoz, az \u00fcvegh\u00e1z k\u00f6nny\u0171 \u00e9s stabil r\u00f6gz\u00edt\u00e9s\u00e9hez a talajhoz vagy a betonhoz.<br \/>\nM\u00e9retek H.30 cm x Sz.20 cm<\/p>\n","protected":false},"featured_media":32248,"comment_status":"open","ping_status":"closed","template":"","meta":[],"product_brand":[419],"product_cat":[507,1308],"product_tag":[],"class_list":{"0":"post-27870","1":"product","2":"type-product","3":"status-publish","4":"has-post-thumbnail","6":"product_brand-agroflex","7":"product_cat-tartozekok","8":"product_cat-uveghazi-horgonyzas","10":"first","11":"instock","12":"sale","13":"taxable","14":"shipping-taxable","15":"purchasable","16":"product-type-variable","17":"has-default-attributes"},"_links":{"self":[{"href":"https:\/\/agroflex.cz\/hu\/wp-json\/wp\/v2\/product\/27870","targetHints":{"allow":["GET"]}}],"collection":[{"href":"https:\/\/agroflex.cz\/hu\/wp-json\/wp\/v2\/product"}],"about":[{"href":"https:\/\/agroflex.cz\/hu\/wp-json\/wp\/v2\/types\/product"}],"replies":[{"embeddable":true,"href":"https:\/\/agroflex.cz\/hu\/wp-json\/wp\/v2\/comments?post=27870"}],"wp:featuredmedia":[{"embeddable":true,"href":"https:\/\/agroflex.cz\/hu\/wp-json\/wp\/v2\/media\/32248"}],"wp:attachment":[{"href":"https:\/\/agroflex.cz\/hu\/wp-json\/wp\/v2\/media?parent=27870"}],"wp:term":[{"taxonomy":"product_brand","embeddable":true,"href":"https:\/\/agroflex.cz\/hu\/wp-json\/wp\/v2\/product_brand?post=27870"},{"taxonomy":"product_cat","embeddable":true,"href":"https:\/\/agroflex.cz\/hu\/wp-json\/wp\/v2\/product_cat?post=27870"},{"taxonomy":"product_tag","embeddable":true,"href":"https:\/\/agroflex.cz\/hu\/wp-json\/wp\/v2\/product_tag?post=27870"}],"curies":[{"name":"wp","href":"https:\/\/api.w.org\/{rel}","templated":true}]}}