{"id":28391,"date":"2023-09-04T21:00:38","date_gmt":"2023-09-04T21:00:38","guid":{"rendered":"https:\/\/agroflex.cz\/product\/onmetszo-csavar-femlemezhez-55-x-25-mm-hatszogletu-fej-horganyzott-alatet-es-tomitogumi\/"},"modified":"2023-09-04T21:00:38","modified_gmt":"2023-09-04T21:00:38","slug":"onmetszo-csavar-femlemezhez-55-x-25-mm-hatszogletu-fej-horganyzott-alatet-es-tomitogumi","status":"publish","type":"product","link":"https:\/\/agroflex.cz\/hu\/termek\/onmetszo-csavar-femlemezhez-55-x-25-mm-hatszogletu-fej-horganyzott-alatet-es-tomitogumi\/","title":{"rendered":"\u00d6nmetsz\u0151 csavar f\u00e9mlemezhez &#8211; 5,5 x 25 mm &#8211; hatsz\u00f6glet\u0171 fej &#8211; horganyzott &#8211; al\u00e1t\u00e9t \u00e9s t\u00f6m\u00edt\u0151gumi"},"content":{"rendered":"","protected":false},"excerpt":{"rendered":"<p>Tet\u0151csavar vashoz<\/p>\n<p>Kiv\u00e1l\u00f3 min\u0151s\u00e9g\u0171 csavar m\u00e9rete 5,5 x 25 mm &#8211; hatsz\u00f6glet\u0171 fej al\u00e1t\u00e9ttel \u00e9s t\u00f6m\u00edt\u0151gumival, horganyzott. A csavar f\u00e9mf\u00far\u00f3heggyel van felszerelve, a f\u00far\u00e1si k\u00e9pess\u00e9g 2-4 mm anyagvastags\u00e1g\u00fa. Minim\u00e1lis aljzatvastags\u00e1g: 1 mm. Trap\u00e9z \/ lemez tet\u0151kh\u00f6z val\u00f3 r\u00f6gz\u00edt\u00e9sre, ac\u00e9lszerkezetek \u00e1tl\u00e1tsz\u00f3 tet\u0151fed\u00e9s\u00e9re tervezt\u00e9k. Fogyaszt\u00e1s min. 11 db\/m2<br \/>\nEgy csomag 20 db-ot tartalmaz    <\/p>\n","protected":false},"featured_media":11827,"comment_status":"open","ping_status":"closed","template":"","meta":[],"product_brand":[419],"product_cat":[507,1320,1302],"product_tag":[],"class_list":{"0":"post-28391","1":"product","2":"type-product","3":"status-publish","4":"has-post-thumbnail","6":"product_brand-agroflex","7":"product_cat-tartozekok","8":"product_cat-rogzito-elemek","9":"product_cat-polikarbonat-lapok","11":"first","12":"instock","13":"taxable","14":"shipping-taxable","15":"purchasable","16":"product-type-simple"},"_links":{"self":[{"href":"https:\/\/agroflex.cz\/hu\/wp-json\/wp\/v2\/product\/28391","targetHints":{"allow":["GET"]}}],"collection":[{"href":"https:\/\/agroflex.cz\/hu\/wp-json\/wp\/v2\/product"}],"about":[{"href":"https:\/\/agroflex.cz\/hu\/wp-json\/wp\/v2\/types\/product"}],"replies":[{"embeddable":true,"href":"https:\/\/agroflex.cz\/hu\/wp-json\/wp\/v2\/comments?post=28391"}],"wp:featuredmedia":[{"embeddable":true,"href":"https:\/\/agroflex.cz\/hu\/wp-json\/wp\/v2\/media\/11827"}],"wp:attachment":[{"href":"https:\/\/agroflex.cz\/hu\/wp-json\/wp\/v2\/media?parent=28391"}],"wp:term":[{"taxonomy":"product_brand","embeddable":true,"href":"https:\/\/agroflex.cz\/hu\/wp-json\/wp\/v2\/product_brand?post=28391"},{"taxonomy":"product_cat","embeddable":true,"href":"https:\/\/agroflex.cz\/hu\/wp-json\/wp\/v2\/product_cat?post=28391"},{"taxonomy":"product_tag","embeddable":true,"href":"https:\/\/agroflex.cz\/hu\/wp-json\/wp\/v2\/product_tag?post=28391"}],"curies":[{"name":"wp","href":"https:\/\/api.w.org\/{rel}","templated":true}]}}